{"id":13,"date":"2018-01-08T15:35:59","date_gmt":"2018-01-08T15:35:59","guid":{"rendered":"http:\/\/public.kiboserver.com\/perezdevargas\/?page_id=13"},"modified":"2025-06-09T11:12:10","modified_gmt":"2025-06-09T11:12:10","slug":"areas-y-servicios","status":"publish","type":"page","link":"https:\/\/perezdevargas.es\/es\/areas-y-servicios\/","title":{"rendered":"\u00c1reas"},"content":{"rendered":"\t\t<div data-elementor-type=\"wp-page\" data-elementor-id=\"13\" class=\"elementor elementor-13\" data-elementor-post-type=\"page\">\n\t\t\t\t<div class=\"elementor-element elementor-element-4985f86a e-flex e-con-boxed e-con e-parent\" data-id=\"4985f86a\" data-element_type=\"container\">\n\t\t\t\t\t<div class=\"e-con-inner\">\n\t\t\t\t<div class=\"elementor-element elementor-element-c37f6c4 elementor-widget elementor-widget-heading\" data-id=\"c37f6c4\" data-element_type=\"widget\" data-widget_type=\"heading.default\">\n\t\t\t\t<div class=\"elementor-widget-container\">\n\t\t\t\t\t<h1 class=\"elementor-heading-title elementor-size-default\">NUESTRAS \u00c1REAS Y SERVICIOS<\/h1>\t\t\t\t<\/div>\n\t\t\t\t<\/div>\n\t\t\t\t<div class=\"elementor-element elementor-element-60526fd2 elementor-widget elementor-widget-text-editor\" data-id=\"60526fd2\" data-element_type=\"widget\" data-widget_type=\"text-editor.default\">\n\t\t\t\t<div class=\"elementor-widget-container\">\n\t\t\t\t\t\t\t\t\t<p><img fetchpriority=\"high\" decoding=\"async\" class=\"alignnone size-full wp-image-4099\" src=\"https:\/\/perezdevargas.es\/wp-content\/uploads\/2020\/11\/normalizacion-viviendas-irregulares-marbella-.jpg\" alt=\"Nuestras \u00c1reas y Servicios\" width=\"1000\" height=\"563\" \/>Nuestras \u00c1reas y Servicios, en P\u00e9rez de Vargas Abogados somos un despacho de abogados con oficinas en <strong>Estepona y Marbella dedicado al asesoramiento jur\u00eddico. Nuestro equipo de profesionales est\u00e1 formado por<\/strong>\u00a0una plantilla formada en las \u00faltimas novedades legislativas y jurisprudenciales, con el fin de resolver con la m\u00e1xima eficiencia los diversos casos que nos son consultados.<\/p><p>Atendemos tanto a particulares como a empresas y entidades financieras en todas nuestras \u00e1reas:\u00a0<strong>Derecho Inmobiliario, Administrativo y Urban\u00edstico, Civil, Fiscal, Procesal, Mercantil, Bancario y Extranjer\u00eda,<\/strong>\u00a0porque trabajamos d\u00eda a d\u00eda con el objetivo de proporcionar a todos nuestros clientes soluciones concretas y a medida, luchar por sus intereses y conseguir su completa satisfacci\u00f3n.<\/p><p>Son muchos particulares y empresas quienes nos eligen como su\u00a0<strong>despacho de abogados\u00a0<\/strong>de confianza y referencia en<strong>\u00a0M\u00e1laga<\/strong>. Nuestros a\u00f1os de experiencia junto con nuestros clientes satisfechos, avalan nuestro buen hacer.<\/p><p>Queremos ofrecer un trabajo integral y por ello contamos con un servicio multidisciplinar que aborda todas las solicitudes jur\u00eddicas de manera amplia.<\/p>\t\t\t\t\t\t\t\t<\/div>\n\t\t\t\t<\/div>\n\t\t\t\t<div class=\"elementor-element elementor-element-de1ef32 elementor-widget elementor-widget-heading\" data-id=\"de1ef32\" data-element_type=\"widget\" data-widget_type=\"heading.default\">\n\t\t\t\t<div class=\"elementor-widget-container\">\n\t\t\t\t\t<h2 class=\"elementor-heading-title elementor-size-default\">DERECHO INMOBILIARIO<\/h2>\t\t\t\t<\/div>\n\t\t\t\t<\/div>\n\t\t\t\t<div class=\"elementor-element elementor-element-ca26da2 elementor-widget elementor-widget-text-editor\" data-id=\"ca26da2\" data-element_type=\"widget\" data-widget_type=\"text-editor.default\">\n\t\t\t\t<div class=\"elementor-widget-container\">\n\t\t\t\t\t\t\t\t\t<p>En nuestra \u00e1rea de derecho inmobiliario estamos especializados en los aspectos legales de\u00a0<strong>todo tipo de inmuebles ya sea para su venta o adquisici\u00f3n, o para su financiaci\u00f3n<\/strong>. Tambi\u00e9n negociamos y redactamos sus\u00a0<strong>contratos. Estos servicios son ofrecidos en cualquier idioma gracias a nuestros abogados inmobiliarios multiling\u00fces.<\/strong><\/p>\t\t\t\t\t\t\t\t<\/div>\n\t\t\t\t<\/div>\n\t\t\t\t<div class=\"elementor-element elementor-element-d06ed85 elementor-widget elementor-widget-heading\" data-id=\"d06ed85\" data-element_type=\"widget\" data-widget_type=\"heading.default\">\n\t\t\t\t<div class=\"elementor-widget-container\">\n\t\t\t\t\t<h2 class=\"elementor-heading-title elementor-size-default\">DERECHO CIVIL<\/h2>\t\t\t\t<\/div>\n\t\t\t\t<\/div>\n\t\t\t\t<div class=\"elementor-element elementor-element-1fac1d6 elementor-widget elementor-widget-text-editor\" data-id=\"1fac1d6\" data-element_type=\"widget\" data-widget_type=\"text-editor.default\">\n\t\t\t\t<div class=\"elementor-widget-container\">\n\t\t\t\t\t\t\t\t\t<p>Nuestros abogados en derecho civil asesoran en temas relacionados con obligaciones y contratos, derechos reales, familia, sucesiones y donaciones. Estos trabajan en estrecha colaboraci\u00f3n con\u00a0<span style=\"color: #000000;\"><strong><a style=\"color: #000000;\" href=\"https:\/\/perezdevargas.es\/el-equipo\/\">abogados especialistas\u00a0<\/a><\/strong><\/span>en otras ramas para as\u00ed poder dar una respuesta global.<\/p>\t\t\t\t\t\t\t\t<\/div>\n\t\t\t\t<\/div>\n\t\t\t\t<div class=\"elementor-element elementor-element-dfef5ac elementor-widget elementor-widget-heading\" data-id=\"dfef5ac\" data-element_type=\"widget\" data-widget_type=\"heading.default\">\n\t\t\t\t<div class=\"elementor-widget-container\">\n\t\t\t\t\t<h2 class=\"elementor-heading-title elementor-size-default\">DERECHO FISCAL<\/h2>\t\t\t\t<\/div>\n\t\t\t\t<\/div>\n\t\t\t\t<div class=\"elementor-element elementor-element-52c2b03 elementor-widget elementor-widget-text-editor\" data-id=\"52c2b03\" data-element_type=\"widget\" data-widget_type=\"text-editor.default\">\n\t\t\t\t<div class=\"elementor-widget-container\">\n\t\t\t\t\t\t\t\t\t<p>En esta \u00e1rea se analiza la incidencia de la\u00a0<strong>fiscalidad en el tr\u00e1fico mercantil para poder dar distintas soluciones a las necesidades del cliente en esta materia.<\/strong><\/p>\t\t\t\t\t\t\t\t<\/div>\n\t\t\t\t<\/div>\n\t\t\t\t<div class=\"elementor-element elementor-element-ecb6a50 elementor-widget elementor-widget-heading\" data-id=\"ecb6a50\" data-element_type=\"widget\" data-widget_type=\"heading.default\">\n\t\t\t\t<div class=\"elementor-widget-container\">\n\t\t\t\t\t<h2 class=\"elementor-heading-title elementor-size-default\">DERECHO MERCANTIL Y SOCIETARIO<\/h2>\t\t\t\t<\/div>\n\t\t\t\t<\/div>\n\t\t\t\t<div class=\"elementor-element elementor-element-0223f25 elementor-widget elementor-widget-text-editor\" data-id=\"0223f25\" data-element_type=\"widget\" data-widget_type=\"text-editor.default\">\n\t\t\t\t<div class=\"elementor-widget-container\">\n\t\t\t\t\t\t\t\t\t<p>En nuestra \u00e1rea de derecho mercantil y societario asesoramos a<strong>\u00a0empresas de muy diversos sectores y tama\u00f1os, resolviendo consultas del funcionamiento diario de las entidades, operaciones de reestructuraci\u00f3n societaria, procedimientos concursales, estudio y redacci\u00f3n de contratos y cualquier litigio que requiera una cualificaci\u00f3n espec\u00edfica en Derecho Mercantil en general y Societario en particular.<\/strong><\/p>\t\t\t\t\t\t\t\t<\/div>\n\t\t\t\t<\/div>\n\t\t\t\t<div class=\"elementor-element elementor-element-732e81d elementor-widget elementor-widget-heading\" data-id=\"732e81d\" data-element_type=\"widget\" data-widget_type=\"heading.default\">\n\t\t\t\t<div class=\"elementor-widget-container\">\n\t\t\t\t\t<h2 class=\"elementor-heading-title elementor-size-default\">DERECHO ADMINISTRATIVO Y URBAN\u00cdSTICO<\/h2>\t\t\t\t<\/div>\n\t\t\t\t<\/div>\n\t\t\t\t<div class=\"elementor-element elementor-element-0e80f4b elementor-widget elementor-widget-text-editor\" data-id=\"0e80f4b\" data-element_type=\"widget\" data-widget_type=\"text-editor.default\">\n\t\t\t\t<div class=\"elementor-widget-container\">\n\t\t\t\t\t\t\t\t\t<p>Nuestros abogados en derecho administrativo y urban\u00edstico dan asesoramiento en materia de planeamiento, desarrollo, gesti\u00f3n y disciplina urban\u00edstica, as\u00ed como en otro tipo de expedientes o\u00a0<strong>procedimientos administrativos detallados en el correspondiente apartado.<\/strong><\/p>\t\t\t\t\t\t\t\t<\/div>\n\t\t\t\t<\/div>\n\t\t\t\t<div class=\"elementor-element elementor-element-22544ce elementor-widget elementor-widget-heading\" data-id=\"22544ce\" data-element_type=\"widget\" data-widget_type=\"heading.default\">\n\t\t\t\t<div class=\"elementor-widget-container\">\n\t\t\t\t\t<h2 class=\"elementor-heading-title elementor-size-default\">DERECHO PROCESAL<\/h2>\t\t\t\t<\/div>\n\t\t\t\t<\/div>\n\t\t\t\t<div class=\"elementor-element elementor-element-24d8098 elementor-widget elementor-widget-text-editor\" data-id=\"24d8098\" data-element_type=\"widget\" data-widget_type=\"text-editor.default\">\n\t\t\t\t<div class=\"elementor-widget-container\">\n\t\t\t\t\t\t\t\t\t<p>En esta \u00e1rea se realizan procedimientos civiles y contencioso- administrativos. Por otro lado, tambi\u00e9n asesoramos para evitar estos procedimientos judiciales o, en caso necesario, su posible soluci\u00f3n extrajudicial.<\/p>\t\t\t\t\t\t\t\t<\/div>\n\t\t\t\t<\/div>\n\t\t\t\t<div class=\"elementor-element elementor-element-573313b elementor-widget elementor-widget-heading\" data-id=\"573313b\" data-element_type=\"widget\" data-widget_type=\"heading.default\">\n\t\t\t\t<div class=\"elementor-widget-container\">\n\t\t\t\t\t<h2 class=\"elementor-heading-title elementor-size-default\">DERECHO BANCARIO<\/h2>\t\t\t\t<\/div>\n\t\t\t\t<\/div>\n\t\t\t\t<div class=\"elementor-element elementor-element-dea8cfb elementor-widget elementor-widget-text-editor\" data-id=\"dea8cfb\" data-element_type=\"widget\" data-widget_type=\"text-editor.default\">\n\t\t\t\t<div class=\"elementor-widget-container\">\n\t\t\t\t\t\t\t\t\t<p>En nuestra \u00e1rea de derecho bancario llevamos a cabo servicios como: Direcci\u00f3n jur\u00eddica en ejecuciones hipotecarias, ventas extrajudiciales de fincas hipotecadas, ejecuciones dinerarias, juicios cambiarios, p\u00f3lizas de pr\u00e9stamo, cr\u00e9dito y afianzamiento o procedimientos Declarativos sobre la nulidad o validez de cl\u00e1usulas abusivas.<\/p>\t\t\t\t\t\t\t\t<\/div>\n\t\t\t\t<\/div>\n\t\t\t\t<div class=\"elementor-element elementor-element-4d60562 elementor-widget elementor-widget-heading\" data-id=\"4d60562\" data-element_type=\"widget\" data-widget_type=\"heading.default\">\n\t\t\t\t<div class=\"elementor-widget-container\">\n\t\t\t\t\t<h2 class=\"elementor-heading-title elementor-size-default\">DERECHO DE EXTRANJER\u00cdA<\/h2>\t\t\t\t<\/div>\n\t\t\t\t<\/div>\n\t\t\t\t<div class=\"elementor-element elementor-element-f0fcaf4 elementor-widget elementor-widget-text-editor\" data-id=\"f0fcaf4\" data-element_type=\"widget\" data-widget_type=\"text-editor.default\">\n\t\t\t\t<div class=\"elementor-widget-container\">\n\t\t\t\t\t\t\t\t\t<main class=\"areas-content\"><section class=\"areas\"><div class=\"container\"><div class=\"row\"><div id=\"pills-tabContent\" class=\"tab-content col-md-7 col-md-offset-1\"><div class=\"content\"><div class=\"bialty-container\"><p>Nuestros abogados en derecho de extranjer\u00eda se encargan de asesorar, preparar la documentaci\u00f3n y asistencia personal del cliente ante los correspondientes \u00f3rganos de\u00a0Extranjer\u00eda.<\/p><\/div><\/div><\/div><\/div><\/div><\/section><\/main><footer class=\"footer\"><div class=\"container\"><div class=\"row\"><div class=\"col-sm-12 col-md-3\">\u00a0<\/div><\/div><\/div><\/footer>\t\t\t\t\t\t\t\t<\/div>\n\t\t\t\t<\/div>\n\t\t\t\t\t<\/div>\n\t\t\t\t<\/div>\n\t\t\t\t<\/div>\n\t\t","protected":false},"excerpt":{"rendered":"<p>NUESTRAS \u00c1REAS Y SERVICIOS Nuestras \u00c1reas y Servicios, en P\u00e9rez de Vargas Abogados somos un despacho de abogados con oficinas [&hellip;]<\/p>\n","protected":false},"author":15,"featured_media":4099,"parent":0,"menu_order":0,"comment_status":"closed","ping_status":"closed","template":"","meta":{"site-sidebar-layout":"default","site-content-layout":"","ast-site-content-layout":"","site-content-style":"default","site-sidebar-style":"default","ast-global-header-display":"","ast-banner-title-visibility":"","ast-main-header-display":"","ast-hfb-above-header-display":"","ast-hfb-below-header-display":"","ast-hfb-mobile-header-display":"","site-post-title":"disabled","ast-breadcrumbs-content":"","ast-featured-img":"","footer-sml-layout":"","theme-transparent-header-meta":"","adv-header-id-meta":"","stick-header-meta":"","header-above-stick-meta":"","header-main-stick-meta":"","header-below-stick-meta":"","astra-migrate-meta-layouts":"default","ast-page-background-enabled":"default","ast-page-background-meta":{"desktop":{"background-color":"var(--ast-global-color-4)","background-image":"","background-repeat":"repeat","background-position":"center center","background-size":"auto","background-attachment":"scroll","background-type":"","background-media":"","overlay-type":"","overlay-color":"","overlay-opacity":"","overlay-gradient":""},"tablet":{"background-color":"","background-image":"","background-repeat":"repeat","background-position":"center center","background-size":"auto","background-attachment":"scroll","background-type":"","background-media":"","overlay-type":"","overlay-color":"","overlay-opacity":"","overlay-gradient":""},"mobile":{"background-color":"","background-image":"","background-repeat":"repeat","background-position":"center center","background-size":"auto","background-attachment":"scroll","background-type":"","background-media":"","overlay-type":"","overlay-color":"","overlay-opacity":"","overlay-gradient":""}},"ast-content-background-meta":{"desktop":{"background-color":"var(--ast-global-color-5)","background-image":"","background-repeat":"repeat","background-position":"center center","background-size":"auto","background-attachment":"scroll","background-type":"","background-media":"","overlay-type":"","overlay-color":"","overlay-opacity":"","overlay-gradient":""},"tablet":{"background-color":"var(--ast-global-color-5)","background-image":"","background-repeat":"repeat","background-position":"center center","background-size":"auto","background-attachment":"scroll","background-type":"","background-media":"","overlay-type":"","overlay-color":"","overlay-opacity":"","overlay-gradient":""},"mobile":{"background-color":"var(--ast-global-color-5)","background-image":"","background-repeat":"repeat","background-position":"center center","background-size":"auto","background-attachment":"scroll","background-type":"","background-media":"","overlay-type":"","overlay-color":"","overlay-opacity":"","overlay-gradient":""}},"footnotes":""},"class_list":["post-13","page","type-page","status-publish","has-post-thumbnail","hentry"],"yoast_head":"<!-- This site is optimized with the Yoast SEO plugin v25.2 - https:\/\/yoast.com\/wordpress\/plugins\/seo\/ -->\n<title>Nuestras \u00c1reas y Servicios - Perez de Vargas<\/title>\n<meta name=\"description\" content=\"Nuestras \u00c1reas y Servicios. P\u00e9rez de Vargas ofrece atenci\u00f3n legal personalizada en m\u00faltiples ramas del derecho.\" \/>\n<meta name=\"robots\" content=\"index, follow, max-snippet:-1, max-image-preview:large, max-video-preview:-1\" \/>\n<link rel=\"canonical\" href=\"https:\/\/perezdevargas.es\/es\/areas-y-servicios\/\" \/>\n<meta property=\"og:locale\" content=\"es_ES\" \/>\n<meta property=\"og:type\" content=\"article\" \/>\n<meta property=\"og:title\" content=\"Nuestras \u00c1reas y Servicios - Perez de Vargas\" \/>\n<meta property=\"og:description\" content=\"Nuestras \u00c1reas y Servicios. P\u00e9rez de Vargas ofrece atenci\u00f3n legal personalizada en m\u00faltiples ramas del derecho.\" \/>\n<meta property=\"og:url\" content=\"https:\/\/perezdevargas.es\/es\/areas-y-servicios\/\" \/>\n<meta property=\"og:site_name\" content=\"P\u00e9rez de Vargas\" \/>\n<meta property=\"article:publisher\" content=\"https:\/\/www.facebook.com\/perezdevargasabogados\/\" \/>\n<meta property=\"article:modified_time\" content=\"2025-06-09T11:12:10+00:00\" \/>\n<meta property=\"og:image\" content=\"https:\/\/perezdevargas.es\/wp-content\/uploads\/2020\/11\/normalizacion-viviendas-irregulares-marbella-.jpg\" \/>\n\t<meta property=\"og:image:width\" content=\"1000\" \/>\n\t<meta property=\"og:image:height\" content=\"563\" \/>\n\t<meta property=\"og:image:type\" content=\"image\/jpeg\" \/>\n<meta name=\"twitter:card\" content=\"summary_large_image\" \/>\n<meta name=\"twitter:label1\" content=\"Tiempo de lectura\" \/>\n\t<meta name=\"twitter:data1\" content=\"3 minutos\" \/>\n<script type=\"application\/ld+json\" class=\"yoast-schema-graph\">{\"@context\":\"https:\/\/schema.org\",\"@graph\":[{\"@type\":\"WebPage\",\"@id\":\"https:\/\/perezdevargas.es\/es\/areas-y-servicios\/\",\"url\":\"https:\/\/perezdevargas.es\/es\/areas-y-servicios\/\",\"name\":\"Nuestras \u00c1reas y Servicios - Perez de Vargas\",\"isPartOf\":{\"@id\":\"https:\/\/perezdevargas.es\/es\/#website\"},\"primaryImageOfPage\":{\"@id\":\"https:\/\/perezdevargas.es\/es\/areas-y-servicios\/#primaryimage\"},\"image\":{\"@id\":\"https:\/\/perezdevargas.es\/es\/areas-y-servicios\/#primaryimage\"},\"thumbnailUrl\":\"https:\/\/perezdevargas.es\/wp-content\/uploads\/2020\/11\/normalizacion-viviendas-irregulares-marbella-.jpg\",\"datePublished\":\"2018-01-08T15:35:59+00:00\",\"dateModified\":\"2025-06-09T11:12:10+00:00\",\"description\":\"Nuestras \u00c1reas y Servicios. P\u00e9rez de Vargas ofrece atenci\u00f3n legal personalizada en m\u00faltiples ramas del derecho.\",\"breadcrumb\":{\"@id\":\"https:\/\/perezdevargas.es\/es\/areas-y-servicios\/#breadcrumb\"},\"inLanguage\":\"es\",\"potentialAction\":[{\"@type\":\"ReadAction\",\"target\":[\"https:\/\/perezdevargas.es\/es\/areas-y-servicios\/\"]}]},{\"@type\":\"ImageObject\",\"inLanguage\":\"es\",\"@id\":\"https:\/\/perezdevargas.es\/es\/areas-y-servicios\/#primaryimage\",\"url\":\"https:\/\/perezdevargas.es\/wp-content\/uploads\/2020\/11\/normalizacion-viviendas-irregulares-marbella-.jpg\",\"contentUrl\":\"https:\/\/perezdevargas.es\/wp-content\/uploads\/2020\/11\/normalizacion-viviendas-irregulares-marbella-.jpg\",\"width\":1000,\"height\":563,\"caption\":\"Nuestras \u00c1reas y Servicios\"},{\"@type\":\"BreadcrumbList\",\"@id\":\"https:\/\/perezdevargas.es\/es\/areas-y-servicios\/#breadcrumb\",\"itemListElement\":[{\"@type\":\"ListItem\",\"position\":1,\"name\":\"Portada\",\"item\":\"https:\/\/perezdevargas.es\/es\/\"},{\"@type\":\"ListItem\",\"position\":2,\"name\":\"\u00c1reas\"}]},{\"@type\":\"WebSite\",\"@id\":\"https:\/\/perezdevargas.es\/es\/#website\",\"url\":\"https:\/\/perezdevargas.es\/es\/\",\"name\":\"P\u00e9rez de Vargas\",\"description\":\"\",\"publisher\":{\"@id\":\"https:\/\/perezdevargas.es\/es\/#organization\"},\"potentialAction\":[{\"@type\":\"SearchAction\",\"target\":{\"@type\":\"EntryPoint\",\"urlTemplate\":\"https:\/\/perezdevargas.es\/es\/?s={search_term_string}\"},\"query-input\":{\"@type\":\"PropertyValueSpecification\",\"valueRequired\":true,\"valueName\":\"search_term_string\"}}],\"inLanguage\":\"es\"},{\"@type\":\"Organization\",\"@id\":\"https:\/\/perezdevargas.es\/es\/#organization\",\"name\":\"P\u00e9rez de Vargas\",\"url\":\"https:\/\/perezdevargas.es\/es\/\",\"logo\":{\"@type\":\"ImageObject\",\"inLanguage\":\"es\",\"@id\":\"https:\/\/perezdevargas.es\/es\/#\/schema\/logo\/image\/\",\"url\":\"https:\/\/perezdevargas.es\/wp-content\/uploads\/2025\/04\/Diseno-sin-titulo-91-1.jpg\",\"contentUrl\":\"https:\/\/perezdevargas.es\/wp-content\/uploads\/2025\/04\/Diseno-sin-titulo-91-1.jpg\",\"width\":500,\"height\":500,\"caption\":\"P\u00e9rez de Vargas\"},\"image\":{\"@id\":\"https:\/\/perezdevargas.es\/es\/#\/schema\/logo\/image\/\"},\"sameAs\":[\"https:\/\/www.facebook.com\/perezdevargasabogados\/\",\"https:\/\/www.instagram.com\/perezdevargasabogados\/\"]}]}<\/script>\n<!-- \/ Yoast SEO plugin. -->","yoast_head_json":{"title":"Nuestras \u00c1reas y Servicios - Perez de Vargas","description":"Nuestras \u00c1reas y Servicios. P\u00e9rez de Vargas ofrece atenci\u00f3n legal personalizada en m\u00faltiples ramas del derecho.","robots":{"index":"index","follow":"follow","max-snippet":"max-snippet:-1","max-image-preview":"max-image-preview:large","max-video-preview":"max-video-preview:-1"},"canonical":"https:\/\/perezdevargas.es\/es\/areas-y-servicios\/","og_locale":"es_ES","og_type":"article","og_title":"Nuestras \u00c1reas y Servicios - Perez de Vargas","og_description":"Nuestras \u00c1reas y Servicios. P\u00e9rez de Vargas ofrece atenci\u00f3n legal personalizada en m\u00faltiples ramas del derecho.","og_url":"https:\/\/perezdevargas.es\/es\/areas-y-servicios\/","og_site_name":"P\u00e9rez de Vargas","article_publisher":"https:\/\/www.facebook.com\/perezdevargasabogados\/","article_modified_time":"2025-06-09T11:12:10+00:00","og_image":[{"width":1000,"height":563,"url":"https:\/\/perezdevargas.es\/wp-content\/uploads\/2020\/11\/normalizacion-viviendas-irregulares-marbella-.jpg","type":"image\/jpeg"}],"twitter_card":"summary_large_image","twitter_misc":{"Tiempo de lectura":"3 minutos"},"schema":{"@context":"https:\/\/schema.org","@graph":[{"@type":"WebPage","@id":"https:\/\/perezdevargas.es\/es\/areas-y-servicios\/","url":"https:\/\/perezdevargas.es\/es\/areas-y-servicios\/","name":"Nuestras \u00c1reas y Servicios - Perez de Vargas","isPartOf":{"@id":"https:\/\/perezdevargas.es\/es\/#website"},"primaryImageOfPage":{"@id":"https:\/\/perezdevargas.es\/es\/areas-y-servicios\/#primaryimage"},"image":{"@id":"https:\/\/perezdevargas.es\/es\/areas-y-servicios\/#primaryimage"},"thumbnailUrl":"https:\/\/perezdevargas.es\/wp-content\/uploads\/2020\/11\/normalizacion-viviendas-irregulares-marbella-.jpg","datePublished":"2018-01-08T15:35:59+00:00","dateModified":"2025-06-09T11:12:10+00:00","description":"Nuestras \u00c1reas y Servicios. P\u00e9rez de Vargas ofrece atenci\u00f3n legal personalizada en m\u00faltiples ramas del derecho.","breadcrumb":{"@id":"https:\/\/perezdevargas.es\/es\/areas-y-servicios\/#breadcrumb"},"inLanguage":"es","potentialAction":[{"@type":"ReadAction","target":["https:\/\/perezdevargas.es\/es\/areas-y-servicios\/"]}]},{"@type":"ImageObject","inLanguage":"es","@id":"https:\/\/perezdevargas.es\/es\/areas-y-servicios\/#primaryimage","url":"https:\/\/perezdevargas.es\/wp-content\/uploads\/2020\/11\/normalizacion-viviendas-irregulares-marbella-.jpg","contentUrl":"https:\/\/perezdevargas.es\/wp-content\/uploads\/2020\/11\/normalizacion-viviendas-irregulares-marbella-.jpg","width":1000,"height":563,"caption":"Nuestras \u00c1reas y Servicios"},{"@type":"BreadcrumbList","@id":"https:\/\/perezdevargas.es\/es\/areas-y-servicios\/#breadcrumb","itemListElement":[{"@type":"ListItem","position":1,"name":"Portada","item":"https:\/\/perezdevargas.es\/es\/"},{"@type":"ListItem","position":2,"name":"\u00c1reas"}]},{"@type":"WebSite","@id":"https:\/\/perezdevargas.es\/es\/#website","url":"https:\/\/perezdevargas.es\/es\/","name":"P\u00e9rez de Vargas","description":"","publisher":{"@id":"https:\/\/perezdevargas.es\/es\/#organization"},"potentialAction":[{"@type":"SearchAction","target":{"@type":"EntryPoint","urlTemplate":"https:\/\/perezdevargas.es\/es\/?s={search_term_string}"},"query-input":{"@type":"PropertyValueSpecification","valueRequired":true,"valueName":"search_term_string"}}],"inLanguage":"es"},{"@type":"Organization","@id":"https:\/\/perezdevargas.es\/es\/#organization","name":"P\u00e9rez de Vargas","url":"https:\/\/perezdevargas.es\/es\/","logo":{"@type":"ImageObject","inLanguage":"es","@id":"https:\/\/perezdevargas.es\/es\/#\/schema\/logo\/image\/","url":"https:\/\/perezdevargas.es\/wp-content\/uploads\/2025\/04\/Diseno-sin-titulo-91-1.jpg","contentUrl":"https:\/\/perezdevargas.es\/wp-content\/uploads\/2025\/04\/Diseno-sin-titulo-91-1.jpg","width":500,"height":500,"caption":"P\u00e9rez de Vargas"},"image":{"@id":"https:\/\/perezdevargas.es\/es\/#\/schema\/logo\/image\/"},"sameAs":["https:\/\/www.facebook.com\/perezdevargasabogados\/","https:\/\/www.instagram.com\/perezdevargasabogados\/"]}]}},"_links":{"self":[{"href":"https:\/\/perezdevargas.es\/es\/wp-json\/wp\/v2\/pages\/13","targetHints":{"allow":["GET"]}}],"collection":[{"href":"https:\/\/perezdevargas.es\/es\/wp-json\/wp\/v2\/pages"}],"about":[{"href":"https:\/\/perezdevargas.es\/es\/wp-json\/wp\/v2\/types\/page"}],"author":[{"embeddable":true,"href":"https:\/\/perezdevargas.es\/es\/wp-json\/wp\/v2\/users\/15"}],"replies":[{"embeddable":true,"href":"https:\/\/perezdevargas.es\/es\/wp-json\/wp\/v2\/comments?post=13"}],"version-history":[{"count":47,"href":"https:\/\/perezdevargas.es\/es\/wp-json\/wp\/v2\/pages\/13\/revisions"}],"predecessor-version":[{"id":68223,"href":"https:\/\/perezdevargas.es\/es\/wp-json\/wp\/v2\/pages\/13\/revisions\/68223"}],"wp:featuredmedia":[{"embeddable":true,"href":"https:\/\/perezdevargas.es\/es\/wp-json\/wp\/v2\/media\/4099"}],"wp:attachment":[{"href":"https:\/\/perezdevargas.es\/es\/wp-json\/wp\/v2\/media?parent=13"}],"curies":[{"name":"wp","href":"https:\/\/api.w.org\/{rel}","templated":true}]}}