{"id":2066,"date":"2018-12-07T15:28:58","date_gmt":"2018-12-07T15:28:58","guid":{"rendered":"https:\/\/perezdevargas.es\/?page_id=2066"},"modified":"2025-06-09T11:15:55","modified_gmt":"2025-06-09T11:15:55","slug":"abogado-civil-estepona-y-marbella","status":"publish","type":"page","link":"https:\/\/perezdevargas.es\/es\/areas-y-servicios\/abogado-civil-estepona-y-marbella\/","title":{"rendered":"Derecho Civil"},"content":{"rendered":"\t\t<div data-elementor-type=\"wp-page\" data-elementor-id=\"2066\" class=\"elementor elementor-2066\" data-elementor-post-type=\"page\">\n\t\t\t\t<div class=\"elementor-element elementor-element-7fd98be1 e-flex e-con-boxed e-con e-parent\" data-id=\"7fd98be1\" data-element_type=\"container\">\n\t\t\t\t\t<div class=\"e-con-inner\">\n\t\t\t\t<div class=\"elementor-element elementor-element-560d0dad elementor-widget elementor-widget-text-editor\" data-id=\"560d0dad\" data-element_type=\"widget\" data-widget_type=\"text-editor.default\">\n\t\t\t\t<div class=\"elementor-widget-container\">\n\t\t\t\t\t\t\t\t\t<h1>Abogado Civil Estepona y Marbella<\/h1><p><strong>Abogado civil en Estepona y Marbella<\/strong>, prestamos servicios de asesoramiento el orden civil:<\/p><ul><li>Obligaciones y contratos.<\/li><li>Derechos reales.<\/li><li>Familia.<\/li><li>Sucesiones y donaciones.<\/li><\/ul><p><img fetchpriority=\"high\" decoding=\"async\" class=\"alignnone wp-image-1167 size-full\" src=\"https:\/\/perezdevargas.es\/wp-content\/uploads\/2016\/12\/justice.jpg\" alt=\"Abogado civil en Estepona y Marbella\" width=\"625\" height=\"351\" srcset=\"https:\/\/perezdevargas.es\/wp-content\/uploads\/2016\/12\/justice.jpg 625w, https:\/\/perezdevargas.es\/wp-content\/uploads\/2016\/12\/justice-300x168.jpg 300w\" sizes=\"(max-width: 625px) 100vw, 625px\" \/><\/p><p>En este sentido debemos subrayar que los <strong>abogados especialistas en Derecho Civil<\/strong>, trabajan en estrecha colaboraci\u00f3n con los <a href=\"https:\/\/perezdevargas.es\/el-equipo\/\" target=\"_blank\" rel=\"noopener noreferrer\"><strong>abogados especialistas<\/strong> <\/a>en otras ramas del Derecho, dando una respuesta global a las necesidades de nuestros clientes, al poner en relaci\u00f3n el orden civil, que se encuentra presente tanto en las relaciones entre particulares como entre empresas, con las diferentes \u00e1reas del Derecho.<\/p><h3 data-start=\"1126\" data-end=\"1171\">\u00c1reas de especializaci\u00f3n en Derecho Civil<\/h3><p data-start=\"1173\" data-end=\"1268\">Prestamos asesoramiento legal en todos los \u00e1mbitos del Derecho Civil, entre los que destacamos:<\/p><ul data-start=\"1270\" data-end=\"2162\"><li data-start=\"1270\" data-end=\"1526\"><p data-start=\"1272\" data-end=\"1526\"><strong data-start=\"1272\" data-end=\"1300\">Obligaciones y contratos<\/strong>: redacci\u00f3n, revisi\u00f3n y negociaci\u00f3n de contratos civiles, compraventas, pr\u00e9stamos, arrendamientos, reconocimientos de deuda, y m\u00e1s. Asesoramos tanto en la fase previa como en la resoluci\u00f3n de posibles conflictos contractuales.<\/p><\/li><li data-start=\"1528\" data-end=\"1736\"><p data-start=\"1530\" data-end=\"1736\"><strong data-start=\"1530\" data-end=\"1549\">Derechos reales<\/strong>: propiedad, usufructo, servidumbres, hipotecas y otras cargas sobre bienes. Tramitaci\u00f3n de inscripciones registrales, deslindes, reivindicaci\u00f3n de la propiedad, y conflictos de posesi\u00f3n.<\/p><\/li><li data-start=\"1738\" data-end=\"1933\"><p data-start=\"1740\" data-end=\"1933\"><strong data-start=\"1740\" data-end=\"1762\">Derecho de familia<\/strong>: procesos de separaci\u00f3n y divorcio, convenios reguladores, pensiones alimenticias, reg\u00edmenes de visitas, custodia de hijos menores, y medidas de protecci\u00f3n de la familia.<\/p><\/li><li data-start=\"1935\" data-end=\"2162\"><p data-start=\"1937\" data-end=\"2162\"><strong data-start=\"1937\" data-end=\"1964\">Sucesiones y donaciones<\/strong>: planificaci\u00f3n sucesoria, redacci\u00f3n de testamentos, aceptaci\u00f3n y partici\u00f3n de herencias, declaraci\u00f3n de herederos, reclamaciones de leg\u00edtima, y asesoramiento a herederos residentes y no residentes.<\/p><\/li><\/ul><h3 data-start=\"2164\" data-end=\"2217\">Asesoramiento civil coordinado y multidisciplinar<\/h3><p data-start=\"2219\" data-end=\"2590\">Una de las fortalezas de nuestro despacho radica en el trabajo <strong data-start=\"2282\" data-end=\"2307\">conjunto y coordinado<\/strong> entre nuestros abogados civiles y otros profesionales especializados en \u00e1reas como el Derecho Mercantil, Fiscal, Inmobiliario o Penal. Esta visi\u00f3n integral nos permite ofrecer un asesoramiento <strong data-start=\"2501\" data-end=\"2533\">global, estrat\u00e9gico y eficaz<\/strong>, adaptado a las circunstancias espec\u00edficas de cada caso.<\/p><p data-start=\"2592\" data-end=\"2952\">Adem\u00e1s, en muchos procedimientos civiles concurren elementos que requieren la intervenci\u00f3n de varias ramas del Derecho, como en herencias con implicaciones fiscales, divorcios con empresas familiares, o contratos con efectos mercantiles. Nuestro enfoque multidisciplinar garantiza una soluci\u00f3n completa y ajustada a las necesidades reales de nuestros clientes.<\/p><h3 data-start=\"2954\" data-end=\"3010\">Atenci\u00f3n personalizada y cercana en la Costa del Sol<\/h3><p data-start=\"3012\" data-end=\"3376\">Gracias a nuestra presencia f\u00edsica en <strong data-start=\"3050\" data-end=\"3073\">Estepona y Marbella<\/strong>, ofrecemos un trato cercano, profesional y adaptado a las particularidades locales. Ya sea para prevenir conflictos, reclamar derechos o defender sus intereses ante los tribunales, en <strong data-start=\"3258\" data-end=\"3286\">P\u00e9rez de Vargas Abogados<\/strong> encontrar\u00e1 un equipo comprometido con la excelencia jur\u00eddica y la atenci\u00f3n personalizada.<\/p><p data-start=\"3378\" data-end=\"3615\">Contamos con abogados que pueden atenderle en varios idiomas, lo cual es especialmente \u00fatil para clientes extranjeros o no residentes que necesiten realizar gestiones civiles en Espa\u00f1a con plena seguridad y comprensi\u00f3n del proceso legal.<\/p><h2>\u00daltimas novedades en Derecho Civil<\/h2>\t\t\t\t\t\t\t\t<\/div>\n\t\t\t\t<\/div>\n\t\t\t\t\t<\/div>\n\t\t\t\t<\/div>\n\t\t\t\t<\/div>\n\t\t","protected":false},"excerpt":{"rendered":"<p>Abogado Civil Estepona y Marbella Abogado civil en Estepona y Marbella, prestamos servicios de asesoramiento el orden civil: Obligaciones y [&hellip;]<\/p>\n","protected":false},"author":15,"featured_media":1167,"parent":13,"menu_order":0,"comment_status":"closed","ping_status":"closed","template":"","meta":{"site-sidebar-layout":"default","site-content-layout":"","ast-site-content-layout":"","site-content-style":"default","site-sidebar-style":"default","ast-global-header-display":"","ast-banner-title-visibility":"","ast-main-header-display":"","ast-hfb-above-header-display":"","ast-hfb-below-header-display":"","ast-hfb-mobile-header-display":"","site-post-title":"","ast-breadcrumbs-content":"","ast-featured-img":"","footer-sml-layout":"","theme-transparent-header-meta":"","adv-header-id-meta":"","stick-header-meta":"","header-above-stick-meta":"","header-main-stick-meta":"","header-below-stick-meta":"","astra-migrate-meta-layouts":"default","ast-page-background-enabled":"default","ast-page-background-meta":{"desktop":{"background-color":"var(--ast-global-color-4)","background-image":"","background-repeat":"repeat","background-position":"center center","background-size":"auto","background-attachment":"scroll","background-type":"","background-media":"","overlay-type":"","overlay-color":"","overlay-opacity":"","overlay-gradient":""},"tablet":{"background-color":"","background-image":"","background-repeat":"repeat","background-position":"center center","background-size":"auto","background-attachment":"scroll","background-type":"","background-media":"","overlay-type":"","overlay-color":"","overlay-opacity":"","overlay-gradient":""},"mobile":{"background-color":"","background-image":"","background-repeat":"repeat","background-position":"center center","background-size":"auto","background-attachment":"scroll","background-type":"","background-media":"","overlay-type":"","overlay-color":"","overlay-opacity":"","overlay-gradient":""}},"ast-content-background-meta":{"desktop":{"background-color":"var(--ast-global-color-5)","background-image":"","background-repeat":"repeat","background-position":"center center","background-size":"auto","background-attachment":"scroll","background-type":"","background-media":"","overlay-type":"","overlay-color":"","overlay-opacity":"","overlay-gradient":""},"tablet":{"background-color":"var(--ast-global-color-5)","background-image":"","background-repeat":"repeat","background-position":"center center","background-size":"auto","background-attachment":"scroll","background-type":"","background-media":"","overlay-type":"","overlay-color":"","overlay-opacity":"","overlay-gradient":""},"mobile":{"background-color":"var(--ast-global-color-5)","background-image":"","background-repeat":"repeat","background-position":"center center","background-size":"auto","background-attachment":"scroll","background-type":"","background-media":"","overlay-type":"","overlay-color":"","overlay-opacity":"","overlay-gradient":""}},"footnotes":""},"class_list":["post-2066","page","type-page","status-publish","has-post-thumbnail","hentry"],"yoast_head":"<!-- This site is optimized with the Yoast SEO plugin v25.2 - https:\/\/yoast.com\/wordpress\/plugins\/seo\/ -->\n<title>Abogado Civil en Estepona y Marbella | Perez de Vargas<\/title>\n<meta name=\"description\" content=\"Abogado Civil en Estepona y Marbella. Expertos en herencias, contratos, reclamaciones de cantidad, responsabilidad civil y m\u00e1s.\" \/>\n<meta name=\"robots\" content=\"index, follow, max-snippet:-1, max-image-preview:large, max-video-preview:-1\" \/>\n<link rel=\"canonical\" href=\"https:\/\/perezdevargas.es\/es\/areas-y-servicios\/abogado-civil-estepona-y-marbella\/\" \/>\n<meta property=\"og:locale\" content=\"es_ES\" \/>\n<meta property=\"og:type\" content=\"article\" \/>\n<meta property=\"og:title\" content=\"Abogado Civil en Estepona y Marbella | Perez de Vargas\" \/>\n<meta property=\"og:description\" content=\"Abogado Civil en Estepona y Marbella. Expertos en herencias, contratos, reclamaciones de cantidad, responsabilidad civil y m\u00e1s.\" \/>\n<meta property=\"og:url\" content=\"https:\/\/perezdevargas.es\/es\/areas-y-servicios\/abogado-civil-estepona-y-marbella\/\" \/>\n<meta property=\"og:site_name\" content=\"P\u00e9rez de Vargas\" \/>\n<meta property=\"article:publisher\" content=\"https:\/\/www.facebook.com\/perezdevargasabogados\/\" \/>\n<meta property=\"article:modified_time\" content=\"2025-06-09T11:15:55+00:00\" \/>\n<meta property=\"og:image\" content=\"https:\/\/perezdevargas.es\/wp-content\/uploads\/2016\/12\/justice.jpg\" \/>\n\t<meta property=\"og:image:width\" content=\"625\" \/>\n\t<meta property=\"og:image:height\" content=\"351\" \/>\n\t<meta property=\"og:image:type\" content=\"image\/jpeg\" \/>\n<meta name=\"twitter:card\" content=\"summary_large_image\" \/>\n<meta name=\"twitter:label1\" content=\"Tiempo de lectura\" \/>\n\t<meta name=\"twitter:data1\" content=\"3 minutos\" \/>\n<script type=\"application\/ld+json\" class=\"yoast-schema-graph\">{\"@context\":\"https:\/\/schema.org\",\"@graph\":[{\"@type\":\"WebPage\",\"@id\":\"https:\/\/perezdevargas.es\/es\/areas-y-servicios\/abogado-civil-estepona-y-marbella\/\",\"url\":\"https:\/\/perezdevargas.es\/es\/areas-y-servicios\/abogado-civil-estepona-y-marbella\/\",\"name\":\"Abogado Civil en Estepona y Marbella | Perez de Vargas\",\"isPartOf\":{\"@id\":\"https:\/\/perezdevargas.es\/es\/#website\"},\"primaryImageOfPage\":{\"@id\":\"https:\/\/perezdevargas.es\/es\/areas-y-servicios\/abogado-civil-estepona-y-marbella\/#primaryimage\"},\"image\":{\"@id\":\"https:\/\/perezdevargas.es\/es\/areas-y-servicios\/abogado-civil-estepona-y-marbella\/#primaryimage\"},\"thumbnailUrl\":\"https:\/\/perezdevargas.es\/wp-content\/uploads\/2016\/12\/justice.jpg\",\"datePublished\":\"2018-12-07T15:28:58+00:00\",\"dateModified\":\"2025-06-09T11:15:55+00:00\",\"description\":\"Abogado Civil en Estepona y Marbella. Expertos en herencias, contratos, reclamaciones de cantidad, responsabilidad civil y m\u00e1s.\",\"breadcrumb\":{\"@id\":\"https:\/\/perezdevargas.es\/es\/areas-y-servicios\/abogado-civil-estepona-y-marbella\/#breadcrumb\"},\"inLanguage\":\"es\",\"potentialAction\":[{\"@type\":\"ReadAction\",\"target\":[\"https:\/\/perezdevargas.es\/es\/areas-y-servicios\/abogado-civil-estepona-y-marbella\/\"]}]},{\"@type\":\"ImageObject\",\"inLanguage\":\"es\",\"@id\":\"https:\/\/perezdevargas.es\/es\/areas-y-servicios\/abogado-civil-estepona-y-marbella\/#primaryimage\",\"url\":\"https:\/\/perezdevargas.es\/wp-content\/uploads\/2016\/12\/justice.jpg\",\"contentUrl\":\"https:\/\/perezdevargas.es\/wp-content\/uploads\/2016\/12\/justice.jpg\",\"width\":625,\"height\":351,\"caption\":\"Abogado Derecho Civil Estepona y Marbella\"},{\"@type\":\"BreadcrumbList\",\"@id\":\"https:\/\/perezdevargas.es\/es\/areas-y-servicios\/abogado-civil-estepona-y-marbella\/#breadcrumb\",\"itemListElement\":[{\"@type\":\"ListItem\",\"position\":1,\"name\":\"Portada\",\"item\":\"https:\/\/perezdevargas.es\/es\/\"},{\"@type\":\"ListItem\",\"position\":2,\"name\":\"\u00c1reas\",\"item\":\"https:\/\/perezdevargas.es\/es\/areas-y-servicios\/\"},{\"@type\":\"ListItem\",\"position\":3,\"name\":\"Derecho Civil\"}]},{\"@type\":\"WebSite\",\"@id\":\"https:\/\/perezdevargas.es\/es\/#website\",\"url\":\"https:\/\/perezdevargas.es\/es\/\",\"name\":\"P\u00e9rez de Vargas\",\"description\":\"\",\"publisher\":{\"@id\":\"https:\/\/perezdevargas.es\/es\/#organization\"},\"potentialAction\":[{\"@type\":\"SearchAction\",\"target\":{\"@type\":\"EntryPoint\",\"urlTemplate\":\"https:\/\/perezdevargas.es\/es\/?s={search_term_string}\"},\"query-input\":{\"@type\":\"PropertyValueSpecification\",\"valueRequired\":true,\"valueName\":\"search_term_string\"}}],\"inLanguage\":\"es\"},{\"@type\":\"Organization\",\"@id\":\"https:\/\/perezdevargas.es\/es\/#organization\",\"name\":\"P\u00e9rez de Vargas\",\"url\":\"https:\/\/perezdevargas.es\/es\/\",\"logo\":{\"@type\":\"ImageObject\",\"inLanguage\":\"es\",\"@id\":\"https:\/\/perezdevargas.es\/es\/#\/schema\/logo\/image\/\",\"url\":\"https:\/\/perezdevargas.es\/wp-content\/uploads\/2025\/04\/Diseno-sin-titulo-91-1.jpg\",\"contentUrl\":\"https:\/\/perezdevargas.es\/wp-content\/uploads\/2025\/04\/Diseno-sin-titulo-91-1.jpg\",\"width\":500,\"height\":500,\"caption\":\"P\u00e9rez de Vargas\"},\"image\":{\"@id\":\"https:\/\/perezdevargas.es\/es\/#\/schema\/logo\/image\/\"},\"sameAs\":[\"https:\/\/www.facebook.com\/perezdevargasabogados\/\",\"https:\/\/www.instagram.com\/perezdevargasabogados\/\"]}]}<\/script>\n<!-- \/ Yoast SEO plugin. -->","yoast_head_json":{"title":"Abogado Civil en Estepona y Marbella | Perez de Vargas","description":"Abogado Civil en Estepona y Marbella. Expertos en herencias, contratos, reclamaciones de cantidad, responsabilidad civil y m\u00e1s.","robots":{"index":"index","follow":"follow","max-snippet":"max-snippet:-1","max-image-preview":"max-image-preview:large","max-video-preview":"max-video-preview:-1"},"canonical":"https:\/\/perezdevargas.es\/es\/areas-y-servicios\/abogado-civil-estepona-y-marbella\/","og_locale":"es_ES","og_type":"article","og_title":"Abogado Civil en Estepona y Marbella | Perez de Vargas","og_description":"Abogado Civil en Estepona y Marbella. Expertos en herencias, contratos, reclamaciones de cantidad, responsabilidad civil y m\u00e1s.","og_url":"https:\/\/perezdevargas.es\/es\/areas-y-servicios\/abogado-civil-estepona-y-marbella\/","og_site_name":"P\u00e9rez de Vargas","article_publisher":"https:\/\/www.facebook.com\/perezdevargasabogados\/","article_modified_time":"2025-06-09T11:15:55+00:00","og_image":[{"width":625,"height":351,"url":"https:\/\/perezdevargas.es\/wp-content\/uploads\/2016\/12\/justice.jpg","type":"image\/jpeg"}],"twitter_card":"summary_large_image","twitter_misc":{"Tiempo de lectura":"3 minutos"},"schema":{"@context":"https:\/\/schema.org","@graph":[{"@type":"WebPage","@id":"https:\/\/perezdevargas.es\/es\/areas-y-servicios\/abogado-civil-estepona-y-marbella\/","url":"https:\/\/perezdevargas.es\/es\/areas-y-servicios\/abogado-civil-estepona-y-marbella\/","name":"Abogado Civil en Estepona y Marbella | Perez de Vargas","isPartOf":{"@id":"https:\/\/perezdevargas.es\/es\/#website"},"primaryImageOfPage":{"@id":"https:\/\/perezdevargas.es\/es\/areas-y-servicios\/abogado-civil-estepona-y-marbella\/#primaryimage"},"image":{"@id":"https:\/\/perezdevargas.es\/es\/areas-y-servicios\/abogado-civil-estepona-y-marbella\/#primaryimage"},"thumbnailUrl":"https:\/\/perezdevargas.es\/wp-content\/uploads\/2016\/12\/justice.jpg","datePublished":"2018-12-07T15:28:58+00:00","dateModified":"2025-06-09T11:15:55+00:00","description":"Abogado Civil en Estepona y Marbella. Expertos en herencias, contratos, reclamaciones de cantidad, responsabilidad civil y m\u00e1s.","breadcrumb":{"@id":"https:\/\/perezdevargas.es\/es\/areas-y-servicios\/abogado-civil-estepona-y-marbella\/#breadcrumb"},"inLanguage":"es","potentialAction":[{"@type":"ReadAction","target":["https:\/\/perezdevargas.es\/es\/areas-y-servicios\/abogado-civil-estepona-y-marbella\/"]}]},{"@type":"ImageObject","inLanguage":"es","@id":"https:\/\/perezdevargas.es\/es\/areas-y-servicios\/abogado-civil-estepona-y-marbella\/#primaryimage","url":"https:\/\/perezdevargas.es\/wp-content\/uploads\/2016\/12\/justice.jpg","contentUrl":"https:\/\/perezdevargas.es\/wp-content\/uploads\/2016\/12\/justice.jpg","width":625,"height":351,"caption":"Abogado Derecho Civil Estepona y Marbella"},{"@type":"BreadcrumbList","@id":"https:\/\/perezdevargas.es\/es\/areas-y-servicios\/abogado-civil-estepona-y-marbella\/#breadcrumb","itemListElement":[{"@type":"ListItem","position":1,"name":"Portada","item":"https:\/\/perezdevargas.es\/es\/"},{"@type":"ListItem","position":2,"name":"\u00c1reas","item":"https:\/\/perezdevargas.es\/es\/areas-y-servicios\/"},{"@type":"ListItem","position":3,"name":"Derecho Civil"}]},{"@type":"WebSite","@id":"https:\/\/perezdevargas.es\/es\/#website","url":"https:\/\/perezdevargas.es\/es\/","name":"P\u00e9rez de Vargas","description":"","publisher":{"@id":"https:\/\/perezdevargas.es\/es\/#organization"},"potentialAction":[{"@type":"SearchAction","target":{"@type":"EntryPoint","urlTemplate":"https:\/\/perezdevargas.es\/es\/?s={search_term_string}"},"query-input":{"@type":"PropertyValueSpecification","valueRequired":true,"valueName":"search_term_string"}}],"inLanguage":"es"},{"@type":"Organization","@id":"https:\/\/perezdevargas.es\/es\/#organization","name":"P\u00e9rez de Vargas","url":"https:\/\/perezdevargas.es\/es\/","logo":{"@type":"ImageObject","inLanguage":"es","@id":"https:\/\/perezdevargas.es\/es\/#\/schema\/logo\/image\/","url":"https:\/\/perezdevargas.es\/wp-content\/uploads\/2025\/04\/Diseno-sin-titulo-91-1.jpg","contentUrl":"https:\/\/perezdevargas.es\/wp-content\/uploads\/2025\/04\/Diseno-sin-titulo-91-1.jpg","width":500,"height":500,"caption":"P\u00e9rez de Vargas"},"image":{"@id":"https:\/\/perezdevargas.es\/es\/#\/schema\/logo\/image\/"},"sameAs":["https:\/\/www.facebook.com\/perezdevargasabogados\/","https:\/\/www.instagram.com\/perezdevargasabogados\/"]}]}},"_links":{"self":[{"href":"https:\/\/perezdevargas.es\/es\/wp-json\/wp\/v2\/pages\/2066","targetHints":{"allow":["GET"]}}],"collection":[{"href":"https:\/\/perezdevargas.es\/es\/wp-json\/wp\/v2\/pages"}],"about":[{"href":"https:\/\/perezdevargas.es\/es\/wp-json\/wp\/v2\/types\/page"}],"author":[{"embeddable":true,"href":"https:\/\/perezdevargas.es\/es\/wp-json\/wp\/v2\/users\/15"}],"replies":[{"embeddable":true,"href":"https:\/\/perezdevargas.es\/es\/wp-json\/wp\/v2\/comments?post=2066"}],"version-history":[{"count":20,"href":"https:\/\/perezdevargas.es\/es\/wp-json\/wp\/v2\/pages\/2066\/revisions"}],"predecessor-version":[{"id":68235,"href":"https:\/\/perezdevargas.es\/es\/wp-json\/wp\/v2\/pages\/2066\/revisions\/68235"}],"up":[{"embeddable":true,"href":"https:\/\/perezdevargas.es\/es\/wp-json\/wp\/v2\/pages\/13"}],"wp:featuredmedia":[{"embeddable":true,"href":"https:\/\/perezdevargas.es\/es\/wp-json\/wp\/v2\/media\/1167"}],"wp:attachment":[{"href":"https:\/\/perezdevargas.es\/es\/wp-json\/wp\/v2\/media?parent=2066"}],"curies":[{"name":"wp","href":"https:\/\/api.w.org\/{rel}","templated":true}]}}