{"id":2069,"date":"2018-12-07T16:07:56","date_gmt":"2018-12-07T16:07:56","guid":{"rendered":"https:\/\/perezdevargas.es\/?page_id=2069"},"modified":"2025-06-09T11:18:46","modified_gmt":"2025-06-09T11:18:46","slug":"abogado-fiscal-en-estepona-y-marbella","status":"publish","type":"page","link":"https:\/\/perezdevargas.es\/es\/areas-y-servicios\/abogado-fiscal-en-estepona-y-marbella\/","title":{"rendered":"Derecho Fiscal"},"content":{"rendered":"\t\t<div data-elementor-type=\"wp-page\" data-elementor-id=\"2069\" class=\"elementor elementor-2069\" data-elementor-post-type=\"page\">\n\t\t\t\t<div class=\"elementor-element elementor-element-1e0bc928 e-flex e-con-boxed e-con e-parent\" data-id=\"1e0bc928\" data-element_type=\"container\">\n\t\t\t\t\t<div class=\"e-con-inner\">\n\t\t\t\t<div class=\"elementor-element elementor-element-69ef7e88 elementor-widget elementor-widget-text-editor\" data-id=\"69ef7e88\" data-element_type=\"widget\" data-widget_type=\"text-editor.default\">\n\t\t\t\t<div class=\"elementor-widget-container\">\n\t\t\t\t\t\t\t\t\t<h1>Abogado Derecho Fiscal en Estepona y Marbella<\/h1><p><img fetchpriority=\"high\" decoding=\"async\" class=\"alignnone wp-image-8195 size-full\" src=\"https:\/\/perezdevargas.es\/wp-content\/uploads\/2021\/12\/141386279_s.jpg\" alt=\"Abogado Fiscal en Estepona y Marbella\" width=\"847\" height=\"565\" \/><\/p><p><strong>Abogado Derecho Fiscal en Estepona y Marbella<\/strong>, te <strong>asesoramos en materia tributaria<\/strong>, posibilitando de esta manera un asesoramiento integral.<\/p><p>En efecto, en todas las operaciones, tanto empresariales, como particulares, que se llevan a cabo en el tr\u00e1fico mercantil, la incidencia del <strong>Derecho Fiscal<\/strong> es incuestionable. Por ello, nuestros abogados est\u00e1n altamente cualificados para analizar la incidencia de la <strong>fiscalidad en el tr\u00e1fico mercantil<\/strong> y poder plantear distintas opciones en funci\u00f3n de las necesidades del cliente.<\/p><p>La alta cualificaci\u00f3n de los profesionales de nuestro Despacho \u2013tanto <strong>abogados<\/strong> como <strong>economistas<\/strong>\u2013 sobre esta rama del Derecho, garantiza un riguroso y acertado <strong>asesoramiento fiscal, <\/strong>tanto a ciudadanos residentes como no residentes.<\/p><p><strong><a href=\"https:\/\/perezdevargas.es\/contacto\/\">Contacte con nosotros<\/a> <\/strong>para m\u00e1s informaci\u00f3n.<\/p><h3 data-start=\"792\" data-end=\"857\">Asesoramiento fiscal integral para residentes y no residentes<\/h3><p data-start=\"859\" data-end=\"1313\">El impacto de la fiscalidad est\u00e1 presente en pr\u00e1cticamente todas las operaciones que se realizan en el \u00e1mbito personal y empresarial. Ya se trate de la constituci\u00f3n de una sociedad, la adquisici\u00f3n de un inmueble, la planificaci\u00f3n patrimonial o la tributaci\u00f3n de rendimientos internacionales, la intervenci\u00f3n de un <strong data-start=\"1173\" data-end=\"1209\">abogado fiscalista especializado<\/strong> es fundamental para evitar riesgos legales y aprovechar las ventajas que ofrece la legislaci\u00f3n vigente.<\/p><p data-start=\"1315\" data-end=\"1523\">En nuestro despacho, analizamos con detalle cada caso concreto, teniendo en cuenta las circunstancias particulares del cliente, con el fin de proponer soluciones fiscales eficientes, seguras y personalizadas.<\/p><h3 data-start=\"2269\" data-end=\"2313\">Un equipo multidisciplinar a su servicio<\/h3><p data-start=\"2315\" data-end=\"2631\">Nuestro enfoque se basa en una visi\u00f3n global y transversal de cada operaci\u00f3n. Para ello, trabajamos de forma coordinada entre nuestros departamentos jur\u00eddico, fiscal, contable y mercantil. Este modelo nos permite ofrecer un <strong data-start=\"2539\" data-end=\"2560\">servicio integral<\/strong>, alineado con los intereses econ\u00f3micos y legales de nuestros clientes.<\/p><p data-start=\"2633\" data-end=\"2923\">Adem\u00e1s, contamos con profesionales biling\u00fces y multiling\u00fces (ingl\u00e9s, franc\u00e9s, alem\u00e1n\u2026), lo que facilita una comunicaci\u00f3n fluida con clientes internacionales, no residentes o inversores extranjeros que deseen establecerse en la Costa del Sol o llevar a cabo operaciones econ\u00f3micas en Espa\u00f1a.<\/p><h2>\u00daltimas novedades en Derecho Fiscal<\/h2>\t\t\t\t\t\t\t\t<\/div>\n\t\t\t\t<\/div>\n\t\t\t\t\t<\/div>\n\t\t\t\t<\/div>\n\t\t\t\t<\/div>\n\t\t","protected":false},"excerpt":{"rendered":"<p>Abogado Derecho Fiscal en Estepona y Marbella Abogado Derecho Fiscal en Estepona y Marbella, te asesoramos en materia tributaria, posibilitando [&hellip;]<\/p>\n","protected":false},"author":15,"featured_media":8195,"parent":13,"menu_order":0,"comment_status":"closed","ping_status":"closed","template":"","meta":{"site-sidebar-layout":"default","site-content-layout":"","ast-site-content-layout":"","site-content-style":"default","site-sidebar-style":"default","ast-global-header-display":"","ast-banner-title-visibility":"","ast-main-header-display":"","ast-hfb-above-header-display":"","ast-hfb-below-header-display":"","ast-hfb-mobile-header-display":"","site-post-title":"","ast-breadcrumbs-content":"","ast-featured-img":"","footer-sml-layout":"","theme-transparent-header-meta":"","adv-header-id-meta":"","stick-header-meta":"","header-above-stick-meta":"","header-main-stick-meta":"","header-below-stick-meta":"","astra-migrate-meta-layouts":"default","ast-page-background-enabled":"default","ast-page-background-meta":{"desktop":{"background-color":"var(--ast-global-color-4)","background-image":"","background-repeat":"repeat","background-position":"center center","background-size":"auto","background-attachment":"scroll","background-type":"","background-media":"","overlay-type":"","overlay-color":"","overlay-opacity":"","overlay-gradient":""},"tablet":{"background-color":"","background-image":"","background-repeat":"repeat","background-position":"center center","background-size":"auto","background-attachment":"scroll","background-type":"","background-media":"","overlay-type":"","overlay-color":"","overlay-opacity":"","overlay-gradient":""},"mobile":{"background-color":"","background-image":"","background-repeat":"repeat","background-position":"center center","background-size":"auto","background-attachment":"scroll","background-type":"","background-media":"","overlay-type":"","overlay-color":"","overlay-opacity":"","overlay-gradient":""}},"ast-content-background-meta":{"desktop":{"background-color":"var(--ast-global-color-5)","background-image":"","background-repeat":"repeat","background-position":"center center","background-size":"auto","background-attachment":"scroll","background-type":"","background-media":"","overlay-type":"","overlay-color":"","overlay-opacity":"","overlay-gradient":""},"tablet":{"background-color":"var(--ast-global-color-5)","background-image":"","background-repeat":"repeat","background-position":"center center","background-size":"auto","background-attachment":"scroll","background-type":"","background-media":"","overlay-type":"","overlay-color":"","overlay-opacity":"","overlay-gradient":""},"mobile":{"background-color":"var(--ast-global-color-5)","background-image":"","background-repeat":"repeat","background-position":"center center","background-size":"auto","background-attachment":"scroll","background-type":"","background-media":"","overlay-type":"","overlay-color":"","overlay-opacity":"","overlay-gradient":""}},"footnotes":""},"class_list":["post-2069","page","type-page","status-publish","has-post-thumbnail","hentry"],"yoast_head":"<!-- This site is optimized with the Yoast SEO plugin v25.2 - https:\/\/yoast.com\/wordpress\/plugins\/seo\/ -->\n<title>Abogado Fiscal en Estepona y Marbella | Perez de Vargas<\/title>\n<meta name=\"description\" content=\"Abogado Fiscal en Estepona y Marbella. Asesoramiento tributario personalizado para particulares, aut\u00f3nomos y empresas.\" \/>\n<meta name=\"robots\" content=\"index, follow, max-snippet:-1, max-image-preview:large, max-video-preview:-1\" \/>\n<link rel=\"canonical\" href=\"https:\/\/perezdevargas.es\/es\/areas-y-servicios\/abogado-fiscal-en-estepona-y-marbella\/\" \/>\n<meta property=\"og:locale\" content=\"es_ES\" \/>\n<meta property=\"og:type\" content=\"article\" \/>\n<meta property=\"og:title\" content=\"Abogado Fiscal en Estepona y Marbella | Perez de Vargas\" \/>\n<meta property=\"og:description\" content=\"Abogado Fiscal en Estepona y Marbella. Asesoramiento tributario personalizado para particulares, aut\u00f3nomos y empresas.\" \/>\n<meta property=\"og:url\" content=\"https:\/\/perezdevargas.es\/es\/areas-y-servicios\/abogado-fiscal-en-estepona-y-marbella\/\" \/>\n<meta property=\"og:site_name\" content=\"P\u00e9rez de Vargas\" \/>\n<meta property=\"article:publisher\" content=\"https:\/\/www.facebook.com\/perezdevargasabogados\/\" \/>\n<meta property=\"article:modified_time\" content=\"2025-06-09T11:18:46+00:00\" \/>\n<meta property=\"og:image\" content=\"https:\/\/perezdevargas.es\/wp-content\/uploads\/2021\/12\/141386279_s.jpg\" \/>\n\t<meta property=\"og:image:width\" content=\"847\" \/>\n\t<meta property=\"og:image:height\" content=\"565\" \/>\n\t<meta property=\"og:image:type\" content=\"image\/jpeg\" \/>\n<meta name=\"twitter:card\" content=\"summary_large_image\" \/>\n<meta name=\"twitter:label1\" content=\"Tiempo de lectura\" \/>\n\t<meta name=\"twitter:data1\" content=\"2 minutos\" \/>\n<script type=\"application\/ld+json\" class=\"yoast-schema-graph\">{\"@context\":\"https:\/\/schema.org\",\"@graph\":[{\"@type\":\"WebPage\",\"@id\":\"https:\/\/perezdevargas.es\/es\/areas-y-servicios\/abogado-fiscal-en-estepona-y-marbella\/\",\"url\":\"https:\/\/perezdevargas.es\/es\/areas-y-servicios\/abogado-fiscal-en-estepona-y-marbella\/\",\"name\":\"Abogado Fiscal en Estepona y Marbella | Perez de Vargas\",\"isPartOf\":{\"@id\":\"https:\/\/perezdevargas.es\/es\/#website\"},\"primaryImageOfPage\":{\"@id\":\"https:\/\/perezdevargas.es\/es\/areas-y-servicios\/abogado-fiscal-en-estepona-y-marbella\/#primaryimage\"},\"image\":{\"@id\":\"https:\/\/perezdevargas.es\/es\/areas-y-servicios\/abogado-fiscal-en-estepona-y-marbella\/#primaryimage\"},\"thumbnailUrl\":\"https:\/\/perezdevargas.es\/wp-content\/uploads\/2021\/12\/141386279_s.jpg\",\"datePublished\":\"2018-12-07T16:07:56+00:00\",\"dateModified\":\"2025-06-09T11:18:46+00:00\",\"description\":\"Abogado Fiscal en Estepona y Marbella. Asesoramiento tributario personalizado para particulares, aut\u00f3nomos y empresas.\",\"breadcrumb\":{\"@id\":\"https:\/\/perezdevargas.es\/es\/areas-y-servicios\/abogado-fiscal-en-estepona-y-marbella\/#breadcrumb\"},\"inLanguage\":\"es\",\"potentialAction\":[{\"@type\":\"ReadAction\",\"target\":[\"https:\/\/perezdevargas.es\/es\/areas-y-servicios\/abogado-fiscal-en-estepona-y-marbella\/\"]}]},{\"@type\":\"ImageObject\",\"inLanguage\":\"es\",\"@id\":\"https:\/\/perezdevargas.es\/es\/areas-y-servicios\/abogado-fiscal-en-estepona-y-marbella\/#primaryimage\",\"url\":\"https:\/\/perezdevargas.es\/wp-content\/uploads\/2021\/12\/141386279_s.jpg\",\"contentUrl\":\"https:\/\/perezdevargas.es\/wp-content\/uploads\/2021\/12\/141386279_s.jpg\",\"width\":847,\"height\":565,\"caption\":\"Abogado Fiscal en Estepona y Marbella\"},{\"@type\":\"BreadcrumbList\",\"@id\":\"https:\/\/perezdevargas.es\/es\/areas-y-servicios\/abogado-fiscal-en-estepona-y-marbella\/#breadcrumb\",\"itemListElement\":[{\"@type\":\"ListItem\",\"position\":1,\"name\":\"Portada\",\"item\":\"https:\/\/perezdevargas.es\/es\/\"},{\"@type\":\"ListItem\",\"position\":2,\"name\":\"\u00c1reas\",\"item\":\"https:\/\/perezdevargas.es\/es\/areas-y-servicios\/\"},{\"@type\":\"ListItem\",\"position\":3,\"name\":\"Derecho Fiscal\"}]},{\"@type\":\"WebSite\",\"@id\":\"https:\/\/perezdevargas.es\/es\/#website\",\"url\":\"https:\/\/perezdevargas.es\/es\/\",\"name\":\"P\u00e9rez de Vargas\",\"description\":\"\",\"publisher\":{\"@id\":\"https:\/\/perezdevargas.es\/es\/#organization\"},\"potentialAction\":[{\"@type\":\"SearchAction\",\"target\":{\"@type\":\"EntryPoint\",\"urlTemplate\":\"https:\/\/perezdevargas.es\/es\/?s={search_term_string}\"},\"query-input\":{\"@type\":\"PropertyValueSpecification\",\"valueRequired\":true,\"valueName\":\"search_term_string\"}}],\"inLanguage\":\"es\"},{\"@type\":\"Organization\",\"@id\":\"https:\/\/perezdevargas.es\/es\/#organization\",\"name\":\"P\u00e9rez de Vargas\",\"url\":\"https:\/\/perezdevargas.es\/es\/\",\"logo\":{\"@type\":\"ImageObject\",\"inLanguage\":\"es\",\"@id\":\"https:\/\/perezdevargas.es\/es\/#\/schema\/logo\/image\/\",\"url\":\"https:\/\/perezdevargas.es\/wp-content\/uploads\/2025\/04\/Diseno-sin-titulo-91-1.jpg\",\"contentUrl\":\"https:\/\/perezdevargas.es\/wp-content\/uploads\/2025\/04\/Diseno-sin-titulo-91-1.jpg\",\"width\":500,\"height\":500,\"caption\":\"P\u00e9rez de Vargas\"},\"image\":{\"@id\":\"https:\/\/perezdevargas.es\/es\/#\/schema\/logo\/image\/\"},\"sameAs\":[\"https:\/\/www.facebook.com\/perezdevargasabogados\/\",\"https:\/\/www.instagram.com\/perezdevargasabogados\/\"]}]}<\/script>\n<!-- \/ Yoast SEO plugin. -->","yoast_head_json":{"title":"Abogado Fiscal en Estepona y Marbella | Perez de Vargas","description":"Abogado Fiscal en Estepona y Marbella. Asesoramiento tributario personalizado para particulares, aut\u00f3nomos y empresas.","robots":{"index":"index","follow":"follow","max-snippet":"max-snippet:-1","max-image-preview":"max-image-preview:large","max-video-preview":"max-video-preview:-1"},"canonical":"https:\/\/perezdevargas.es\/es\/areas-y-servicios\/abogado-fiscal-en-estepona-y-marbella\/","og_locale":"es_ES","og_type":"article","og_title":"Abogado Fiscal en Estepona y Marbella | Perez de Vargas","og_description":"Abogado Fiscal en Estepona y Marbella. Asesoramiento tributario personalizado para particulares, aut\u00f3nomos y empresas.","og_url":"https:\/\/perezdevargas.es\/es\/areas-y-servicios\/abogado-fiscal-en-estepona-y-marbella\/","og_site_name":"P\u00e9rez de Vargas","article_publisher":"https:\/\/www.facebook.com\/perezdevargasabogados\/","article_modified_time":"2025-06-09T11:18:46+00:00","og_image":[{"width":847,"height":565,"url":"https:\/\/perezdevargas.es\/wp-content\/uploads\/2021\/12\/141386279_s.jpg","type":"image\/jpeg"}],"twitter_card":"summary_large_image","twitter_misc":{"Tiempo de lectura":"2 minutos"},"schema":{"@context":"https:\/\/schema.org","@graph":[{"@type":"WebPage","@id":"https:\/\/perezdevargas.es\/es\/areas-y-servicios\/abogado-fiscal-en-estepona-y-marbella\/","url":"https:\/\/perezdevargas.es\/es\/areas-y-servicios\/abogado-fiscal-en-estepona-y-marbella\/","name":"Abogado Fiscal en Estepona y Marbella | Perez de Vargas","isPartOf":{"@id":"https:\/\/perezdevargas.es\/es\/#website"},"primaryImageOfPage":{"@id":"https:\/\/perezdevargas.es\/es\/areas-y-servicios\/abogado-fiscal-en-estepona-y-marbella\/#primaryimage"},"image":{"@id":"https:\/\/perezdevargas.es\/es\/areas-y-servicios\/abogado-fiscal-en-estepona-y-marbella\/#primaryimage"},"thumbnailUrl":"https:\/\/perezdevargas.es\/wp-content\/uploads\/2021\/12\/141386279_s.jpg","datePublished":"2018-12-07T16:07:56+00:00","dateModified":"2025-06-09T11:18:46+00:00","description":"Abogado Fiscal en Estepona y Marbella. Asesoramiento tributario personalizado para particulares, aut\u00f3nomos y empresas.","breadcrumb":{"@id":"https:\/\/perezdevargas.es\/es\/areas-y-servicios\/abogado-fiscal-en-estepona-y-marbella\/#breadcrumb"},"inLanguage":"es","potentialAction":[{"@type":"ReadAction","target":["https:\/\/perezdevargas.es\/es\/areas-y-servicios\/abogado-fiscal-en-estepona-y-marbella\/"]}]},{"@type":"ImageObject","inLanguage":"es","@id":"https:\/\/perezdevargas.es\/es\/areas-y-servicios\/abogado-fiscal-en-estepona-y-marbella\/#primaryimage","url":"https:\/\/perezdevargas.es\/wp-content\/uploads\/2021\/12\/141386279_s.jpg","contentUrl":"https:\/\/perezdevargas.es\/wp-content\/uploads\/2021\/12\/141386279_s.jpg","width":847,"height":565,"caption":"Abogado Fiscal en Estepona y Marbella"},{"@type":"BreadcrumbList","@id":"https:\/\/perezdevargas.es\/es\/areas-y-servicios\/abogado-fiscal-en-estepona-y-marbella\/#breadcrumb","itemListElement":[{"@type":"ListItem","position":1,"name":"Portada","item":"https:\/\/perezdevargas.es\/es\/"},{"@type":"ListItem","position":2,"name":"\u00c1reas","item":"https:\/\/perezdevargas.es\/es\/areas-y-servicios\/"},{"@type":"ListItem","position":3,"name":"Derecho Fiscal"}]},{"@type":"WebSite","@id":"https:\/\/perezdevargas.es\/es\/#website","url":"https:\/\/perezdevargas.es\/es\/","name":"P\u00e9rez de Vargas","description":"","publisher":{"@id":"https:\/\/perezdevargas.es\/es\/#organization"},"potentialAction":[{"@type":"SearchAction","target":{"@type":"EntryPoint","urlTemplate":"https:\/\/perezdevargas.es\/es\/?s={search_term_string}"},"query-input":{"@type":"PropertyValueSpecification","valueRequired":true,"valueName":"search_term_string"}}],"inLanguage":"es"},{"@type":"Organization","@id":"https:\/\/perezdevargas.es\/es\/#organization","name":"P\u00e9rez de Vargas","url":"https:\/\/perezdevargas.es\/es\/","logo":{"@type":"ImageObject","inLanguage":"es","@id":"https:\/\/perezdevargas.es\/es\/#\/schema\/logo\/image\/","url":"https:\/\/perezdevargas.es\/wp-content\/uploads\/2025\/04\/Diseno-sin-titulo-91-1.jpg","contentUrl":"https:\/\/perezdevargas.es\/wp-content\/uploads\/2025\/04\/Diseno-sin-titulo-91-1.jpg","width":500,"height":500,"caption":"P\u00e9rez de Vargas"},"image":{"@id":"https:\/\/perezdevargas.es\/es\/#\/schema\/logo\/image\/"},"sameAs":["https:\/\/www.facebook.com\/perezdevargasabogados\/","https:\/\/www.instagram.com\/perezdevargasabogados\/"]}]}},"_links":{"self":[{"href":"https:\/\/perezdevargas.es\/es\/wp-json\/wp\/v2\/pages\/2069","targetHints":{"allow":["GET"]}}],"collection":[{"href":"https:\/\/perezdevargas.es\/es\/wp-json\/wp\/v2\/pages"}],"about":[{"href":"https:\/\/perezdevargas.es\/es\/wp-json\/wp\/v2\/types\/page"}],"author":[{"embeddable":true,"href":"https:\/\/perezdevargas.es\/es\/wp-json\/wp\/v2\/users\/15"}],"replies":[{"embeddable":true,"href":"https:\/\/perezdevargas.es\/es\/wp-json\/wp\/v2\/comments?post=2069"}],"version-history":[{"count":24,"href":"https:\/\/perezdevargas.es\/es\/wp-json\/wp\/v2\/pages\/2069\/revisions"}],"predecessor-version":[{"id":68241,"href":"https:\/\/perezdevargas.es\/es\/wp-json\/wp\/v2\/pages\/2069\/revisions\/68241"}],"up":[{"embeddable":true,"href":"https:\/\/perezdevargas.es\/es\/wp-json\/wp\/v2\/pages\/13"}],"wp:featuredmedia":[{"embeddable":true,"href":"https:\/\/perezdevargas.es\/es\/wp-json\/wp\/v2\/media\/8195"}],"wp:attachment":[{"href":"https:\/\/perezdevargas.es\/es\/wp-json\/wp\/v2\/media?parent=2069"}],"curies":[{"name":"wp","href":"https:\/\/api.w.org\/{rel}","templated":true}]}}