{"id":2071,"date":"2018-12-07T16:08:26","date_gmt":"2018-12-07T16:08:26","guid":{"rendered":"https:\/\/perezdevargas.es\/?page_id=2071"},"modified":"2025-06-09T11:21:22","modified_gmt":"2025-06-09T11:21:22","slug":"abogado-mercantil-en-estepona-y-marbella","status":"publish","type":"page","link":"https:\/\/perezdevargas.es\/es\/areas-y-servicios\/abogado-mercantil-en-estepona-y-marbella\/","title":{"rendered":"Derecho Mercantil y Societario"},"content":{"rendered":"\t\t<div data-elementor-type=\"wp-page\" data-elementor-id=\"2071\" class=\"elementor elementor-2071\" data-elementor-post-type=\"page\">\n\t\t\t\t<div class=\"elementor-element elementor-element-7a77f790 e-flex e-con-boxed e-con e-parent\" data-id=\"7a77f790\" data-element_type=\"container\">\n\t\t\t\t\t<div class=\"e-con-inner\">\n\t\t\t\t<div class=\"elementor-element elementor-element-6210c480 elementor-widget elementor-widget-text-editor\" data-id=\"6210c480\" data-element_type=\"widget\" data-widget_type=\"text-editor.default\">\n\t\t\t\t<div class=\"elementor-widget-container\">\n\t\t\t\t\t\t\t\t\t<h1>Abogado Derecho Mercantil en Estepona y Marbella<\/h1><p>Desde su fundaci\u00f3n, el <strong>asesoramiento jur\u00eddico de empresas<\/strong> ha sido una de las \u00e1reas de dedicaci\u00f3n preferente de P\u00e9rez de Vargas Abogados. As\u00ed, nuestros <strong>abogado de derecho mercantil en Estepona y Marbella<\/strong> asesoran a <strong>empresas de muy diversos sectores<\/strong>, encontr\u00e1ndose entre ellas tanto las denominadas peque\u00f1as y medianas, como las grandes empresas.<\/p><p><img fetchpriority=\"high\" decoding=\"async\" class=\"alignnone wp-image-1264 size-full\" src=\"https:\/\/perezdevargas.es\/wp-content\/uploads\/2015\/06\/concursal.jpg\" alt=\"Abogado Mercantil en Estepona y Marbella\" width=\"680\" height=\"365\" srcset=\"https:\/\/perezdevargas.es\/wp-content\/uploads\/2015\/06\/concursal.jpg 680w, https:\/\/perezdevargas.es\/wp-content\/uploads\/2015\/06\/concursal-300x161.jpg 300w\" sizes=\"(max-width: 680px) 100vw, 680px\" \/><\/p><h2>Asesoramiento jur\u00eddico mercantil y societario<\/h2><p>En consecuencia, tenemos una <strong>dilatada experiencia<\/strong> en el asesoramiento jur\u00eddico de empresas, y un excelente equipo de profesionales altamente cualificados, con un alto grado de especializaci\u00f3n en el asesoramiento legal en el \u00e1mbito de los negocios y empresarial.<\/p><p>Dicho asesoramiento comprende la resoluci\u00f3n de las consultas que surgen en el funcionamiento diario de las entidades mercantiles, la colaboraci\u00f3n con los Departamentos de Asesor\u00eda Jur\u00eddica Interna, en su caso, as\u00ed como competencia desleal y el estudio y redacci\u00f3n de los contratos que documenten los negocios alcanzados por los clientes.<\/p><p>Adem\u00e1s, el departamento de <strong>Derecho Mercantil y Societario de P\u00e9rez de Vargas Abogados<\/strong> cuenta con <strong>abogados especialistas\u00a0<\/strong>plenamente capacitados para llevar a cabo todas aquellas operaciones que surjan en el \u00e1mbito societario, desde la constituci\u00f3n y reestructuraci\u00f3n societaria, procedimientos concursales, adem\u00e1s de cualquier litigio que implique una cualificaci\u00f3n espec\u00edfica en Derecho Mercantil en general y Societario en particular.<\/p><h2>\u00bfQu\u00e9 es una sociedad mercantil?<\/h2><p>Una sociedad mercantil es una sociedad de personas f\u00edsicas o morales que tienen como objetivo iniciar una actividad econ\u00f3mica con \u00e1nimo de lucro. Esta es reconocida como una entidad jur\u00eddica propia y con un propio patrimonio independiente.<\/p><p>Una sociedad mercantil constituye una relaci\u00f3n entre socios con el fin de que cada uno de ellos aporte recursos, conocimientos y competencias para desarrollar su actividad. Existen distintos tipos de sociedades mercantiles en base a la actividad econ\u00f3mica, la relaci\u00f3n entre socios, la responsabilidad, el riesgo asumido y el objeto social de la misma. Las seis m\u00e1s comunes y sobre las que le podemos asesorar son: Sociedad limitada, sociedad an\u00f3nima, sociedad comanditaria, sociedad laboral, sociedad cooperativa y sociedad colectiva.<\/p><h3>\u00bfQu\u00e9 es el derecho mercantil y societario?<\/h3><p>El derecho mercantil es la rama del Derecho Privado que engloba todas las normas de nuestro ordenamiento jur\u00eddico que tratan los actos comerciales y las relaciones jur\u00eddicas derivadas de la realizaci\u00f3n de \u00e9stos. En t\u00e9rminos amplios, es la rama del Derecho que regula el <strong>ejercicio del comercio.<\/strong><\/p><p>Por otro lado, el derecho societario es la rama del Derecho que se ocupa del empresario social, es decir, de todo lo relacionado con la creaci\u00f3n de sociedades, su funcionamiento, reorganizaci\u00f3n, desarrollo y fin de \u00e9stas. En t\u00e9rminos amplios, es la rama del Derecho que se ocupa del funcionamiento interno y externo de las sociedades.<\/p><h3>Abogados especialistas en derecho mercantil<\/h3><p>En P\u00e9rez de Vargas Abogados contamos con un excelente equipo de profesionales altamente cualificados y experimentados, y con un alto grado de especializaci\u00f3n en asesoramiento legal en el \u00e1mbito de los negocios.<\/p><p>Garantizamos resultados de \u00e9xito en nuestros procesos, ofreciendo una amplia gama de servicios de la mano de los mejores profesionales en todas las \u00e1reas. Cada abogado mercantil de nuestro despacho de abogados resolver\u00e1 todas sus dudas, con respeto y dedicaci\u00f3n.<\/p><p>Somos abogados especialistas en derecho mercantil y societario en M\u00e1laga. Contacte con nosotros y le atender\u00e1 un<a href=\"https:\/\/perezdevargas.es\/contacto\/\"><strong> abogado especializado en este \u00e1rea del derecho<\/strong><\/a>.<\/p><h2>\u00daltimas novedades en derecho mercantil y societario<\/h2>\t\t\t\t\t\t\t\t<\/div>\n\t\t\t\t<\/div>\n\t\t\t\t\t<\/div>\n\t\t\t\t<\/div>\n\t\t\t\t<\/div>\n\t\t","protected":false},"excerpt":{"rendered":"<p>Abogado Derecho Mercantil en Estepona y Marbella Desde su fundaci\u00f3n, el asesoramiento jur\u00eddico de empresas ha sido una de las [&hellip;]<\/p>\n","protected":false},"author":15,"featured_media":62441,"parent":13,"menu_order":0,"comment_status":"closed","ping_status":"closed","template":"","meta":{"site-sidebar-layout":"default","site-content-layout":"","ast-site-content-layout":"","site-content-style":"default","site-sidebar-style":"default","ast-global-header-display":"","ast-banner-title-visibility":"","ast-main-header-display":"","ast-hfb-above-header-display":"","ast-hfb-below-header-display":"","ast-hfb-mobile-header-display":"","site-post-title":"","ast-breadcrumbs-content":"","ast-featured-img":"","footer-sml-layout":"","theme-transparent-header-meta":"","adv-header-id-meta":"","stick-header-meta":"","header-above-stick-meta":"","header-main-stick-meta":"","header-below-stick-meta":"","astra-migrate-meta-layouts":"default","ast-page-background-enabled":"default","ast-page-background-meta":{"desktop":{"background-color":"var(--ast-global-color-4)","background-image":"","background-repeat":"repeat","background-position":"center center","background-size":"auto","background-attachment":"scroll","background-type":"","background-media":"","overlay-type":"","overlay-color":"","overlay-opacity":"","overlay-gradient":""},"tablet":{"background-color":"","background-image":"","background-repeat":"repeat","background-position":"center center","background-size":"auto","background-attachment":"scroll","background-type":"","background-media":"","overlay-type":"","overlay-color":"","overlay-opacity":"","overlay-gradient":""},"mobile":{"background-color":"","background-image":"","background-repeat":"repeat","background-position":"center center","background-size":"auto","background-attachment":"scroll","background-type":"","background-media":"","overlay-type":"","overlay-color":"","overlay-opacity":"","overlay-gradient":""}},"ast-content-background-meta":{"desktop":{"background-color":"var(--ast-global-color-5)","background-image":"","background-repeat":"repeat","background-position":"center center","background-size":"auto","background-attachment":"scroll","background-type":"","background-media":"","overlay-type":"","overlay-color":"","overlay-opacity":"","overlay-gradient":""},"tablet":{"background-color":"var(--ast-global-color-5)","background-image":"","background-repeat":"repeat","background-position":"center center","background-size":"auto","background-attachment":"scroll","background-type":"","background-media":"","overlay-type":"","overlay-color":"","overlay-opacity":"","overlay-gradient":""},"mobile":{"background-color":"var(--ast-global-color-5)","background-image":"","background-repeat":"repeat","background-position":"center center","background-size":"auto","background-attachment":"scroll","background-type":"","background-media":"","overlay-type":"","overlay-color":"","overlay-opacity":"","overlay-gradient":""}},"footnotes":""},"class_list":["post-2071","page","type-page","status-publish","has-post-thumbnail","hentry"],"yoast_head":"<!-- This site is optimized with the Yoast SEO plugin v25.2 - https:\/\/yoast.com\/wordpress\/plugins\/seo\/ -->\n<title>Abogado Mercantil en Estepona y Marbella | Perez de Vargas<\/title>\n<meta name=\"description\" content=\"Abogado experto en derecho mercantil en Estepona y Marbella. Constituci\u00f3n de sociedades, contratos, fusiones, conflictos societarios y m\u00e1s.\" \/>\n<meta name=\"robots\" content=\"index, follow, max-snippet:-1, max-image-preview:large, max-video-preview:-1\" \/>\n<link rel=\"canonical\" href=\"https:\/\/perezdevargas.es\/es\/areas-y-servicios\/abogado-mercantil-en-estepona-y-marbella\/\" \/>\n<meta property=\"og:locale\" content=\"es_ES\" \/>\n<meta property=\"og:type\" content=\"article\" \/>\n<meta property=\"og:title\" content=\"Abogado Mercantil en Estepona y Marbella | Perez de Vargas\" \/>\n<meta property=\"og:description\" content=\"Abogado experto en derecho mercantil en Estepona y Marbella. Constituci\u00f3n de sociedades, contratos, fusiones, conflictos societarios y m\u00e1s.\" \/>\n<meta property=\"og:url\" content=\"https:\/\/perezdevargas.es\/es\/areas-y-servicios\/abogado-mercantil-en-estepona-y-marbella\/\" \/>\n<meta property=\"og:site_name\" content=\"P\u00e9rez de Vargas\" \/>\n<meta property=\"article:publisher\" content=\"https:\/\/www.facebook.com\/perezdevargasabogados\/\" \/>\n<meta property=\"article:modified_time\" content=\"2025-06-09T11:21:22+00:00\" \/>\n<meta property=\"og:image\" content=\"https:\/\/perezdevargas.es\/wp-content\/uploads\/2023\/11\/shutterstock_2347001177.jpg\" \/>\n\t<meta property=\"og:image:width\" content=\"1000\" \/>\n\t<meta property=\"og:image:height\" content=\"668\" \/>\n\t<meta property=\"og:image:type\" content=\"image\/jpeg\" \/>\n<meta name=\"twitter:card\" content=\"summary_large_image\" \/>\n<meta name=\"twitter:label1\" content=\"Tiempo de lectura\" \/>\n\t<meta name=\"twitter:data1\" content=\"3 minutos\" \/>\n<script type=\"application\/ld+json\" class=\"yoast-schema-graph\">{\"@context\":\"https:\/\/schema.org\",\"@graph\":[{\"@type\":\"WebPage\",\"@id\":\"https:\/\/perezdevargas.es\/es\/areas-y-servicios\/abogado-mercantil-en-estepona-y-marbella\/\",\"url\":\"https:\/\/perezdevargas.es\/es\/areas-y-servicios\/abogado-mercantil-en-estepona-y-marbella\/\",\"name\":\"Abogado Mercantil en Estepona y Marbella | Perez de Vargas\",\"isPartOf\":{\"@id\":\"https:\/\/perezdevargas.es\/es\/#website\"},\"primaryImageOfPage\":{\"@id\":\"https:\/\/perezdevargas.es\/es\/areas-y-servicios\/abogado-mercantil-en-estepona-y-marbella\/#primaryimage\"},\"image\":{\"@id\":\"https:\/\/perezdevargas.es\/es\/areas-y-servicios\/abogado-mercantil-en-estepona-y-marbella\/#primaryimage\"},\"thumbnailUrl\":\"https:\/\/perezdevargas.es\/wp-content\/uploads\/2023\/11\/shutterstock_2347001177.jpg\",\"datePublished\":\"2018-12-07T16:08:26+00:00\",\"dateModified\":\"2025-06-09T11:21:22+00:00\",\"description\":\"Abogado experto en derecho mercantil en Estepona y Marbella. Constituci\u00f3n de sociedades, contratos, fusiones, conflictos societarios y m\u00e1s.\",\"breadcrumb\":{\"@id\":\"https:\/\/perezdevargas.es\/es\/areas-y-servicios\/abogado-mercantil-en-estepona-y-marbella\/#breadcrumb\"},\"inLanguage\":\"es\",\"potentialAction\":[{\"@type\":\"ReadAction\",\"target\":[\"https:\/\/perezdevargas.es\/es\/areas-y-servicios\/abogado-mercantil-en-estepona-y-marbella\/\"]}]},{\"@type\":\"ImageObject\",\"inLanguage\":\"es\",\"@id\":\"https:\/\/perezdevargas.es\/es\/areas-y-servicios\/abogado-mercantil-en-estepona-y-marbella\/#primaryimage\",\"url\":\"https:\/\/perezdevargas.es\/wp-content\/uploads\/2023\/11\/shutterstock_2347001177.jpg\",\"contentUrl\":\"https:\/\/perezdevargas.es\/wp-content\/uploads\/2023\/11\/shutterstock_2347001177.jpg\",\"width\":1000,\"height\":668,\"caption\":\"Abogado Mercantil en Estepona y Marbella\"},{\"@type\":\"BreadcrumbList\",\"@id\":\"https:\/\/perezdevargas.es\/es\/areas-y-servicios\/abogado-mercantil-en-estepona-y-marbella\/#breadcrumb\",\"itemListElement\":[{\"@type\":\"ListItem\",\"position\":1,\"name\":\"Portada\",\"item\":\"https:\/\/perezdevargas.es\/es\/\"},{\"@type\":\"ListItem\",\"position\":2,\"name\":\"\u00c1reas\",\"item\":\"https:\/\/perezdevargas.es\/es\/areas-y-servicios\/\"},{\"@type\":\"ListItem\",\"position\":3,\"name\":\"Derecho Mercantil y Societario\"}]},{\"@type\":\"WebSite\",\"@id\":\"https:\/\/perezdevargas.es\/es\/#website\",\"url\":\"https:\/\/perezdevargas.es\/es\/\",\"name\":\"P\u00e9rez de Vargas\",\"description\":\"\",\"publisher\":{\"@id\":\"https:\/\/perezdevargas.es\/es\/#organization\"},\"potentialAction\":[{\"@type\":\"SearchAction\",\"target\":{\"@type\":\"EntryPoint\",\"urlTemplate\":\"https:\/\/perezdevargas.es\/es\/?s={search_term_string}\"},\"query-input\":{\"@type\":\"PropertyValueSpecification\",\"valueRequired\":true,\"valueName\":\"search_term_string\"}}],\"inLanguage\":\"es\"},{\"@type\":\"Organization\",\"@id\":\"https:\/\/perezdevargas.es\/es\/#organization\",\"name\":\"P\u00e9rez de Vargas\",\"url\":\"https:\/\/perezdevargas.es\/es\/\",\"logo\":{\"@type\":\"ImageObject\",\"inLanguage\":\"es\",\"@id\":\"https:\/\/perezdevargas.es\/es\/#\/schema\/logo\/image\/\",\"url\":\"https:\/\/perezdevargas.es\/wp-content\/uploads\/2025\/04\/Diseno-sin-titulo-91-1.jpg\",\"contentUrl\":\"https:\/\/perezdevargas.es\/wp-content\/uploads\/2025\/04\/Diseno-sin-titulo-91-1.jpg\",\"width\":500,\"height\":500,\"caption\":\"P\u00e9rez de Vargas\"},\"image\":{\"@id\":\"https:\/\/perezdevargas.es\/es\/#\/schema\/logo\/image\/\"},\"sameAs\":[\"https:\/\/www.facebook.com\/perezdevargasabogados\/\",\"https:\/\/www.instagram.com\/perezdevargasabogados\/\"]}]}<\/script>\n<!-- \/ Yoast SEO plugin. -->","yoast_head_json":{"title":"Abogado Mercantil en Estepona y Marbella | Perez de Vargas","description":"Abogado experto en derecho mercantil en Estepona y Marbella. Constituci\u00f3n de sociedades, contratos, fusiones, conflictos societarios y m\u00e1s.","robots":{"index":"index","follow":"follow","max-snippet":"max-snippet:-1","max-image-preview":"max-image-preview:large","max-video-preview":"max-video-preview:-1"},"canonical":"https:\/\/perezdevargas.es\/es\/areas-y-servicios\/abogado-mercantil-en-estepona-y-marbella\/","og_locale":"es_ES","og_type":"article","og_title":"Abogado Mercantil en Estepona y Marbella | Perez de Vargas","og_description":"Abogado experto en derecho mercantil en Estepona y Marbella. Constituci\u00f3n de sociedades, contratos, fusiones, conflictos societarios y m\u00e1s.","og_url":"https:\/\/perezdevargas.es\/es\/areas-y-servicios\/abogado-mercantil-en-estepona-y-marbella\/","og_site_name":"P\u00e9rez de Vargas","article_publisher":"https:\/\/www.facebook.com\/perezdevargasabogados\/","article_modified_time":"2025-06-09T11:21:22+00:00","og_image":[{"width":1000,"height":668,"url":"https:\/\/perezdevargas.es\/wp-content\/uploads\/2023\/11\/shutterstock_2347001177.jpg","type":"image\/jpeg"}],"twitter_card":"summary_large_image","twitter_misc":{"Tiempo de lectura":"3 minutos"},"schema":{"@context":"https:\/\/schema.org","@graph":[{"@type":"WebPage","@id":"https:\/\/perezdevargas.es\/es\/areas-y-servicios\/abogado-mercantil-en-estepona-y-marbella\/","url":"https:\/\/perezdevargas.es\/es\/areas-y-servicios\/abogado-mercantil-en-estepona-y-marbella\/","name":"Abogado Mercantil en Estepona y Marbella | Perez de Vargas","isPartOf":{"@id":"https:\/\/perezdevargas.es\/es\/#website"},"primaryImageOfPage":{"@id":"https:\/\/perezdevargas.es\/es\/areas-y-servicios\/abogado-mercantil-en-estepona-y-marbella\/#primaryimage"},"image":{"@id":"https:\/\/perezdevargas.es\/es\/areas-y-servicios\/abogado-mercantil-en-estepona-y-marbella\/#primaryimage"},"thumbnailUrl":"https:\/\/perezdevargas.es\/wp-content\/uploads\/2023\/11\/shutterstock_2347001177.jpg","datePublished":"2018-12-07T16:08:26+00:00","dateModified":"2025-06-09T11:21:22+00:00","description":"Abogado experto en derecho mercantil en Estepona y Marbella. Constituci\u00f3n de sociedades, contratos, fusiones, conflictos societarios y m\u00e1s.","breadcrumb":{"@id":"https:\/\/perezdevargas.es\/es\/areas-y-servicios\/abogado-mercantil-en-estepona-y-marbella\/#breadcrumb"},"inLanguage":"es","potentialAction":[{"@type":"ReadAction","target":["https:\/\/perezdevargas.es\/es\/areas-y-servicios\/abogado-mercantil-en-estepona-y-marbella\/"]}]},{"@type":"ImageObject","inLanguage":"es","@id":"https:\/\/perezdevargas.es\/es\/areas-y-servicios\/abogado-mercantil-en-estepona-y-marbella\/#primaryimage","url":"https:\/\/perezdevargas.es\/wp-content\/uploads\/2023\/11\/shutterstock_2347001177.jpg","contentUrl":"https:\/\/perezdevargas.es\/wp-content\/uploads\/2023\/11\/shutterstock_2347001177.jpg","width":1000,"height":668,"caption":"Abogado Mercantil en Estepona y Marbella"},{"@type":"BreadcrumbList","@id":"https:\/\/perezdevargas.es\/es\/areas-y-servicios\/abogado-mercantil-en-estepona-y-marbella\/#breadcrumb","itemListElement":[{"@type":"ListItem","position":1,"name":"Portada","item":"https:\/\/perezdevargas.es\/es\/"},{"@type":"ListItem","position":2,"name":"\u00c1reas","item":"https:\/\/perezdevargas.es\/es\/areas-y-servicios\/"},{"@type":"ListItem","position":3,"name":"Derecho Mercantil y Societario"}]},{"@type":"WebSite","@id":"https:\/\/perezdevargas.es\/es\/#website","url":"https:\/\/perezdevargas.es\/es\/","name":"P\u00e9rez de Vargas","description":"","publisher":{"@id":"https:\/\/perezdevargas.es\/es\/#organization"},"potentialAction":[{"@type":"SearchAction","target":{"@type":"EntryPoint","urlTemplate":"https:\/\/perezdevargas.es\/es\/?s={search_term_string}"},"query-input":{"@type":"PropertyValueSpecification","valueRequired":true,"valueName":"search_term_string"}}],"inLanguage":"es"},{"@type":"Organization","@id":"https:\/\/perezdevargas.es\/es\/#organization","name":"P\u00e9rez de Vargas","url":"https:\/\/perezdevargas.es\/es\/","logo":{"@type":"ImageObject","inLanguage":"es","@id":"https:\/\/perezdevargas.es\/es\/#\/schema\/logo\/image\/","url":"https:\/\/perezdevargas.es\/wp-content\/uploads\/2025\/04\/Diseno-sin-titulo-91-1.jpg","contentUrl":"https:\/\/perezdevargas.es\/wp-content\/uploads\/2025\/04\/Diseno-sin-titulo-91-1.jpg","width":500,"height":500,"caption":"P\u00e9rez de Vargas"},"image":{"@id":"https:\/\/perezdevargas.es\/es\/#\/schema\/logo\/image\/"},"sameAs":["https:\/\/www.facebook.com\/perezdevargasabogados\/","https:\/\/www.instagram.com\/perezdevargasabogados\/"]}]}},"_links":{"self":[{"href":"https:\/\/perezdevargas.es\/es\/wp-json\/wp\/v2\/pages\/2071","targetHints":{"allow":["GET"]}}],"collection":[{"href":"https:\/\/perezdevargas.es\/es\/wp-json\/wp\/v2\/pages"}],"about":[{"href":"https:\/\/perezdevargas.es\/es\/wp-json\/wp\/v2\/types\/page"}],"author":[{"embeddable":true,"href":"https:\/\/perezdevargas.es\/es\/wp-json\/wp\/v2\/users\/15"}],"replies":[{"embeddable":true,"href":"https:\/\/perezdevargas.es\/es\/wp-json\/wp\/v2\/comments?post=2071"}],"version-history":[{"count":28,"href":"https:\/\/perezdevargas.es\/es\/wp-json\/wp\/v2\/pages\/2071\/revisions"}],"predecessor-version":[{"id":68247,"href":"https:\/\/perezdevargas.es\/es\/wp-json\/wp\/v2\/pages\/2071\/revisions\/68247"}],"up":[{"embeddable":true,"href":"https:\/\/perezdevargas.es\/es\/wp-json\/wp\/v2\/pages\/13"}],"wp:featuredmedia":[{"embeddable":true,"href":"https:\/\/perezdevargas.es\/es\/wp-json\/wp\/v2\/media\/62441"}],"wp:attachment":[{"href":"https:\/\/perezdevargas.es\/es\/wp-json\/wp\/v2\/media?parent=2071"}],"curies":[{"name":"wp","href":"https:\/\/api.w.org\/{rel}","templated":true}]}}