{"id":2073,"date":"2018-12-07T16:09:24","date_gmt":"2018-12-07T16:09:24","guid":{"rendered":"https:\/\/perezdevargas.es\/?page_id=2073"},"modified":"2025-06-09T11:13:16","modified_gmt":"2025-06-09T11:13:16","slug":"abogado-urbanistico-en-estepona-y-marbella","status":"publish","type":"page","link":"https:\/\/perezdevargas.es\/es\/areas-y-servicios\/abogado-urbanistico-en-estepona-y-marbella\/","title":{"rendered":"Derecho Administrativo y Urban\u00edstico"},"content":{"rendered":"\t\t<div data-elementor-type=\"wp-page\" data-elementor-id=\"2073\" class=\"elementor elementor-2073\" data-elementor-post-type=\"page\">\n\t\t\t\t<div class=\"elementor-element elementor-element-728c7083 e-flex e-con-boxed e-con e-parent\" data-id=\"728c7083\" data-element_type=\"container\">\n\t\t\t\t\t<div class=\"e-con-inner\">\n\t\t\t\t<div class=\"elementor-element elementor-element-13188510 elementor-widget elementor-widget-text-editor\" data-id=\"13188510\" data-element_type=\"widget\" data-widget_type=\"text-editor.default\">\n\t\t\t\t<div class=\"elementor-widget-container\">\n\t\t\t\t\t\t\t\t\t<h1>Abogado Urban\u00edstico Estepona y Marbella<\/h1><h2><img fetchpriority=\"high\" decoding=\"async\" class=\"alignnone wp-image-8214 size-full\" src=\"https:\/\/perezdevargas.es\/wp-content\/uploads\/2021\/12\/41019458_s.jpg\" alt=\"Abogado Urban\u00edstico Estepona y Marbella\" width=\"865\" height=\"553\" \/><\/h2><h2>Asesoramiento Jur\u00eddico Urban\u00edstico<\/h2><p><strong>Abogado urban\u00edstico en Estepona y Marbella<\/strong>, nuestro despacho es un gran <strong>referente en el asesoramiento jur\u00eddico en materia de urbanismo<\/strong>. La gran calidad jur\u00eddica, as\u00ed como la amplia experiencia y la s\u00f3lida trayectoria de los profesionales que integran este \u00e1rea de pr\u00e1ctica, presentes en las Oficinas de <strong>Estepona <\/strong>y <strong>Marbella<\/strong>, constituye una de las se\u00f1as de identidad de P\u00e9rez de Vargas Abogados.<\/p><h3 data-start=\"1176\" data-end=\"1218\">Servicios de asesoramiento urban\u00edstico<\/h3><p data-start=\"1220\" data-end=\"1369\">El \u00e1rea de Derecho Urban\u00edstico de nuestro despacho proporciona asistencia legal especializada en todas las fases del proceso urban\u00edstico, incluyendo:<\/p><ul data-start=\"1371\" data-end=\"2584\"><li data-start=\"1371\" data-end=\"1596\"><p data-start=\"1373\" data-end=\"1596\"><strong data-start=\"1373\" data-end=\"1401\">Planeamiento urban\u00edstico<\/strong>: asesoramos en la redacci\u00f3n, tramitaci\u00f3n y modificaci\u00f3n de instrumentos de planeamiento general y de desarrollo, como planes generales, planes parciales, planes especiales y estudios de detalle.<\/p><\/li><li data-start=\"1598\" data-end=\"1880\"><p data-start=\"1600\" data-end=\"1880\"><strong data-start=\"1600\" data-end=\"1623\">Gesti\u00f3n urban\u00edstica<\/strong>: asistencia jur\u00eddica en procesos de reparcelaci\u00f3n, equidistribuci\u00f3n, compensaci\u00f3n y gesti\u00f3n del suelo. Incluye el <strong data-start=\"1738\" data-end=\"1821\">asesoramiento a Juntas de Compensaci\u00f3n y Entidades Urban\u00edsticas de Conservaci\u00f3n<\/strong>, as\u00ed como la creaci\u00f3n y funcionamiento de estas entidades.<\/p><\/li><li data-start=\"1882\" data-end=\"2042\"><p data-start=\"1884\" data-end=\"2042\"><strong data-start=\"1884\" data-end=\"1910\">Licencias urban\u00edsticas<\/strong>: tramitaci\u00f3n y obtenci\u00f3n de licencias de obra, licencias de actividad, de edificaci\u00f3n, segregaci\u00f3n, primera ocupaci\u00f3n, entre otras.<\/p><\/li><li data-start=\"2044\" data-end=\"2224\"><p data-start=\"2046\" data-end=\"2224\"><strong data-start=\"2046\" data-end=\"2096\">Legalizaci\u00f3n y regularizaci\u00f3n de edificaciones<\/strong>: gesti\u00f3n de expedientes ante la administraci\u00f3n para legalizar construcciones existentes, especialmente en suelo no urbanizable.<\/p><\/li><li data-start=\"2226\" data-end=\"2402\"><p data-start=\"2228\" data-end=\"2402\"><strong data-start=\"2228\" data-end=\"2254\">Disciplina urban\u00edstica<\/strong>: defensa jur\u00eddica en procedimientos sancionadores por infracciones urban\u00edsticas, \u00f3rdenes de demolici\u00f3n, precintos, y dem\u00e1s medidas administrativas.<\/p><\/li><li data-start=\"2404\" data-end=\"2584\"><p data-start=\"2406\" data-end=\"2584\"><strong data-start=\"2406\" data-end=\"2435\">Due Diligence urban\u00edstica<\/strong>: revisi\u00f3n t\u00e9cnica y legal del estado urban\u00edstico de solares, edificaciones o promociones, especialmente \u00fatil en procesos de compraventa o inversi\u00f3n.<\/p><\/li><\/ul><h3 data-start=\"2586\" data-end=\"2635\">Derecho Administrativo vinculado al Urbanismo<\/h3><p data-start=\"2637\" data-end=\"2884\">Adem\u00e1s del asesoramiento estrictamente urban\u00edstico, nuestro equipo presta cobertura legal en otros procedimientos administrativos relacionados con la actividad urban\u00edstica y la interacci\u00f3n con las administraciones p\u00fablicas, entre los que destacan:<\/p><ul data-start=\"2886\" data-end=\"3691\"><li data-start=\"2886\" data-end=\"3014\"><p data-start=\"2888\" data-end=\"3014\"><strong data-start=\"2888\" data-end=\"2919\">Contrataci\u00f3n administrativa<\/strong>: licitaciones p\u00fablicas, concesiones de obras y servicios, adjudicaciones, recursos especiales.<\/p><\/li><li data-start=\"3016\" data-end=\"3159\"><p data-start=\"3018\" data-end=\"3159\"><strong data-start=\"3018\" data-end=\"3045\">Expropiaciones forzosas<\/strong>: defensa jur\u00eddica en procesos de expropiaci\u00f3n, valoraciones, justiprecios, y recursos frente a la Administraci\u00f3n.<\/p><\/li><li data-start=\"3161\" data-end=\"3334\"><p data-start=\"3163\" data-end=\"3334\"><strong data-start=\"3163\" data-end=\"3206\">Reclamaciones econ\u00f3mico-administrativas<\/strong>: defensa ante \u00f3rganos tributarios y administrativos en casos de liquidaciones, tasas urban\u00edsticas, y contribuciones especiales.<\/p><\/li><li data-start=\"3336\" data-end=\"3497\"><p data-start=\"3338\" data-end=\"3497\"><strong data-start=\"3338\" data-end=\"3390\">Responsabilidad patrimonial de la Administraci\u00f3n<\/strong>: reclamaciones por da\u00f1os y perjuicios derivados de actuaciones urban\u00edsticas o administrativas irregulares.<\/p><\/li><li data-start=\"3499\" data-end=\"3691\"><p data-start=\"3501\" data-end=\"3691\"><strong data-start=\"3501\" data-end=\"3559\">Recursos administrativos y contencioso-administrativos<\/strong>: presentaci\u00f3n y defensa de recursos en v\u00eda administrativa o judicial frente a actos que vulneren los derechos de nuestros clientes.<\/p><\/li><\/ul><h3 data-start=\"3693\" data-end=\"3744\">Asesoramiento personalizado en la Costa del Sol<\/h3><p data-start=\"3746\" data-end=\"4157\">Nuestra ubicaci\u00f3n en <strong data-start=\"3767\" data-end=\"3790\">Estepona y Marbella<\/strong> nos permite prestar un servicio jur\u00eddico pr\u00f3ximo, \u00e1gil y especializado, con pleno conocimiento del marco normativo y las particularidades urban\u00edsticas locales. Asistimos tanto a clientes nacionales como a inversores extranjeros, con atenci\u00f3n multiling\u00fce (ingl\u00e9s, franc\u00e9s, alem\u00e1n, entre otros), lo que facilita una comunicaci\u00f3n clara y eficaz durante todo el proceso.<\/p><p data-start=\"4159\" data-end=\"4401\">En <strong data-start=\"4162\" data-end=\"4190\">P\u00e9rez de Vargas Abogados<\/strong> apostamos por una <strong data-start=\"4209\" data-end=\"4245\">visi\u00f3n estrat\u00e9gica del urbanismo<\/strong>, anticip\u00e1ndonos a los riesgos jur\u00eddicos y proponiendo soluciones que permitan el desarrollo legal, ordenado y seguro de los proyectos de nuestros clientes.<\/p><p>Para solicitud de un servicio de asesoramiento jur\u00eddico o dudas y sugerencias, puede ponerse en<strong> <a href=\"https:\/\/perezdevargas.es\/contacto\/\">contacto <\/a><\/strong>con el despacho.<\/p><h2>\u00daltimas novedades en Derecho Administrativo y Urban\u00edstico<\/h2>\t\t\t\t\t\t\t\t<\/div>\n\t\t\t\t<\/div>\n\t\t\t\t\t<\/div>\n\t\t\t\t<\/div>\n\t\t\t\t<\/div>\n\t\t","protected":false},"excerpt":{"rendered":"<p>Abogado Urban\u00edstico Estepona y Marbella Asesoramiento Jur\u00eddico Urban\u00edstico Abogado urban\u00edstico en Estepona y Marbella, nuestro despacho es un gran referente [&hellip;]<\/p>\n","protected":false},"author":15,"featured_media":8214,"parent":13,"menu_order":0,"comment_status":"closed","ping_status":"closed","template":"","meta":{"site-sidebar-layout":"default","site-content-layout":"","ast-site-content-layout":"","site-content-style":"default","site-sidebar-style":"default","ast-global-header-display":"","ast-banner-title-visibility":"","ast-main-header-display":"","ast-hfb-above-header-display":"","ast-hfb-below-header-display":"","ast-hfb-mobile-header-display":"","site-post-title":"","ast-breadcrumbs-content":"","ast-featured-img":"","footer-sml-layout":"","theme-transparent-header-meta":"","adv-header-id-meta":"","stick-header-meta":"","header-above-stick-meta":"","header-main-stick-meta":"","header-below-stick-meta":"","astra-migrate-meta-layouts":"default","ast-page-background-enabled":"default","ast-page-background-meta":{"desktop":{"background-color":"var(--ast-global-color-4)","background-image":"","background-repeat":"repeat","background-position":"center center","background-size":"auto","background-attachment":"scroll","background-type":"","background-media":"","overlay-type":"","overlay-color":"","overlay-opacity":"","overlay-gradient":""},"tablet":{"background-color":"","background-image":"","background-repeat":"repeat","background-position":"center center","background-size":"auto","background-attachment":"scroll","background-type":"","background-media":"","overlay-type":"","overlay-color":"","overlay-opacity":"","overlay-gradient":""},"mobile":{"background-color":"","background-image":"","background-repeat":"repeat","background-position":"center center","background-size":"auto","background-attachment":"scroll","background-type":"","background-media":"","overlay-type":"","overlay-color":"","overlay-opacity":"","overlay-gradient":""}},"ast-content-background-meta":{"desktop":{"background-color":"var(--ast-global-color-5)","background-image":"","background-repeat":"repeat","background-position":"center center","background-size":"auto","background-attachment":"scroll","background-type":"","background-media":"","overlay-type":"","overlay-color":"","overlay-opacity":"","overlay-gradient":""},"tablet":{"background-color":"var(--ast-global-color-5)","background-image":"","background-repeat":"repeat","background-position":"center center","background-size":"auto","background-attachment":"scroll","background-type":"","background-media":"","overlay-type":"","overlay-color":"","overlay-opacity":"","overlay-gradient":""},"mobile":{"background-color":"var(--ast-global-color-5)","background-image":"","background-repeat":"repeat","background-position":"center center","background-size":"auto","background-attachment":"scroll","background-type":"","background-media":"","overlay-type":"","overlay-color":"","overlay-opacity":"","overlay-gradient":""}},"footnotes":""},"class_list":["post-2073","page","type-page","status-publish","has-post-thumbnail","hentry"],"yoast_head":"<!-- This site is optimized with the Yoast SEO plugin v25.2 - https:\/\/yoast.com\/wordpress\/plugins\/seo\/ -->\n<title>Abogado Urban\u00edstico en Estepona y Marbella | Perez de Vargas<\/title>\n<meta name=\"description\" content=\"Abogado urban\u00edstico en Estepona y Marbella, te asesoramos en proyectos de urbanizaci\u00f3n, licencias, planeamiento y gesti\u00f3n del suelo.\" \/>\n<meta name=\"robots\" content=\"index, follow, max-snippet:-1, max-image-preview:large, max-video-preview:-1\" \/>\n<link rel=\"canonical\" href=\"https:\/\/perezdevargas.es\/es\/areas-y-servicios\/abogado-urbanistico-en-estepona-y-marbella\/\" \/>\n<meta property=\"og:locale\" content=\"es_ES\" \/>\n<meta property=\"og:type\" content=\"article\" \/>\n<meta property=\"og:title\" content=\"Abogado Urban\u00edstico en Estepona y Marbella | Perez de Vargas\" \/>\n<meta property=\"og:description\" content=\"Abogado urban\u00edstico en Estepona y Marbella, te asesoramos en proyectos de urbanizaci\u00f3n, licencias, planeamiento y gesti\u00f3n del suelo.\" \/>\n<meta property=\"og:url\" content=\"https:\/\/perezdevargas.es\/es\/areas-y-servicios\/abogado-urbanistico-en-estepona-y-marbella\/\" \/>\n<meta property=\"og:site_name\" content=\"P\u00e9rez de Vargas\" \/>\n<meta property=\"article:publisher\" content=\"https:\/\/www.facebook.com\/perezdevargasabogados\/\" \/>\n<meta property=\"article:modified_time\" content=\"2025-06-09T11:13:16+00:00\" \/>\n<meta property=\"og:image\" content=\"https:\/\/perezdevargas.es\/wp-content\/uploads\/2021\/12\/41019458_s.jpg\" \/>\n\t<meta property=\"og:image:width\" content=\"865\" \/>\n\t<meta property=\"og:image:height\" content=\"553\" \/>\n\t<meta property=\"og:image:type\" content=\"image\/jpeg\" \/>\n<meta name=\"twitter:card\" content=\"summary_large_image\" \/>\n<meta name=\"twitter:label1\" content=\"Tiempo de lectura\" \/>\n\t<meta name=\"twitter:data1\" content=\"3 minutos\" \/>\n<script type=\"application\/ld+json\" class=\"yoast-schema-graph\">{\"@context\":\"https:\/\/schema.org\",\"@graph\":[{\"@type\":\"WebPage\",\"@id\":\"https:\/\/perezdevargas.es\/es\/areas-y-servicios\/abogado-urbanistico-en-estepona-y-marbella\/\",\"url\":\"https:\/\/perezdevargas.es\/es\/areas-y-servicios\/abogado-urbanistico-en-estepona-y-marbella\/\",\"name\":\"Abogado Urban\u00edstico en Estepona y Marbella | Perez de Vargas\",\"isPartOf\":{\"@id\":\"https:\/\/perezdevargas.es\/es\/#website\"},\"primaryImageOfPage\":{\"@id\":\"https:\/\/perezdevargas.es\/es\/areas-y-servicios\/abogado-urbanistico-en-estepona-y-marbella\/#primaryimage\"},\"image\":{\"@id\":\"https:\/\/perezdevargas.es\/es\/areas-y-servicios\/abogado-urbanistico-en-estepona-y-marbella\/#primaryimage\"},\"thumbnailUrl\":\"https:\/\/perezdevargas.es\/wp-content\/uploads\/2021\/12\/41019458_s.jpg\",\"datePublished\":\"2018-12-07T16:09:24+00:00\",\"dateModified\":\"2025-06-09T11:13:16+00:00\",\"description\":\"Abogado urban\u00edstico en Estepona y Marbella, te asesoramos en proyectos de urbanizaci\u00f3n, licencias, planeamiento y gesti\u00f3n del suelo.\",\"breadcrumb\":{\"@id\":\"https:\/\/perezdevargas.es\/es\/areas-y-servicios\/abogado-urbanistico-en-estepona-y-marbella\/#breadcrumb\"},\"inLanguage\":\"es\",\"potentialAction\":[{\"@type\":\"ReadAction\",\"target\":[\"https:\/\/perezdevargas.es\/es\/areas-y-servicios\/abogado-urbanistico-en-estepona-y-marbella\/\"]}]},{\"@type\":\"ImageObject\",\"inLanguage\":\"es\",\"@id\":\"https:\/\/perezdevargas.es\/es\/areas-y-servicios\/abogado-urbanistico-en-estepona-y-marbella\/#primaryimage\",\"url\":\"https:\/\/perezdevargas.es\/wp-content\/uploads\/2021\/12\/41019458_s.jpg\",\"contentUrl\":\"https:\/\/perezdevargas.es\/wp-content\/uploads\/2021\/12\/41019458_s.jpg\",\"width\":865,\"height\":553,\"caption\":\"Abogado Urban\u00edstico en Estepona y Marbella\"},{\"@type\":\"BreadcrumbList\",\"@id\":\"https:\/\/perezdevargas.es\/es\/areas-y-servicios\/abogado-urbanistico-en-estepona-y-marbella\/#breadcrumb\",\"itemListElement\":[{\"@type\":\"ListItem\",\"position\":1,\"name\":\"Portada\",\"item\":\"https:\/\/perezdevargas.es\/es\/\"},{\"@type\":\"ListItem\",\"position\":2,\"name\":\"\u00c1reas\",\"item\":\"https:\/\/perezdevargas.es\/es\/areas-y-servicios\/\"},{\"@type\":\"ListItem\",\"position\":3,\"name\":\"Derecho Administrativo y Urban\u00edstico\"}]},{\"@type\":\"WebSite\",\"@id\":\"https:\/\/perezdevargas.es\/es\/#website\",\"url\":\"https:\/\/perezdevargas.es\/es\/\",\"name\":\"P\u00e9rez de Vargas\",\"description\":\"\",\"publisher\":{\"@id\":\"https:\/\/perezdevargas.es\/es\/#organization\"},\"potentialAction\":[{\"@type\":\"SearchAction\",\"target\":{\"@type\":\"EntryPoint\",\"urlTemplate\":\"https:\/\/perezdevargas.es\/es\/?s={search_term_string}\"},\"query-input\":{\"@type\":\"PropertyValueSpecification\",\"valueRequired\":true,\"valueName\":\"search_term_string\"}}],\"inLanguage\":\"es\"},{\"@type\":\"Organization\",\"@id\":\"https:\/\/perezdevargas.es\/es\/#organization\",\"name\":\"P\u00e9rez de Vargas\",\"url\":\"https:\/\/perezdevargas.es\/es\/\",\"logo\":{\"@type\":\"ImageObject\",\"inLanguage\":\"es\",\"@id\":\"https:\/\/perezdevargas.es\/es\/#\/schema\/logo\/image\/\",\"url\":\"https:\/\/perezdevargas.es\/wp-content\/uploads\/2025\/04\/Diseno-sin-titulo-91-1.jpg\",\"contentUrl\":\"https:\/\/perezdevargas.es\/wp-content\/uploads\/2025\/04\/Diseno-sin-titulo-91-1.jpg\",\"width\":500,\"height\":500,\"caption\":\"P\u00e9rez de Vargas\"},\"image\":{\"@id\":\"https:\/\/perezdevargas.es\/es\/#\/schema\/logo\/image\/\"},\"sameAs\":[\"https:\/\/www.facebook.com\/perezdevargasabogados\/\",\"https:\/\/www.instagram.com\/perezdevargasabogados\/\"]}]}<\/script>\n<!-- \/ Yoast SEO plugin. -->","yoast_head_json":{"title":"Abogado Urban\u00edstico en Estepona y Marbella | Perez de Vargas","description":"Abogado urban\u00edstico en Estepona y Marbella, te asesoramos en proyectos de urbanizaci\u00f3n, licencias, planeamiento y gesti\u00f3n del suelo.","robots":{"index":"index","follow":"follow","max-snippet":"max-snippet:-1","max-image-preview":"max-image-preview:large","max-video-preview":"max-video-preview:-1"},"canonical":"https:\/\/perezdevargas.es\/es\/areas-y-servicios\/abogado-urbanistico-en-estepona-y-marbella\/","og_locale":"es_ES","og_type":"article","og_title":"Abogado Urban\u00edstico en Estepona y Marbella | Perez de Vargas","og_description":"Abogado urban\u00edstico en Estepona y Marbella, te asesoramos en proyectos de urbanizaci\u00f3n, licencias, planeamiento y gesti\u00f3n del suelo.","og_url":"https:\/\/perezdevargas.es\/es\/areas-y-servicios\/abogado-urbanistico-en-estepona-y-marbella\/","og_site_name":"P\u00e9rez de Vargas","article_publisher":"https:\/\/www.facebook.com\/perezdevargasabogados\/","article_modified_time":"2025-06-09T11:13:16+00:00","og_image":[{"width":865,"height":553,"url":"https:\/\/perezdevargas.es\/wp-content\/uploads\/2021\/12\/41019458_s.jpg","type":"image\/jpeg"}],"twitter_card":"summary_large_image","twitter_misc":{"Tiempo de lectura":"3 minutos"},"schema":{"@context":"https:\/\/schema.org","@graph":[{"@type":"WebPage","@id":"https:\/\/perezdevargas.es\/es\/areas-y-servicios\/abogado-urbanistico-en-estepona-y-marbella\/","url":"https:\/\/perezdevargas.es\/es\/areas-y-servicios\/abogado-urbanistico-en-estepona-y-marbella\/","name":"Abogado Urban\u00edstico en Estepona y Marbella | Perez de Vargas","isPartOf":{"@id":"https:\/\/perezdevargas.es\/es\/#website"},"primaryImageOfPage":{"@id":"https:\/\/perezdevargas.es\/es\/areas-y-servicios\/abogado-urbanistico-en-estepona-y-marbella\/#primaryimage"},"image":{"@id":"https:\/\/perezdevargas.es\/es\/areas-y-servicios\/abogado-urbanistico-en-estepona-y-marbella\/#primaryimage"},"thumbnailUrl":"https:\/\/perezdevargas.es\/wp-content\/uploads\/2021\/12\/41019458_s.jpg","datePublished":"2018-12-07T16:09:24+00:00","dateModified":"2025-06-09T11:13:16+00:00","description":"Abogado urban\u00edstico en Estepona y Marbella, te asesoramos en proyectos de urbanizaci\u00f3n, licencias, planeamiento y gesti\u00f3n del suelo.","breadcrumb":{"@id":"https:\/\/perezdevargas.es\/es\/areas-y-servicios\/abogado-urbanistico-en-estepona-y-marbella\/#breadcrumb"},"inLanguage":"es","potentialAction":[{"@type":"ReadAction","target":["https:\/\/perezdevargas.es\/es\/areas-y-servicios\/abogado-urbanistico-en-estepona-y-marbella\/"]}]},{"@type":"ImageObject","inLanguage":"es","@id":"https:\/\/perezdevargas.es\/es\/areas-y-servicios\/abogado-urbanistico-en-estepona-y-marbella\/#primaryimage","url":"https:\/\/perezdevargas.es\/wp-content\/uploads\/2021\/12\/41019458_s.jpg","contentUrl":"https:\/\/perezdevargas.es\/wp-content\/uploads\/2021\/12\/41019458_s.jpg","width":865,"height":553,"caption":"Abogado Urban\u00edstico en Estepona y Marbella"},{"@type":"BreadcrumbList","@id":"https:\/\/perezdevargas.es\/es\/areas-y-servicios\/abogado-urbanistico-en-estepona-y-marbella\/#breadcrumb","itemListElement":[{"@type":"ListItem","position":1,"name":"Portada","item":"https:\/\/perezdevargas.es\/es\/"},{"@type":"ListItem","position":2,"name":"\u00c1reas","item":"https:\/\/perezdevargas.es\/es\/areas-y-servicios\/"},{"@type":"ListItem","position":3,"name":"Derecho Administrativo y Urban\u00edstico"}]},{"@type":"WebSite","@id":"https:\/\/perezdevargas.es\/es\/#website","url":"https:\/\/perezdevargas.es\/es\/","name":"P\u00e9rez de Vargas","description":"","publisher":{"@id":"https:\/\/perezdevargas.es\/es\/#organization"},"potentialAction":[{"@type":"SearchAction","target":{"@type":"EntryPoint","urlTemplate":"https:\/\/perezdevargas.es\/es\/?s={search_term_string}"},"query-input":{"@type":"PropertyValueSpecification","valueRequired":true,"valueName":"search_term_string"}}],"inLanguage":"es"},{"@type":"Organization","@id":"https:\/\/perezdevargas.es\/es\/#organization","name":"P\u00e9rez de Vargas","url":"https:\/\/perezdevargas.es\/es\/","logo":{"@type":"ImageObject","inLanguage":"es","@id":"https:\/\/perezdevargas.es\/es\/#\/schema\/logo\/image\/","url":"https:\/\/perezdevargas.es\/wp-content\/uploads\/2025\/04\/Diseno-sin-titulo-91-1.jpg","contentUrl":"https:\/\/perezdevargas.es\/wp-content\/uploads\/2025\/04\/Diseno-sin-titulo-91-1.jpg","width":500,"height":500,"caption":"P\u00e9rez de Vargas"},"image":{"@id":"https:\/\/perezdevargas.es\/es\/#\/schema\/logo\/image\/"},"sameAs":["https:\/\/www.facebook.com\/perezdevargasabogados\/","https:\/\/www.instagram.com\/perezdevargasabogados\/"]}]}},"_links":{"self":[{"href":"https:\/\/perezdevargas.es\/es\/wp-json\/wp\/v2\/pages\/2073","targetHints":{"allow":["GET"]}}],"collection":[{"href":"https:\/\/perezdevargas.es\/es\/wp-json\/wp\/v2\/pages"}],"about":[{"href":"https:\/\/perezdevargas.es\/es\/wp-json\/wp\/v2\/types\/page"}],"author":[{"embeddable":true,"href":"https:\/\/perezdevargas.es\/es\/wp-json\/wp\/v2\/users\/15"}],"replies":[{"embeddable":true,"href":"https:\/\/perezdevargas.es\/es\/wp-json\/wp\/v2\/comments?post=2073"}],"version-history":[{"count":24,"href":"https:\/\/perezdevargas.es\/es\/wp-json\/wp\/v2\/pages\/2073\/revisions"}],"predecessor-version":[{"id":68226,"href":"https:\/\/perezdevargas.es\/es\/wp-json\/wp\/v2\/pages\/2073\/revisions\/68226"}],"up":[{"embeddable":true,"href":"https:\/\/perezdevargas.es\/es\/wp-json\/wp\/v2\/pages\/13"}],"wp:featuredmedia":[{"embeddable":true,"href":"https:\/\/perezdevargas.es\/es\/wp-json\/wp\/v2\/media\/8214"}],"wp:attachment":[{"href":"https:\/\/perezdevargas.es\/es\/wp-json\/wp\/v2\/media?parent=2073"}],"curies":[{"name":"wp","href":"https:\/\/api.w.org\/{rel}","templated":true}]}}