{"id":2075,"date":"2018-12-07T16:10:01","date_gmt":"2018-12-07T16:10:01","guid":{"rendered":"https:\/\/perezdevargas.es\/?page_id=2075"},"modified":"2025-06-06T15:19:21","modified_gmt":"2025-06-06T15:19:21","slug":"abogado-procesal-en-estepona-y-marbella","status":"publish","type":"page","link":"https:\/\/perezdevargas.es\/es\/areas-y-servicios\/abogado-procesal-en-estepona-y-marbella\/","title":{"rendered":"Derecho Procesal"},"content":{"rendered":"\t\t<div data-elementor-type=\"wp-page\" data-elementor-id=\"2075\" class=\"elementor elementor-2075\" data-elementor-post-type=\"page\">\n\t\t\t\t<div class=\"elementor-element elementor-element-3bc6c84d e-flex e-con-boxed e-con e-parent\" data-id=\"3bc6c84d\" data-element_type=\"container\">\n\t\t\t\t\t<div class=\"e-con-inner\">\n\t\t\t\t<div class=\"elementor-element elementor-element-22bb0b0c elementor-widget elementor-widget-text-editor\" data-id=\"22bb0b0c\" data-element_type=\"widget\" data-widget_type=\"text-editor.default\">\n\t\t\t\t<div class=\"elementor-widget-container\">\n\t\t\t\t\t\t\t\t\t<h1>Abogado Procesal en Estepona y Marbella<\/h1><p><strong>Abogado procesal en Estepona y Marbella<\/strong>, la alta cualificaci\u00f3n de los abogados que integran el \u00e1rea de <strong>Derecho Procesal<\/strong>, as\u00ed como su experiencia y conocimiento de los tribunales locales, garantizan que cada litigio se enfoque y resuelva de la forma m\u00e1s eficiente para el cliente.<\/p><p>Nuestro equipo de abogados procesalistas act\u00faa de forma coordinada, organiz\u00e1ndose en grupos de trabajo en funci\u00f3n de la materia y la complejidad del asunto.<\/p><p>Gracias a nuestra dilatada experiencia ofrecemos asesoramiento y defensa en procedimientos civiles, mercantiles, contencioso- administrativos y penales.<\/p><p>Adem\u00e1s de la direcci\u00f3n jur\u00eddica de procedimientos judiciales, la <strong>pr\u00e1ctica procesal de P\u00e9rez de Vargas Abogados<\/strong> asume el asesoramiento preventivo para <strong>evitar la incoaci\u00f3n de procedimientos judiciales<\/strong> o, en caso de que no fuese posible la soluci\u00f3n extrajudicial, garantizar al cliente la posici\u00f3n procesal m\u00e1s s\u00f3lida y fuerte posible en un eventual proceso.<\/p><h2><img fetchpriority=\"high\" decoding=\"async\" class=\"alignnone wp-image-513 size-large\" src=\"https:\/\/perezdevargas.es\/wp-content\/uploads\/2018\/03\/inversionextranjera-1024x683.jpg\" alt=\"\" width=\"1024\" height=\"683\" \/><\/h2><h2>Derecho procesal penal<\/h2><p>El Derecho procesal penal se compone de un conjunto de normas jur\u00eddicas correspondientes al Derecho P\u00fablico interno que regulan cualquier proceso que tenga car\u00e1cter penal, desde su inicio hasta su fin.<\/p><p>La funci\u00f3n del Derecho procesal penal es investigar hechos, identificar autores y sancionar las conductas que constituyen delitos. De esta manera se consigue dar respuesta tanto a delincuentes como a v\u00edctimas, preservando el orden social. La justicia penal pretende evitar que se lleven a cabo delitos y, en caso de que se cometan, ajusticiarlos.<\/p><p>Existen distintos derechos propios del proceso penal: El derecho a acusar ostentado por el ciudadano, el derecho a defenderse ostentado por cualquier persona acusada y el derecho a penar que pertenece al Estado y solo se ejerce a trav\u00e9s de los jueces.<\/p><h2>Derecho procesal civil<\/h2><p>El Derecho procesal civil es aquel que se encarga de regular la actuaci\u00f3n ante los Tribunales. Obtiene la tutela de los derechos en asuntos de naturaleza civil o <a href=\"https:\/\/es.wikipedia.org\/wiki\/Derecho_mercantil\">mercantil<\/a>.<\/p><p>Estudia las normas y principios que regulan la funci\u00f3n jurisdiccional del estado y fijan el procedimiento a seguir a trav\u00e9s de la actuaci\u00f3n del derecho positivo y los funcionarios encargados de ello.<\/p><p>Los Principios en los que se basa y que gu\u00edan el funcionamiento coherente y equilibrado del proceso civil son: La igualdad entre las partes, sin inter\u00e9s no hay acci\u00f3n, regla t\u00e9cnica dispositiva y regla t\u00e9cnica inquisitiva.<\/p><h3>Derecho procesal laboral<\/h3><p>El Derecho procesal laboral es aquel que dicta las normas para la actuaci\u00f3n del derecho en todo lo relacionado en materia laboral. Regula y busca soluci\u00f3n a toda controversia laboral, de forma individual o colectiva, que se da entre empresas y trabajadores.<\/p><p>Los principios procesales laborales son: Publicidad, gratuidad, inmediatez, oralidad, conciliatorio y tutela en beneficio del trabajador, los cuales est\u00e1n previstos en el art\u00edculo 685 de la Ley Federal del Trabajo.<\/p><h2>\u00daltimas novedades en Derecho procesal<\/h2>\t\t\t\t\t\t\t\t<\/div>\n\t\t\t\t<\/div>\n\t\t\t\t\t<\/div>\n\t\t\t\t<\/div>\n\t\t\t\t<\/div>\n\t\t","protected":false},"excerpt":{"rendered":"<p>Abogado Procesal en Estepona y Marbella Abogado procesal en Estepona y Marbella, la alta cualificaci\u00f3n de los abogados que integran [&hellip;]<\/p>\n","protected":false},"author":15,"featured_media":513,"parent":13,"menu_order":0,"comment_status":"closed","ping_status":"closed","template":"","meta":{"site-sidebar-layout":"default","site-content-layout":"","ast-site-content-layout":"","site-content-style":"default","site-sidebar-style":"default","ast-global-header-display":"","ast-banner-title-visibility":"","ast-main-header-display":"","ast-hfb-above-header-display":"","ast-hfb-below-header-display":"","ast-hfb-mobile-header-display":"","site-post-title":"","ast-breadcrumbs-content":"","ast-featured-img":"","footer-sml-layout":"","theme-transparent-header-meta":"","adv-header-id-meta":"","stick-header-meta":"","header-above-stick-meta":"","header-main-stick-meta":"","header-below-stick-meta":"","astra-migrate-meta-layouts":"default","ast-page-background-enabled":"default","ast-page-background-meta":{"desktop":{"background-color":"var(--ast-global-color-4)","background-image":"","background-repeat":"repeat","background-position":"center center","background-size":"auto","background-attachment":"scroll","background-type":"","background-media":"","overlay-type":"","overlay-color":"","overlay-opacity":"","overlay-gradient":""},"tablet":{"background-color":"","background-image":"","background-repeat":"repeat","background-position":"center center","background-size":"auto","background-attachment":"scroll","background-type":"","background-media":"","overlay-type":"","overlay-color":"","overlay-opacity":"","overlay-gradient":""},"mobile":{"background-color":"","background-image":"","background-repeat":"repeat","background-position":"center center","background-size":"auto","background-attachment":"scroll","background-type":"","background-media":"","overlay-type":"","overlay-color":"","overlay-opacity":"","overlay-gradient":""}},"ast-content-background-meta":{"desktop":{"background-color":"var(--ast-global-color-5)","background-image":"","background-repeat":"repeat","background-position":"center center","background-size":"auto","background-attachment":"scroll","background-type":"","background-media":"","overlay-type":"","overlay-color":"","overlay-opacity":"","overlay-gradient":""},"tablet":{"background-color":"var(--ast-global-color-5)","background-image":"","background-repeat":"repeat","background-position":"center center","background-size":"auto","background-attachment":"scroll","background-type":"","background-media":"","overlay-type":"","overlay-color":"","overlay-opacity":"","overlay-gradient":""},"mobile":{"background-color":"var(--ast-global-color-5)","background-image":"","background-repeat":"repeat","background-position":"center center","background-size":"auto","background-attachment":"scroll","background-type":"","background-media":"","overlay-type":"","overlay-color":"","overlay-opacity":"","overlay-gradient":""}},"footnotes":""},"class_list":["post-2075","page","type-page","status-publish","has-post-thumbnail","hentry"],"yoast_head":"<!-- This site is optimized with the Yoast SEO plugin v25.2 - https:\/\/yoast.com\/wordpress\/plugins\/seo\/ -->\n<title>Abogado procesal en Estepona y Marbella | Perez de Vargas<\/title>\n<meta name=\"description\" content=\"Abogado procesal en Estepona y Marbella. Representaci\u00f3n legal en juicios civiles, penales, mercantiles y administrativos.\" \/>\n<meta name=\"robots\" content=\"index, follow, max-snippet:-1, max-image-preview:large, max-video-preview:-1\" \/>\n<link rel=\"canonical\" href=\"https:\/\/perezdevargas.es\/es\/areas-y-servicios\/abogado-procesal-en-estepona-y-marbella\/\" \/>\n<meta property=\"og:locale\" content=\"es_ES\" \/>\n<meta property=\"og:type\" content=\"article\" \/>\n<meta property=\"og:title\" content=\"Abogado procesal en Estepona y Marbella | Perez de Vargas\" \/>\n<meta property=\"og:description\" content=\"Abogado procesal en Estepona y Marbella. Representaci\u00f3n legal en juicios civiles, penales, mercantiles y administrativos.\" \/>\n<meta property=\"og:url\" content=\"https:\/\/perezdevargas.es\/es\/areas-y-servicios\/abogado-procesal-en-estepona-y-marbella\/\" \/>\n<meta property=\"og:site_name\" content=\"P\u00e9rez de Vargas\" \/>\n<meta property=\"article:publisher\" content=\"https:\/\/www.facebook.com\/perezdevargasabogados\/\" \/>\n<meta property=\"article:modified_time\" content=\"2025-06-06T15:19:21+00:00\" \/>\n<meta property=\"og:image\" content=\"https:\/\/perezdevargas.es\/wp-content\/uploads\/2018\/03\/inversionextranjera-e1521196409203.jpg\" \/>\n\t<meta property=\"og:image:width\" content=\"2000\" \/>\n\t<meta property=\"og:image:height\" content=\"1335\" \/>\n\t<meta property=\"og:image:type\" content=\"image\/jpeg\" \/>\n<meta name=\"twitter:card\" content=\"summary_large_image\" \/>\n<meta name=\"twitter:label1\" content=\"Tiempo de lectura\" \/>\n\t<meta name=\"twitter:data1\" content=\"3 minutos\" \/>\n<script type=\"application\/ld+json\" class=\"yoast-schema-graph\">{\"@context\":\"https:\/\/schema.org\",\"@graph\":[{\"@type\":\"WebPage\",\"@id\":\"https:\/\/perezdevargas.es\/es\/areas-y-servicios\/abogado-procesal-en-estepona-y-marbella\/\",\"url\":\"https:\/\/perezdevargas.es\/es\/areas-y-servicios\/abogado-procesal-en-estepona-y-marbella\/\",\"name\":\"Abogado procesal en Estepona y Marbella | Perez de Vargas\",\"isPartOf\":{\"@id\":\"https:\/\/perezdevargas.es\/es\/#website\"},\"primaryImageOfPage\":{\"@id\":\"https:\/\/perezdevargas.es\/es\/areas-y-servicios\/abogado-procesal-en-estepona-y-marbella\/#primaryimage\"},\"image\":{\"@id\":\"https:\/\/perezdevargas.es\/es\/areas-y-servicios\/abogado-procesal-en-estepona-y-marbella\/#primaryimage\"},\"thumbnailUrl\":\"https:\/\/perezdevargas.es\/wp-content\/uploads\/2018\/03\/inversionextranjera-e1521196409203.jpg\",\"datePublished\":\"2018-12-07T16:10:01+00:00\",\"dateModified\":\"2025-06-06T15:19:21+00:00\",\"description\":\"Abogado procesal en Estepona y Marbella. Representaci\u00f3n legal en juicios civiles, penales, mercantiles y administrativos.\",\"breadcrumb\":{\"@id\":\"https:\/\/perezdevargas.es\/es\/areas-y-servicios\/abogado-procesal-en-estepona-y-marbella\/#breadcrumb\"},\"inLanguage\":\"es\",\"potentialAction\":[{\"@type\":\"ReadAction\",\"target\":[\"https:\/\/perezdevargas.es\/es\/areas-y-servicios\/abogado-procesal-en-estepona-y-marbella\/\"]}]},{\"@type\":\"ImageObject\",\"inLanguage\":\"es\",\"@id\":\"https:\/\/perezdevargas.es\/es\/areas-y-servicios\/abogado-procesal-en-estepona-y-marbella\/#primaryimage\",\"url\":\"https:\/\/perezdevargas.es\/wp-content\/uploads\/2018\/03\/inversionextranjera-e1521196409203.jpg\",\"contentUrl\":\"https:\/\/perezdevargas.es\/wp-content\/uploads\/2018\/03\/inversionextranjera-e1521196409203.jpg\",\"width\":2000,\"height\":1335,\"caption\":\"Abogado procesal en Estepona y Marbella\"},{\"@type\":\"BreadcrumbList\",\"@id\":\"https:\/\/perezdevargas.es\/es\/areas-y-servicios\/abogado-procesal-en-estepona-y-marbella\/#breadcrumb\",\"itemListElement\":[{\"@type\":\"ListItem\",\"position\":1,\"name\":\"Portada\",\"item\":\"https:\/\/perezdevargas.es\/es\/\"},{\"@type\":\"ListItem\",\"position\":2,\"name\":\"\u00c1reas\",\"item\":\"https:\/\/perezdevargas.es\/es\/areas-y-servicios\/\"},{\"@type\":\"ListItem\",\"position\":3,\"name\":\"Derecho Procesal\"}]},{\"@type\":\"WebSite\",\"@id\":\"https:\/\/perezdevargas.es\/es\/#website\",\"url\":\"https:\/\/perezdevargas.es\/es\/\",\"name\":\"P\u00e9rez de Vargas\",\"description\":\"\",\"publisher\":{\"@id\":\"https:\/\/perezdevargas.es\/es\/#organization\"},\"potentialAction\":[{\"@type\":\"SearchAction\",\"target\":{\"@type\":\"EntryPoint\",\"urlTemplate\":\"https:\/\/perezdevargas.es\/es\/?s={search_term_string}\"},\"query-input\":{\"@type\":\"PropertyValueSpecification\",\"valueRequired\":true,\"valueName\":\"search_term_string\"}}],\"inLanguage\":\"es\"},{\"@type\":\"Organization\",\"@id\":\"https:\/\/perezdevargas.es\/es\/#organization\",\"name\":\"P\u00e9rez de Vargas\",\"url\":\"https:\/\/perezdevargas.es\/es\/\",\"logo\":{\"@type\":\"ImageObject\",\"inLanguage\":\"es\",\"@id\":\"https:\/\/perezdevargas.es\/es\/#\/schema\/logo\/image\/\",\"url\":\"https:\/\/perezdevargas.es\/wp-content\/uploads\/2025\/04\/Diseno-sin-titulo-91-1.jpg\",\"contentUrl\":\"https:\/\/perezdevargas.es\/wp-content\/uploads\/2025\/04\/Diseno-sin-titulo-91-1.jpg\",\"width\":500,\"height\":500,\"caption\":\"P\u00e9rez de Vargas\"},\"image\":{\"@id\":\"https:\/\/perezdevargas.es\/es\/#\/schema\/logo\/image\/\"},\"sameAs\":[\"https:\/\/www.facebook.com\/perezdevargasabogados\/\",\"https:\/\/www.instagram.com\/perezdevargasabogados\/\"]}]}<\/script>\n<!-- \/ Yoast SEO plugin. -->","yoast_head_json":{"title":"Abogado procesal en Estepona y Marbella | Perez de Vargas","description":"Abogado procesal en Estepona y Marbella. Representaci\u00f3n legal en juicios civiles, penales, mercantiles y administrativos.","robots":{"index":"index","follow":"follow","max-snippet":"max-snippet:-1","max-image-preview":"max-image-preview:large","max-video-preview":"max-video-preview:-1"},"canonical":"https:\/\/perezdevargas.es\/es\/areas-y-servicios\/abogado-procesal-en-estepona-y-marbella\/","og_locale":"es_ES","og_type":"article","og_title":"Abogado procesal en Estepona y Marbella | Perez de Vargas","og_description":"Abogado procesal en Estepona y Marbella. Representaci\u00f3n legal en juicios civiles, penales, mercantiles y administrativos.","og_url":"https:\/\/perezdevargas.es\/es\/areas-y-servicios\/abogado-procesal-en-estepona-y-marbella\/","og_site_name":"P\u00e9rez de Vargas","article_publisher":"https:\/\/www.facebook.com\/perezdevargasabogados\/","article_modified_time":"2025-06-06T15:19:21+00:00","og_image":[{"width":2000,"height":1335,"url":"https:\/\/perezdevargas.es\/wp-content\/uploads\/2018\/03\/inversionextranjera-e1521196409203.jpg","type":"image\/jpeg"}],"twitter_card":"summary_large_image","twitter_misc":{"Tiempo de lectura":"3 minutos"},"schema":{"@context":"https:\/\/schema.org","@graph":[{"@type":"WebPage","@id":"https:\/\/perezdevargas.es\/es\/areas-y-servicios\/abogado-procesal-en-estepona-y-marbella\/","url":"https:\/\/perezdevargas.es\/es\/areas-y-servicios\/abogado-procesal-en-estepona-y-marbella\/","name":"Abogado procesal en Estepona y Marbella | Perez de Vargas","isPartOf":{"@id":"https:\/\/perezdevargas.es\/es\/#website"},"primaryImageOfPage":{"@id":"https:\/\/perezdevargas.es\/es\/areas-y-servicios\/abogado-procesal-en-estepona-y-marbella\/#primaryimage"},"image":{"@id":"https:\/\/perezdevargas.es\/es\/areas-y-servicios\/abogado-procesal-en-estepona-y-marbella\/#primaryimage"},"thumbnailUrl":"https:\/\/perezdevargas.es\/wp-content\/uploads\/2018\/03\/inversionextranjera-e1521196409203.jpg","datePublished":"2018-12-07T16:10:01+00:00","dateModified":"2025-06-06T15:19:21+00:00","description":"Abogado procesal en Estepona y Marbella. Representaci\u00f3n legal en juicios civiles, penales, mercantiles y administrativos.","breadcrumb":{"@id":"https:\/\/perezdevargas.es\/es\/areas-y-servicios\/abogado-procesal-en-estepona-y-marbella\/#breadcrumb"},"inLanguage":"es","potentialAction":[{"@type":"ReadAction","target":["https:\/\/perezdevargas.es\/es\/areas-y-servicios\/abogado-procesal-en-estepona-y-marbella\/"]}]},{"@type":"ImageObject","inLanguage":"es","@id":"https:\/\/perezdevargas.es\/es\/areas-y-servicios\/abogado-procesal-en-estepona-y-marbella\/#primaryimage","url":"https:\/\/perezdevargas.es\/wp-content\/uploads\/2018\/03\/inversionextranjera-e1521196409203.jpg","contentUrl":"https:\/\/perezdevargas.es\/wp-content\/uploads\/2018\/03\/inversionextranjera-e1521196409203.jpg","width":2000,"height":1335,"caption":"Abogado procesal en Estepona y Marbella"},{"@type":"BreadcrumbList","@id":"https:\/\/perezdevargas.es\/es\/areas-y-servicios\/abogado-procesal-en-estepona-y-marbella\/#breadcrumb","itemListElement":[{"@type":"ListItem","position":1,"name":"Portada","item":"https:\/\/perezdevargas.es\/es\/"},{"@type":"ListItem","position":2,"name":"\u00c1reas","item":"https:\/\/perezdevargas.es\/es\/areas-y-servicios\/"},{"@type":"ListItem","position":3,"name":"Derecho Procesal"}]},{"@type":"WebSite","@id":"https:\/\/perezdevargas.es\/es\/#website","url":"https:\/\/perezdevargas.es\/es\/","name":"P\u00e9rez de Vargas","description":"","publisher":{"@id":"https:\/\/perezdevargas.es\/es\/#organization"},"potentialAction":[{"@type":"SearchAction","target":{"@type":"EntryPoint","urlTemplate":"https:\/\/perezdevargas.es\/es\/?s={search_term_string}"},"query-input":{"@type":"PropertyValueSpecification","valueRequired":true,"valueName":"search_term_string"}}],"inLanguage":"es"},{"@type":"Organization","@id":"https:\/\/perezdevargas.es\/es\/#organization","name":"P\u00e9rez de Vargas","url":"https:\/\/perezdevargas.es\/es\/","logo":{"@type":"ImageObject","inLanguage":"es","@id":"https:\/\/perezdevargas.es\/es\/#\/schema\/logo\/image\/","url":"https:\/\/perezdevargas.es\/wp-content\/uploads\/2025\/04\/Diseno-sin-titulo-91-1.jpg","contentUrl":"https:\/\/perezdevargas.es\/wp-content\/uploads\/2025\/04\/Diseno-sin-titulo-91-1.jpg","width":500,"height":500,"caption":"P\u00e9rez de Vargas"},"image":{"@id":"https:\/\/perezdevargas.es\/es\/#\/schema\/logo\/image\/"},"sameAs":["https:\/\/www.facebook.com\/perezdevargasabogados\/","https:\/\/www.instagram.com\/perezdevargasabogados\/"]}]}},"_links":{"self":[{"href":"https:\/\/perezdevargas.es\/es\/wp-json\/wp\/v2\/pages\/2075","targetHints":{"allow":["GET"]}}],"collection":[{"href":"https:\/\/perezdevargas.es\/es\/wp-json\/wp\/v2\/pages"}],"about":[{"href":"https:\/\/perezdevargas.es\/es\/wp-json\/wp\/v2\/types\/page"}],"author":[{"embeddable":true,"href":"https:\/\/perezdevargas.es\/es\/wp-json\/wp\/v2\/users\/15"}],"replies":[{"embeddable":true,"href":"https:\/\/perezdevargas.es\/es\/wp-json\/wp\/v2\/comments?post=2075"}],"version-history":[{"count":18,"href":"https:\/\/perezdevargas.es\/es\/wp-json\/wp\/v2\/pages\/2075\/revisions"}],"predecessor-version":[{"id":68057,"href":"https:\/\/perezdevargas.es\/es\/wp-json\/wp\/v2\/pages\/2075\/revisions\/68057"}],"up":[{"embeddable":true,"href":"https:\/\/perezdevargas.es\/es\/wp-json\/wp\/v2\/pages\/13"}],"wp:featuredmedia":[{"embeddable":true,"href":"https:\/\/perezdevargas.es\/es\/wp-json\/wp\/v2\/media\/513"}],"wp:attachment":[{"href":"https:\/\/perezdevargas.es\/es\/wp-json\/wp\/v2\/media?parent=2075"}],"curies":[{"name":"wp","href":"https:\/\/api.w.org\/{rel}","templated":true}]}}