{"id":225,"date":"2018-01-17T15:50:15","date_gmt":"2018-01-17T15:50:15","guid":{"rendered":"http:\/\/public.kiboserver.com\/perezdevargas\/?page_id=225"},"modified":"2025-04-14T11:24:56","modified_gmt":"2025-04-14T11:24:56","slug":"aviso-legal","status":"publish","type":"page","link":"https:\/\/perezdevargas.es\/es\/aviso-legal\/","title":{"rendered":"Aviso Legal"},"content":{"rendered":"\n<p>Aviso Legal<\/p>\n\n\n\n<p><strong>Aviso Legal<\/strong>: El sitio web www.perezdevargas.com es propiedad de P\u00e9rez de Vargas Abogados, S.L. sociedad de nacionalidad espa\u00f1ola con domicilio social en C\/ Real, 97-99, 3\u00aa planta, Estepona, M\u00e1laga y C.I.F. n\u00ba B- B-29549979 La presente \u201cadvertencia legal\u201d tiene por objeto regular la utilizaci\u00f3n que por el usuario de Internet se realice del presente sitio web. De esta forma, el hecho de acceder a este sitio web implica que se han le\u00eddo las presentes condiciones y que las mismas son aceptadas. Cada vez que se acceda al presente sitio web, el usuario deber\u00e1 leer la presente Advertencia Legal.<\/p>\n\n\n\n<h5 class=\"wp-block-heading\"><strong>1.- Condiciones de uso del sitio web perezdevargas.com<\/strong><\/h5>\n\n\n\n<p>1.1.- Este sitio web contiene herramientas y material jur\u00eddico elaborados ambos por P\u00e9rez de Vargas Abogados cuya \u00fanica finalidad es la de prestar informaci\u00f3n al usuario del sitio. De esta manera, el material no pretende sustituir al asesoramiento legal que en cada caso concreto precise el usuario. As\u00ed, \u00e9ste debe ser consciente de que cada supuesto particular requiere un asesoramiento espec\u00edfico e individualizado. En este sentido, las particularidades de cada caso pueden hacer no aplicable un material en concreto. El referido material y herramientas pueden ser modificados, desarrollados o actualizados, as\u00ed como suprimidos sin necesidad de aviso ni notificaci\u00f3n previa. En el mismo sentido, se podr\u00e1 modificar sin previo aviso la configuraci\u00f3n, apariencia y dise\u00f1o de la p\u00e1gina web.<br>1.2.- El acceso al material contenido en la p\u00e1gina no supone la creaci\u00f3n o existencia de relaci\u00f3n alguna entre P\u00e9rez de Vargas Abogados y el usuario del sitio web. Por ello, \u00e9ste no debe tomar ninguna decisi\u00f3n ni actuar en base a la informaci\u00f3n contenida en la presente p\u00e1gina sin recurrir de forma previa al correspondiente asesoramiento profesional y personal.<br>1.3.- Si alg\u00fan usuario pretende establecer o crear un enlace al sitio web www.perezdevargas.com, deber\u00e1 solicitar y obtener una autorizaci\u00f3n previa y escrita de P\u00e9rez de Vargas Abogados, S.L.<br>1.4.- El uso del presente sitio web y su acceso al mismo son gratuitos, excepto lo concerniente al coste que al usuario le suponga la conexi\u00f3n a trav\u00e9s de la red de telecomunicaciones suministrada por el proveedor de acceso que haya contratado.<br>1.5.- El usuario se obliga a hacer un uso correcto del sitio web. Queda expresamente prohibido la utilizaci\u00f3n del sitio con fines lesivos de bienes o intereses de P\u00e9rez de Vargas Abogados o de terceros o que de cualquier otra forma sobrecarguen, da\u00f1en o inutilicen las redes, servidores y dem\u00e1s equipos inform\u00e1ticos o productos y aplicaciones inform\u00e1ticas de P\u00e9rez de Vargas Abogados o de terceros.<\/p>\n\n\n\n<h5 class=\"wp-block-heading\"><strong>2.- Exenci\u00f3n de responsabilidad<\/strong><\/h5>\n\n\n\n<p>2.1. P\u00e9rez de Vargas Abogados utiliza medidas de prevenci\u00f3n de virus razonablemente adecuadas. No obstante, el usuario debe ser consciente de que no existe ninguna medida que garantice de forma absoluta la no presencia de virus en cualquier sitio web. Por ello, P\u00e9rez de Vargas Abogados no se hace responsable de los da\u00f1os que pueda sufrir el usuario en sus sistemas inform\u00e1ticos as\u00ed como en sus ficheros y\/o archivos electr\u00f3nicos.<br>2.2.- El presente sitio web contiene enlaces que pueden conducir al usuario a otra p\u00e1gina web propiedad de terceros y gestionada por terceros. En este sentido, dichos enlaces no implican la existencia de acuerdos entre P\u00e9rez de Vargas Abogados con los responsables o titulares de los mismos. La existencia de los referidos enlaces no implica recomendaci\u00f3n, promoci\u00f3n, identificaci\u00f3n o conformidad de P\u00e9rez de Vargas Abogados con las manifestaciones, contenidos o servicios que figuren en los sitios o p\u00e1ginas web enlazados. P\u00e9rez de Vargas Abogados no se hace responsable de los da\u00f1os producidos por la ilicitud, falta de calidad o de actualizaci\u00f3n, indisponibilidad o error de los contenidos y\/o servicios de los sitios o p\u00e1ginas web enlazados.<br>2.3.- P\u00e9rez de Vargas Abogados no se hace responsable de los da\u00f1os que pueda sufrir el usuario por las actuaciones que \u00e9ste realice en virtud de la informaci\u00f3n contenida en la p\u00e1gina web si previamente no ha sido asesorado por un profesional de P\u00e9rez de Vargas Abogados.<br>2.4.- P\u00e9rez de Vargas Abogados no se hace responsable de los da\u00f1os de cualquier tipo que pueda sufrir el usuario como consecuencia de fallos o desconexiones en las redes de telecomunicaciones que produzcan la suspensi\u00f3n, cancelaci\u00f3n o interrupci\u00f3n del servicio del sitio web durante la prestaci\u00f3n del mismo o con car\u00e1cter previo.<\/p>\n\n\n\n<h5 class=\"wp-block-heading\"><strong>3.- Datos de car\u00e1cter personal.<\/strong><\/h5>\n\n\n\n<p>\u2013 El simple uso del sitio web no implica que quede registrado o grabado ning\u00fan dato de car\u00e1cter personal. Si en alg\u00fan momento fuesen requeridos datos de car\u00e1cter personal para el uso del material o herramientas del sitio web, P\u00e9rez de Vargas Abogados facilitar\u00e1 al usuario la informaci\u00f3n necesaria para que, con car\u00e1cter previo, pueda prestar su consentimiento a fin de que P\u00e9rez de Vargas Abogados proceda al tratamiento de sus datos de car\u00e1cter personal y los incorpore a los correspondientes ficheros titularidad de P\u00e9rez de Vargas Abogados.<\/p>\n\n\n\n<h5 class=\"wp-block-heading\"><strong>4.- Ley aplicable.<\/strong><\/h5>\n\n\n\n<p>\u2013 Estas Condiciones Generales se rigen por la Ley espa\u00f1ola.<\/p>\n\n\n\n<h5 class=\"wp-block-heading\"><strong>5.- Direcciones de contacto.<\/strong><\/h5>\n\n\n\n<p>\u2013 En caso de que cualquier Usuario tuviese alguna duda acerca de estas Condiciones Generales o cualquier comentario sobre el sitio www.perezdevargas.com, por favor dir\u00edjase a&nbsp;info@perezdevargas.com&nbsp;Copyright \u00a9 2012 P\u00e9rez de Vargas Abogados. Todos los derechos reservados<br>1.- Todos los contenidos, materiales y herramientas del sitio web (textos, fotograf\u00edas, gr\u00e1ficos, im\u00e1genes, iconos, tecnolog\u00eda, software, links, contenidos audiovisuales o sonoros, dise\u00f1o gr\u00e1fico, c\u00f3digos fuente, etc.), son propiedad intelectual de P\u00e9rez de Vargas Abogados, S.L., sin que quepa presumir cesi\u00f3n alguna al usuario del sitio web de los derechos de explotaci\u00f3n reconocidos por la normativa vigente en materia de propiedad intelectual e industrial sobre los mismos. Las marcas, nombres comerciales o signos distintivos son titularidad de P\u00e9rez de Vargas Abogados, S.L., y el uso del sitio web no atribuye derecho alguno sobre ellos. En consecuencia, todo lo indicado est\u00e1 protegido por los derechos de propiedad industrial e intelectual, titularidad de P\u00e9rez de Vargas Abogados, S.L. o, en su caso, de sus licenciantes, que el usuario de este sitio web debe respetar.<br>2.- A t\u00edtulo meramente enunciativo, quedan prohibidas la reproducci\u00f3n, excepto para uso privado, la transformaci\u00f3n, distribuci\u00f3n, comunicaci\u00f3n p\u00fablica, puesta a disposici\u00f3n del p\u00fablico y en general cualquier otra forma de explotaci\u00f3n, por cualquier procedimiento, de todo o parte de los materiales, herramientas, contenidos, programas, dise\u00f1o (tanto de la p\u00e1gina como de los materiales), etc. de este sitio web.<\/p>\n","protected":false},"excerpt":{"rendered":"<p>Aviso Legal Aviso Legal: El sitio web www.perezdevargas.com es propiedad de P\u00e9rez de Vargas Abogados, S.L. sociedad de nacionalidad espa\u00f1ola [&hellip;]<\/p>\n","protected":false},"author":15,"featured_media":0,"parent":0,"menu_order":0,"comment_status":"closed","ping_status":"closed","template":"","meta":{"site-sidebar-layout":"default","site-content-layout":"","ast-site-content-layout":"default","site-content-style":"default","site-sidebar-style":"default","ast-global-header-display":"","ast-banner-title-visibility":"","ast-main-header-display":"","ast-hfb-above-header-display":"","ast-hfb-below-header-display":"","ast-hfb-mobile-header-display":"","site-post-title":"","ast-breadcrumbs-content":"","ast-featured-img":"","footer-sml-layout":"","ast-disable-related-posts":"","theme-transparent-header-meta":"","adv-header-id-meta":"","stick-header-meta":"","header-above-stick-meta":"","header-main-stick-meta":"","header-below-stick-meta":"","astra-migrate-meta-layouts":"default","ast-page-background-enabled":"default","ast-page-background-meta":{"desktop":{"background-color":"var(--ast-global-color-4)","background-image":"","background-repeat":"repeat","background-position":"center center","background-size":"auto","background-attachment":"scroll","background-type":"","background-media":"","overlay-type":"","overlay-color":"","overlay-opacity":"","overlay-gradient":""},"tablet":{"background-color":"","background-image":"","background-repeat":"repeat","background-position":"center center","background-size":"auto","background-attachment":"scroll","background-type":"","background-media":"","overlay-type":"","overlay-color":"","overlay-opacity":"","overlay-gradient":""},"mobile":{"background-color":"","background-image":"","background-repeat":"repeat","background-position":"center center","background-size":"auto","background-attachment":"scroll","background-type":"","background-media":"","overlay-type":"","overlay-color":"","overlay-opacity":"","overlay-gradient":""}},"ast-content-background-meta":{"desktop":{"background-color":"var(--ast-global-color-5)","background-image":"","background-repeat":"repeat","background-position":"center center","background-size":"auto","background-attachment":"scroll","background-type":"","background-media":"","overlay-type":"","overlay-color":"","overlay-opacity":"","overlay-gradient":""},"tablet":{"background-color":"var(--ast-global-color-5)","background-image":"","background-repeat":"repeat","background-position":"center center","background-size":"auto","background-attachment":"scroll","background-type":"","background-media":"","overlay-type":"","overlay-color":"","overlay-opacity":"","overlay-gradient":""},"mobile":{"background-color":"var(--ast-global-color-5)","background-image":"","background-repeat":"repeat","background-position":"center center","background-size":"auto","background-attachment":"scroll","background-type":"","background-media":"","overlay-type":"","overlay-color":"","overlay-opacity":"","overlay-gradient":""}},"footnotes":""},"class_list":["post-225","page","type-page","status-publish","hentry"],"yoast_head":"<!-- This site is optimized with the Yoast SEO plugin v27.4 - https:\/\/yoast.com\/product\/yoast-seo-wordpress\/ -->\n<title>Aviso Legal | Perez de Vargas<\/title>\n<meta name=\"description\" content=\"Aviso legal del sitio web de nuestro despacho en Estepona. Conoce los derechos, obligaciones y condiciones de uso de esta p\u00e1gina.\" \/>\n<meta name=\"robots\" content=\"noindex, follow\" \/>\n<meta property=\"og:locale\" content=\"es_ES\" \/>\n<meta property=\"og:type\" content=\"article\" \/>\n<meta property=\"og:title\" content=\"Aviso Legal | Perez de Vargas\" \/>\n<meta property=\"og:description\" content=\"Aviso legal del sitio web de nuestro despacho en Estepona. Conoce los derechos, obligaciones y condiciones de uso de esta p\u00e1gina.\" \/>\n<meta property=\"og:url\" content=\"https:\/\/perezdevargas.es\/\" \/>\n<meta property=\"og:site_name\" content=\"P\u00e9rez de Vargas\" \/>\n<meta property=\"article:publisher\" content=\"https:\/\/www.facebook.com\/perezdevargasabogados\/\" \/>\n<meta property=\"article:modified_time\" content=\"2025-04-14T11:24:56+00:00\" \/>\n<meta name=\"twitter:card\" content=\"summary_large_image\" \/>\n<meta name=\"twitter:label1\" content=\"Tiempo de lectura\" \/>\n\t<meta name=\"twitter:data1\" content=\"5 minutos\" \/>\n<script type=\"application\/ld+json\" class=\"yoast-schema-graph\">{\"@context\":\"https:\\\/\\\/schema.org\",\"@graph\":[{\"@type\":\"WebPage\",\"@id\":\"https:\\\/\\\/perezdevargas.es\\\/es\\\/aviso-legal\\\/\",\"url\":\"https:\\\/\\\/perezdevargas.es\\\/\",\"name\":\"Aviso Legal | Perez de Vargas\",\"isPartOf\":{\"@id\":\"https:\\\/\\\/perezdevargas.es\\\/es\\\/#website\"},\"datePublished\":\"2018-01-17T15:50:15+00:00\",\"dateModified\":\"2025-04-14T11:24:56+00:00\",\"description\":\"Aviso legal del sitio web de nuestro despacho en Estepona. Conoce los derechos, obligaciones y condiciones de uso de esta p\u00e1gina.\",\"breadcrumb\":{\"@id\":\"https:\\\/\\\/perezdevargas.es\\\/#breadcrumb\"},\"inLanguage\":\"es\",\"potentialAction\":[{\"@type\":\"ReadAction\",\"target\":[\"https:\\\/\\\/perezdevargas.es\\\/\"]}]},{\"@type\":\"BreadcrumbList\",\"@id\":\"https:\\\/\\\/perezdevargas.es\\\/#breadcrumb\",\"itemListElement\":[{\"@type\":\"ListItem\",\"position\":1,\"name\":\"Portada\",\"item\":\"https:\\\/\\\/perezdevargas.es\\\/es\\\/\"},{\"@type\":\"ListItem\",\"position\":2,\"name\":\"Aviso Legal\"}]},{\"@type\":\"WebSite\",\"@id\":\"https:\\\/\\\/perezdevargas.es\\\/es\\\/#website\",\"url\":\"https:\\\/\\\/perezdevargas.es\\\/es\\\/\",\"name\":\"P\u00e9rez de Vargas\",\"description\":\"\",\"publisher\":{\"@id\":\"https:\\\/\\\/perezdevargas.es\\\/es\\\/#organization\"},\"potentialAction\":[{\"@type\":\"SearchAction\",\"target\":{\"@type\":\"EntryPoint\",\"urlTemplate\":\"https:\\\/\\\/perezdevargas.es\\\/es\\\/?s={search_term_string}\"},\"query-input\":{\"@type\":\"PropertyValueSpecification\",\"valueRequired\":true,\"valueName\":\"search_term_string\"}}],\"inLanguage\":\"es\"},{\"@type\":\"Organization\",\"@id\":\"https:\\\/\\\/perezdevargas.es\\\/es\\\/#organization\",\"name\":\"P\u00e9rez de Vargas\",\"url\":\"https:\\\/\\\/perezdevargas.es\\\/es\\\/\",\"logo\":{\"@type\":\"ImageObject\",\"inLanguage\":\"es\",\"@id\":\"https:\\\/\\\/perezdevargas.es\\\/es\\\/#\\\/schema\\\/logo\\\/image\\\/\",\"url\":\"https:\\\/\\\/perezdevargas.es\\\/wp-content\\\/uploads\\\/2025\\\/04\\\/Diseno-sin-titulo-91-1.jpg\",\"contentUrl\":\"https:\\\/\\\/perezdevargas.es\\\/wp-content\\\/uploads\\\/2025\\\/04\\\/Diseno-sin-titulo-91-1.jpg\",\"width\":500,\"height\":500,\"caption\":\"P\u00e9rez de Vargas\"},\"image\":{\"@id\":\"https:\\\/\\\/perezdevargas.es\\\/es\\\/#\\\/schema\\\/logo\\\/image\\\/\"},\"sameAs\":[\"https:\\\/\\\/www.facebook.com\\\/perezdevargasabogados\\\/\",\"https:\\\/\\\/www.instagram.com\\\/perezdevargasabogados\\\/\"]}]}<\/script>\n<!-- \/ Yoast SEO plugin. -->","yoast_head_json":{"title":"Aviso Legal | Perez de Vargas","description":"Aviso legal del sitio web de nuestro despacho en Estepona. Conoce los derechos, obligaciones y condiciones de uso de esta p\u00e1gina.","robots":{"index":"noindex","follow":"follow"},"og_locale":"es_ES","og_type":"article","og_title":"Aviso Legal | Perez de Vargas","og_description":"Aviso legal del sitio web de nuestro despacho en Estepona. Conoce los derechos, obligaciones y condiciones de uso de esta p\u00e1gina.","og_url":"https:\/\/perezdevargas.es\/","og_site_name":"P\u00e9rez de Vargas","article_publisher":"https:\/\/www.facebook.com\/perezdevargasabogados\/","article_modified_time":"2025-04-14T11:24:56+00:00","twitter_card":"summary_large_image","twitter_misc":{"Tiempo de lectura":"5 minutos"},"schema":{"@context":"https:\/\/schema.org","@graph":[{"@type":"WebPage","@id":"https:\/\/perezdevargas.es\/es\/aviso-legal\/","url":"https:\/\/perezdevargas.es\/","name":"Aviso Legal | Perez de Vargas","isPartOf":{"@id":"https:\/\/perezdevargas.es\/es\/#website"},"datePublished":"2018-01-17T15:50:15+00:00","dateModified":"2025-04-14T11:24:56+00:00","description":"Aviso legal del sitio web de nuestro despacho en Estepona. Conoce los derechos, obligaciones y condiciones de uso de esta p\u00e1gina.","breadcrumb":{"@id":"https:\/\/perezdevargas.es\/#breadcrumb"},"inLanguage":"es","potentialAction":[{"@type":"ReadAction","target":["https:\/\/perezdevargas.es\/"]}]},{"@type":"BreadcrumbList","@id":"https:\/\/perezdevargas.es\/#breadcrumb","itemListElement":[{"@type":"ListItem","position":1,"name":"Portada","item":"https:\/\/perezdevargas.es\/es\/"},{"@type":"ListItem","position":2,"name":"Aviso Legal"}]},{"@type":"WebSite","@id":"https:\/\/perezdevargas.es\/es\/#website","url":"https:\/\/perezdevargas.es\/es\/","name":"P\u00e9rez de Vargas","description":"","publisher":{"@id":"https:\/\/perezdevargas.es\/es\/#organization"},"potentialAction":[{"@type":"SearchAction","target":{"@type":"EntryPoint","urlTemplate":"https:\/\/perezdevargas.es\/es\/?s={search_term_string}"},"query-input":{"@type":"PropertyValueSpecification","valueRequired":true,"valueName":"search_term_string"}}],"inLanguage":"es"},{"@type":"Organization","@id":"https:\/\/perezdevargas.es\/es\/#organization","name":"P\u00e9rez de Vargas","url":"https:\/\/perezdevargas.es\/es\/","logo":{"@type":"ImageObject","inLanguage":"es","@id":"https:\/\/perezdevargas.es\/es\/#\/schema\/logo\/image\/","url":"https:\/\/perezdevargas.es\/wp-content\/uploads\/2025\/04\/Diseno-sin-titulo-91-1.jpg","contentUrl":"https:\/\/perezdevargas.es\/wp-content\/uploads\/2025\/04\/Diseno-sin-titulo-91-1.jpg","width":500,"height":500,"caption":"P\u00e9rez de Vargas"},"image":{"@id":"https:\/\/perezdevargas.es\/es\/#\/schema\/logo\/image\/"},"sameAs":["https:\/\/www.facebook.com\/perezdevargasabogados\/","https:\/\/www.instagram.com\/perezdevargasabogados\/"]}]}},"_links":{"self":[{"href":"https:\/\/perezdevargas.es\/es\/wp-json\/wp\/v2\/pages\/225","targetHints":{"allow":["GET"]}}],"collection":[{"href":"https:\/\/perezdevargas.es\/es\/wp-json\/wp\/v2\/pages"}],"about":[{"href":"https:\/\/perezdevargas.es\/es\/wp-json\/wp\/v2\/types\/page"}],"author":[{"embeddable":true,"href":"https:\/\/perezdevargas.es\/es\/wp-json\/wp\/v2\/users\/15"}],"replies":[{"embeddable":true,"href":"https:\/\/perezdevargas.es\/es\/wp-json\/wp\/v2\/comments?post=225"}],"version-history":[{"count":22,"href":"https:\/\/perezdevargas.es\/es\/wp-json\/wp\/v2\/pages\/225\/revisions"}],"predecessor-version":[{"id":66792,"href":"https:\/\/perezdevargas.es\/es\/wp-json\/wp\/v2\/pages\/225\/revisions\/66792"}],"wp:attachment":[{"href":"https:\/\/perezdevargas.es\/es\/wp-json\/wp\/v2\/media?parent=225"}],"curies":[{"name":"wp","href":"https:\/\/api.w.org\/{rel}","templated":true}]}}