{"id":2800,"date":"2020-01-27T16:48:51","date_gmt":"2020-01-27T16:48:51","guid":{"rendered":"https:\/\/perezdevargas.es\/?page_id=2800"},"modified":"2025-06-09T11:30:55","modified_gmt":"2025-06-09T11:30:55","slug":"abogado-extranjeria-en-estepona-y-marbella","status":"publish","type":"page","link":"https:\/\/perezdevargas.es\/es\/areas-y-servicios\/abogado-extranjeria-en-estepona-y-marbella\/","title":{"rendered":"Derecho de Extranjer\u00eda"},"content":{"rendered":"\t\t<div data-elementor-type=\"wp-page\" data-elementor-id=\"2800\" class=\"elementor elementor-2800\" data-elementor-post-type=\"page\">\n\t\t\t\t<div class=\"elementor-element elementor-element-47c04ba4 e-flex e-con-boxed e-con e-parent\" data-id=\"47c04ba4\" data-element_type=\"container\">\n\t\t\t\t\t<div class=\"e-con-inner\">\n\t\t\t\t<div class=\"elementor-element elementor-element-576d473a elementor-widget elementor-widget-text-editor\" data-id=\"576d473a\" data-element_type=\"widget\" data-widget_type=\"text-editor.default\">\n\t\t\t\t<div class=\"elementor-widget-container\">\n\t\t\t\t\t\t\t\t\t<h1>Abogado Extranjer\u00eda en Estepona y Marbella<\/h1><p><img fetchpriority=\"high\" decoding=\"async\" class=\"alignnone wp-image-8200 size-full\" src=\"https:\/\/perezdevargas.es\/wp-content\/uploads\/2021\/12\/151845082_s.jpg\" alt=\"Abogado extranjer\u00eda en Estepona y Marbella\" width=\"847\" height=\"565\" \/><\/p><p><strong>Abogado extranjer\u00eda en Estepona y Marbella,<\/strong> estamos especializados en el asesoramiento a ciudadanos extranjeros, tanto comunitarios como extracomunitarios. Ello incluye el asesoramiento, asistencia y preparaci\u00f3n de documentaci\u00f3n ante los correspondientes \u00f3rganos de Extranjer\u00eda:<\/p><ul><li>Golden Visa (tarjeta de residencia para inversores extranjeros).<\/li><li>Tarjetas de residencia no lucrativa.<\/li><li>Certificado de residente de ciudadano de la Uni\u00f3n Europea.<\/li><li>Tarjeta de residencia para nacionales del Reino Unido.<\/li><\/ul><p>Adem\u00e1s de ello, asesoramos en cualquier cuesti\u00f3n incidental surgida de la tramitaci\u00f3n y todos los consecuentes pasos tras obtener la residencia en Espa\u00f1a, en el idioma del cliente, puesto que contamos con un equipo de profesionales multiling\u00fce.<\/p><h2>Golden Visa<\/h2><p>La Golden Visa (Visado Inversor) es una autorizaci\u00f3n para conseguir la residencia en Espa\u00f1a por parte de aquellas personas extranjeras extracomunitarias. Es decir, que no pertenecen a la Uni\u00f3n Europea, Espacio Econ\u00f3mico Europeo o Suiza.<\/p><p>Una vez conseguido, estas personas pueden residir y trabajar en Espa\u00f1a junto con su familia, previa demostraci\u00f3n de que se ha hecho una inversi\u00f3n significativa de capital en el pa\u00eds y que se cumplen con todos los requisitos dispuestos en el ordenamiento jur\u00eddico espa\u00f1ol.<\/p><p>El programa funciona desde el a\u00f1o 2013 y en los \u00faltimos a\u00f1os se ha vuelto muy popular por su rapidez y sencillez. Hay tres tipos de Golden Visa en Espa\u00f1a:<br \/>1. Inversi\u00f3n en activos financieros: De diferentes tipos y conlleva importes de entre 1 y 2 millones de euros.<br \/>2. Inversi\u00f3n en inmuebles: De m\u00ednimo 500.000 euros.<br \/>3. Inversi\u00f3n en un proyecto empresarial en Espa\u00f1a: No hay importe m\u00ednimo, pero se valora su impacto en el inter\u00e9s general y\/o en innovaci\u00f3n.<\/p><h2>C\u00e9dula de Inscripci\u00f3n<\/h2><p>La C\u00e9dula de Inscripci\u00f3n es un documento que se concede a aquellos extranjeros que no pueden ser documentados por las autoridades de ning\u00fan pa\u00eds y que desean serlo en Espa\u00f1a tras haber resuelto su inscripci\u00f3n en el Registro Central de Extranjeros.<\/p><p>Si una persona est\u00e1 en Espa\u00f1a con cualquier tipo de visado, este se le caduca antes de haber vuelto y su pa\u00eds de origen no tiene ning\u00fan consulado en Espa\u00f1a, puede evitar quedarse indocumentado solicitando una c\u00e9dula de inscripci\u00f3n, siempre y cuando cumpla con las condiciones exigidas por la actual Ley de Extranjer\u00eda.<\/p><h3>Arraigo social, familiar y laboral<\/h3><p>El arraigo es un tipo de procedimiento mediante el cual cualquier persona no europea que lleve un tiempo viviendo en Espa\u00f1a pueda conseguir regularizar su situaci\u00f3n de ilegalidad y conseguir la residencia en nuestro pa\u00eds. De esta manera, y de forma excepcional, dichas personas pueden vivir en territorio espa\u00f1ol de forma legal durante un a\u00f1o y con posibilidad de renovaci\u00f3n para conseguir un permiso de residencia regular.<\/p><p>Los distintos supuestos pueden ser:<br \/>1. Arraigo laboral. Residiendo en Espa\u00f1a m\u00ednimo dos a\u00f1os y pudiendo acreditar haber estado trabajando 6 meses o m\u00e1s.<br \/>2. Arraigo social. Residiendo en Espa\u00f1a m\u00ednimo tres a\u00f1os, con contrato de trabajo y v\u00ednculos familiares con otros extranjeros residentes o un informe de inserci\u00f3n social.<br \/>3. Arraigo familiar. Siendo hijo de padre o madre originariamente espa\u00f1ol o bien sean padre o madre de un menor de nacionalidad espa\u00f1ola.<\/p><h3>Reagrupaci\u00f3n familiar<\/h3><p>La reagrupaci\u00f3n familiar es un procedimiento de extranjer\u00eda mediante el cual cualquier persona no europea con permiso de residencia en Espa\u00f1a o que se encuentre en situaci\u00f3n de estancia como estudiante, puede reagrupar con ellos a determinados miembros de su familia, otorg\u00e1ndoles un permiso de residencia y trabajo.<\/p><p>Existen varios tipos distintos de reagrupaci\u00f3n familiar seg\u00fan las circunstancias personales del reagrupante.<\/p><h3>Certificado de Registro de Ciudadano de la Uni\u00f3n<\/h3><p>El Certificado de Registro de Ciudadano de la Uni\u00f3n es un documento que acredita la inscripci\u00f3n en el Registro Central de Extranjeros a los ciudadanos de la Uni\u00f3n Europea o de otro Estado parte en el Acuerdo sobre el Espacio Econ\u00f3mico Europeo o de la Confederaci\u00f3n Suiza, que van a residir en Espa\u00f1a por un periodo superior a tres meses. Se debe cumplir alguno de los siguientes requisitos:<\/p><p>\u2022 Ser un trabajador por cuenta ajena en Espa\u00f1a<br \/>\u2022 Ser un trabajador por cuenta propia en Espa\u00f1a<br \/>\u2022 Tener los recursos suficientes para mantenerse econ\u00f3micamente durante su per\u00edodo de residencia en Espa\u00f1a. Tambi\u00e9n deber\u00e1 aportar un seguro m\u00e9dico p\u00fablico o privado.<\/p><h4>Residencia de larga duraci\u00f3n<\/h4><p>La Residencia de larga duraci\u00f3n es un procedimiento de extranjer\u00eda que permite residir y trabajar en Espa\u00f1a indefinidamente. Este asegura a las personas que lo tengan en posesi\u00f3n a vivir y trabajar en las mismas condiciones que los espa\u00f1oles, y de manera indefinida.<\/p><p>Es requisito indispensable haber residido en Espa\u00f1a durante m\u00ednimo cinco a\u00f1os de forma continuada. Por otro lado, se tendr\u00e1 en cuenta los periodos de residencia previa y continuada en otros Estados miembros de la UE.<\/p><p><a href=\"https:\/\/perezdevargas.es\/contacto\/\">Contacte<\/a> con nosotros y le daremos la soluci\u00f3n necesaria para ayudarle a legalizar su situaci\u00f3n en Espa\u00f1a.<\/p><h2>\u00daltimas novedades en Derecho de Extranjer\u00eda<\/h2>\t\t\t\t\t\t\t\t<\/div>\n\t\t\t\t<\/div>\n\t\t\t\t\t<\/div>\n\t\t\t\t<\/div>\n\t\t\t\t<\/div>\n\t\t","protected":false},"excerpt":{"rendered":"<p>Abogado Extranjer\u00eda en Estepona y Marbella Abogado extranjer\u00eda en Estepona y Marbella, estamos especializados en el asesoramiento a ciudadanos extranjeros, [&hellip;]<\/p>\n","protected":false},"author":15,"featured_media":8200,"parent":13,"menu_order":6,"comment_status":"closed","ping_status":"closed","template":"","meta":{"site-sidebar-layout":"default","site-content-layout":"","ast-site-content-layout":"","site-content-style":"default","site-sidebar-style":"default","ast-global-header-display":"","ast-banner-title-visibility":"","ast-main-header-display":"","ast-hfb-above-header-display":"","ast-hfb-below-header-display":"","ast-hfb-mobile-header-display":"","site-post-title":"","ast-breadcrumbs-content":"","ast-featured-img":"","footer-sml-layout":"","theme-transparent-header-meta":"","adv-header-id-meta":"","stick-header-meta":"","header-above-stick-meta":"","header-main-stick-meta":"","header-below-stick-meta":"","astra-migrate-meta-layouts":"default","ast-page-background-enabled":"default","ast-page-background-meta":{"desktop":{"background-color":"var(--ast-global-color-4)","background-image":"","background-repeat":"repeat","background-position":"center center","background-size":"auto","background-attachment":"scroll","background-type":"","background-media":"","overlay-type":"","overlay-color":"","overlay-opacity":"","overlay-gradient":""},"tablet":{"background-color":"","background-image":"","background-repeat":"repeat","background-position":"center center","background-size":"auto","background-attachment":"scroll","background-type":"","background-media":"","overlay-type":"","overlay-color":"","overlay-opacity":"","overlay-gradient":""},"mobile":{"background-color":"","background-image":"","background-repeat":"repeat","background-position":"center center","background-size":"auto","background-attachment":"scroll","background-type":"","background-media":"","overlay-type":"","overlay-color":"","overlay-opacity":"","overlay-gradient":""}},"ast-content-background-meta":{"desktop":{"background-color":"var(--ast-global-color-5)","background-image":"","background-repeat":"repeat","background-position":"center center","background-size":"auto","background-attachment":"scroll","background-type":"","background-media":"","overlay-type":"","overlay-color":"","overlay-opacity":"","overlay-gradient":""},"tablet":{"background-color":"var(--ast-global-color-5)","background-image":"","background-repeat":"repeat","background-position":"center center","background-size":"auto","background-attachment":"scroll","background-type":"","background-media":"","overlay-type":"","overlay-color":"","overlay-opacity":"","overlay-gradient":""},"mobile":{"background-color":"var(--ast-global-color-5)","background-image":"","background-repeat":"repeat","background-position":"center center","background-size":"auto","background-attachment":"scroll","background-type":"","background-media":"","overlay-type":"","overlay-color":"","overlay-opacity":"","overlay-gradient":""}},"footnotes":""},"class_list":["post-2800","page","type-page","status-publish","has-post-thumbnail","hentry"],"yoast_head":"<!-- This site is optimized with the Yoast SEO plugin v25.2 - https:\/\/yoast.com\/wordpress\/plugins\/seo\/ -->\n<title>Abogado extranjer\u00eda en Estepona y Marbella | Perez de Vargas<\/title>\n<meta name=\"description\" content=\"Abogado extranjer\u00eda en Estepona y Marbella. Asesoramiento para Permisos de residencia, nacionalidad, arraigo, visados y m\u00e1s.\" \/>\n<meta name=\"robots\" content=\"index, follow, max-snippet:-1, max-image-preview:large, max-video-preview:-1\" \/>\n<link rel=\"canonical\" href=\"https:\/\/perezdevargas.es\/es\/areas-y-servicios\/abogado-extranjeria-en-estepona-y-marbella\/\" \/>\n<meta property=\"og:locale\" content=\"es_ES\" \/>\n<meta property=\"og:type\" content=\"article\" \/>\n<meta property=\"og:title\" content=\"Abogado extranjer\u00eda en Estepona y Marbella | Perez de Vargas\" \/>\n<meta property=\"og:description\" content=\"Abogado extranjer\u00eda en Estepona y Marbella. Asesoramiento para Permisos de residencia, nacionalidad, arraigo, visados y m\u00e1s.\" \/>\n<meta property=\"og:url\" content=\"https:\/\/perezdevargas.es\/es\/areas-y-servicios\/abogado-extranjeria-en-estepona-y-marbella\/\" \/>\n<meta property=\"og:site_name\" content=\"P\u00e9rez de Vargas\" \/>\n<meta property=\"article:publisher\" content=\"https:\/\/www.facebook.com\/perezdevargasabogados\/\" \/>\n<meta property=\"article:modified_time\" content=\"2025-06-09T11:30:55+00:00\" \/>\n<meta property=\"og:image\" content=\"https:\/\/perezdevargas.es\/wp-content\/uploads\/2021\/12\/151845082_s.jpg\" \/>\n\t<meta property=\"og:image:width\" content=\"847\" \/>\n\t<meta property=\"og:image:height\" content=\"565\" \/>\n\t<meta property=\"og:image:type\" content=\"image\/jpeg\" \/>\n<meta name=\"twitter:card\" content=\"summary_large_image\" \/>\n<meta name=\"twitter:label1\" content=\"Tiempo de lectura\" \/>\n\t<meta name=\"twitter:data1\" content=\"4 minutos\" \/>\n<script type=\"application\/ld+json\" class=\"yoast-schema-graph\">{\"@context\":\"https:\/\/schema.org\",\"@graph\":[{\"@type\":\"WebPage\",\"@id\":\"https:\/\/perezdevargas.es\/es\/areas-y-servicios\/abogado-extranjeria-en-estepona-y-marbella\/\",\"url\":\"https:\/\/perezdevargas.es\/es\/areas-y-servicios\/abogado-extranjeria-en-estepona-y-marbella\/\",\"name\":\"Abogado extranjer\u00eda en Estepona y Marbella | Perez de Vargas\",\"isPartOf\":{\"@id\":\"https:\/\/perezdevargas.es\/es\/#website\"},\"primaryImageOfPage\":{\"@id\":\"https:\/\/perezdevargas.es\/es\/areas-y-servicios\/abogado-extranjeria-en-estepona-y-marbella\/#primaryimage\"},\"image\":{\"@id\":\"https:\/\/perezdevargas.es\/es\/areas-y-servicios\/abogado-extranjeria-en-estepona-y-marbella\/#primaryimage\"},\"thumbnailUrl\":\"https:\/\/perezdevargas.es\/wp-content\/uploads\/2021\/12\/151845082_s.jpg\",\"datePublished\":\"2020-01-27T16:48:51+00:00\",\"dateModified\":\"2025-06-09T11:30:55+00:00\",\"description\":\"Abogado extranjer\u00eda en Estepona y Marbella. Asesoramiento para Permisos de residencia, nacionalidad, arraigo, visados y m\u00e1s.\",\"breadcrumb\":{\"@id\":\"https:\/\/perezdevargas.es\/es\/areas-y-servicios\/abogado-extranjeria-en-estepona-y-marbella\/#breadcrumb\"},\"inLanguage\":\"es\",\"potentialAction\":[{\"@type\":\"ReadAction\",\"target\":[\"https:\/\/perezdevargas.es\/es\/areas-y-servicios\/abogado-extranjeria-en-estepona-y-marbella\/\"]}]},{\"@type\":\"ImageObject\",\"inLanguage\":\"es\",\"@id\":\"https:\/\/perezdevargas.es\/es\/areas-y-servicios\/abogado-extranjeria-en-estepona-y-marbella\/#primaryimage\",\"url\":\"https:\/\/perezdevargas.es\/wp-content\/uploads\/2021\/12\/151845082_s.jpg\",\"contentUrl\":\"https:\/\/perezdevargas.es\/wp-content\/uploads\/2021\/12\/151845082_s.jpg\",\"width\":847,\"height\":565,\"caption\":\"Abogado extranjer\u00eda en Estepona y Marbella\"},{\"@type\":\"BreadcrumbList\",\"@id\":\"https:\/\/perezdevargas.es\/es\/areas-y-servicios\/abogado-extranjeria-en-estepona-y-marbella\/#breadcrumb\",\"itemListElement\":[{\"@type\":\"ListItem\",\"position\":1,\"name\":\"Portada\",\"item\":\"https:\/\/perezdevargas.es\/es\/\"},{\"@type\":\"ListItem\",\"position\":2,\"name\":\"\u00c1reas\",\"item\":\"https:\/\/perezdevargas.es\/es\/areas-y-servicios\/\"},{\"@type\":\"ListItem\",\"position\":3,\"name\":\"Derecho de Extranjer\u00eda\"}]},{\"@type\":\"WebSite\",\"@id\":\"https:\/\/perezdevargas.es\/es\/#website\",\"url\":\"https:\/\/perezdevargas.es\/es\/\",\"name\":\"P\u00e9rez de Vargas\",\"description\":\"\",\"publisher\":{\"@id\":\"https:\/\/perezdevargas.es\/es\/#organization\"},\"potentialAction\":[{\"@type\":\"SearchAction\",\"target\":{\"@type\":\"EntryPoint\",\"urlTemplate\":\"https:\/\/perezdevargas.es\/es\/?s={search_term_string}\"},\"query-input\":{\"@type\":\"PropertyValueSpecification\",\"valueRequired\":true,\"valueName\":\"search_term_string\"}}],\"inLanguage\":\"es\"},{\"@type\":\"Organization\",\"@id\":\"https:\/\/perezdevargas.es\/es\/#organization\",\"name\":\"P\u00e9rez de Vargas\",\"url\":\"https:\/\/perezdevargas.es\/es\/\",\"logo\":{\"@type\":\"ImageObject\",\"inLanguage\":\"es\",\"@id\":\"https:\/\/perezdevargas.es\/es\/#\/schema\/logo\/image\/\",\"url\":\"https:\/\/perezdevargas.es\/wp-content\/uploads\/2025\/04\/Diseno-sin-titulo-91-1.jpg\",\"contentUrl\":\"https:\/\/perezdevargas.es\/wp-content\/uploads\/2025\/04\/Diseno-sin-titulo-91-1.jpg\",\"width\":500,\"height\":500,\"caption\":\"P\u00e9rez de Vargas\"},\"image\":{\"@id\":\"https:\/\/perezdevargas.es\/es\/#\/schema\/logo\/image\/\"},\"sameAs\":[\"https:\/\/www.facebook.com\/perezdevargasabogados\/\",\"https:\/\/www.instagram.com\/perezdevargasabogados\/\"]}]}<\/script>\n<!-- \/ Yoast SEO plugin. -->","yoast_head_json":{"title":"Abogado extranjer\u00eda en Estepona y Marbella | Perez de Vargas","description":"Abogado extranjer\u00eda en Estepona y Marbella. Asesoramiento para Permisos de residencia, nacionalidad, arraigo, visados y m\u00e1s.","robots":{"index":"index","follow":"follow","max-snippet":"max-snippet:-1","max-image-preview":"max-image-preview:large","max-video-preview":"max-video-preview:-1"},"canonical":"https:\/\/perezdevargas.es\/es\/areas-y-servicios\/abogado-extranjeria-en-estepona-y-marbella\/","og_locale":"es_ES","og_type":"article","og_title":"Abogado extranjer\u00eda en Estepona y Marbella | Perez de Vargas","og_description":"Abogado extranjer\u00eda en Estepona y Marbella. Asesoramiento para Permisos de residencia, nacionalidad, arraigo, visados y m\u00e1s.","og_url":"https:\/\/perezdevargas.es\/es\/areas-y-servicios\/abogado-extranjeria-en-estepona-y-marbella\/","og_site_name":"P\u00e9rez de Vargas","article_publisher":"https:\/\/www.facebook.com\/perezdevargasabogados\/","article_modified_time":"2025-06-09T11:30:55+00:00","og_image":[{"width":847,"height":565,"url":"https:\/\/perezdevargas.es\/wp-content\/uploads\/2021\/12\/151845082_s.jpg","type":"image\/jpeg"}],"twitter_card":"summary_large_image","twitter_misc":{"Tiempo de lectura":"4 minutos"},"schema":{"@context":"https:\/\/schema.org","@graph":[{"@type":"WebPage","@id":"https:\/\/perezdevargas.es\/es\/areas-y-servicios\/abogado-extranjeria-en-estepona-y-marbella\/","url":"https:\/\/perezdevargas.es\/es\/areas-y-servicios\/abogado-extranjeria-en-estepona-y-marbella\/","name":"Abogado extranjer\u00eda en Estepona y Marbella | Perez de Vargas","isPartOf":{"@id":"https:\/\/perezdevargas.es\/es\/#website"},"primaryImageOfPage":{"@id":"https:\/\/perezdevargas.es\/es\/areas-y-servicios\/abogado-extranjeria-en-estepona-y-marbella\/#primaryimage"},"image":{"@id":"https:\/\/perezdevargas.es\/es\/areas-y-servicios\/abogado-extranjeria-en-estepona-y-marbella\/#primaryimage"},"thumbnailUrl":"https:\/\/perezdevargas.es\/wp-content\/uploads\/2021\/12\/151845082_s.jpg","datePublished":"2020-01-27T16:48:51+00:00","dateModified":"2025-06-09T11:30:55+00:00","description":"Abogado extranjer\u00eda en Estepona y Marbella. Asesoramiento para Permisos de residencia, nacionalidad, arraigo, visados y m\u00e1s.","breadcrumb":{"@id":"https:\/\/perezdevargas.es\/es\/areas-y-servicios\/abogado-extranjeria-en-estepona-y-marbella\/#breadcrumb"},"inLanguage":"es","potentialAction":[{"@type":"ReadAction","target":["https:\/\/perezdevargas.es\/es\/areas-y-servicios\/abogado-extranjeria-en-estepona-y-marbella\/"]}]},{"@type":"ImageObject","inLanguage":"es","@id":"https:\/\/perezdevargas.es\/es\/areas-y-servicios\/abogado-extranjeria-en-estepona-y-marbella\/#primaryimage","url":"https:\/\/perezdevargas.es\/wp-content\/uploads\/2021\/12\/151845082_s.jpg","contentUrl":"https:\/\/perezdevargas.es\/wp-content\/uploads\/2021\/12\/151845082_s.jpg","width":847,"height":565,"caption":"Abogado extranjer\u00eda en Estepona y Marbella"},{"@type":"BreadcrumbList","@id":"https:\/\/perezdevargas.es\/es\/areas-y-servicios\/abogado-extranjeria-en-estepona-y-marbella\/#breadcrumb","itemListElement":[{"@type":"ListItem","position":1,"name":"Portada","item":"https:\/\/perezdevargas.es\/es\/"},{"@type":"ListItem","position":2,"name":"\u00c1reas","item":"https:\/\/perezdevargas.es\/es\/areas-y-servicios\/"},{"@type":"ListItem","position":3,"name":"Derecho de Extranjer\u00eda"}]},{"@type":"WebSite","@id":"https:\/\/perezdevargas.es\/es\/#website","url":"https:\/\/perezdevargas.es\/es\/","name":"P\u00e9rez de Vargas","description":"","publisher":{"@id":"https:\/\/perezdevargas.es\/es\/#organization"},"potentialAction":[{"@type":"SearchAction","target":{"@type":"EntryPoint","urlTemplate":"https:\/\/perezdevargas.es\/es\/?s={search_term_string}"},"query-input":{"@type":"PropertyValueSpecification","valueRequired":true,"valueName":"search_term_string"}}],"inLanguage":"es"},{"@type":"Organization","@id":"https:\/\/perezdevargas.es\/es\/#organization","name":"P\u00e9rez de Vargas","url":"https:\/\/perezdevargas.es\/es\/","logo":{"@type":"ImageObject","inLanguage":"es","@id":"https:\/\/perezdevargas.es\/es\/#\/schema\/logo\/image\/","url":"https:\/\/perezdevargas.es\/wp-content\/uploads\/2025\/04\/Diseno-sin-titulo-91-1.jpg","contentUrl":"https:\/\/perezdevargas.es\/wp-content\/uploads\/2025\/04\/Diseno-sin-titulo-91-1.jpg","width":500,"height":500,"caption":"P\u00e9rez de Vargas"},"image":{"@id":"https:\/\/perezdevargas.es\/es\/#\/schema\/logo\/image\/"},"sameAs":["https:\/\/www.facebook.com\/perezdevargasabogados\/","https:\/\/www.instagram.com\/perezdevargasabogados\/"]}]}},"_links":{"self":[{"href":"https:\/\/perezdevargas.es\/es\/wp-json\/wp\/v2\/pages\/2800","targetHints":{"allow":["GET"]}}],"collection":[{"href":"https:\/\/perezdevargas.es\/es\/wp-json\/wp\/v2\/pages"}],"about":[{"href":"https:\/\/perezdevargas.es\/es\/wp-json\/wp\/v2\/types\/page"}],"author":[{"embeddable":true,"href":"https:\/\/perezdevargas.es\/es\/wp-json\/wp\/v2\/users\/15"}],"replies":[{"embeddable":true,"href":"https:\/\/perezdevargas.es\/es\/wp-json\/wp\/v2\/comments?post=2800"}],"version-history":[{"count":21,"href":"https:\/\/perezdevargas.es\/es\/wp-json\/wp\/v2\/pages\/2800\/revisions"}],"predecessor-version":[{"id":68250,"href":"https:\/\/perezdevargas.es\/es\/wp-json\/wp\/v2\/pages\/2800\/revisions\/68250"}],"up":[{"embeddable":true,"href":"https:\/\/perezdevargas.es\/es\/wp-json\/wp\/v2\/pages\/13"}],"wp:featuredmedia":[{"embeddable":true,"href":"https:\/\/perezdevargas.es\/es\/wp-json\/wp\/v2\/media\/8200"}],"wp:attachment":[{"href":"https:\/\/perezdevargas.es\/es\/wp-json\/wp\/v2\/media?parent=2800"}],"curies":[{"name":"wp","href":"https:\/\/api.w.org\/{rel}","templated":true}]}}