{"id":3756,"date":"2020-07-10T21:37:43","date_gmt":"2020-07-10T21:37:43","guid":{"rendered":"https:\/\/perezdevargas.es\/?page_id=3756"},"modified":"2025-04-14T11:25:41","modified_gmt":"2025-04-14T11:25:41","slug":"clausulas-legales","status":"publish","type":"page","link":"https:\/\/perezdevargas.es\/es\/aviso-legal\/clausulas-legales\/","title":{"rendered":"Cl\u00e1usulas Legales"},"content":{"rendered":"<h2><\/h2>\n<h2><strong>C<\/strong><strong>L\u00c1USULA PARA INTRODUCIR EN EL FORMULARIO WEB CON PUBLICIDAD<\/strong><\/h2>\n<p>De conformidad con lo establecido en la normativa vigente en Protecci\u00f3n de Datos de Car\u00e1cter Personal, le informamos que sus datos ser\u00e1n incorporados al sistema de tratamiento titularidad de PEREZ DE VARGAS ABOGADOS SL con CIF B29549979 y domicilio social sito en C REAL 97 99<\/p>\n<p>ED \u00a0VICENTE 3 29680, ESTEPONA (M\u00c1LAGA), con la finalidad de atender sus consultas y remitirle comunicaciones comerciales que puedan ser de su inter\u00e9s. En cumplimiento con la normativa vigente, PEREZ DE VARGAS ABOGADOS SL informa que los datos ser\u00e1n conservados durante el plazo estrictamente necesario para cumplir con los preceptos mencionados con anterioridad.<\/p>\n<p>Le informamos que trataremos sus datos conforme a la existencia de su consentimiento.<\/p>\n<p>PEREZ DE VARGAS ABOGADOS SL informa que proceder\u00e1 a tratar los datos de manera l\u00edcita, leal, transparente, adecuada, pertinente, limitada, exacta\u00a0 y \u00a0actualizada. Es \u00a0por \u00a0ello \u00a0que \u00a0PEREZ\u00a0 DE VARGAS ABOGADOS SL se compromete a adoptar todas las medidas razonables para que estos se supriman o rectifiquen sin dilaci\u00f3n cuando sean inexactos.<\/p>\n<p>De acuerdo con los derechos que le confiere el la normativa vigente en protecci\u00f3n de datos podr\u00e1 ejercer los derechos de acceso, rectificaci\u00f3n, limitaci\u00f3n de tratamiento, supresi\u00f3n, portabilidad y oposici\u00f3n al tratamiento de sus datos de car\u00e1cter personal as\u00ed como del consentimiento prestado para el tratamiento de los mismos, dirigiendo su petici\u00f3n a la direcci\u00f3n postal indicada m\u00e1s arriba o al correo electr\u00f3nico <a href=\"mailto:BORJA@PEREZDEVARGAS.COM\">BORJA@PEREZDEVARGAS.COM.<\/a><\/p>\n<p>A su vez, le informamos que puede contactar con el Delegado de Protecci\u00f3n de Datos, dirigi\u00e9ndose por escrito a la direcci\u00f3n de correo \u00a0<a href=\"mailto:dpd.cliente@conversia.es\">dpd.cliente@conversia.es o<\/a> al tel\u00e9fono 902 877 192.<\/p>\n<p>Asimismo y de acuerdo con lo establecido en la Ley 34\/2002, de 11 de julio, de Servicios de la Sociedad de la Informaci\u00f3n y de Comercio Electr\u00f3nico, en su art\u00edculo 21, solicitamos tambi\u00e9n su consentimiento expreso para enviarle publicidad de nuestros productos o promociones que consideremos puedan ser \u00a0de \u00a0su \u00a0inter\u00e9s,\u00a0 por \u00a0correo\u00a0 electr\u00f3nico o \u00a0por \u00a0cualquier otro \u00a0medio\u00a0 de comunicaci\u00f3n electr\u00f3nica equivalente.<\/p>\n<ul>\n<li>He le\u00eddo y acepto recibir publicidad o informaci\u00f3n promocional de PEREZ DE VARGAS ABOGADOS SL.<\/li>\n<li>He le\u00eddo y no acepto recibir publicidad o informaci\u00f3n promocional de PEREZ DE VARGAS ABOGADOS SL.<\/li>\n<\/ul>\n<p>Le informamos que podr\u00e1 revocar en cualquier momento el consentimiento prestado a la recepci\u00f3n de comunicaciones\u00a0 \u00a0comerciales\u00a0 \u00a0enviando\u00a0 \u00a0un\u00a0 \u00a0e-mail\u00a0 \u00a0a\u00a0 \u00a0la\u00a0 \u00a0direcci\u00f3n\u00a0 \u00a0de\u00a0 \u00a0correo\u00a0 \u00a0electr\u00f3nico: <a href=\"mailto:BORJA@PEREZDEVARGAS.COM\">BORJA@PEREZDEVARGAS.COM.<\/a><\/p>\n<p>Podr\u00e1 dirigirse a la Autoridad de Control competente para presentar la reclamaci\u00f3n que considere oportuna.<\/p>\n<h3>CL\u00c1USULA PARA INTRODUCIR EN EL FORMULARIO WEB<\/h3>\n<p>De conformidad con lo establecido en la normativa vigente en Protecci\u00f3n de Datos de Car\u00e1cter Personal, le informamos que sus datos ser\u00e1n incorporados al sistema de tratamiento titularidad de PEREZ DE VARGAS ABOGADOS SL con CIF B29549979 y domicilio social sito en C REAL 97 99<\/p>\n<p>ED\u00a0 \u00a0VICENTE 3 29680, ESTEPONA (M\u00c1LAGA), con la finalidad de atender sus consultas. En cumplimiento con la normativa vigente, PEREZ DE VARGAS ABOGADOS SL informa que los datos ser\u00e1n conservados durante el plazo estrictamente necesario para cumplir con los preceptos mencionados con anterioridad.<\/p>\n<p>Le informamos que trataremos sus datos conforme a la existencia de su consentimiento.<\/p>\n<p>PEREZ DE VARGAS ABOGADOS SL informa que proceder\u00e1 a tratar los datos de manera l\u00edcita, leal, transparente, adecuada, pertinente, limitada, exacta\u00a0 y \u00a0actualizada. Es \u00a0por \u00a0ello \u00a0que \u00a0PEREZ\u00a0 DE VARGAS ABOGADOS SL se compromete a adoptar todas las medidas razonables para que estos se supriman o rectifiquen sin dilaci\u00f3n cuando sean inexactos.<\/p>\n<p>De acuerdo con los derechos que le confiere el la normativa vigente en protecci\u00f3n de datos podr\u00e1 ejercer los derechos de acceso, rectificaci\u00f3n, limitaci\u00f3n de tratamiento, supresi\u00f3n, portabilidad y oposici\u00f3n al tratamiento de sus datos de car\u00e1cter personal as\u00ed como del consentimiento prestado para el tratamiento de los mismos, dirigiendo su petici\u00f3n a la direcci\u00f3n postal indicada m\u00e1s arriba o al correo electr\u00f3nico <a href=\"mailto:BORJA@PEREZDEVARGAS.COM\">BORJA@PEREZDEVARGAS.COM.<\/a><\/p>\n<p>A su vez, le informamos que puede contactar con el Delegado de Protecci\u00f3n de Datos, dirigi\u00e9ndose por escrito a la direcci\u00f3n de correo \u00a0<a href=\"mailto:dpd.cliente@conversia.es\">dpd.cliente@conversia.es o<\/a> al tel\u00e9fono 902 877 192.<\/p>\n<p>Le informamos que podr\u00e1 revocar en cualquier momento el consentimiento prestado mandando un correo electr\u00f3nico a la direcci\u00f3n: <a href=\"mailto:BORJA@PEREZDEVARGAS.COM\">BORJA@PEREZDEVARGAS.COM.<\/a><\/p>\n<p>Podr\u00e1 dirigirse a la Autoridad de Control competente para presentar la reclamaci\u00f3n que considere oportuna.<\/p>\n<p>El env\u00edo de estos datos implica la aceptaci\u00f3n de esta cl\u00e1usula.<\/p>\n<h3>CL\u00c1USULA NEWSLETTER<\/h3>\n<p>De conformidad con lo establecido en la normativa vigente en Protecci\u00f3n de Datos de Car\u00e1cter Personal, le informamos que el correo electr\u00f3nico que nos ha proporcionado ser\u00e1 incorporado a un sistema de tratamiento bajo la responsabilidad de PEREZ DE VARGAS ABOGADOS SL con la finalidad de tramitar su solicitud de suscripci\u00f3n y poder remitirle peri\u00f3dicamente nuestro <em>Newsletter. <\/em>En cumplimiento con la normativa vigente, PEREZ DE VARGAS ABOGADOS SL informa que los datos ser\u00e1n conservados mientras perdure el consentimiento prestado.<\/p>\n<p>Le informamos que el tratamiento de sus datos est\u00e1 legitimado por su consentimiento.<\/p>\n<p>Puede ejercer sus derechos de acceso, rectificaci\u00f3n, limitaci\u00f3n de tratamiento, supresi\u00f3n, portabilidad y oposici\u00f3n al tratamiento de sus datos de car\u00e1cter personal mediante un escrito a nuestra direcci\u00f3n C REAL 97 99 ED VICENTE 3 29680, ESTEPONA (M\u00c1LAGA).<\/p>\n<p>A su vez, le informamos que puede contactar con el Delegado de Protecci\u00f3n de Datos, dirigi\u00e9ndose por escrito a la direcci\u00f3n de correo \u00a0<a href=\"mailto:dpd.cliente@conversia.es\">dpd.cliente@conversia.es o<\/a> al tel\u00e9fono 902 877 192.<\/p>\n<p>Asimismo, le informamos que podr\u00e1 revocar en cualquier momento el consentimiento prestado, cancelando su suscripci\u00f3n al Newsletter, enviando un e-mail a la direcci\u00f3n de correo electr\u00f3nico <a href=\"mailto:BORJA@PEREZDEVARGAS.COM\">BORJA@PEREZDEVARGAS.COM.<\/a><\/p>\n<p>Podr\u00e1 dirigirse a la Autoridad de Control competente para presentar la reclamaci\u00f3n que considere oportuna.<\/p>\n<p>La confirmaci\u00f3n de la suscripci\u00f3n implica la aceptaci\u00f3n de esta cl\u00e1usula<\/p>\n","protected":false},"excerpt":{"rendered":"<p>CL\u00c1USULA PARA INTRODUCIR EN EL FORMULARIO WEB CON PUBLICIDAD De conformidad con lo establecido en la normativa vigente en Protecci\u00f3n [&hellip;]<\/p>\n","protected":false},"author":15,"featured_media":0,"parent":225,"menu_order":0,"comment_status":"closed","ping_status":"closed","template":"","meta":{"site-sidebar-layout":"default","site-content-layout":"","ast-site-content-layout":"","site-content-style":"default","site-sidebar-style":"default","ast-global-header-display":"","ast-banner-title-visibility":"","ast-main-header-display":"","ast-hfb-above-header-display":"","ast-hfb-below-header-display":"","ast-hfb-mobile-header-display":"","site-post-title":"","ast-breadcrumbs-content":"","ast-featured-img":"","footer-sml-layout":"","theme-transparent-header-meta":"","adv-header-id-meta":"","stick-header-meta":"","header-above-stick-meta":"","header-main-stick-meta":"","header-below-stick-meta":"","astra-migrate-meta-layouts":"default","ast-page-background-enabled":"default","ast-page-background-meta":{"desktop":{"background-color":"var(--ast-global-color-4)","background-image":"","background-repeat":"repeat","background-position":"center center","background-size":"auto","background-attachment":"scroll","background-type":"","background-media":"","overlay-type":"","overlay-color":"","overlay-opacity":"","overlay-gradient":""},"tablet":{"background-color":"","background-image":"","background-repeat":"repeat","background-position":"center center","background-size":"auto","background-attachment":"scroll","background-type":"","background-media":"","overlay-type":"","overlay-color":"","overlay-opacity":"","overlay-gradient":""},"mobile":{"background-color":"","background-image":"","background-repeat":"repeat","background-position":"center center","background-size":"auto","background-attachment":"scroll","background-type":"","background-media":"","overlay-type":"","overlay-color":"","overlay-opacity":"","overlay-gradient":""}},"ast-content-background-meta":{"desktop":{"background-color":"var(--ast-global-color-5)","background-image":"","background-repeat":"repeat","background-position":"center center","background-size":"auto","background-attachment":"scroll","background-type":"","background-media":"","overlay-type":"","overlay-color":"","overlay-opacity":"","overlay-gradient":""},"tablet":{"background-color":"var(--ast-global-color-5)","background-image":"","background-repeat":"repeat","background-position":"center center","background-size":"auto","background-attachment":"scroll","background-type":"","background-media":"","overlay-type":"","overlay-color":"","overlay-opacity":"","overlay-gradient":""},"mobile":{"background-color":"var(--ast-global-color-5)","background-image":"","background-repeat":"repeat","background-position":"center center","background-size":"auto","background-attachment":"scroll","background-type":"","background-media":"","overlay-type":"","overlay-color":"","overlay-opacity":"","overlay-gradient":""}},"footnotes":""},"class_list":["post-3756","page","type-page","status-publish","hentry"],"yoast_head":"<!-- This site is optimized with the Yoast SEO plugin v25.2 - https:\/\/yoast.com\/wordpress\/plugins\/seo\/ -->\n<title>Cl\u00e1usulas Legales | Perez de Vargas<\/title>\n<meta name=\"description\" content=\"Accede a nuestras cl\u00e1usulas legales. P\u00e9rez de Vargas garantiza el uso responsable y legal de su web conforme a la normativa vigente.\" \/>\n<meta name=\"robots\" content=\"noindex, follow\" \/>\n<meta property=\"og:locale\" content=\"es_ES\" \/>\n<meta property=\"og:type\" content=\"article\" \/>\n<meta property=\"og:title\" content=\"Cl\u00e1usulas Legales | Perez de Vargas\" \/>\n<meta property=\"og:description\" content=\"Accede a nuestras cl\u00e1usulas legales. P\u00e9rez de Vargas garantiza el uso responsable y legal de su web conforme a la normativa vigente.\" \/>\n<meta property=\"og:url\" content=\"https:\/\/perezdevargas.es\/es\/aviso-legal\/clausulas-legales\/\" \/>\n<meta property=\"og:site_name\" content=\"P\u00e9rez de Vargas\" \/>\n<meta property=\"article:publisher\" content=\"https:\/\/www.facebook.com\/perezdevargasabogados\/\" \/>\n<meta property=\"article:modified_time\" content=\"2025-04-14T11:25:41+00:00\" \/>\n<meta name=\"twitter:card\" content=\"summary_large_image\" \/>\n<meta name=\"twitter:label1\" content=\"Tiempo de lectura\" \/>\n\t<meta name=\"twitter:data1\" content=\"5 minutos\" \/>\n<script type=\"application\/ld+json\" class=\"yoast-schema-graph\">{\"@context\":\"https:\/\/schema.org\",\"@graph\":[{\"@type\":\"WebPage\",\"@id\":\"https:\/\/perezdevargas.es\/es\/aviso-legal\/clausulas-legales\/\",\"url\":\"https:\/\/perezdevargas.es\/es\/aviso-legal\/clausulas-legales\/\",\"name\":\"Cl\u00e1usulas Legales | Perez de Vargas\",\"isPartOf\":{\"@id\":\"https:\/\/perezdevargas.es\/es\/#website\"},\"datePublished\":\"2020-07-10T21:37:43+00:00\",\"dateModified\":\"2025-04-14T11:25:41+00:00\",\"description\":\"Accede a nuestras cl\u00e1usulas legales. P\u00e9rez de Vargas garantiza el uso responsable y legal de su web conforme a la normativa vigente.\",\"breadcrumb\":{\"@id\":\"https:\/\/perezdevargas.es\/es\/aviso-legal\/clausulas-legales\/#breadcrumb\"},\"inLanguage\":\"es\",\"potentialAction\":[{\"@type\":\"ReadAction\",\"target\":[\"https:\/\/perezdevargas.es\/es\/aviso-legal\/clausulas-legales\/\"]}]},{\"@type\":\"BreadcrumbList\",\"@id\":\"https:\/\/perezdevargas.es\/es\/aviso-legal\/clausulas-legales\/#breadcrumb\",\"itemListElement\":[{\"@type\":\"ListItem\",\"position\":1,\"name\":\"Portada\",\"item\":\"https:\/\/perezdevargas.es\/es\/\"},{\"@type\":\"ListItem\",\"position\":2,\"name\":\"Aviso Legal\",\"item\":\"https:\/\/perezdevargas.es\/es\/aviso-legal\/\"},{\"@type\":\"ListItem\",\"position\":3,\"name\":\"Cl\u00e1usulas Legales\"}]},{\"@type\":\"WebSite\",\"@id\":\"https:\/\/perezdevargas.es\/es\/#website\",\"url\":\"https:\/\/perezdevargas.es\/es\/\",\"name\":\"P\u00e9rez de Vargas\",\"description\":\"\",\"publisher\":{\"@id\":\"https:\/\/perezdevargas.es\/es\/#organization\"},\"potentialAction\":[{\"@type\":\"SearchAction\",\"target\":{\"@type\":\"EntryPoint\",\"urlTemplate\":\"https:\/\/perezdevargas.es\/es\/?s={search_term_string}\"},\"query-input\":{\"@type\":\"PropertyValueSpecification\",\"valueRequired\":true,\"valueName\":\"search_term_string\"}}],\"inLanguage\":\"es\"},{\"@type\":\"Organization\",\"@id\":\"https:\/\/perezdevargas.es\/es\/#organization\",\"name\":\"P\u00e9rez de Vargas\",\"url\":\"https:\/\/perezdevargas.es\/es\/\",\"logo\":{\"@type\":\"ImageObject\",\"inLanguage\":\"es\",\"@id\":\"https:\/\/perezdevargas.es\/es\/#\/schema\/logo\/image\/\",\"url\":\"https:\/\/perezdevargas.es\/wp-content\/uploads\/2025\/04\/Diseno-sin-titulo-91-1.jpg\",\"contentUrl\":\"https:\/\/perezdevargas.es\/wp-content\/uploads\/2025\/04\/Diseno-sin-titulo-91-1.jpg\",\"width\":500,\"height\":500,\"caption\":\"P\u00e9rez de Vargas\"},\"image\":{\"@id\":\"https:\/\/perezdevargas.es\/es\/#\/schema\/logo\/image\/\"},\"sameAs\":[\"https:\/\/www.facebook.com\/perezdevargasabogados\/\",\"https:\/\/www.instagram.com\/perezdevargasabogados\/\"]}]}<\/script>\n<!-- \/ Yoast SEO plugin. -->","yoast_head_json":{"title":"Cl\u00e1usulas Legales | Perez de Vargas","description":"Accede a nuestras cl\u00e1usulas legales. P\u00e9rez de Vargas garantiza el uso responsable y legal de su web conforme a la normativa vigente.","robots":{"index":"noindex","follow":"follow"},"og_locale":"es_ES","og_type":"article","og_title":"Cl\u00e1usulas Legales | Perez de Vargas","og_description":"Accede a nuestras cl\u00e1usulas legales. P\u00e9rez de Vargas garantiza el uso responsable y legal de su web conforme a la normativa vigente.","og_url":"https:\/\/perezdevargas.es\/es\/aviso-legal\/clausulas-legales\/","og_site_name":"P\u00e9rez de Vargas","article_publisher":"https:\/\/www.facebook.com\/perezdevargasabogados\/","article_modified_time":"2025-04-14T11:25:41+00:00","twitter_card":"summary_large_image","twitter_misc":{"Tiempo de lectura":"5 minutos"},"schema":{"@context":"https:\/\/schema.org","@graph":[{"@type":"WebPage","@id":"https:\/\/perezdevargas.es\/es\/aviso-legal\/clausulas-legales\/","url":"https:\/\/perezdevargas.es\/es\/aviso-legal\/clausulas-legales\/","name":"Cl\u00e1usulas Legales | Perez de Vargas","isPartOf":{"@id":"https:\/\/perezdevargas.es\/es\/#website"},"datePublished":"2020-07-10T21:37:43+00:00","dateModified":"2025-04-14T11:25:41+00:00","description":"Accede a nuestras cl\u00e1usulas legales. P\u00e9rez de Vargas garantiza el uso responsable y legal de su web conforme a la normativa vigente.","breadcrumb":{"@id":"https:\/\/perezdevargas.es\/es\/aviso-legal\/clausulas-legales\/#breadcrumb"},"inLanguage":"es","potentialAction":[{"@type":"ReadAction","target":["https:\/\/perezdevargas.es\/es\/aviso-legal\/clausulas-legales\/"]}]},{"@type":"BreadcrumbList","@id":"https:\/\/perezdevargas.es\/es\/aviso-legal\/clausulas-legales\/#breadcrumb","itemListElement":[{"@type":"ListItem","position":1,"name":"Portada","item":"https:\/\/perezdevargas.es\/es\/"},{"@type":"ListItem","position":2,"name":"Aviso Legal","item":"https:\/\/perezdevargas.es\/es\/aviso-legal\/"},{"@type":"ListItem","position":3,"name":"Cl\u00e1usulas Legales"}]},{"@type":"WebSite","@id":"https:\/\/perezdevargas.es\/es\/#website","url":"https:\/\/perezdevargas.es\/es\/","name":"P\u00e9rez de Vargas","description":"","publisher":{"@id":"https:\/\/perezdevargas.es\/es\/#organization"},"potentialAction":[{"@type":"SearchAction","target":{"@type":"EntryPoint","urlTemplate":"https:\/\/perezdevargas.es\/es\/?s={search_term_string}"},"query-input":{"@type":"PropertyValueSpecification","valueRequired":true,"valueName":"search_term_string"}}],"inLanguage":"es"},{"@type":"Organization","@id":"https:\/\/perezdevargas.es\/es\/#organization","name":"P\u00e9rez de Vargas","url":"https:\/\/perezdevargas.es\/es\/","logo":{"@type":"ImageObject","inLanguage":"es","@id":"https:\/\/perezdevargas.es\/es\/#\/schema\/logo\/image\/","url":"https:\/\/perezdevargas.es\/wp-content\/uploads\/2025\/04\/Diseno-sin-titulo-91-1.jpg","contentUrl":"https:\/\/perezdevargas.es\/wp-content\/uploads\/2025\/04\/Diseno-sin-titulo-91-1.jpg","width":500,"height":500,"caption":"P\u00e9rez de Vargas"},"image":{"@id":"https:\/\/perezdevargas.es\/es\/#\/schema\/logo\/image\/"},"sameAs":["https:\/\/www.facebook.com\/perezdevargasabogados\/","https:\/\/www.instagram.com\/perezdevargasabogados\/"]}]}},"_links":{"self":[{"href":"https:\/\/perezdevargas.es\/es\/wp-json\/wp\/v2\/pages\/3756","targetHints":{"allow":["GET"]}}],"collection":[{"href":"https:\/\/perezdevargas.es\/es\/wp-json\/wp\/v2\/pages"}],"about":[{"href":"https:\/\/perezdevargas.es\/es\/wp-json\/wp\/v2\/types\/page"}],"author":[{"embeddable":true,"href":"https:\/\/perezdevargas.es\/es\/wp-json\/wp\/v2\/users\/15"}],"replies":[{"embeddable":true,"href":"https:\/\/perezdevargas.es\/es\/wp-json\/wp\/v2\/comments?post=3756"}],"version-history":[{"count":3,"href":"https:\/\/perezdevargas.es\/es\/wp-json\/wp\/v2\/pages\/3756\/revisions"}],"predecessor-version":[{"id":3759,"href":"https:\/\/perezdevargas.es\/es\/wp-json\/wp\/v2\/pages\/3756\/revisions\/3759"}],"up":[{"embeddable":true,"href":"https:\/\/perezdevargas.es\/es\/wp-json\/wp\/v2\/pages\/225"}],"wp:attachment":[{"href":"https:\/\/perezdevargas.es\/es\/wp-json\/wp\/v2\/media?parent=3756"}],"curies":[{"name":"wp","href":"https:\/\/api.w.org\/{rel}","templated":true}]}}