{"id":9182,"date":"2022-04-11T18:16:01","date_gmt":"2022-04-11T18:16:01","guid":{"rendered":"https:\/\/perezdevargas.es\/?page_id=9182"},"modified":"2022-08-10T13:46:15","modified_gmt":"2022-08-10T13:46:15","slug":"mapa-web","status":"publish","type":"page","link":"https:\/\/perezdevargas.es\/es\/mapa-web\/","title":{"rendered":"Mapa web"},"content":{"rendered":"<p>[wp_sitemap_page only=\u00bbpage\u00bb]<br \/>\n[wp_sitemap_page only=\u00bbpost\u00bb]<\/p>\n<h2>Archivos informativos<\/h2>\n<ul>\n<li id=\"isPasted\"><a href=\"https:\/\/perezdevargas.es\/wp-content\/uploads\/2020\/03\/BOE-A-2020-3692.pdf\" target=\"_blank\" rel=\"noopener noreferrer\">BOLET\u00cdN OFICIAL DEL ESTADO 67<\/a><\/li>\n<li id=\"isPasted\"><a href=\"https:\/\/perezdevargas.es\/wp-content\/uploads\/2020\/03\/BOE-A-2020-3824.pdf\" target=\"_blank\" rel=\"noopener noreferrer\">BOLET\u00cdN OFICIAL DEL ESTADO 73<\/a><\/li>\n<li><a href=\"https:\/\/perezdevargas.es\/wp-content\/uploads\/2020\/03\/DECRETO-29-3-20-BOE-A-2020-4166.pdf\" target=\"_blank\" rel=\"noopener noreferrer\">BOLET\u00cdN OFICIAL DEL ESTADO 87<\/a><\/li>\n<li><a href=\"https:\/\/perezdevargas.es\/wp-content\/uploads\/2020\/04\/ACUERDO-11-1-CP-14032020-2.pdf\" target=\"_blank\" rel=\"noopener noreferrer\">ACUERDO-11-1-CP-14032020-2<\/a><\/li>\n<li><a href=\"https:\/\/perezdevargas.es\/wp-content\/uploads\/2020\/04\/BOE-A-2020-4554.pdf\">BOLET\u00cdN OFICIAL DEL ESTADO 112<\/a><\/li>\n<li><a href=\"https:\/\/perezdevargas.es\/wp-content\/uploads\/2020\/04\/BOE_340_20_suspenden_determinadas-actividades_perezdevargas_covid.pdf\" target=\"_blank\" rel=\"noopener noreferrer\">BOLET\u00cdN OFICIAL DEL ESTADO 91<\/a><\/li>\n<li><a href=\"https:\/\/perezdevargas.es\/wp-content\/uploads\/2020\/06\/Decreto-ley_14-2020_BOJA-liquidacion-IS-y-ITP-AJD_estado_de_alarma.pdf\" target=\"_blank\" rel=\"noopener noreferrer\">DECRETO LEY 14-2020 BOJA LIQUIDACION IS Y ITP AJD ESTADO DE ALARMA<\/a><\/li>\n<li><a href=\"https:\/\/perezdevargas.es\/wp-content\/uploads\/2020\/12\/Ocho-abogados-de-Malaga-entre-los-mas-reputados-de-Espana-_-Diario-Sur.pdf\" target=\"_blank\" rel=\"noopener noreferrer\">OCHO ABOGADOS DE M\u00c1LAGA, ENTRE LOS M\u00c1S REPUTADOS DE ESPA\u00d1A<br \/>\n<\/a><\/li>\n<li><a href=\"https:\/\/perezdevargas.es\/wp-content\/uploads\/2021\/04\/BOJA21-537-00005-7228-01_00191116-baja-itp-2021-covid.pdf\" target=\"_blank\" rel=\"noopener noreferrer\">CONSEJER\u00cdA DE HACIENDA Y FINANCIACI\u00d3N EUROPEA<br \/>\n<\/a><\/li>\n<li><a href=\"https:\/\/perezdevargas.es\/wp-content\/uploads\/2021\/05\/BOE-A-2021-7351.pdf\" target=\"_blank\" rel=\"noopener noreferrer\">BOLET\u00cdN OFICIAL DEL ESTADO 107<\/a><\/li>\n<li><a href=\"https:\/\/perezdevargas.es\/wp-content\/uploads\/2021\/09\/Decreto-Ley-14-21.pdf\" target=\"_blank\" rel=\"noopener noreferrer\">DECRETO LEY 14 21<\/a><\/li>\n<li><a href=\"https:\/\/perezdevargas.es\/wp-content\/uploads\/2021\/10\/NOTA-INFORMATIVA-No-99-2021.pdf\" target=\"_blank\" rel=\"noopener noreferrer\">NOTA INFORMATIVA N\u00ba 99\/2021<\/a><\/li>\n<li><a href=\"https:\/\/perezdevargas.es\/wp-content\/uploads\/2021\/11\/BOE-A-2021-18276.pdf\" target=\"_blank\" rel=\"noopener noreferrer\">BOLET\u00cdN OFICIAL DEL ESTADO 268<\/a><\/li>\n<\/ul>\n","protected":false},"excerpt":{"rendered":"<p>[wp_sitemap_page only=\u00bbpage\u00bb] [wp_sitemap_page only=\u00bbpost\u00bb] Archivos informativos BOLET\u00cdN OFICIAL DEL ESTADO 67 BOLET\u00cdN OFICIAL DEL ESTADO 73 BOLET\u00cdN OFICIAL DEL ESTADO [&hellip;]<\/p>\n","protected":false},"author":15,"featured_media":0,"parent":0,"menu_order":0,"comment_status":"closed","ping_status":"closed","template":"","meta":{"site-sidebar-layout":"default","site-content-layout":"","ast-site-content-layout":"","site-content-style":"default","site-sidebar-style":"default","ast-global-header-display":"","ast-banner-title-visibility":"","ast-main-header-display":"","ast-hfb-above-header-display":"","ast-hfb-below-header-display":"","ast-hfb-mobile-header-display":"","site-post-title":"","ast-breadcrumbs-content":"","ast-featured-img":"","footer-sml-layout":"","theme-transparent-header-meta":"","adv-header-id-meta":"","stick-header-meta":"","header-above-stick-meta":"","header-main-stick-meta":"","header-below-stick-meta":"","astra-migrate-meta-layouts":"default","ast-page-background-enabled":"default","ast-page-background-meta":{"desktop":{"background-color":"var(--ast-global-color-4)","background-image":"","background-repeat":"repeat","background-position":"center center","background-size":"auto","background-attachment":"scroll","background-type":"","background-media":"","overlay-type":"","overlay-color":"","overlay-opacity":"","overlay-gradient":""},"tablet":{"background-color":"","background-image":"","background-repeat":"repeat","background-position":"center center","background-size":"auto","background-attachment":"scroll","background-type":"","background-media":"","overlay-type":"","overlay-color":"","overlay-opacity":"","overlay-gradient":""},"mobile":{"background-color":"","background-image":"","background-repeat":"repeat","background-position":"center center","background-size":"auto","background-attachment":"scroll","background-type":"","background-media":"","overlay-type":"","overlay-color":"","overlay-opacity":"","overlay-gradient":""}},"ast-content-background-meta":{"desktop":{"background-color":"var(--ast-global-color-5)","background-image":"","background-repeat":"repeat","background-position":"center center","background-size":"auto","background-attachment":"scroll","background-type":"","background-media":"","overlay-type":"","overlay-color":"","overlay-opacity":"","overlay-gradient":""},"tablet":{"background-color":"var(--ast-global-color-5)","background-image":"","background-repeat":"repeat","background-position":"center center","background-size":"auto","background-attachment":"scroll","background-type":"","background-media":"","overlay-type":"","overlay-color":"","overlay-opacity":"","overlay-gradient":""},"mobile":{"background-color":"var(--ast-global-color-5)","background-image":"","background-repeat":"repeat","background-position":"center center","background-size":"auto","background-attachment":"scroll","background-type":"","background-media":"","overlay-type":"","overlay-color":"","overlay-opacity":"","overlay-gradient":""}},"footnotes":""},"class_list":["post-9182","page","type-page","status-publish","hentry"],"yoast_head":"<!-- This site is optimized with the Yoast SEO plugin v25.2 - https:\/\/yoast.com\/wordpress\/plugins\/seo\/ -->\n<title>\u2705Mapa web | P\u00e9rez de Vargas<\/title>\n<meta name=\"description\" content=\"\u25b6\ufe0fArchivos informativos BOLET\u00cdN OFICIAL DEL ESTADO 67 BOLET\u00cdN OFICIAL DEL ESTADO 73 BOLET\u00cdN OFICIAL DEL ESTADO 87 ACUERDO-11-1-CP-14032020-2 BOLET\u00cdN OFICIAL \u261d\" \/>\n<meta name=\"robots\" content=\"noindex, follow\" \/>\n<meta property=\"og:locale\" content=\"es_ES\" \/>\n<meta property=\"og:type\" content=\"article\" \/>\n<meta property=\"og:title\" content=\"\u2705Mapa web | P\u00e9rez de Vargas\" \/>\n<meta property=\"og:description\" content=\"\u25b6\ufe0fArchivos informativos BOLET\u00cdN OFICIAL DEL ESTADO 67 BOLET\u00cdN OFICIAL DEL ESTADO 73 BOLET\u00cdN OFICIAL DEL ESTADO 87 ACUERDO-11-1-CP-14032020-2 BOLET\u00cdN OFICIAL \u261d\" \/>\n<meta property=\"og:url\" content=\"https:\/\/perezdevargas.es\/es\/mapa-web\/\" \/>\n<meta property=\"og:site_name\" content=\"P\u00e9rez de Vargas\" \/>\n<meta property=\"article:publisher\" content=\"https:\/\/www.facebook.com\/perezdevargasabogados\/\" \/>\n<meta property=\"article:modified_time\" content=\"2022-08-10T13:46:15+00:00\" \/>\n<meta name=\"twitter:card\" content=\"summary_large_image\" \/>\n<meta name=\"twitter:label1\" content=\"Tiempo de lectura\" \/>\n\t<meta name=\"twitter:data1\" content=\"1 minuto\" \/>\n<script type=\"application\/ld+json\" class=\"yoast-schema-graph\">{\"@context\":\"https:\/\/schema.org\",\"@graph\":[{\"@type\":\"WebPage\",\"@id\":\"https:\/\/perezdevargas.es\/es\/mapa-web\/\",\"url\":\"https:\/\/perezdevargas.es\/es\/mapa-web\/\",\"name\":\"\u2705Mapa web | P\u00e9rez de Vargas\",\"isPartOf\":{\"@id\":\"https:\/\/perezdevargas.es\/es\/#website\"},\"datePublished\":\"2022-04-11T18:16:01+00:00\",\"dateModified\":\"2022-08-10T13:46:15+00:00\",\"description\":\"\u25b6\ufe0fArchivos informativos BOLET\u00cdN OFICIAL DEL ESTADO 67 BOLET\u00cdN OFICIAL DEL ESTADO 73 BOLET\u00cdN OFICIAL DEL ESTADO 87 ACUERDO-11-1-CP-14032020-2 BOLET\u00cdN OFICIAL \u261d\",\"breadcrumb\":{\"@id\":\"https:\/\/perezdevargas.es\/es\/mapa-web\/#breadcrumb\"},\"inLanguage\":\"es\",\"potentialAction\":[{\"@type\":\"ReadAction\",\"target\":[\"https:\/\/perezdevargas.es\/es\/mapa-web\/\"]}]},{\"@type\":\"BreadcrumbList\",\"@id\":\"https:\/\/perezdevargas.es\/es\/mapa-web\/#breadcrumb\",\"itemListElement\":[{\"@type\":\"ListItem\",\"position\":1,\"name\":\"Portada\",\"item\":\"https:\/\/perezdevargas.es\/es\/\"},{\"@type\":\"ListItem\",\"position\":2,\"name\":\"Mapa web\"}]},{\"@type\":\"WebSite\",\"@id\":\"https:\/\/perezdevargas.es\/es\/#website\",\"url\":\"https:\/\/perezdevargas.es\/es\/\",\"name\":\"P\u00e9rez de Vargas\",\"description\":\"\",\"publisher\":{\"@id\":\"https:\/\/perezdevargas.es\/es\/#organization\"},\"potentialAction\":[{\"@type\":\"SearchAction\",\"target\":{\"@type\":\"EntryPoint\",\"urlTemplate\":\"https:\/\/perezdevargas.es\/es\/?s={search_term_string}\"},\"query-input\":{\"@type\":\"PropertyValueSpecification\",\"valueRequired\":true,\"valueName\":\"search_term_string\"}}],\"inLanguage\":\"es\"},{\"@type\":\"Organization\",\"@id\":\"https:\/\/perezdevargas.es\/es\/#organization\",\"name\":\"P\u00e9rez de Vargas\",\"url\":\"https:\/\/perezdevargas.es\/es\/\",\"logo\":{\"@type\":\"ImageObject\",\"inLanguage\":\"es\",\"@id\":\"https:\/\/perezdevargas.es\/es\/#\/schema\/logo\/image\/\",\"url\":\"https:\/\/perezdevargas.es\/wp-content\/uploads\/2025\/04\/Diseno-sin-titulo-91-1.jpg\",\"contentUrl\":\"https:\/\/perezdevargas.es\/wp-content\/uploads\/2025\/04\/Diseno-sin-titulo-91-1.jpg\",\"width\":500,\"height\":500,\"caption\":\"P\u00e9rez de Vargas\"},\"image\":{\"@id\":\"https:\/\/perezdevargas.es\/es\/#\/schema\/logo\/image\/\"},\"sameAs\":[\"https:\/\/www.facebook.com\/perezdevargasabogados\/\",\"https:\/\/www.instagram.com\/perezdevargasabogados\/\"]}]}<\/script>\n<!-- \/ Yoast SEO plugin. -->","yoast_head_json":{"title":"\u2705Mapa web | P\u00e9rez de Vargas","description":"\u25b6\ufe0fArchivos informativos BOLET\u00cdN OFICIAL DEL ESTADO 67 BOLET\u00cdN OFICIAL DEL ESTADO 73 BOLET\u00cdN OFICIAL DEL ESTADO 87 ACUERDO-11-1-CP-14032020-2 BOLET\u00cdN OFICIAL \u261d","robots":{"index":"noindex","follow":"follow"},"og_locale":"es_ES","og_type":"article","og_title":"\u2705Mapa web | P\u00e9rez de Vargas","og_description":"\u25b6\ufe0fArchivos informativos BOLET\u00cdN OFICIAL DEL ESTADO 67 BOLET\u00cdN OFICIAL DEL ESTADO 73 BOLET\u00cdN OFICIAL DEL ESTADO 87 ACUERDO-11-1-CP-14032020-2 BOLET\u00cdN OFICIAL \u261d","og_url":"https:\/\/perezdevargas.es\/es\/mapa-web\/","og_site_name":"P\u00e9rez de Vargas","article_publisher":"https:\/\/www.facebook.com\/perezdevargasabogados\/","article_modified_time":"2022-08-10T13:46:15+00:00","twitter_card":"summary_large_image","twitter_misc":{"Tiempo de lectura":"1 minuto"},"schema":{"@context":"https:\/\/schema.org","@graph":[{"@type":"WebPage","@id":"https:\/\/perezdevargas.es\/es\/mapa-web\/","url":"https:\/\/perezdevargas.es\/es\/mapa-web\/","name":"\u2705Mapa web | P\u00e9rez de Vargas","isPartOf":{"@id":"https:\/\/perezdevargas.es\/es\/#website"},"datePublished":"2022-04-11T18:16:01+00:00","dateModified":"2022-08-10T13:46:15+00:00","description":"\u25b6\ufe0fArchivos informativos BOLET\u00cdN OFICIAL DEL ESTADO 67 BOLET\u00cdN OFICIAL DEL ESTADO 73 BOLET\u00cdN OFICIAL DEL ESTADO 87 ACUERDO-11-1-CP-14032020-2 BOLET\u00cdN OFICIAL \u261d","breadcrumb":{"@id":"https:\/\/perezdevargas.es\/es\/mapa-web\/#breadcrumb"},"inLanguage":"es","potentialAction":[{"@type":"ReadAction","target":["https:\/\/perezdevargas.es\/es\/mapa-web\/"]}]},{"@type":"BreadcrumbList","@id":"https:\/\/perezdevargas.es\/es\/mapa-web\/#breadcrumb","itemListElement":[{"@type":"ListItem","position":1,"name":"Portada","item":"https:\/\/perezdevargas.es\/es\/"},{"@type":"ListItem","position":2,"name":"Mapa web"}]},{"@type":"WebSite","@id":"https:\/\/perezdevargas.es\/es\/#website","url":"https:\/\/perezdevargas.es\/es\/","name":"P\u00e9rez de Vargas","description":"","publisher":{"@id":"https:\/\/perezdevargas.es\/es\/#organization"},"potentialAction":[{"@type":"SearchAction","target":{"@type":"EntryPoint","urlTemplate":"https:\/\/perezdevargas.es\/es\/?s={search_term_string}"},"query-input":{"@type":"PropertyValueSpecification","valueRequired":true,"valueName":"search_term_string"}}],"inLanguage":"es"},{"@type":"Organization","@id":"https:\/\/perezdevargas.es\/es\/#organization","name":"P\u00e9rez de Vargas","url":"https:\/\/perezdevargas.es\/es\/","logo":{"@type":"ImageObject","inLanguage":"es","@id":"https:\/\/perezdevargas.es\/es\/#\/schema\/logo\/image\/","url":"https:\/\/perezdevargas.es\/wp-content\/uploads\/2025\/04\/Diseno-sin-titulo-91-1.jpg","contentUrl":"https:\/\/perezdevargas.es\/wp-content\/uploads\/2025\/04\/Diseno-sin-titulo-91-1.jpg","width":500,"height":500,"caption":"P\u00e9rez de Vargas"},"image":{"@id":"https:\/\/perezdevargas.es\/es\/#\/schema\/logo\/image\/"},"sameAs":["https:\/\/www.facebook.com\/perezdevargasabogados\/","https:\/\/www.instagram.com\/perezdevargasabogados\/"]}]}},"_links":{"self":[{"href":"https:\/\/perezdevargas.es\/es\/wp-json\/wp\/v2\/pages\/9182","targetHints":{"allow":["GET"]}}],"collection":[{"href":"https:\/\/perezdevargas.es\/es\/wp-json\/wp\/v2\/pages"}],"about":[{"href":"https:\/\/perezdevargas.es\/es\/wp-json\/wp\/v2\/types\/page"}],"author":[{"embeddable":true,"href":"https:\/\/perezdevargas.es\/es\/wp-json\/wp\/v2\/users\/15"}],"replies":[{"embeddable":true,"href":"https:\/\/perezdevargas.es\/es\/wp-json\/wp\/v2\/comments?post=9182"}],"version-history":[{"count":3,"href":"https:\/\/perezdevargas.es\/es\/wp-json\/wp\/v2\/pages\/9182\/revisions"}],"predecessor-version":[{"id":10882,"href":"https:\/\/perezdevargas.es\/es\/wp-json\/wp\/v2\/pages\/9182\/revisions\/10882"}],"wp:attachment":[{"href":"https:\/\/perezdevargas.es\/es\/wp-json\/wp\/v2\/media?parent=9182"}],"curies":[{"name":"wp","href":"https:\/\/api.w.org\/{rel}","templated":true}]}}