{"id":257,"date":"2018-01-17T15:50:15","date_gmt":"2018-01-17T15:50:15","guid":{"rendered":"http:\/\/public.kiboserver.com\/perezdevargas\/mas-info\/"},"modified":"2024-11-14T16:17:18","modified_gmt":"2024-11-14T16:17:18","slug":"mas-info","status":"publish","type":"page","link":"https:\/\/perezdevargas.es\/fr\/mas-info\/","title":{"rendered":"Avis legal"},"content":{"rendered":"\n<p><strong>Aviso Legal :<\/strong> Le site web <a href=\"http:\/\/www.perezdevargas.com\">www.perezdevargas.com<\/a> est la propri\u00e9t\u00e9 de <strong>P\u00e9rez de Vargas Abogados, S.L.<\/strong>, une soci\u00e9t\u00e9 de nationalit\u00e9 espagnole, dont le si\u00e8ge social est situ\u00e9 \u00e0 <strong>C\/ Real, 97-99, 3\u00e8me \u00e9tage, Estepona, Malaga<\/strong> et immatricul\u00e9e sous le C.I.F. n\u00ba <strong>B-29549979<\/strong>. La pr\u00e9sente \u00ab\u00a0Mentions L\u00e9gales\u00a0\u00bb a pour objectif de r\u00e9gir l&rsquo;utilisation de ce site web par les utilisateurs d&rsquo;Internet. En acc\u00e9dant \u00e0 ce site web, l&rsquo;utilisateur accepte d&rsquo;avoir lu et accept\u00e9 les pr\u00e9sentes conditions. Il est recommand\u00e9 \u00e0 l&rsquo;utilisateur de lire ces Mentions L\u00e9gales \u00e0 chaque acc\u00e8s au site.<\/p>\n\n\n\n<h3 class=\"wp-block-heading\">1.- Conditions d\u2019utilisation du site perezdevargas.com<\/h3>\n\n\n\n<p><strong>1.1.-<\/strong> Ce site contient des outils et du mat\u00e9riel juridique, tous deux \u00e9labor\u00e9s par <strong>P\u00e9rez de Vargas Abogados<\/strong> dans le but unique de fournir des informations aux utilisateurs. Ces documents ne remplacent en aucun cas les conseils juridiques personnalis\u00e9s que pourrait n\u00e9cessiter chaque cas particulier, et l&rsquo;utilisateur doit \u00eatre conscient que chaque situation n\u00e9cessite des conseils sp\u00e9cifiques. Ce mat\u00e9riel et ces outils peuvent \u00eatre modifi\u00e9s, mis \u00e0 jour ou supprim\u00e9s sans pr\u00e9avis. Par ailleurs, la configuration, l&rsquo;apparence et le design du site peuvent \u00e9galement \u00eatre modifi\u00e9s sans pr\u00e9avis.<\/p>\n\n\n\n<p><strong>1.2.-<\/strong> L&rsquo;acc\u00e8s au mat\u00e9riel de ce site ne cr\u00e9e aucune relation entre P\u00e9rez de Vargas Abogados et l&rsquo;utilisateur. Par cons\u00e9quent, l&rsquo;utilisateur ne doit prendre aucune d\u00e9cision ni entreprendre aucune action sur la seule base des informations contenues sur le site sans un conseil professionnel pr\u00e9alable et personnalis\u00e9.<\/p>\n\n\n\n<p><strong>1.3.-<\/strong> Si un utilisateur souhaite cr\u00e9er un lien vers le site <strong><a href=\"http:\/\/www.perezdevargas.com\">www.perezdevargas.com<\/a><\/strong>, il doit obtenir une autorisation \u00e9crite pr\u00e9alable de P\u00e9rez de Vargas Abogados, S.L.<\/p>\n\n\n\n<p><strong>1.4.-<\/strong> L&rsquo;acc\u00e8s et l&rsquo;utilisation de ce site sont gratuits, \u00e0 l&rsquo;exception des co\u00fbts de connexion internet pour l&rsquo;utilisateur, fournis par son fournisseur d&rsquo;acc\u00e8s.<\/p>\n\n\n\n<p><strong>1.5.-<\/strong> L&rsquo;utilisateur est tenu d&rsquo;utiliser ce site de mani\u00e8re appropri\u00e9e. Toute utilisation visant \u00e0 porter atteinte aux biens ou int\u00e9r\u00eats de P\u00e9rez de Vargas Abogados ou de tiers est express\u00e9ment interdite, ainsi que toute action susceptible de surcharger, d\u2019endommager ou de rendre inutilisables les r\u00e9seaux, serveurs, \u00e9quipements et applications informatiques de P\u00e9rez de Vargas Abogados ou de tiers.<\/p>\n\n\n\n<h3 class=\"wp-block-heading\">2.- Exon\u00e9ration de responsabilit\u00e9<\/h3>\n\n\n\n<p><strong>2.1.-<\/strong> P\u00e9rez de Vargas Abogados utilise des mesures raisonnables de pr\u00e9vention contre les virus. Cependant, l\u2019utilisateur doit \u00eatre conscient qu\u2019aucune mesure ne peut garantir l&rsquo;absence de virus. P\u00e9rez de Vargas Abogados ne peut \u00eatre tenu responsable de tout dommage que l\u2019utilisateur pourrait subir dans ses syst\u00e8mes informatiques ou fichiers \u00e9lectroniques.<\/p>\n\n\n\n<p><strong>2.2.-<\/strong> Ce site contient des liens vers d\u2019autres sites appartenant et g\u00e9r\u00e9s par des tiers, sans qu&rsquo;il n&rsquo;existe d\u2019accord entre P\u00e9rez de Vargas Abogados et leurs responsables. Ces liens ne constituent ni une recommandation ni une approbation des contenus. P\u00e9rez de Vargas Abogados d\u00e9cline toute responsabilit\u00e9 pour tout dommage caus\u00e9 par l\u2019ill\u00e9galit\u00e9, le manque de qualit\u00e9, ou l\u2019indisponibilit\u00e9 de ces contenus.<\/p>\n\n\n\n<p><strong>2.3.-<\/strong> P\u00e9rez de Vargas Abogados d\u00e9cline toute responsabilit\u00e9 pour les dommages subis par les actions entreprises par l\u2019utilisateur sans avoir consult\u00e9 au pr\u00e9alable un professionnel de P\u00e9rez de Vargas Abogados.<\/p>\n\n\n\n<p><strong>2.4.-<\/strong> P\u00e9rez de Vargas Abogados n&rsquo;est pas responsable des dommages que l\u2019utilisateur pourrait subir en cas de d\u00e9faillances dans les r\u00e9seaux de t\u00e9l\u00e9communications provoquant la suspension ou interruption du service.<\/p>\n\n\n\n<h3 class=\"wp-block-heading\">3.- Donn\u00e9es personnelles<\/h3>\n\n\n\n<p>L&rsquo;utilisation simple de ce site n&rsquo;implique aucun enregistrement de donn\u00e9es personnelles. Si des donn\u00e9es sont demand\u00e9es, P\u00e9rez de Vargas Abogados fournira les informations n\u00e9cessaires pour obtenir le consentement pr\u00e9alable.<\/p>\n\n\n\n<h3 class=\"wp-block-heading\">4.- Droit applicable<\/h3>\n\n\n\n<p>Les pr\u00e9sentes Conditions G\u00e9n\u00e9rales sont r\u00e9gies par la loi espagnole.<\/p>\n\n\n\n<h3 class=\"wp-block-heading\">5.- Contact<\/h3>\n\n\n\n<p>Pour toute question, veuillez \u00e9crire \u00e0 <a>info@perezdevargas.com<\/a>. Copyright \u00a9 2012 P\u00e9rez de Vargas Abogados. Tous droits r\u00e9serv\u00e9s.<\/p>\n","protected":false},"excerpt":{"rendered":"<p>Aviso Legal : Le site web www.perezdevargas.com est la propri\u00e9t\u00e9 de P\u00e9rez de Vargas Abogados, S.L., une soci\u00e9t\u00e9 de nationalit\u00e9 [&hellip;]<\/p>\n","protected":false},"author":15,"featured_media":0,"parent":0,"menu_order":0,"comment_status":"closed","ping_status":"closed","template":"","meta":{"site-sidebar-layout":"default","site-content-layout":"","ast-site-content-layout":"","site-content-style":"default","site-sidebar-style":"default","ast-global-header-display":"","ast-banner-title-visibility":"","ast-main-header-display":"","ast-hfb-above-header-display":"","ast-hfb-below-header-display":"","ast-hfb-mobile-header-display":"","site-post-title":"","ast-breadcrumbs-content":"","ast-featured-img":"","footer-sml-layout":"","theme-transparent-header-meta":"","adv-header-id-meta":"","stick-header-meta":"","header-above-stick-meta":"","header-main-stick-meta":"","header-below-stick-meta":"","astra-migrate-meta-layouts":"default","ast-page-background-enabled":"default","ast-page-background-meta":{"desktop":{"background-color":"var(--ast-global-color-4)","background-image":"","background-repeat":"repeat","background-position":"center center","background-size":"auto","background-attachment":"scroll","background-type":"","background-media":"","overlay-type":"","overlay-color":"","overlay-opacity":"","overlay-gradient":""},"tablet":{"background-color":"","background-image":"","background-repeat":"repeat","background-position":"center center","background-size":"auto","background-attachment":"scroll","background-type":"","background-media":"","overlay-type":"","overlay-color":"","overlay-opacity":"","overlay-gradient":""},"mobile":{"background-color":"","background-image":"","background-repeat":"repeat","background-position":"center center","background-size":"auto","background-attachment":"scroll","background-type":"","background-media":"","overlay-type":"","overlay-color":"","overlay-opacity":"","overlay-gradient":""}},"ast-content-background-meta":{"desktop":{"background-color":"var(--ast-global-color-5)","background-image":"","background-repeat":"repeat","background-position":"center center","background-size":"auto","background-attachment":"scroll","background-type":"","background-media":"","overlay-type":"","overlay-color":"","overlay-opacity":"","overlay-gradient":""},"tablet":{"background-color":"var(--ast-global-color-5)","background-image":"","background-repeat":"repeat","background-position":"center center","background-size":"auto","background-attachment":"scroll","background-type":"","background-media":"","overlay-type":"","overlay-color":"","overlay-opacity":"","overlay-gradient":""},"mobile":{"background-color":"var(--ast-global-color-5)","background-image":"","background-repeat":"repeat","background-position":"center center","background-size":"auto","background-attachment":"scroll","background-type":"","background-media":"","overlay-type":"","overlay-color":"","overlay-opacity":"","overlay-gradient":""}},"footnotes":""},"class_list":["post-257","page","type-page","status-publish","hentry"],"yoast_head":"<!-- This site is optimized with the Yoast SEO plugin v25.2 - https:\/\/yoast.com\/wordpress\/plugins\/seo\/ -->\n<title>Avis legal | P\u00e9rez de Vargas \u2705 \u2b50 \u260e\ufe0f<\/title>\n<meta name=\"description\" content=\"Aviso Legal : Le site web www.perezdevargas.com est la propri\u00e9t\u00e9 de P\u00e9rez de Vargas Abogados, S.L., une soci\u00e9t\u00e9 de nationalit\u00e9 espagnole, dont le si\u00e8ge \u2705 \u2b50 \u260e\ufe0f\" \/>\n<meta name=\"robots\" content=\"noindex, follow\" \/>\n<meta property=\"og:locale\" content=\"fr_FR\" \/>\n<meta property=\"og:type\" content=\"article\" \/>\n<meta property=\"og:title\" content=\"Avis legal | P\u00e9rez de Vargas \u2705 \u2b50 \u260e\ufe0f\" \/>\n<meta property=\"og:description\" content=\"Aviso Legal : Le site web www.perezdevargas.com est la propri\u00e9t\u00e9 de P\u00e9rez de Vargas Abogados, S.L., une soci\u00e9t\u00e9 de nationalit\u00e9 espagnole, dont le si\u00e8ge \u2705 \u2b50 \u260e\ufe0f\" \/>\n<meta property=\"og:url\" content=\"https:\/\/perezdevargas.es\/fr\/mas-info\/\" \/>\n<meta property=\"og:site_name\" content=\"P\u00e9rez de Vargas\" \/>\n<meta property=\"article:publisher\" content=\"https:\/\/www.facebook.com\/perezdevargasabogados\/\" \/>\n<meta property=\"article:modified_time\" content=\"2024-11-14T16:17:18+00:00\" \/>\n<meta name=\"twitter:card\" content=\"summary_large_image\" \/>\n<meta name=\"twitter:label1\" content=\"Dur\u00e9e de lecture estim\u00e9e\" \/>\n\t<meta name=\"twitter:data1\" content=\"3 minutes\" \/>\n<script type=\"application\/ld+json\" class=\"yoast-schema-graph\">{\"@context\":\"https:\/\/schema.org\",\"@graph\":[{\"@type\":\"WebPage\",\"@id\":\"https:\/\/perezdevargas.es\/fr\/mas-info\/\",\"url\":\"https:\/\/perezdevargas.es\/fr\/mas-info\/\",\"name\":\"Avis legal | P\u00e9rez de Vargas \u2705 \u2b50 \u260e\ufe0f\",\"isPartOf\":{\"@id\":\"https:\/\/perezdevargas.es\/fr\/#website\"},\"datePublished\":\"2018-01-17T15:50:15+00:00\",\"dateModified\":\"2024-11-14T16:17:18+00:00\",\"description\":\"Aviso Legal : Le site web www.perezdevargas.com est la propri\u00e9t\u00e9 de P\u00e9rez de Vargas Abogados, S.L., une soci\u00e9t\u00e9 de nationalit\u00e9 espagnole, dont le si\u00e8ge \u2705 \u2b50 \u260e\ufe0f\",\"breadcrumb\":{\"@id\":\"https:\/\/perezdevargas.es\/fr\/mas-info\/#breadcrumb\"},\"inLanguage\":\"fr-FR\",\"potentialAction\":[{\"@type\":\"ReadAction\",\"target\":[\"https:\/\/perezdevargas.es\/fr\/mas-info\/\"]}]},{\"@type\":\"BreadcrumbList\",\"@id\":\"https:\/\/perezdevargas.es\/fr\/mas-info\/#breadcrumb\",\"itemListElement\":[{\"@type\":\"ListItem\",\"position\":1,\"name\":\"Portada\",\"item\":\"https:\/\/perezdevargas.es\/fr\/\"},{\"@type\":\"ListItem\",\"position\":2,\"name\":\"Avis legal\"}]},{\"@type\":\"WebSite\",\"@id\":\"https:\/\/perezdevargas.es\/fr\/#website\",\"url\":\"https:\/\/perezdevargas.es\/fr\/\",\"name\":\"P\u00e9rez de Vargas\",\"description\":\"\",\"publisher\":{\"@id\":\"https:\/\/perezdevargas.es\/fr\/#organization\"},\"potentialAction\":[{\"@type\":\"SearchAction\",\"target\":{\"@type\":\"EntryPoint\",\"urlTemplate\":\"https:\/\/perezdevargas.es\/fr\/?s={search_term_string}\"},\"query-input\":{\"@type\":\"PropertyValueSpecification\",\"valueRequired\":true,\"valueName\":\"search_term_string\"}}],\"inLanguage\":\"fr-FR\"},{\"@type\":\"Organization\",\"@id\":\"https:\/\/perezdevargas.es\/fr\/#organization\",\"name\":\"P\u00e9rez de Vargas\",\"url\":\"https:\/\/perezdevargas.es\/fr\/\",\"logo\":{\"@type\":\"ImageObject\",\"inLanguage\":\"fr-FR\",\"@id\":\"https:\/\/perezdevargas.es\/fr\/#\/schema\/logo\/image\/\",\"url\":\"https:\/\/perezdevargas.es\/wp-content\/uploads\/2025\/04\/Diseno-sin-titulo-91-1.jpg\",\"contentUrl\":\"https:\/\/perezdevargas.es\/wp-content\/uploads\/2025\/04\/Diseno-sin-titulo-91-1.jpg\",\"width\":500,\"height\":500,\"caption\":\"P\u00e9rez de Vargas\"},\"image\":{\"@id\":\"https:\/\/perezdevargas.es\/fr\/#\/schema\/logo\/image\/\"},\"sameAs\":[\"https:\/\/www.facebook.com\/perezdevargasabogados\/\",\"https:\/\/www.instagram.com\/perezdevargasabogados\/\"]}]}<\/script>\n<!-- \/ Yoast SEO plugin. -->","yoast_head_json":{"title":"Avis legal | P\u00e9rez de Vargas \u2705 \u2b50 \u260e\ufe0f","description":"Aviso Legal : Le site web www.perezdevargas.com est la propri\u00e9t\u00e9 de P\u00e9rez de Vargas Abogados, S.L., une soci\u00e9t\u00e9 de nationalit\u00e9 espagnole, dont le si\u00e8ge \u2705 \u2b50 \u260e\ufe0f","robots":{"index":"noindex","follow":"follow"},"og_locale":"fr_FR","og_type":"article","og_title":"Avis legal | P\u00e9rez de Vargas \u2705 \u2b50 \u260e\ufe0f","og_description":"Aviso Legal : Le site web www.perezdevargas.com est la propri\u00e9t\u00e9 de P\u00e9rez de Vargas Abogados, S.L., une soci\u00e9t\u00e9 de nationalit\u00e9 espagnole, dont le si\u00e8ge \u2705 \u2b50 \u260e\ufe0f","og_url":"https:\/\/perezdevargas.es\/fr\/mas-info\/","og_site_name":"P\u00e9rez de Vargas","article_publisher":"https:\/\/www.facebook.com\/perezdevargasabogados\/","article_modified_time":"2024-11-14T16:17:18+00:00","twitter_card":"summary_large_image","twitter_misc":{"Dur\u00e9e de lecture estim\u00e9e":"3 minutes"},"schema":{"@context":"https:\/\/schema.org","@graph":[{"@type":"WebPage","@id":"https:\/\/perezdevargas.es\/fr\/mas-info\/","url":"https:\/\/perezdevargas.es\/fr\/mas-info\/","name":"Avis legal | P\u00e9rez de Vargas \u2705 \u2b50 \u260e\ufe0f","isPartOf":{"@id":"https:\/\/perezdevargas.es\/fr\/#website"},"datePublished":"2018-01-17T15:50:15+00:00","dateModified":"2024-11-14T16:17:18+00:00","description":"Aviso Legal : Le site web www.perezdevargas.com est la propri\u00e9t\u00e9 de P\u00e9rez de Vargas Abogados, S.L., une soci\u00e9t\u00e9 de nationalit\u00e9 espagnole, dont le si\u00e8ge \u2705 \u2b50 \u260e\ufe0f","breadcrumb":{"@id":"https:\/\/perezdevargas.es\/fr\/mas-info\/#breadcrumb"},"inLanguage":"fr-FR","potentialAction":[{"@type":"ReadAction","target":["https:\/\/perezdevargas.es\/fr\/mas-info\/"]}]},{"@type":"BreadcrumbList","@id":"https:\/\/perezdevargas.es\/fr\/mas-info\/#breadcrumb","itemListElement":[{"@type":"ListItem","position":1,"name":"Portada","item":"https:\/\/perezdevargas.es\/fr\/"},{"@type":"ListItem","position":2,"name":"Avis legal"}]},{"@type":"WebSite","@id":"https:\/\/perezdevargas.es\/fr\/#website","url":"https:\/\/perezdevargas.es\/fr\/","name":"P\u00e9rez de Vargas","description":"","publisher":{"@id":"https:\/\/perezdevargas.es\/fr\/#organization"},"potentialAction":[{"@type":"SearchAction","target":{"@type":"EntryPoint","urlTemplate":"https:\/\/perezdevargas.es\/fr\/?s={search_term_string}"},"query-input":{"@type":"PropertyValueSpecification","valueRequired":true,"valueName":"search_term_string"}}],"inLanguage":"fr-FR"},{"@type":"Organization","@id":"https:\/\/perezdevargas.es\/fr\/#organization","name":"P\u00e9rez de Vargas","url":"https:\/\/perezdevargas.es\/fr\/","logo":{"@type":"ImageObject","inLanguage":"fr-FR","@id":"https:\/\/perezdevargas.es\/fr\/#\/schema\/logo\/image\/","url":"https:\/\/perezdevargas.es\/wp-content\/uploads\/2025\/04\/Diseno-sin-titulo-91-1.jpg","contentUrl":"https:\/\/perezdevargas.es\/wp-content\/uploads\/2025\/04\/Diseno-sin-titulo-91-1.jpg","width":500,"height":500,"caption":"P\u00e9rez de Vargas"},"image":{"@id":"https:\/\/perezdevargas.es\/fr\/#\/schema\/logo\/image\/"},"sameAs":["https:\/\/www.facebook.com\/perezdevargasabogados\/","https:\/\/www.instagram.com\/perezdevargasabogados\/"]}]}},"_links":{"self":[{"href":"https:\/\/perezdevargas.es\/fr\/wp-json\/wp\/v2\/pages\/257","targetHints":{"allow":["GET"]}}],"collection":[{"href":"https:\/\/perezdevargas.es\/fr\/wp-json\/wp\/v2\/pages"}],"about":[{"href":"https:\/\/perezdevargas.es\/fr\/wp-json\/wp\/v2\/types\/page"}],"author":[{"embeddable":true,"href":"https:\/\/perezdevargas.es\/fr\/wp-json\/wp\/v2\/users\/15"}],"replies":[{"embeddable":true,"href":"https:\/\/perezdevargas.es\/fr\/wp-json\/wp\/v2\/comments?post=257"}],"version-history":[{"count":3,"href":"https:\/\/perezdevargas.es\/fr\/wp-json\/wp\/v2\/pages\/257\/revisions"}],"predecessor-version":[{"id":67301,"href":"https:\/\/perezdevargas.es\/fr\/wp-json\/wp\/v2\/pages\/257\/revisions\/67301"}],"wp:attachment":[{"href":"https:\/\/perezdevargas.es\/fr\/wp-json\/wp\/v2\/media?parent=257"}],"curies":[{"name":"wp","href":"https:\/\/api.w.org\/{rel}","templated":true}]}}