{"id":2651,"date":"2019-10-21T12:27:42","date_gmt":"2019-10-21T12:27:42","guid":{"rendered":"https:\/\/perezdevargas.es\/?page_id=2651"},"modified":"2026-02-03T11:57:08","modified_gmt":"2026-02-03T11:57:08","slug":"droit-immobilier","status":"publish","type":"page","link":"https:\/\/perezdevargas.es\/fr\/domaines-de-pratique\/droit-immobilier\/","title":{"rendered":"Droit administratif et urbain"},"content":{"rendered":"\t\t<div data-elementor-type=\"wp-page\" data-elementor-id=\"2651\" class=\"elementor elementor-2651 elementor-2073\" data-elementor-post-type=\"page\">\n\t\t\t\t<div class=\"elementor-element elementor-element-57e409f0 e-flex e-con-boxed e-con e-parent\" data-id=\"57e409f0\" data-element_type=\"container\">\n\t\t\t\t\t<div class=\"e-con-inner\">\n\t\t\t\t<div class=\"elementor-element elementor-element-676e5946 elementor-widget elementor-widget-text-editor\" data-id=\"676e5946\" data-element_type=\"widget\" data-widget_type=\"text-editor.default\">\n\t\t\t\t<div class=\"elementor-widget-container\">\n\t\t\t\t\t\t\t\t\t<h1>Droit administratif et de l\u00b4urbainisme<\/h1><p><img fetchpriority=\"high\" decoding=\"async\" class=\"size-full wp-image-8216\" src=\"https:\/\/perezdevargas.es\/wp-content\/uploads\/2021\/12\/41019458_s.jpg\" alt=\"Files with gavel, buildings and cranes\" width=\"865\" height=\"553\" \/><\/p><h2><b>Conseil juridique en mati\u00e8re d&rsquo;urbanisme<\/b><\/h2><p><span data-contrast=\"none\">P\u00e9rez de Vargas Abogados compte sur une prestigieuse \u00e9quipe d\u00b4avocat sp\u00e9cialis\u00e9s en\u202f<\/span><b><span data-contrast=\"none\">Droit Urbanistique<\/span><\/b><span data-contrast=\"none\">, qui offre des conseils en mati\u00e8re de planification, d\u00e9veloppement, gestion et discipline urbanistique. Notre Cabinet est une grande\u202f<\/span><b><span data-contrast=\"none\">r\u00e9f\u00e9rence dans le conseil juridique dans le domaine de l\u00b4urbanisme<\/span><\/b><span data-contrast=\"none\">\u202fde toute la zone de la Costa del Sol. La grande qualit\u00e9 technique et juridique, ainsi qu\u00b4une ample exp\u00e9rience et une solide trajectoire des professionnels qui int\u00e8gre ce domaine, constitue l\u00b4un des signes d\u00b4identit\u00e9 du Cabinet P\u00e9rez de Vargas Abogados.<\/span><span data-ccp-props=\"{&quot;201341983&quot;:0,&quot;335551550&quot;:6,&quot;335551620&quot;:6,&quot;335559739&quot;:300,&quot;335559740&quot;:240}\">\u00a0<\/span><\/p><p><span data-contrast=\"none\">Le d\u00e9partement de Droit Urbanistique du Cabinet P\u00e9rez de Vargas pr\u00eate \u00e9galement des services juridiques dans d\u00b4autres types de dossiers ou de\u202f<\/span><b><span data-contrast=\"none\">proc\u00e9dures administratives<\/span><\/b><span data-contrast=\"none\">, entre lesquelles nous pouvons souligner les suivantes\u202f:<\/span><span data-ccp-props=\"{&quot;201341983&quot;:0,&quot;335551550&quot;:6,&quot;335551620&quot;:6,&quot;335559739&quot;:300,&quot;335559740&quot;:240}\">\u00a0<\/span><\/p><ul><li data-leveltext=\"\uf0b7\" data-font=\"Symbol\" data-listid=\"9\" aria-setsize=\"-1\" data-aria-posinset=\"2\" data-aria-level=\"1\"><span data-contrast=\"none\">Recrutement<\/span> <span data-contrast=\"none\">administratif<\/span><\/li><li data-leveltext=\"\uf0b7\" data-font=\"Symbol\" data-listid=\"9\" aria-setsize=\"-1\" data-aria-posinset=\"2\" data-aria-level=\"1\"><span data-contrast=\"none\">Expropriations<\/span><span data-ccp-props=\"{&quot;134233117&quot;:true,&quot;134233118&quot;:true,&quot;201341983&quot;:0,&quot;335559685&quot;:375,&quot;335559739&quot;:200,&quot;335559740&quot;:240}\">\u00a0<\/span><\/li><li data-leveltext=\"\uf0b7\" data-font=\"Symbol\" data-listid=\"9\" aria-setsize=\"-1\" data-aria-posinset=\"2\" data-aria-level=\"1\"><span data-contrast=\"none\">R\u00e9clamations<\/span> <span data-contrast=\"none\">\u00e9conomiques<\/span><span data-contrast=\"none\"> et \u202f<\/span><span data-contrast=\"none\">administratives<\/span><span data-ccp-props=\"{&quot;134233117&quot;:true,&quot;134233118&quot;:true,&quot;201341983&quot;:0,&quot;335559685&quot;:375,&quot;335559739&quot;:200,&quot;335559740&quot;:240}\">\u00a0<\/span><\/li><li data-leveltext=\"\uf0b7\" data-font=\"Symbol\" data-listid=\"9\" aria-setsize=\"-1\" data-aria-posinset=\"2\" data-aria-level=\"1\"><span data-contrast=\"none\">Responsabilit\u00e9<\/span><span data-contrast=\"none\"> Patrimonial des <\/span><span data-contrast=\"none\">Administrations<\/span><span data-contrast=\"none\"> publiques<\/span><span data-ccp-props=\"{&quot;134233117&quot;:true,&quot;134233118&quot;:true,&quot;201341983&quot;:0,&quot;335559685&quot;:375,&quot;335559739&quot;:200,&quot;335559740&quot;:240}\">\u00a0<\/span><\/li><li data-leveltext=\"\uf0b7\" data-font=\"Symbol\" data-listid=\"9\" aria-setsize=\"-1\" data-aria-posinset=\"2\" data-aria-level=\"1\"><span data-contrast=\"none\">Proc\u00e9dure<\/span><span data-contrast=\"none\"> de <\/span><span data-contrast=\"none\">r\u00e9vision<\/span><span data-ccp-props=\"{&quot;134233117&quot;:true,&quot;134233118&quot;:true,&quot;201341983&quot;:0,&quot;335559685&quot;:375,&quot;335559739&quot;:200,&quot;335559740&quot;:240}\">\u00a0<\/span><\/li><li data-leveltext=\"\uf0b7\" data-font=\"Symbol\" data-listid=\"9\" aria-setsize=\"-1\" data-aria-posinset=\"2\" data-aria-level=\"1\"><span data-contrast=\"none\">Proc\u00e9dure<\/span> <span data-contrast=\"none\">d\u00b4infractions<\/span><span data-ccp-props=\"{&quot;134233117&quot;:true,&quot;134233118&quot;:true,&quot;201341983&quot;:0,&quot;335559685&quot;:375,&quot;335559739&quot;:200,&quot;335559740&quot;:240}\">\u00a0<\/span><\/li><li data-leveltext=\"\uf0b7\" data-font=\"Symbol\" data-listid=\"9\" aria-setsize=\"-1\" data-aria-posinset=\"2\" data-aria-level=\"1\"><span data-contrast=\"none\">Proc\u00e9dure de protection des Administrations Publiques.<\/span><span data-ccp-props=\"{&quot;134233117&quot;:true,&quot;134233118&quot;:true,&quot;201341983&quot;:0,&quot;335559685&quot;:375,&quot;335559739&quot;:200,&quot;335559740&quot;:240}\">\u00a0<\/span><\/li><li data-leveltext=\"\uf0b7\" data-font=\"Symbol\" data-listid=\"9\" aria-setsize=\"-1\" data-aria-posinset=\"2\" data-aria-level=\"1\"><span data-contrast=\"none\">Recours<\/span> <span data-contrast=\"none\">administratif<\/span><span data-ccp-props=\"{&quot;134233117&quot;:true,&quot;134233118&quot;:true,&quot;201341983&quot;:0,&quot;335559685&quot;:375,&quot;335559739&quot;:200,&quot;335559740&quot;:240}\">\u00a0<\/span><\/li><li data-leveltext=\"\uf0b7\" data-font=\"Symbol\" data-listid=\"9\" aria-setsize=\"-1\" data-aria-posinset=\"2\" data-aria-level=\"1\"><span data-contrast=\"none\">Recours<\/span> <span data-contrast=\"none\">contentieux-administratif<\/span><span data-ccp-props=\"{&quot;134233117&quot;:true,&quot;134233118&quot;:true,&quot;201341983&quot;:0,&quot;335559685&quot;:375,&quot;335559739&quot;:200,&quot;335559740&quot;:240}\">\u00a0<\/span><\/li><\/ul><p><span data-contrast=\"none\">Pour la sollicitude d\u00b4un service de conseil juridique ou de doutes et suggestions, vous pouvez prendre contact avec le Cabinet.<\/span><span data-ccp-props=\"{&quot;201341983&quot;:0,&quot;335551550&quot;:6,&quot;335551620&quot;:6,&quot;335559739&quot;:300,&quot;335559740&quot;:240}\">\u00a0<\/span><\/p>\t\t\t\t\t\t\t\t<\/div>\n\t\t\t\t<\/div>\n\t\t\t\t\t<\/div>\n\t\t\t\t<\/div>\n\t\t\t\t<\/div>\n\t\t","protected":false},"excerpt":{"rendered":"<p>Droit administratif et de l\u00b4urbainisme Conseil juridique en mati\u00e8re d&rsquo;urbanisme P\u00e9rez de Vargas Abogados compte sur une prestigieuse \u00e9quipe d\u00b4avocat [&hellip;]<\/p>\n","protected":false},"author":15,"featured_media":8216,"parent":271,"menu_order":0,"comment_status":"closed","ping_status":"closed","template":"","meta":{"site-sidebar-layout":"default","site-content-layout":"","ast-site-content-layout":"","site-content-style":"default","site-sidebar-style":"default","ast-global-header-display":"","ast-banner-title-visibility":"","ast-main-header-display":"","ast-hfb-above-header-display":"","ast-hfb-below-header-display":"","ast-hfb-mobile-header-display":"","site-post-title":"","ast-breadcrumbs-content":"","ast-featured-img":"","footer-sml-layout":"","theme-transparent-header-meta":"","adv-header-id-meta":"","stick-header-meta":"","header-above-stick-meta":"","header-main-stick-meta":"","header-below-stick-meta":"","astra-migrate-meta-layouts":"default","ast-page-background-enabled":"default","ast-page-background-meta":{"desktop":{"background-color":"var(--ast-global-color-4)","background-image":"","background-repeat":"repeat","background-position":"center center","background-size":"auto","background-attachment":"scroll","background-type":"","background-media":"","overlay-type":"","overlay-color":"","overlay-opacity":"","overlay-gradient":""},"tablet":{"background-color":"","background-image":"","background-repeat":"repeat","background-position":"center center","background-size":"auto","background-attachment":"scroll","background-type":"","background-media":"","overlay-type":"","overlay-color":"","overlay-opacity":"","overlay-gradient":""},"mobile":{"background-color":"","background-image":"","background-repeat":"repeat","background-position":"center center","background-size":"auto","background-attachment":"scroll","background-type":"","background-media":"","overlay-type":"","overlay-color":"","overlay-opacity":"","overlay-gradient":""}},"ast-content-background-meta":{"desktop":{"background-color":"var(--ast-global-color-5)","background-image":"","background-repeat":"repeat","background-position":"center center","background-size":"auto","background-attachment":"scroll","background-type":"","background-media":"","overlay-type":"","overlay-color":"","overlay-opacity":"","overlay-gradient":""},"tablet":{"background-color":"var(--ast-global-color-5)","background-image":"","background-repeat":"repeat","background-position":"center center","background-size":"auto","background-attachment":"scroll","background-type":"","background-media":"","overlay-type":"","overlay-color":"","overlay-opacity":"","overlay-gradient":""},"mobile":{"background-color":"var(--ast-global-color-5)","background-image":"","background-repeat":"repeat","background-position":"center center","background-size":"auto","background-attachment":"scroll","background-type":"","background-media":"","overlay-type":"","overlay-color":"","overlay-opacity":"","overlay-gradient":""}},"footnotes":""},"class_list":["post-2651","page","type-page","status-publish","has-post-thumbnail","hentry"],"yoast_head":"<!-- This site is optimized with the Yoast SEO plugin v25.2 - https:\/\/yoast.com\/wordpress\/plugins\/seo\/ -->\n<title>Droit administratif et urbain | P\u00e9rez de Vargas \u2705 \u2b50 \u260e\ufe0f<\/title>\n<meta name=\"description\" content=\"Droit administratif et de l\u00b4urbainismeConseil juridique en mati\u00e8re d&#039;urbanismeP\u00e9rez de Vargas Abogados compte sur une prestigieuse \u00e9quipe d\u00b4avocat \u2705 \u2b50 \u260e\ufe0f\" \/>\n<meta name=\"robots\" content=\"index, follow, max-snippet:-1, max-image-preview:large, max-video-preview:-1\" \/>\n<link rel=\"canonical\" href=\"https:\/\/perezdevargas.es\/fr\/domaines-de-pratique\/droit-immobilier\/\" \/>\n<meta property=\"og:locale\" content=\"fr_FR\" \/>\n<meta property=\"og:type\" content=\"article\" \/>\n<meta property=\"og:title\" content=\"Droit administratif et urbain | P\u00e9rez de Vargas \u2705 \u2b50 \u260e\ufe0f\" \/>\n<meta property=\"og:description\" content=\"Droit administratif et de l\u00b4urbainismeConseil juridique en mati\u00e8re d&#039;urbanismeP\u00e9rez de Vargas Abogados compte sur une prestigieuse \u00e9quipe d\u00b4avocat \u2705 \u2b50 \u260e\ufe0f\" \/>\n<meta property=\"og:url\" content=\"https:\/\/perezdevargas.es\/fr\/domaines-de-pratique\/droit-immobilier\/\" \/>\n<meta property=\"og:site_name\" content=\"P\u00e9rez de Vargas\" \/>\n<meta property=\"article:publisher\" content=\"https:\/\/www.facebook.com\/perezdevargasabogados\/\" \/>\n<meta property=\"article:modified_time\" content=\"2026-02-03T11:57:08+00:00\" \/>\n<meta property=\"og:image\" content=\"https:\/\/perezdevargas.es\/wp-content\/uploads\/2021\/12\/41019458_s.jpg\" \/>\n\t<meta property=\"og:image:width\" content=\"865\" \/>\n\t<meta property=\"og:image:height\" content=\"553\" \/>\n\t<meta property=\"og:image:type\" content=\"image\/jpeg\" \/>\n<meta name=\"twitter:card\" content=\"summary_large_image\" \/>\n<meta name=\"twitter:label1\" content=\"Dur\u00e9e de lecture estim\u00e9e\" \/>\n\t<meta name=\"twitter:data1\" content=\"2 minutes\" \/>\n<script type=\"application\/ld+json\" class=\"yoast-schema-graph\">{\"@context\":\"https:\/\/schema.org\",\"@graph\":[{\"@type\":\"WebPage\",\"@id\":\"https:\/\/perezdevargas.es\/fr\/domaines-de-pratique\/droit-immobilier\/\",\"url\":\"https:\/\/perezdevargas.es\/fr\/domaines-de-pratique\/droit-immobilier\/\",\"name\":\"Droit administratif et urbain | P\u00e9rez de Vargas \u2705 \u2b50 \u260e\ufe0f\",\"isPartOf\":{\"@id\":\"https:\/\/perezdevargas.es\/fr\/#website\"},\"primaryImageOfPage\":{\"@id\":\"https:\/\/perezdevargas.es\/fr\/domaines-de-pratique\/droit-immobilier\/#primaryimage\"},\"image\":{\"@id\":\"https:\/\/perezdevargas.es\/fr\/domaines-de-pratique\/droit-immobilier\/#primaryimage\"},\"thumbnailUrl\":\"https:\/\/perezdevargas.es\/wp-content\/uploads\/2021\/12\/41019458_s.jpg\",\"datePublished\":\"2019-10-21T12:27:42+00:00\",\"dateModified\":\"2026-02-03T11:57:08+00:00\",\"description\":\"Droit administratif et de l\u00b4urbainismeConseil juridique en mati\u00e8re d'urbanismeP\u00e9rez de Vargas Abogados compte sur une prestigieuse \u00e9quipe d\u00b4avocat \u2705 \u2b50 \u260e\ufe0f\",\"breadcrumb\":{\"@id\":\"https:\/\/perezdevargas.es\/fr\/domaines-de-pratique\/droit-immobilier\/#breadcrumb\"},\"inLanguage\":\"fr-FR\",\"potentialAction\":[{\"@type\":\"ReadAction\",\"target\":[\"https:\/\/perezdevargas.es\/fr\/domaines-de-pratique\/droit-immobilier\/\"]}]},{\"@type\":\"ImageObject\",\"inLanguage\":\"fr-FR\",\"@id\":\"https:\/\/perezdevargas.es\/fr\/domaines-de-pratique\/droit-immobilier\/#primaryimage\",\"url\":\"https:\/\/perezdevargas.es\/wp-content\/uploads\/2021\/12\/41019458_s.jpg\",\"contentUrl\":\"https:\/\/perezdevargas.es\/wp-content\/uploads\/2021\/12\/41019458_s.jpg\",\"width\":865,\"height\":553,\"caption\":\"Document files with gavel on buildings under construction\"},{\"@type\":\"BreadcrumbList\",\"@id\":\"https:\/\/perezdevargas.es\/fr\/domaines-de-pratique\/droit-immobilier\/#breadcrumb\",\"itemListElement\":[{\"@type\":\"ListItem\",\"position\":1,\"name\":\"Portada\",\"item\":\"https:\/\/perezdevargas.es\/fr\/\"},{\"@type\":\"ListItem\",\"position\":2,\"name\":\"Domaines de Pratique\",\"item\":\"https:\/\/perezdevargas.es\/fr\/domaines-de-pratique\/\"},{\"@type\":\"ListItem\",\"position\":3,\"name\":\"Droit administratif et urbain\"}]},{\"@type\":\"WebSite\",\"@id\":\"https:\/\/perezdevargas.es\/fr\/#website\",\"url\":\"https:\/\/perezdevargas.es\/fr\/\",\"name\":\"P\u00e9rez de Vargas\",\"description\":\"\",\"publisher\":{\"@id\":\"https:\/\/perezdevargas.es\/fr\/#organization\"},\"potentialAction\":[{\"@type\":\"SearchAction\",\"target\":{\"@type\":\"EntryPoint\",\"urlTemplate\":\"https:\/\/perezdevargas.es\/fr\/?s={search_term_string}\"},\"query-input\":{\"@type\":\"PropertyValueSpecification\",\"valueRequired\":true,\"valueName\":\"search_term_string\"}}],\"inLanguage\":\"fr-FR\"},{\"@type\":\"Organization\",\"@id\":\"https:\/\/perezdevargas.es\/fr\/#organization\",\"name\":\"P\u00e9rez de Vargas\",\"url\":\"https:\/\/perezdevargas.es\/fr\/\",\"logo\":{\"@type\":\"ImageObject\",\"inLanguage\":\"fr-FR\",\"@id\":\"https:\/\/perezdevargas.es\/fr\/#\/schema\/logo\/image\/\",\"url\":\"https:\/\/perezdevargas.es\/wp-content\/uploads\/2025\/04\/Diseno-sin-titulo-91-1.jpg\",\"contentUrl\":\"https:\/\/perezdevargas.es\/wp-content\/uploads\/2025\/04\/Diseno-sin-titulo-91-1.jpg\",\"width\":500,\"height\":500,\"caption\":\"P\u00e9rez de Vargas\"},\"image\":{\"@id\":\"https:\/\/perezdevargas.es\/fr\/#\/schema\/logo\/image\/\"},\"sameAs\":[\"https:\/\/www.facebook.com\/perezdevargasabogados\/\",\"https:\/\/www.instagram.com\/perezdevargasabogados\/\"]}]}<\/script>\n<!-- \/ Yoast SEO plugin. -->","yoast_head_json":{"title":"Droit administratif et urbain | P\u00e9rez de Vargas \u2705 \u2b50 \u260e\ufe0f","description":"Droit administratif et de l\u00b4urbainismeConseil juridique en mati\u00e8re d'urbanismeP\u00e9rez de Vargas Abogados compte sur une prestigieuse \u00e9quipe d\u00b4avocat \u2705 \u2b50 \u260e\ufe0f","robots":{"index":"index","follow":"follow","max-snippet":"max-snippet:-1","max-image-preview":"max-image-preview:large","max-video-preview":"max-video-preview:-1"},"canonical":"https:\/\/perezdevargas.es\/fr\/domaines-de-pratique\/droit-immobilier\/","og_locale":"fr_FR","og_type":"article","og_title":"Droit administratif et urbain | P\u00e9rez de Vargas \u2705 \u2b50 \u260e\ufe0f","og_description":"Droit administratif et de l\u00b4urbainismeConseil juridique en mati\u00e8re d'urbanismeP\u00e9rez de Vargas Abogados compte sur une prestigieuse \u00e9quipe d\u00b4avocat \u2705 \u2b50 \u260e\ufe0f","og_url":"https:\/\/perezdevargas.es\/fr\/domaines-de-pratique\/droit-immobilier\/","og_site_name":"P\u00e9rez de Vargas","article_publisher":"https:\/\/www.facebook.com\/perezdevargasabogados\/","article_modified_time":"2026-02-03T11:57:08+00:00","og_image":[{"width":865,"height":553,"url":"https:\/\/perezdevargas.es\/wp-content\/uploads\/2021\/12\/41019458_s.jpg","type":"image\/jpeg"}],"twitter_card":"summary_large_image","twitter_misc":{"Dur\u00e9e de lecture estim\u00e9e":"2 minutes"},"schema":{"@context":"https:\/\/schema.org","@graph":[{"@type":"WebPage","@id":"https:\/\/perezdevargas.es\/fr\/domaines-de-pratique\/droit-immobilier\/","url":"https:\/\/perezdevargas.es\/fr\/domaines-de-pratique\/droit-immobilier\/","name":"Droit administratif et urbain | P\u00e9rez de Vargas \u2705 \u2b50 \u260e\ufe0f","isPartOf":{"@id":"https:\/\/perezdevargas.es\/fr\/#website"},"primaryImageOfPage":{"@id":"https:\/\/perezdevargas.es\/fr\/domaines-de-pratique\/droit-immobilier\/#primaryimage"},"image":{"@id":"https:\/\/perezdevargas.es\/fr\/domaines-de-pratique\/droit-immobilier\/#primaryimage"},"thumbnailUrl":"https:\/\/perezdevargas.es\/wp-content\/uploads\/2021\/12\/41019458_s.jpg","datePublished":"2019-10-21T12:27:42+00:00","dateModified":"2026-02-03T11:57:08+00:00","description":"Droit administratif et de l\u00b4urbainismeConseil juridique en mati\u00e8re d'urbanismeP\u00e9rez de Vargas Abogados compte sur une prestigieuse \u00e9quipe d\u00b4avocat \u2705 \u2b50 \u260e\ufe0f","breadcrumb":{"@id":"https:\/\/perezdevargas.es\/fr\/domaines-de-pratique\/droit-immobilier\/#breadcrumb"},"inLanguage":"fr-FR","potentialAction":[{"@type":"ReadAction","target":["https:\/\/perezdevargas.es\/fr\/domaines-de-pratique\/droit-immobilier\/"]}]},{"@type":"ImageObject","inLanguage":"fr-FR","@id":"https:\/\/perezdevargas.es\/fr\/domaines-de-pratique\/droit-immobilier\/#primaryimage","url":"https:\/\/perezdevargas.es\/wp-content\/uploads\/2021\/12\/41019458_s.jpg","contentUrl":"https:\/\/perezdevargas.es\/wp-content\/uploads\/2021\/12\/41019458_s.jpg","width":865,"height":553,"caption":"Document files with gavel on buildings under construction"},{"@type":"BreadcrumbList","@id":"https:\/\/perezdevargas.es\/fr\/domaines-de-pratique\/droit-immobilier\/#breadcrumb","itemListElement":[{"@type":"ListItem","position":1,"name":"Portada","item":"https:\/\/perezdevargas.es\/fr\/"},{"@type":"ListItem","position":2,"name":"Domaines de Pratique","item":"https:\/\/perezdevargas.es\/fr\/domaines-de-pratique\/"},{"@type":"ListItem","position":3,"name":"Droit administratif et urbain"}]},{"@type":"WebSite","@id":"https:\/\/perezdevargas.es\/fr\/#website","url":"https:\/\/perezdevargas.es\/fr\/","name":"P\u00e9rez de Vargas","description":"","publisher":{"@id":"https:\/\/perezdevargas.es\/fr\/#organization"},"potentialAction":[{"@type":"SearchAction","target":{"@type":"EntryPoint","urlTemplate":"https:\/\/perezdevargas.es\/fr\/?s={search_term_string}"},"query-input":{"@type":"PropertyValueSpecification","valueRequired":true,"valueName":"search_term_string"}}],"inLanguage":"fr-FR"},{"@type":"Organization","@id":"https:\/\/perezdevargas.es\/fr\/#organization","name":"P\u00e9rez de Vargas","url":"https:\/\/perezdevargas.es\/fr\/","logo":{"@type":"ImageObject","inLanguage":"fr-FR","@id":"https:\/\/perezdevargas.es\/fr\/#\/schema\/logo\/image\/","url":"https:\/\/perezdevargas.es\/wp-content\/uploads\/2025\/04\/Diseno-sin-titulo-91-1.jpg","contentUrl":"https:\/\/perezdevargas.es\/wp-content\/uploads\/2025\/04\/Diseno-sin-titulo-91-1.jpg","width":500,"height":500,"caption":"P\u00e9rez de Vargas"},"image":{"@id":"https:\/\/perezdevargas.es\/fr\/#\/schema\/logo\/image\/"},"sameAs":["https:\/\/www.facebook.com\/perezdevargasabogados\/","https:\/\/www.instagram.com\/perezdevargasabogados\/"]}]}},"_links":{"self":[{"href":"https:\/\/perezdevargas.es\/fr\/wp-json\/wp\/v2\/pages\/2651","targetHints":{"allow":["GET"]}}],"collection":[{"href":"https:\/\/perezdevargas.es\/fr\/wp-json\/wp\/v2\/pages"}],"about":[{"href":"https:\/\/perezdevargas.es\/fr\/wp-json\/wp\/v2\/types\/page"}],"author":[{"embeddable":true,"href":"https:\/\/perezdevargas.es\/fr\/wp-json\/wp\/v2\/users\/15"}],"replies":[{"embeddable":true,"href":"https:\/\/perezdevargas.es\/fr\/wp-json\/wp\/v2\/comments?post=2651"}],"version-history":[{"count":9,"href":"https:\/\/perezdevargas.es\/fr\/wp-json\/wp\/v2\/pages\/2651\/revisions"}],"predecessor-version":[{"id":68407,"href":"https:\/\/perezdevargas.es\/fr\/wp-json\/wp\/v2\/pages\/2651\/revisions\/68407"}],"up":[{"embeddable":true,"href":"https:\/\/perezdevargas.es\/fr\/wp-json\/wp\/v2\/pages\/271"}],"wp:featuredmedia":[{"embeddable":true,"href":"https:\/\/perezdevargas.es\/fr\/wp-json\/wp\/v2\/media\/8216"}],"wp:attachment":[{"href":"https:\/\/perezdevargas.es\/fr\/wp-json\/wp\/v2\/media?parent=2651"}],"curies":[{"name":"wp","href":"https:\/\/api.w.org\/{rel}","templated":true}]}}