{"id":2659,"date":"2019-10-21T20:26:51","date_gmt":"2019-10-21T20:26:51","guid":{"rendered":"https:\/\/perezdevargas.es\/?page_id=2659"},"modified":"2024-10-29T17:46:52","modified_gmt":"2024-10-29T17:46:52","slug":"droit-civil","status":"publish","type":"page","link":"https:\/\/perezdevargas.es\/fr\/domaines-de-pratique\/droit-civil\/","title":{"rendered":"Droit Civil"},"content":{"rendered":"<h1>Droit Civil<\/h1>\n<p><span data-contrast=\"none\">P\u00e9rez de Vargas Abogados offre \u00e9galement des services de conseils juridiques en mati\u00e8re de droit civil, tel que:<\/span><span data-ccp-props=\"{&quot;201341983&quot;:0,&quot;335551550&quot;:6,&quot;335551620&quot;:6,&quot;335559739&quot;:300,&quot;335559740&quot;:240}\">\u00a0<\/span><\/p>\n<ul>\n<li data-leveltext=\"\uf0b7\" data-font=\"Symbol\" data-listid=\"8\" aria-setsize=\"-1\" data-aria-posinset=\"1\" data-aria-level=\"1\"><span data-contrast=\"none\">Obligations<\/span><span data-contrast=\"none\"> et <\/span><span data-contrast=\"none\">Contrats<\/span><span data-ccp-props=\"{&quot;134233117&quot;:true,&quot;134233118&quot;:true,&quot;201341983&quot;:0,&quot;335559685&quot;:375,&quot;335559739&quot;:200,&quot;335559740&quot;:240}\">\u00a0<\/span><\/li>\n<li data-leveltext=\"\uf0b7\" data-font=\"Symbol\" data-listid=\"8\" aria-setsize=\"-1\" data-aria-posinset=\"2\" data-aria-level=\"1\"><span data-contrast=\"none\">Droits<\/span> <span data-contrast=\"none\">r\u00e9els<\/span><span data-ccp-props=\"{&quot;134233117&quot;:true,&quot;134233118&quot;:true,&quot;201341983&quot;:0,&quot;335559685&quot;:375,&quot;335559739&quot;:200,&quot;335559740&quot;:240}\">\u00a0<\/span><\/li>\n<li data-leveltext=\"\uf0b7\" data-font=\"Symbol\" data-listid=\"8\" aria-setsize=\"-1\" data-aria-posinset=\"3\" data-aria-level=\"1\"><span data-contrast=\"none\">Famille<\/span><span data-ccp-props=\"{&quot;134233117&quot;:true,&quot;134233118&quot;:true,&quot;201341983&quot;:0,&quot;335559685&quot;:375,&quot;335559739&quot;:200,&quot;335559740&quot;:240}\">\u00a0<\/span><\/li>\n<li data-leveltext=\"\uf0b7\" data-font=\"Symbol\" data-listid=\"8\" aria-setsize=\"-1\" data-aria-posinset=\"4\" data-aria-level=\"1\"><span data-contrast=\"none\">Successions<\/span><span data-contrast=\"none\"> et <\/span><span data-contrast=\"none\">Donations<\/span><span data-ccp-props=\"{&quot;134233117&quot;:true,&quot;134233118&quot;:true,&quot;201341983&quot;:0,&quot;335559685&quot;:375,&quot;335559739&quot;:200,&quot;335559740&quot;:240}\">\u00a0<\/span><\/li>\n<\/ul>\n<p><img fetchpriority=\"high\" decoding=\"async\" class=\"alignnone  wp-image-1169\" src=\"https:\/\/perezdevargas.es\/wp-content\/uploads\/2016\/12\/justice-300x168.jpg\" alt=\"\" width=\"674\" height=\"377\" srcset=\"https:\/\/perezdevargas.es\/wp-content\/uploads\/2016\/12\/justice-300x168.jpg 300w, https:\/\/perezdevargas.es\/wp-content\/uploads\/2016\/12\/justice.jpg 625w\" sizes=\"(max-width: 674px) 100vw, 674px\" \/><\/p>\n<p><span data-contrast=\"none\">Dans ce sens, nous devons souligner que, comme Cabinet multidisciplinaire, nous donnons une r\u00e9ponse compl\u00e8te aux besoins de nos clients, mettant en relation le\u202f<\/span><b><span data-contrast=\"none\">Droit Civil<\/span><\/b><span data-contrast=\"none\">, qui se trouve pr\u00e9sent aussi bien dans les relations entre particuliers qu\u00b4entre entreprises, avec les diff\u00e9rentes branches du Droit.<\/span><span data-ccp-props=\"{&quot;201341983&quot;:0,&quot;335551550&quot;:6,&quot;335551620&quot;:6,&quot;335559739&quot;:300,&quot;335559740&quot;:240}\">\u00a0<\/span><\/p>\n","protected":false},"excerpt":{"rendered":"<p>Droit Civil P\u00e9rez de Vargas Abogados offre \u00e9galement des services de conseils juridiques en mati\u00e8re de droit civil, tel que:\u00a0 [&hellip;]<\/p>\n","protected":false},"author":15,"featured_media":1169,"parent":271,"menu_order":0,"comment_status":"closed","ping_status":"closed","template":"","meta":{"site-sidebar-layout":"default","site-content-layout":"","ast-site-content-layout":"","site-content-style":"default","site-sidebar-style":"default","ast-global-header-display":"","ast-banner-title-visibility":"","ast-main-header-display":"","ast-hfb-above-header-display":"","ast-hfb-below-header-display":"","ast-hfb-mobile-header-display":"","site-post-title":"","ast-breadcrumbs-content":"","ast-featured-img":"","footer-sml-layout":"","theme-transparent-header-meta":"","adv-header-id-meta":"","stick-header-meta":"","header-above-stick-meta":"","header-main-stick-meta":"","header-below-stick-meta":"","astra-migrate-meta-layouts":"default","ast-page-background-enabled":"default","ast-page-background-meta":{"desktop":{"background-color":"var(--ast-global-color-4)","background-image":"","background-repeat":"repeat","background-position":"center center","background-size":"auto","background-attachment":"scroll","background-type":"","background-media":"","overlay-type":"","overlay-color":"","overlay-opacity":"","overlay-gradient":""},"tablet":{"background-color":"","background-image":"","background-repeat":"repeat","background-position":"center center","background-size":"auto","background-attachment":"scroll","background-type":"","background-media":"","overlay-type":"","overlay-color":"","overlay-opacity":"","overlay-gradient":""},"mobile":{"background-color":"","background-image":"","background-repeat":"repeat","background-position":"center center","background-size":"auto","background-attachment":"scroll","background-type":"","background-media":"","overlay-type":"","overlay-color":"","overlay-opacity":"","overlay-gradient":""}},"ast-content-background-meta":{"desktop":{"background-color":"var(--ast-global-color-5)","background-image":"","background-repeat":"repeat","background-position":"center center","background-size":"auto","background-attachment":"scroll","background-type":"","background-media":"","overlay-type":"","overlay-color":"","overlay-opacity":"","overlay-gradient":""},"tablet":{"background-color":"var(--ast-global-color-5)","background-image":"","background-repeat":"repeat","background-position":"center center","background-size":"auto","background-attachment":"scroll","background-type":"","background-media":"","overlay-type":"","overlay-color":"","overlay-opacity":"","overlay-gradient":""},"mobile":{"background-color":"var(--ast-global-color-5)","background-image":"","background-repeat":"repeat","background-position":"center center","background-size":"auto","background-attachment":"scroll","background-type":"","background-media":"","overlay-type":"","overlay-color":"","overlay-opacity":"","overlay-gradient":""}},"footnotes":""},"class_list":["post-2659","page","type-page","status-publish","has-post-thumbnail","hentry"],"yoast_head":"<!-- This site is optimized with the Yoast SEO plugin v25.2 - https:\/\/yoast.com\/wordpress\/plugins\/seo\/ -->\n<title>Droit Civil | P\u00e9rez de Vargas \u2705 \u2b50 \u260e\ufe0f<\/title>\n<meta name=\"description\" content=\"Droit Civil P\u00e9rez de Vargas Abogados offre \u00e9galement des services de conseils juridiques en mati\u00e8re de droit civil, tel que:\u00a0 Obligations et Contrats\u00a0 \u2705 \u2b50 \u260e\ufe0f\" \/>\n<meta name=\"robots\" content=\"index, follow, max-snippet:-1, max-image-preview:large, max-video-preview:-1\" \/>\n<link rel=\"canonical\" href=\"https:\/\/perezdevargas.es\/fr\/domaines-de-pratique\/droit-civil\/\" \/>\n<meta property=\"og:locale\" content=\"fr_FR\" \/>\n<meta property=\"og:type\" content=\"article\" \/>\n<meta property=\"og:title\" content=\"Droit Civil | P\u00e9rez de Vargas \u2705 \u2b50 \u260e\ufe0f\" \/>\n<meta property=\"og:description\" content=\"Droit Civil P\u00e9rez de Vargas Abogados offre \u00e9galement des services de conseils juridiques en mati\u00e8re de droit civil, tel que:\u00a0 Obligations et Contrats\u00a0 \u2705 \u2b50 \u260e\ufe0f\" \/>\n<meta property=\"og:url\" content=\"https:\/\/perezdevargas.es\/fr\/domaines-de-pratique\/droit-civil\/\" \/>\n<meta property=\"og:site_name\" content=\"P\u00e9rez de Vargas\" \/>\n<meta property=\"article:publisher\" content=\"https:\/\/www.facebook.com\/perezdevargasabogados\/\" \/>\n<meta property=\"article:modified_time\" content=\"2024-10-29T17:46:52+00:00\" \/>\n<meta property=\"og:image\" content=\"https:\/\/perezdevargas.es\/wp-content\/uploads\/2016\/12\/justice-300x168.jpg\" \/>\n<meta name=\"twitter:card\" content=\"summary_large_image\" \/>\n<meta name=\"twitter:label1\" content=\"Dur\u00e9e de lecture estim\u00e9e\" \/>\n\t<meta name=\"twitter:data1\" content=\"1 minute\" \/>\n<script type=\"application\/ld+json\" class=\"yoast-schema-graph\">{\"@context\":\"https:\/\/schema.org\",\"@graph\":[{\"@type\":\"WebPage\",\"@id\":\"https:\/\/perezdevargas.es\/fr\/domaines-de-pratique\/droit-civil\/\",\"url\":\"https:\/\/perezdevargas.es\/fr\/domaines-de-pratique\/droit-civil\/\",\"name\":\"Droit Civil | P\u00e9rez de Vargas \u2705 \u2b50 \u260e\ufe0f\",\"isPartOf\":{\"@id\":\"https:\/\/perezdevargas.es\/fr\/#website\"},\"primaryImageOfPage\":{\"@id\":\"https:\/\/perezdevargas.es\/fr\/domaines-de-pratique\/droit-civil\/#primaryimage\"},\"image\":{\"@id\":\"https:\/\/perezdevargas.es\/fr\/domaines-de-pratique\/droit-civil\/#primaryimage\"},\"thumbnailUrl\":\"https:\/\/perezdevargas.es\/wp-content\/uploads\/2016\/12\/justice.jpg\",\"datePublished\":\"2019-10-21T20:26:51+00:00\",\"dateModified\":\"2024-10-29T17:46:52+00:00\",\"description\":\"Droit Civil P\u00e9rez de Vargas Abogados offre \u00e9galement des services de conseils juridiques en mati\u00e8re de droit civil, tel que:\u00a0 Obligations et Contrats\u00a0 \u2705 \u2b50 \u260e\ufe0f\",\"breadcrumb\":{\"@id\":\"https:\/\/perezdevargas.es\/fr\/domaines-de-pratique\/droit-civil\/#breadcrumb\"},\"inLanguage\":\"fr-FR\",\"potentialAction\":[{\"@type\":\"ReadAction\",\"target\":[\"https:\/\/perezdevargas.es\/fr\/domaines-de-pratique\/droit-civil\/\"]}]},{\"@type\":\"ImageObject\",\"inLanguage\":\"fr-FR\",\"@id\":\"https:\/\/perezdevargas.es\/fr\/domaines-de-pratique\/droit-civil\/#primaryimage\",\"url\":\"https:\/\/perezdevargas.es\/wp-content\/uploads\/2016\/12\/justice.jpg\",\"contentUrl\":\"https:\/\/perezdevargas.es\/wp-content\/uploads\/2016\/12\/justice.jpg\",\"width\":625,\"height\":351,\"caption\":\"Abogados Derecho Civil Estepona\"},{\"@type\":\"BreadcrumbList\",\"@id\":\"https:\/\/perezdevargas.es\/fr\/domaines-de-pratique\/droit-civil\/#breadcrumb\",\"itemListElement\":[{\"@type\":\"ListItem\",\"position\":1,\"name\":\"Portada\",\"item\":\"https:\/\/perezdevargas.es\/fr\/\"},{\"@type\":\"ListItem\",\"position\":2,\"name\":\"Domaines de Pratique\",\"item\":\"https:\/\/perezdevargas.es\/fr\/domaines-de-pratique\/\"},{\"@type\":\"ListItem\",\"position\":3,\"name\":\"Droit Civil\"}]},{\"@type\":\"WebSite\",\"@id\":\"https:\/\/perezdevargas.es\/fr\/#website\",\"url\":\"https:\/\/perezdevargas.es\/fr\/\",\"name\":\"P\u00e9rez de Vargas\",\"description\":\"\",\"publisher\":{\"@id\":\"https:\/\/perezdevargas.es\/fr\/#organization\"},\"potentialAction\":[{\"@type\":\"SearchAction\",\"target\":{\"@type\":\"EntryPoint\",\"urlTemplate\":\"https:\/\/perezdevargas.es\/fr\/?s={search_term_string}\"},\"query-input\":{\"@type\":\"PropertyValueSpecification\",\"valueRequired\":true,\"valueName\":\"search_term_string\"}}],\"inLanguage\":\"fr-FR\"},{\"@type\":\"Organization\",\"@id\":\"https:\/\/perezdevargas.es\/fr\/#organization\",\"name\":\"P\u00e9rez de Vargas\",\"url\":\"https:\/\/perezdevargas.es\/fr\/\",\"logo\":{\"@type\":\"ImageObject\",\"inLanguage\":\"fr-FR\",\"@id\":\"https:\/\/perezdevargas.es\/fr\/#\/schema\/logo\/image\/\",\"url\":\"https:\/\/perezdevargas.es\/wp-content\/uploads\/2025\/04\/Diseno-sin-titulo-91-1.jpg\",\"contentUrl\":\"https:\/\/perezdevargas.es\/wp-content\/uploads\/2025\/04\/Diseno-sin-titulo-91-1.jpg\",\"width\":500,\"height\":500,\"caption\":\"P\u00e9rez de Vargas\"},\"image\":{\"@id\":\"https:\/\/perezdevargas.es\/fr\/#\/schema\/logo\/image\/\"},\"sameAs\":[\"https:\/\/www.facebook.com\/perezdevargasabogados\/\",\"https:\/\/www.instagram.com\/perezdevargasabogados\/\"]}]}<\/script>\n<!-- \/ Yoast SEO plugin. -->","yoast_head_json":{"title":"Droit Civil | P\u00e9rez de Vargas \u2705 \u2b50 \u260e\ufe0f","description":"Droit Civil P\u00e9rez de Vargas Abogados offre \u00e9galement des services de conseils juridiques en mati\u00e8re de droit civil, tel que:\u00a0 Obligations et Contrats\u00a0 \u2705 \u2b50 \u260e\ufe0f","robots":{"index":"index","follow":"follow","max-snippet":"max-snippet:-1","max-image-preview":"max-image-preview:large","max-video-preview":"max-video-preview:-1"},"canonical":"https:\/\/perezdevargas.es\/fr\/domaines-de-pratique\/droit-civil\/","og_locale":"fr_FR","og_type":"article","og_title":"Droit Civil | P\u00e9rez de Vargas \u2705 \u2b50 \u260e\ufe0f","og_description":"Droit Civil P\u00e9rez de Vargas Abogados offre \u00e9galement des services de conseils juridiques en mati\u00e8re de droit civil, tel que:\u00a0 Obligations et Contrats\u00a0 \u2705 \u2b50 \u260e\ufe0f","og_url":"https:\/\/perezdevargas.es\/fr\/domaines-de-pratique\/droit-civil\/","og_site_name":"P\u00e9rez de Vargas","article_publisher":"https:\/\/www.facebook.com\/perezdevargasabogados\/","article_modified_time":"2024-10-29T17:46:52+00:00","og_image":[{"url":"https:\/\/perezdevargas.es\/wp-content\/uploads\/2016\/12\/justice-300x168.jpg","type":"","width":"","height":""}],"twitter_card":"summary_large_image","twitter_misc":{"Dur\u00e9e de lecture estim\u00e9e":"1 minute"},"schema":{"@context":"https:\/\/schema.org","@graph":[{"@type":"WebPage","@id":"https:\/\/perezdevargas.es\/fr\/domaines-de-pratique\/droit-civil\/","url":"https:\/\/perezdevargas.es\/fr\/domaines-de-pratique\/droit-civil\/","name":"Droit Civil | P\u00e9rez de Vargas \u2705 \u2b50 \u260e\ufe0f","isPartOf":{"@id":"https:\/\/perezdevargas.es\/fr\/#website"},"primaryImageOfPage":{"@id":"https:\/\/perezdevargas.es\/fr\/domaines-de-pratique\/droit-civil\/#primaryimage"},"image":{"@id":"https:\/\/perezdevargas.es\/fr\/domaines-de-pratique\/droit-civil\/#primaryimage"},"thumbnailUrl":"https:\/\/perezdevargas.es\/wp-content\/uploads\/2016\/12\/justice.jpg","datePublished":"2019-10-21T20:26:51+00:00","dateModified":"2024-10-29T17:46:52+00:00","description":"Droit Civil P\u00e9rez de Vargas Abogados offre \u00e9galement des services de conseils juridiques en mati\u00e8re de droit civil, tel que:\u00a0 Obligations et Contrats\u00a0 \u2705 \u2b50 \u260e\ufe0f","breadcrumb":{"@id":"https:\/\/perezdevargas.es\/fr\/domaines-de-pratique\/droit-civil\/#breadcrumb"},"inLanguage":"fr-FR","potentialAction":[{"@type":"ReadAction","target":["https:\/\/perezdevargas.es\/fr\/domaines-de-pratique\/droit-civil\/"]}]},{"@type":"ImageObject","inLanguage":"fr-FR","@id":"https:\/\/perezdevargas.es\/fr\/domaines-de-pratique\/droit-civil\/#primaryimage","url":"https:\/\/perezdevargas.es\/wp-content\/uploads\/2016\/12\/justice.jpg","contentUrl":"https:\/\/perezdevargas.es\/wp-content\/uploads\/2016\/12\/justice.jpg","width":625,"height":351,"caption":"Abogados Derecho Civil Estepona"},{"@type":"BreadcrumbList","@id":"https:\/\/perezdevargas.es\/fr\/domaines-de-pratique\/droit-civil\/#breadcrumb","itemListElement":[{"@type":"ListItem","position":1,"name":"Portada","item":"https:\/\/perezdevargas.es\/fr\/"},{"@type":"ListItem","position":2,"name":"Domaines de Pratique","item":"https:\/\/perezdevargas.es\/fr\/domaines-de-pratique\/"},{"@type":"ListItem","position":3,"name":"Droit Civil"}]},{"@type":"WebSite","@id":"https:\/\/perezdevargas.es\/fr\/#website","url":"https:\/\/perezdevargas.es\/fr\/","name":"P\u00e9rez de Vargas","description":"","publisher":{"@id":"https:\/\/perezdevargas.es\/fr\/#organization"},"potentialAction":[{"@type":"SearchAction","target":{"@type":"EntryPoint","urlTemplate":"https:\/\/perezdevargas.es\/fr\/?s={search_term_string}"},"query-input":{"@type":"PropertyValueSpecification","valueRequired":true,"valueName":"search_term_string"}}],"inLanguage":"fr-FR"},{"@type":"Organization","@id":"https:\/\/perezdevargas.es\/fr\/#organization","name":"P\u00e9rez de Vargas","url":"https:\/\/perezdevargas.es\/fr\/","logo":{"@type":"ImageObject","inLanguage":"fr-FR","@id":"https:\/\/perezdevargas.es\/fr\/#\/schema\/logo\/image\/","url":"https:\/\/perezdevargas.es\/wp-content\/uploads\/2025\/04\/Diseno-sin-titulo-91-1.jpg","contentUrl":"https:\/\/perezdevargas.es\/wp-content\/uploads\/2025\/04\/Diseno-sin-titulo-91-1.jpg","width":500,"height":500,"caption":"P\u00e9rez de Vargas"},"image":{"@id":"https:\/\/perezdevargas.es\/fr\/#\/schema\/logo\/image\/"},"sameAs":["https:\/\/www.facebook.com\/perezdevargasabogados\/","https:\/\/www.instagram.com\/perezdevargasabogados\/"]}]}},"_links":{"self":[{"href":"https:\/\/perezdevargas.es\/fr\/wp-json\/wp\/v2\/pages\/2659","targetHints":{"allow":["GET"]}}],"collection":[{"href":"https:\/\/perezdevargas.es\/fr\/wp-json\/wp\/v2\/pages"}],"about":[{"href":"https:\/\/perezdevargas.es\/fr\/wp-json\/wp\/v2\/types\/page"}],"author":[{"embeddable":true,"href":"https:\/\/perezdevargas.es\/fr\/wp-json\/wp\/v2\/users\/15"}],"replies":[{"embeddable":true,"href":"https:\/\/perezdevargas.es\/fr\/wp-json\/wp\/v2\/comments?post=2659"}],"version-history":[{"count":4,"href":"https:\/\/perezdevargas.es\/fr\/wp-json\/wp\/v2\/pages\/2659\/revisions"}],"predecessor-version":[{"id":66901,"href":"https:\/\/perezdevargas.es\/fr\/wp-json\/wp\/v2\/pages\/2659\/revisions\/66901"}],"up":[{"embeddable":true,"href":"https:\/\/perezdevargas.es\/fr\/wp-json\/wp\/v2\/pages\/271"}],"wp:featuredmedia":[{"embeddable":true,"href":"https:\/\/perezdevargas.es\/fr\/wp-json\/wp\/v2\/media\/1169"}],"wp:attachment":[{"href":"https:\/\/perezdevargas.es\/fr\/wp-json\/wp\/v2\/media?parent=2659"}],"curies":[{"name":"wp","href":"https:\/\/api.w.org\/{rel}","templated":true}]}}