{"id":2661,"date":"2019-10-21T20:28:51","date_gmt":"2019-10-21T20:28:51","guid":{"rendered":"https:\/\/perezdevargas.es\/?page_id=2661"},"modified":"2024-11-13T16:55:38","modified_gmt":"2024-11-13T16:55:38","slug":"droit-fiscal","status":"publish","type":"page","link":"https:\/\/perezdevargas.es\/fr\/domaines-de-pratique\/droit-fiscal\/","title":{"rendered":"Droit Fiscal"},"content":{"rendered":"<h1>Droit Fiscal<\/h1>\n<p><img fetchpriority=\"high\" decoding=\"async\" class=\"size-full wp-image-8197\" src=\"https:\/\/perezdevargas.es\/wp-content\/uploads\/2021\/12\/141386279_s.jpg\" alt=\"\" width=\"847\" height=\"565\" \/><\/p>\n<p><span data-contrast=\"none\">Les services que P\u00e9rez de Vargas Abogados propose \u00e0 tous ses clients se compl\u00e8te par des\u202f<\/span><b><span data-contrast=\"none\">conseils en mati\u00e8re fiscal<\/span><\/b><span data-contrast=\"none\">, permettant ainsi une prestation juridique compl\u00e8te.<\/span><span data-ccp-props=\"{&quot;201341983&quot;:0,&quot;335551550&quot;:6,&quot;335551620&quot;:6,&quot;335559739&quot;:300,&quot;335559740&quot;:240}\">\u00a0<\/span><\/p>\n<p><span data-contrast=\"none\">\u00c0 cet effet, dans toutes les op\u00e9rations, aussi bien entrepreneuriales, que particuli\u00e8res, qui s\u00b4effectuent dans le trafic commercial, l\u00b4incidence du\u202f<\/span><b><span data-contrast=\"none\">Droit Fiscal<\/span><\/b><span data-contrast=\"none\">\u202fest pas questionnable. Pour cela, nos professionnels sont hautement qualifi\u00e9s pour analyser l\u00b4incidence de ce\u202f<\/span><b><span data-contrast=\"none\">Droit dans le trafic commercial<\/span><\/b><span data-contrast=\"none\">\u202fet pouvoir soulever diverses options en fonction des besoins du client.<\/span><span data-ccp-props=\"{&quot;201341983&quot;:0,&quot;335551550&quot;:6,&quot;335551620&quot;:6,&quot;335559739&quot;:300,&quot;335559740&quot;:240}\">\u00a0<\/span><\/p>\n<p><span data-contrast=\"none\">\u00c9tant donn\u00e9e la haute qualification des professionnels de notre Cabinet dans \u202fcette branche du Droit, nous ajoutons \u00e0 cela la connaissance des aspects fiscaux li\u00e9s aux <\/span><span data-contrast=\"none\">diff\u00e9rentes branches de discipline que nous traitons. Pour cette raison, un \u202fconseil fiscal rigoureux \u202fest enti\u00e8rement garanti.<\/span><\/p>\n","protected":false},"excerpt":{"rendered":"<p>Droit Fiscal Les services que P\u00e9rez de Vargas Abogados propose \u00e0 tous ses clients se compl\u00e8te par des\u202fconseils en mati\u00e8re [&hellip;]<\/p>\n","protected":false},"author":15,"featured_media":8197,"parent":271,"menu_order":0,"comment_status":"closed","ping_status":"closed","template":"","meta":{"site-sidebar-layout":"default","site-content-layout":"","ast-site-content-layout":"","site-content-style":"default","site-sidebar-style":"default","ast-global-header-display":"","ast-banner-title-visibility":"","ast-main-header-display":"","ast-hfb-above-header-display":"","ast-hfb-below-header-display":"","ast-hfb-mobile-header-display":"","site-post-title":"","ast-breadcrumbs-content":"","ast-featured-img":"","footer-sml-layout":"","theme-transparent-header-meta":"","adv-header-id-meta":"","stick-header-meta":"","header-above-stick-meta":"","header-main-stick-meta":"","header-below-stick-meta":"","astra-migrate-meta-layouts":"default","ast-page-background-enabled":"default","ast-page-background-meta":{"desktop":{"background-color":"var(--ast-global-color-4)","background-image":"","background-repeat":"repeat","background-position":"center center","background-size":"auto","background-attachment":"scroll","background-type":"","background-media":"","overlay-type":"","overlay-color":"","overlay-opacity":"","overlay-gradient":""},"tablet":{"background-color":"","background-image":"","background-repeat":"repeat","background-position":"center center","background-size":"auto","background-attachment":"scroll","background-type":"","background-media":"","overlay-type":"","overlay-color":"","overlay-opacity":"","overlay-gradient":""},"mobile":{"background-color":"","background-image":"","background-repeat":"repeat","background-position":"center center","background-size":"auto","background-attachment":"scroll","background-type":"","background-media":"","overlay-type":"","overlay-color":"","overlay-opacity":"","overlay-gradient":""}},"ast-content-background-meta":{"desktop":{"background-color":"var(--ast-global-color-5)","background-image":"","background-repeat":"repeat","background-position":"center center","background-size":"auto","background-attachment":"scroll","background-type":"","background-media":"","overlay-type":"","overlay-color":"","overlay-opacity":"","overlay-gradient":""},"tablet":{"background-color":"var(--ast-global-color-5)","background-image":"","background-repeat":"repeat","background-position":"center center","background-size":"auto","background-attachment":"scroll","background-type":"","background-media":"","overlay-type":"","overlay-color":"","overlay-opacity":"","overlay-gradient":""},"mobile":{"background-color":"var(--ast-global-color-5)","background-image":"","background-repeat":"repeat","background-position":"center center","background-size":"auto","background-attachment":"scroll","background-type":"","background-media":"","overlay-type":"","overlay-color":"","overlay-opacity":"","overlay-gradient":""}},"footnotes":""},"class_list":["post-2661","page","type-page","status-publish","has-post-thumbnail","hentry"],"yoast_head":"<!-- This site is optimized with the Yoast SEO plugin v25.2 - https:\/\/yoast.com\/wordpress\/plugins\/seo\/ -->\n<title>Droit Fiscal | P\u00e9rez de Vargas \u2705 \u2b50 \u260e\ufe0f<\/title>\n<meta name=\"description\" content=\"Droit Fiscal Les services que P\u00e9rez de Vargas Abogados propose \u00e0 tous ses clients se compl\u00e8te par des\u202fconseils en mati\u00e8re fiscal, permettant ainsi une \u2705 \u2b50 \u260e\ufe0f\" \/>\n<meta name=\"robots\" content=\"index, follow, max-snippet:-1, max-image-preview:large, max-video-preview:-1\" \/>\n<link rel=\"canonical\" href=\"https:\/\/perezdevargas.es\/fr\/domaines-de-pratique\/droit-fiscal\/\" \/>\n<meta property=\"og:locale\" content=\"fr_FR\" \/>\n<meta property=\"og:type\" content=\"article\" \/>\n<meta property=\"og:title\" content=\"Droit Fiscal | P\u00e9rez de Vargas \u2705 \u2b50 \u260e\ufe0f\" \/>\n<meta property=\"og:description\" content=\"Droit Fiscal Les services que P\u00e9rez de Vargas Abogados propose \u00e0 tous ses clients se compl\u00e8te par des\u202fconseils en mati\u00e8re fiscal, permettant ainsi une \u2705 \u2b50 \u260e\ufe0f\" \/>\n<meta property=\"og:url\" content=\"https:\/\/perezdevargas.es\/fr\/domaines-de-pratique\/droit-fiscal\/\" \/>\n<meta property=\"og:site_name\" content=\"P\u00e9rez de Vargas\" \/>\n<meta property=\"article:publisher\" content=\"https:\/\/www.facebook.com\/perezdevargasabogados\/\" \/>\n<meta property=\"article:modified_time\" content=\"2024-11-13T16:55:38+00:00\" \/>\n<meta property=\"og:image\" content=\"https:\/\/perezdevargas.es\/wp-content\/uploads\/2021\/12\/141386279_s.jpg\" \/>\n<meta name=\"twitter:card\" content=\"summary_large_image\" \/>\n<meta name=\"twitter:label1\" content=\"Dur\u00e9e de lecture estim\u00e9e\" \/>\n\t<meta name=\"twitter:data1\" content=\"1 minute\" \/>\n<script type=\"application\/ld+json\" class=\"yoast-schema-graph\">{\"@context\":\"https:\/\/schema.org\",\"@graph\":[{\"@type\":\"WebPage\",\"@id\":\"https:\/\/perezdevargas.es\/fr\/domaines-de-pratique\/droit-fiscal\/\",\"url\":\"https:\/\/perezdevargas.es\/fr\/domaines-de-pratique\/droit-fiscal\/\",\"name\":\"Droit Fiscal | P\u00e9rez de Vargas \u2705 \u2b50 \u260e\ufe0f\",\"isPartOf\":{\"@id\":\"https:\/\/perezdevargas.es\/fr\/#website\"},\"primaryImageOfPage\":{\"@id\":\"https:\/\/perezdevargas.es\/fr\/domaines-de-pratique\/droit-fiscal\/#primaryimage\"},\"image\":{\"@id\":\"https:\/\/perezdevargas.es\/fr\/domaines-de-pratique\/droit-fiscal\/#primaryimage\"},\"thumbnailUrl\":\"https:\/\/perezdevargas.es\/wp-content\/uploads\/2021\/12\/141386279_s.jpg\",\"datePublished\":\"2019-10-21T20:28:51+00:00\",\"dateModified\":\"2024-11-13T16:55:38+00:00\",\"description\":\"Droit Fiscal Les services que P\u00e9rez de Vargas Abogados propose \u00e0 tous ses clients se compl\u00e8te par des\u202fconseils en mati\u00e8re fiscal, permettant ainsi une \u2705 \u2b50 \u260e\ufe0f\",\"breadcrumb\":{\"@id\":\"https:\/\/perezdevargas.es\/fr\/domaines-de-pratique\/droit-fiscal\/#breadcrumb\"},\"inLanguage\":\"fr-FR\",\"potentialAction\":[{\"@type\":\"ReadAction\",\"target\":[\"https:\/\/perezdevargas.es\/fr\/domaines-de-pratique\/droit-fiscal\/\"]}]},{\"@type\":\"ImageObject\",\"inLanguage\":\"fr-FR\",\"@id\":\"https:\/\/perezdevargas.es\/fr\/domaines-de-pratique\/droit-fiscal\/#primaryimage\",\"url\":\"https:\/\/perezdevargas.es\/wp-content\/uploads\/2021\/12\/141386279_s.jpg\",\"contentUrl\":\"https:\/\/perezdevargas.es\/wp-content\/uploads\/2021\/12\/141386279_s.jpg\",\"width\":847,\"height\":565,\"caption\":\"Women lawyer discussing with clients in courtroom. justice and law ,attorney, court judge, meeting concept.\"},{\"@type\":\"BreadcrumbList\",\"@id\":\"https:\/\/perezdevargas.es\/fr\/domaines-de-pratique\/droit-fiscal\/#breadcrumb\",\"itemListElement\":[{\"@type\":\"ListItem\",\"position\":1,\"name\":\"Portada\",\"item\":\"https:\/\/perezdevargas.es\/fr\/\"},{\"@type\":\"ListItem\",\"position\":2,\"name\":\"Domaines de Pratique\",\"item\":\"https:\/\/perezdevargas.es\/fr\/domaines-de-pratique\/\"},{\"@type\":\"ListItem\",\"position\":3,\"name\":\"Droit Fiscal\"}]},{\"@type\":\"WebSite\",\"@id\":\"https:\/\/perezdevargas.es\/fr\/#website\",\"url\":\"https:\/\/perezdevargas.es\/fr\/\",\"name\":\"P\u00e9rez de Vargas\",\"description\":\"\",\"publisher\":{\"@id\":\"https:\/\/perezdevargas.es\/fr\/#organization\"},\"potentialAction\":[{\"@type\":\"SearchAction\",\"target\":{\"@type\":\"EntryPoint\",\"urlTemplate\":\"https:\/\/perezdevargas.es\/fr\/?s={search_term_string}\"},\"query-input\":{\"@type\":\"PropertyValueSpecification\",\"valueRequired\":true,\"valueName\":\"search_term_string\"}}],\"inLanguage\":\"fr-FR\"},{\"@type\":\"Organization\",\"@id\":\"https:\/\/perezdevargas.es\/fr\/#organization\",\"name\":\"P\u00e9rez de Vargas\",\"url\":\"https:\/\/perezdevargas.es\/fr\/\",\"logo\":{\"@type\":\"ImageObject\",\"inLanguage\":\"fr-FR\",\"@id\":\"https:\/\/perezdevargas.es\/fr\/#\/schema\/logo\/image\/\",\"url\":\"https:\/\/perezdevargas.es\/wp-content\/uploads\/2025\/04\/Diseno-sin-titulo-91-1.jpg\",\"contentUrl\":\"https:\/\/perezdevargas.es\/wp-content\/uploads\/2025\/04\/Diseno-sin-titulo-91-1.jpg\",\"width\":500,\"height\":500,\"caption\":\"P\u00e9rez de Vargas\"},\"image\":{\"@id\":\"https:\/\/perezdevargas.es\/fr\/#\/schema\/logo\/image\/\"},\"sameAs\":[\"https:\/\/www.facebook.com\/perezdevargasabogados\/\",\"https:\/\/www.instagram.com\/perezdevargasabogados\/\"]}]}<\/script>\n<!-- \/ Yoast SEO plugin. -->","yoast_head_json":{"title":"Droit Fiscal | P\u00e9rez de Vargas \u2705 \u2b50 \u260e\ufe0f","description":"Droit Fiscal Les services que P\u00e9rez de Vargas Abogados propose \u00e0 tous ses clients se compl\u00e8te par des\u202fconseils en mati\u00e8re fiscal, permettant ainsi une \u2705 \u2b50 \u260e\ufe0f","robots":{"index":"index","follow":"follow","max-snippet":"max-snippet:-1","max-image-preview":"max-image-preview:large","max-video-preview":"max-video-preview:-1"},"canonical":"https:\/\/perezdevargas.es\/fr\/domaines-de-pratique\/droit-fiscal\/","og_locale":"fr_FR","og_type":"article","og_title":"Droit Fiscal | P\u00e9rez de Vargas \u2705 \u2b50 \u260e\ufe0f","og_description":"Droit Fiscal Les services que P\u00e9rez de Vargas Abogados propose \u00e0 tous ses clients se compl\u00e8te par des\u202fconseils en mati\u00e8re fiscal, permettant ainsi une \u2705 \u2b50 \u260e\ufe0f","og_url":"https:\/\/perezdevargas.es\/fr\/domaines-de-pratique\/droit-fiscal\/","og_site_name":"P\u00e9rez de Vargas","article_publisher":"https:\/\/www.facebook.com\/perezdevargasabogados\/","article_modified_time":"2024-11-13T16:55:38+00:00","og_image":[{"url":"https:\/\/perezdevargas.es\/wp-content\/uploads\/2021\/12\/141386279_s.jpg","type":"","width":"","height":""}],"twitter_card":"summary_large_image","twitter_misc":{"Dur\u00e9e de lecture estim\u00e9e":"1 minute"},"schema":{"@context":"https:\/\/schema.org","@graph":[{"@type":"WebPage","@id":"https:\/\/perezdevargas.es\/fr\/domaines-de-pratique\/droit-fiscal\/","url":"https:\/\/perezdevargas.es\/fr\/domaines-de-pratique\/droit-fiscal\/","name":"Droit Fiscal | P\u00e9rez de Vargas \u2705 \u2b50 \u260e\ufe0f","isPartOf":{"@id":"https:\/\/perezdevargas.es\/fr\/#website"},"primaryImageOfPage":{"@id":"https:\/\/perezdevargas.es\/fr\/domaines-de-pratique\/droit-fiscal\/#primaryimage"},"image":{"@id":"https:\/\/perezdevargas.es\/fr\/domaines-de-pratique\/droit-fiscal\/#primaryimage"},"thumbnailUrl":"https:\/\/perezdevargas.es\/wp-content\/uploads\/2021\/12\/141386279_s.jpg","datePublished":"2019-10-21T20:28:51+00:00","dateModified":"2024-11-13T16:55:38+00:00","description":"Droit Fiscal Les services que P\u00e9rez de Vargas Abogados propose \u00e0 tous ses clients se compl\u00e8te par des\u202fconseils en mati\u00e8re fiscal, permettant ainsi une \u2705 \u2b50 \u260e\ufe0f","breadcrumb":{"@id":"https:\/\/perezdevargas.es\/fr\/domaines-de-pratique\/droit-fiscal\/#breadcrumb"},"inLanguage":"fr-FR","potentialAction":[{"@type":"ReadAction","target":["https:\/\/perezdevargas.es\/fr\/domaines-de-pratique\/droit-fiscal\/"]}]},{"@type":"ImageObject","inLanguage":"fr-FR","@id":"https:\/\/perezdevargas.es\/fr\/domaines-de-pratique\/droit-fiscal\/#primaryimage","url":"https:\/\/perezdevargas.es\/wp-content\/uploads\/2021\/12\/141386279_s.jpg","contentUrl":"https:\/\/perezdevargas.es\/wp-content\/uploads\/2021\/12\/141386279_s.jpg","width":847,"height":565,"caption":"Women lawyer discussing with clients in courtroom. justice and law ,attorney, court judge, meeting concept."},{"@type":"BreadcrumbList","@id":"https:\/\/perezdevargas.es\/fr\/domaines-de-pratique\/droit-fiscal\/#breadcrumb","itemListElement":[{"@type":"ListItem","position":1,"name":"Portada","item":"https:\/\/perezdevargas.es\/fr\/"},{"@type":"ListItem","position":2,"name":"Domaines de Pratique","item":"https:\/\/perezdevargas.es\/fr\/domaines-de-pratique\/"},{"@type":"ListItem","position":3,"name":"Droit Fiscal"}]},{"@type":"WebSite","@id":"https:\/\/perezdevargas.es\/fr\/#website","url":"https:\/\/perezdevargas.es\/fr\/","name":"P\u00e9rez de Vargas","description":"","publisher":{"@id":"https:\/\/perezdevargas.es\/fr\/#organization"},"potentialAction":[{"@type":"SearchAction","target":{"@type":"EntryPoint","urlTemplate":"https:\/\/perezdevargas.es\/fr\/?s={search_term_string}"},"query-input":{"@type":"PropertyValueSpecification","valueRequired":true,"valueName":"search_term_string"}}],"inLanguage":"fr-FR"},{"@type":"Organization","@id":"https:\/\/perezdevargas.es\/fr\/#organization","name":"P\u00e9rez de Vargas","url":"https:\/\/perezdevargas.es\/fr\/","logo":{"@type":"ImageObject","inLanguage":"fr-FR","@id":"https:\/\/perezdevargas.es\/fr\/#\/schema\/logo\/image\/","url":"https:\/\/perezdevargas.es\/wp-content\/uploads\/2025\/04\/Diseno-sin-titulo-91-1.jpg","contentUrl":"https:\/\/perezdevargas.es\/wp-content\/uploads\/2025\/04\/Diseno-sin-titulo-91-1.jpg","width":500,"height":500,"caption":"P\u00e9rez de Vargas"},"image":{"@id":"https:\/\/perezdevargas.es\/fr\/#\/schema\/logo\/image\/"},"sameAs":["https:\/\/www.facebook.com\/perezdevargasabogados\/","https:\/\/www.instagram.com\/perezdevargasabogados\/"]}]}},"_links":{"self":[{"href":"https:\/\/perezdevargas.es\/fr\/wp-json\/wp\/v2\/pages\/2661","targetHints":{"allow":["GET"]}}],"collection":[{"href":"https:\/\/perezdevargas.es\/fr\/wp-json\/wp\/v2\/pages"}],"about":[{"href":"https:\/\/perezdevargas.es\/fr\/wp-json\/wp\/v2\/types\/page"}],"author":[{"embeddable":true,"href":"https:\/\/perezdevargas.es\/fr\/wp-json\/wp\/v2\/users\/15"}],"replies":[{"embeddable":true,"href":"https:\/\/perezdevargas.es\/fr\/wp-json\/wp\/v2\/comments?post=2661"}],"version-history":[{"count":4,"href":"https:\/\/perezdevargas.es\/fr\/wp-json\/wp\/v2\/pages\/2661\/revisions"}],"predecessor-version":[{"id":67158,"href":"https:\/\/perezdevargas.es\/fr\/wp-json\/wp\/v2\/pages\/2661\/revisions\/67158"}],"up":[{"embeddable":true,"href":"https:\/\/perezdevargas.es\/fr\/wp-json\/wp\/v2\/pages\/271"}],"wp:featuredmedia":[{"embeddable":true,"href":"https:\/\/perezdevargas.es\/fr\/wp-json\/wp\/v2\/media\/8197"}],"wp:attachment":[{"href":"https:\/\/perezdevargas.es\/fr\/wp-json\/wp\/v2\/media?parent=2661"}],"curies":[{"name":"wp","href":"https:\/\/api.w.org\/{rel}","templated":true}]}}