{"id":2666,"date":"2019-10-21T20:39:46","date_gmt":"2019-10-21T20:39:46","guid":{"rendered":"https:\/\/perezdevargas.es\/?page_id=2666"},"modified":"2024-10-29T17:52:52","modified_gmt":"2024-10-29T17:52:52","slug":"droit-commercial-et-societaire","status":"publish","type":"page","link":"https:\/\/perezdevargas.es\/fr\/domaines-de-pratique\/droit-commercial-et-societaire\/","title":{"rendered":"Droit commercial et soci\u00e9taire"},"content":{"rendered":"<h1>Droit commercial et soci\u00e9taire<\/h1>\n<p><span data-contrast=\"none\">Depuis sa fondation, le\u202f<\/span><b><span data-contrast=\"none\">conseil juridique<\/span><\/b><span data-contrast=\"none\">\u202fdes entreprises a \u00e9t\u00e9 l\u00b4une des branches d\u00b4engagement pr\u00e9f\u00e9rentiel de P\u00e9rez de Vargas Abogados. Ainsi, notre Cabinet conseille des \u202f<\/span><b><span data-contrast=\"none\">entreprises de secteur tr\u00e8s divers<\/span><\/b><span data-contrast=\"none\">, se trouvant entre elles \u202faussi bien les d\u00e9nomm\u00e9es petites et moyennes entreprises, que les grandes entreprises.<\/span><span data-ccp-props=\"{&quot;201341983&quot;:0,&quot;335551550&quot;:6,&quot;335551620&quot;:6,&quot;335559739&quot;:300,&quot;335559740&quot;:240}\">\u00a0<\/span><\/p>\n<p><img fetchpriority=\"high\" decoding=\"async\" class=\"alignnone wp-image-1262 size-full\" src=\"https:\/\/perezdevargas.es\/wp-content\/uploads\/2015\/06\/concursal.jpg\" alt=\"\" width=\"680\" height=\"365\" srcset=\"https:\/\/perezdevargas.es\/wp-content\/uploads\/2015\/06\/concursal.jpg 680w, https:\/\/perezdevargas.es\/wp-content\/uploads\/2015\/06\/concursal-300x161.jpg 300w\" sizes=\"(max-width: 680px) 100vw, 680px\" \/><\/p>\n<h2><b>Conseil juridique commercial et d&rsquo;entreprise<\/b><\/h2>\n<p>Nous disposons donc d&rsquo;une <b><strong>vaste exp\u00e9rience<\/strong><\/b> en mati\u00e8re de conseil juridique aux entreprises et d&rsquo;une excellente \u00e9quipe de professionnels hautement qualifi\u00e9s et sp\u00e9cialis\u00e9s dans le conseil juridique aux entreprises.<\/p>\n<p>Ce conseil comprend la r\u00e9solution des questions li\u00e9es au fonctionnement quotidien des entit\u00e9s commerciales, la collaboration avec les services de conseil juridique interne, le cas \u00e9ch\u00e9ant, ainsi que la concurrence d\u00e9loyale et l&rsquo;\u00e9tude et la r\u00e9daction de contrats documentant les accords commerciaux conclus par les clients.<\/p>\n<p>En outre, le d\u00e9partement de <b><strong>droit commercial et corporatif de P\u00e9rez de Vargas Abogados<\/strong><\/b> dispose d&rsquo;<b><strong>avocats sp\u00e9cialis\u00e9s <\/strong><\/b>et qualifi\u00e9s pour mener \u00e0 bien toutes les op\u00e9rations qui se pr\u00e9sentent dans le domaine corporatif, depuis la constitution et la restructuration de soci\u00e9t\u00e9s, les proc\u00e9dures de faillite, ainsi que tout litige qui implique une qualification sp\u00e9cifique en droit commercial en g\u00e9n\u00e9ral et en droit corporatif en particulier.<\/p>\n<h2><b>Qu&rsquo;est-ce qu&rsquo;une soci\u00e9t\u00e9 commerciale ?<\/b><\/h2>\n<p>Une soci\u00e9t\u00e9 commerciale est une soci\u00e9t\u00e9 de personnes physiques ou morales dont l&rsquo;objet est de d\u00e9marrer une activit\u00e9 \u00e9conomique \u00e0 but lucratif. Elle est reconnue comme une entit\u00e9 juridique distincte, dot\u00e9e d&rsquo;un patrimoine propre et ind\u00e9pendant.<\/p>\n<p>Une soci\u00e9t\u00e9 commerciale est une relation entre partenaires dans laquelle chacun d&rsquo;entre eux apporte des ressources, des connaissances et des comp\u00e9tences pour d\u00e9velopper leur activit\u00e9. Il existe diff\u00e9rents types de soci\u00e9t\u00e9s commerciales en fonction de l&rsquo;activit\u00e9 \u00e9conomique, de la relation entre les partenaires, de la responsabilit\u00e9, du risque assum\u00e9 et de l&rsquo;objet social de la soci\u00e9t\u00e9. Les six types les plus courants et sur lesquels nous pouvons vous conseiller sont les suivants : La soci\u00e9t\u00e9 anonyme, la soci\u00e9t\u00e9 anonyme publique, la soci\u00e9t\u00e9 en commandite, la soci\u00e9t\u00e9 de travailleurs, la soci\u00e9t\u00e9 coop\u00e9rative et la soci\u00e9t\u00e9 en nom collectif.<\/p>\n<h3><b>Qu&rsquo;est-ce que le droit commercial et le droit des soci\u00e9t\u00e9s ?<\/b><\/h3>\n<p>Le droit commercial est la branche du droit priv\u00e9 qui englobe toutes les r\u00e8gles de notre syst\u00e8me juridique qui traitent des actes commerciaux et des relations juridiques qui d\u00e9coulent de l&rsquo;ex\u00e9cution de ces actes. D&rsquo;une mani\u00e8re g\u00e9n\u00e9rale, il s&rsquo;agit de la branche du droit qui r\u00e9glemente l&rsquo;<b><strong>exercice du commerce.<\/strong><\/b><\/p>\n<p>D&rsquo;autre part, le droit des soci\u00e9t\u00e9s est la branche du droit qui s&rsquo;occupe de l&rsquo;entrepreneur social, c&rsquo;est-\u00e0-dire tout ce qui concerne la cr\u00e9ation d&rsquo;entreprises, leur fonctionnement, leur r\u00e9organisation, leur d\u00e9veloppement et leur cessation. En gros, c&rsquo;est la branche du droit qui s&rsquo;occupe du fonctionnement interne et externe des entreprises.<\/p>\n<h3><b>Avocats sp\u00e9cialis\u00e9s en droit commercial<\/b><\/h3>\n<p>P\u00e9rez de Vargas Abogados dispose d&rsquo;une excellente \u00e9quipe de professionnels hautement qualifi\u00e9s et exp\u00e9riment\u00e9s, avec un haut degr\u00e9 de sp\u00e9cialisation dans le conseil juridique dans le domaine des affaires.<\/p>\n<p>Nous garantissons des r\u00e9sultats fructueux dans nos proc\u00e9dures, en offrant une large gamme de services fournis par les meilleurs professionnels dans tous les domaines. Chaque avocat commercial de notre cabinet r\u00e9soudra tous vos doutes, avec respect et d\u00e9vouement.<\/p>\n<p>Nous sommes des avocats sp\u00e9cialis\u00e9s en droit commercial et corporatif \u00e0 Malaga. Contactez nous et vous serez assist\u00e9 par un<a href=\"https:\/\/perezdevargas.es\/fr\/contactez\/\"><b><strong> avocat sp\u00e9cialis\u00e9 dans ce domaine du droit<\/strong><\/b><\/a>.<\/p>\n","protected":false},"excerpt":{"rendered":"<p>Droit commercial et soci\u00e9taire Depuis sa fondation, le\u202fconseil juridique\u202fdes entreprises a \u00e9t\u00e9 l\u00b4une des branches d\u00b4engagement pr\u00e9f\u00e9rentiel de P\u00e9rez de [&hellip;]<\/p>\n","protected":false},"author":15,"featured_media":62443,"parent":271,"menu_order":0,"comment_status":"closed","ping_status":"closed","template":"","meta":{"site-sidebar-layout":"default","site-content-layout":"","ast-site-content-layout":"","site-content-style":"default","site-sidebar-style":"default","ast-global-header-display":"","ast-banner-title-visibility":"","ast-main-header-display":"","ast-hfb-above-header-display":"","ast-hfb-below-header-display":"","ast-hfb-mobile-header-display":"","site-post-title":"","ast-breadcrumbs-content":"","ast-featured-img":"","footer-sml-layout":"","theme-transparent-header-meta":"","adv-header-id-meta":"","stick-header-meta":"","header-above-stick-meta":"","header-main-stick-meta":"","header-below-stick-meta":"","astra-migrate-meta-layouts":"default","ast-page-background-enabled":"default","ast-page-background-meta":{"desktop":{"background-color":"var(--ast-global-color-4)","background-image":"","background-repeat":"repeat","background-position":"center center","background-size":"auto","background-attachment":"scroll","background-type":"","background-media":"","overlay-type":"","overlay-color":"","overlay-opacity":"","overlay-gradient":""},"tablet":{"background-color":"","background-image":"","background-repeat":"repeat","background-position":"center center","background-size":"auto","background-attachment":"scroll","background-type":"","background-media":"","overlay-type":"","overlay-color":"","overlay-opacity":"","overlay-gradient":""},"mobile":{"background-color":"","background-image":"","background-repeat":"repeat","background-position":"center center","background-size":"auto","background-attachment":"scroll","background-type":"","background-media":"","overlay-type":"","overlay-color":"","overlay-opacity":"","overlay-gradient":""}},"ast-content-background-meta":{"desktop":{"background-color":"var(--ast-global-color-5)","background-image":"","background-repeat":"repeat","background-position":"center center","background-size":"auto","background-attachment":"scroll","background-type":"","background-media":"","overlay-type":"","overlay-color":"","overlay-opacity":"","overlay-gradient":""},"tablet":{"background-color":"var(--ast-global-color-5)","background-image":"","background-repeat":"repeat","background-position":"center center","background-size":"auto","background-attachment":"scroll","background-type":"","background-media":"","overlay-type":"","overlay-color":"","overlay-opacity":"","overlay-gradient":""},"mobile":{"background-color":"var(--ast-global-color-5)","background-image":"","background-repeat":"repeat","background-position":"center center","background-size":"auto","background-attachment":"scroll","background-type":"","background-media":"","overlay-type":"","overlay-color":"","overlay-opacity":"","overlay-gradient":""}},"footnotes":""},"class_list":["post-2666","page","type-page","status-publish","has-post-thumbnail","hentry"],"yoast_head":"<!-- This site is optimized with the Yoast SEO plugin v25.2 - https:\/\/yoast.com\/wordpress\/plugins\/seo\/ -->\n<title>Droit commercial et soci\u00e9taire | P\u00e9rez de Vargas \u2705 \u2b50 \u260e\ufe0f<\/title>\n<meta name=\"description\" content=\"Droit commercial et soci\u00e9taire Depuis sa fondation, le\u202fconseil juridique\u202fdes entreprises a \u00e9t\u00e9 l\u00b4une des branches d\u00b4engagement pr\u00e9f\u00e9rentiel de P\u00e9rez de \u2705 \u2b50 \u260e\ufe0f\" \/>\n<meta name=\"robots\" content=\"index, follow, max-snippet:-1, max-image-preview:large, max-video-preview:-1\" \/>\n<link rel=\"canonical\" href=\"https:\/\/perezdevargas.es\/fr\/domaines-de-pratique\/droit-commercial-et-societaire\/\" \/>\n<meta property=\"og:locale\" content=\"fr_FR\" \/>\n<meta property=\"og:type\" content=\"article\" \/>\n<meta property=\"og:title\" content=\"Droit commercial et soci\u00e9taire | P\u00e9rez de Vargas \u2705 \u2b50 \u260e\ufe0f\" \/>\n<meta property=\"og:description\" content=\"Droit commercial et soci\u00e9taire Depuis sa fondation, le\u202fconseil juridique\u202fdes entreprises a \u00e9t\u00e9 l\u00b4une des branches d\u00b4engagement pr\u00e9f\u00e9rentiel de P\u00e9rez de \u2705 \u2b50 \u260e\ufe0f\" \/>\n<meta property=\"og:url\" content=\"https:\/\/perezdevargas.es\/fr\/domaines-de-pratique\/droit-commercial-et-societaire\/\" \/>\n<meta property=\"og:site_name\" content=\"P\u00e9rez de Vargas\" \/>\n<meta property=\"article:publisher\" content=\"https:\/\/www.facebook.com\/perezdevargasabogados\/\" \/>\n<meta property=\"article:modified_time\" content=\"2024-10-29T17:52:52+00:00\" \/>\n<meta property=\"og:image\" content=\"https:\/\/perezdevargas.es\/wp-content\/uploads\/2015\/06\/concursal.jpg\" \/>\n<meta name=\"twitter:card\" content=\"summary_large_image\" \/>\n<meta name=\"twitter:label1\" content=\"Dur\u00e9e de lecture estim\u00e9e\" \/>\n\t<meta name=\"twitter:data1\" content=\"3 minutes\" \/>\n<script type=\"application\/ld+json\" class=\"yoast-schema-graph\">{\"@context\":\"https:\/\/schema.org\",\"@graph\":[{\"@type\":\"WebPage\",\"@id\":\"https:\/\/perezdevargas.es\/fr\/domaines-de-pratique\/droit-commercial-et-societaire\/\",\"url\":\"https:\/\/perezdevargas.es\/fr\/domaines-de-pratique\/droit-commercial-et-societaire\/\",\"name\":\"Droit commercial et soci\u00e9taire | P\u00e9rez de Vargas \u2705 \u2b50 \u260e\ufe0f\",\"isPartOf\":{\"@id\":\"https:\/\/perezdevargas.es\/fr\/#website\"},\"primaryImageOfPage\":{\"@id\":\"https:\/\/perezdevargas.es\/fr\/domaines-de-pratique\/droit-commercial-et-societaire\/#primaryimage\"},\"image\":{\"@id\":\"https:\/\/perezdevargas.es\/fr\/domaines-de-pratique\/droit-commercial-et-societaire\/#primaryimage\"},\"thumbnailUrl\":\"https:\/\/perezdevargas.es\/wp-content\/uploads\/2023\/11\/shutterstock_2347001177.jpg\",\"datePublished\":\"2019-10-21T20:39:46+00:00\",\"dateModified\":\"2024-10-29T17:52:52+00:00\",\"description\":\"Droit commercial et soci\u00e9taire Depuis sa fondation, le\u202fconseil juridique\u202fdes entreprises a \u00e9t\u00e9 l\u00b4une des branches d\u00b4engagement pr\u00e9f\u00e9rentiel de P\u00e9rez de \u2705 \u2b50 \u260e\ufe0f\",\"breadcrumb\":{\"@id\":\"https:\/\/perezdevargas.es\/fr\/domaines-de-pratique\/droit-commercial-et-societaire\/#breadcrumb\"},\"inLanguage\":\"fr-FR\",\"potentialAction\":[{\"@type\":\"ReadAction\",\"target\":[\"https:\/\/perezdevargas.es\/fr\/domaines-de-pratique\/droit-commercial-et-societaire\/\"]}]},{\"@type\":\"ImageObject\",\"inLanguage\":\"fr-FR\",\"@id\":\"https:\/\/perezdevargas.es\/fr\/domaines-de-pratique\/droit-commercial-et-societaire\/#primaryimage\",\"url\":\"https:\/\/perezdevargas.es\/wp-content\/uploads\/2023\/11\/shutterstock_2347001177.jpg\",\"contentUrl\":\"https:\/\/perezdevargas.es\/wp-content\/uploads\/2023\/11\/shutterstock_2347001177.jpg\",\"width\":1000,\"height\":668,\"caption\":\"Abogados Derecho Mercantil Estepona\"},{\"@type\":\"BreadcrumbList\",\"@id\":\"https:\/\/perezdevargas.es\/fr\/domaines-de-pratique\/droit-commercial-et-societaire\/#breadcrumb\",\"itemListElement\":[{\"@type\":\"ListItem\",\"position\":1,\"name\":\"Portada\",\"item\":\"https:\/\/perezdevargas.es\/fr\/\"},{\"@type\":\"ListItem\",\"position\":2,\"name\":\"Domaines de Pratique\",\"item\":\"https:\/\/perezdevargas.es\/fr\/domaines-de-pratique\/\"},{\"@type\":\"ListItem\",\"position\":3,\"name\":\"Droit commercial et soci\u00e9taire\"}]},{\"@type\":\"WebSite\",\"@id\":\"https:\/\/perezdevargas.es\/fr\/#website\",\"url\":\"https:\/\/perezdevargas.es\/fr\/\",\"name\":\"P\u00e9rez de Vargas\",\"description\":\"\",\"publisher\":{\"@id\":\"https:\/\/perezdevargas.es\/fr\/#organization\"},\"potentialAction\":[{\"@type\":\"SearchAction\",\"target\":{\"@type\":\"EntryPoint\",\"urlTemplate\":\"https:\/\/perezdevargas.es\/fr\/?s={search_term_string}\"},\"query-input\":{\"@type\":\"PropertyValueSpecification\",\"valueRequired\":true,\"valueName\":\"search_term_string\"}}],\"inLanguage\":\"fr-FR\"},{\"@type\":\"Organization\",\"@id\":\"https:\/\/perezdevargas.es\/fr\/#organization\",\"name\":\"P\u00e9rez de Vargas\",\"url\":\"https:\/\/perezdevargas.es\/fr\/\",\"logo\":{\"@type\":\"ImageObject\",\"inLanguage\":\"fr-FR\",\"@id\":\"https:\/\/perezdevargas.es\/fr\/#\/schema\/logo\/image\/\",\"url\":\"https:\/\/perezdevargas.es\/wp-content\/uploads\/2025\/04\/Diseno-sin-titulo-91-1.jpg\",\"contentUrl\":\"https:\/\/perezdevargas.es\/wp-content\/uploads\/2025\/04\/Diseno-sin-titulo-91-1.jpg\",\"width\":500,\"height\":500,\"caption\":\"P\u00e9rez de Vargas\"},\"image\":{\"@id\":\"https:\/\/perezdevargas.es\/fr\/#\/schema\/logo\/image\/\"},\"sameAs\":[\"https:\/\/www.facebook.com\/perezdevargasabogados\/\",\"https:\/\/www.instagram.com\/perezdevargasabogados\/\"]}]}<\/script>\n<!-- \/ Yoast SEO plugin. -->","yoast_head_json":{"title":"Droit commercial et soci\u00e9taire | P\u00e9rez de Vargas \u2705 \u2b50 \u260e\ufe0f","description":"Droit commercial et soci\u00e9taire Depuis sa fondation, le\u202fconseil juridique\u202fdes entreprises a \u00e9t\u00e9 l\u00b4une des branches d\u00b4engagement pr\u00e9f\u00e9rentiel de P\u00e9rez de \u2705 \u2b50 \u260e\ufe0f","robots":{"index":"index","follow":"follow","max-snippet":"max-snippet:-1","max-image-preview":"max-image-preview:large","max-video-preview":"max-video-preview:-1"},"canonical":"https:\/\/perezdevargas.es\/fr\/domaines-de-pratique\/droit-commercial-et-societaire\/","og_locale":"fr_FR","og_type":"article","og_title":"Droit commercial et soci\u00e9taire | P\u00e9rez de Vargas \u2705 \u2b50 \u260e\ufe0f","og_description":"Droit commercial et soci\u00e9taire Depuis sa fondation, le\u202fconseil juridique\u202fdes entreprises a \u00e9t\u00e9 l\u00b4une des branches d\u00b4engagement pr\u00e9f\u00e9rentiel de P\u00e9rez de \u2705 \u2b50 \u260e\ufe0f","og_url":"https:\/\/perezdevargas.es\/fr\/domaines-de-pratique\/droit-commercial-et-societaire\/","og_site_name":"P\u00e9rez de Vargas","article_publisher":"https:\/\/www.facebook.com\/perezdevargasabogados\/","article_modified_time":"2024-10-29T17:52:52+00:00","og_image":[{"url":"https:\/\/perezdevargas.es\/wp-content\/uploads\/2015\/06\/concursal.jpg","type":"","width":"","height":""}],"twitter_card":"summary_large_image","twitter_misc":{"Dur\u00e9e de lecture estim\u00e9e":"3 minutes"},"schema":{"@context":"https:\/\/schema.org","@graph":[{"@type":"WebPage","@id":"https:\/\/perezdevargas.es\/fr\/domaines-de-pratique\/droit-commercial-et-societaire\/","url":"https:\/\/perezdevargas.es\/fr\/domaines-de-pratique\/droit-commercial-et-societaire\/","name":"Droit commercial et soci\u00e9taire | P\u00e9rez de Vargas \u2705 \u2b50 \u260e\ufe0f","isPartOf":{"@id":"https:\/\/perezdevargas.es\/fr\/#website"},"primaryImageOfPage":{"@id":"https:\/\/perezdevargas.es\/fr\/domaines-de-pratique\/droit-commercial-et-societaire\/#primaryimage"},"image":{"@id":"https:\/\/perezdevargas.es\/fr\/domaines-de-pratique\/droit-commercial-et-societaire\/#primaryimage"},"thumbnailUrl":"https:\/\/perezdevargas.es\/wp-content\/uploads\/2023\/11\/shutterstock_2347001177.jpg","datePublished":"2019-10-21T20:39:46+00:00","dateModified":"2024-10-29T17:52:52+00:00","description":"Droit commercial et soci\u00e9taire Depuis sa fondation, le\u202fconseil juridique\u202fdes entreprises a \u00e9t\u00e9 l\u00b4une des branches d\u00b4engagement pr\u00e9f\u00e9rentiel de P\u00e9rez de \u2705 \u2b50 \u260e\ufe0f","breadcrumb":{"@id":"https:\/\/perezdevargas.es\/fr\/domaines-de-pratique\/droit-commercial-et-societaire\/#breadcrumb"},"inLanguage":"fr-FR","potentialAction":[{"@type":"ReadAction","target":["https:\/\/perezdevargas.es\/fr\/domaines-de-pratique\/droit-commercial-et-societaire\/"]}]},{"@type":"ImageObject","inLanguage":"fr-FR","@id":"https:\/\/perezdevargas.es\/fr\/domaines-de-pratique\/droit-commercial-et-societaire\/#primaryimage","url":"https:\/\/perezdevargas.es\/wp-content\/uploads\/2023\/11\/shutterstock_2347001177.jpg","contentUrl":"https:\/\/perezdevargas.es\/wp-content\/uploads\/2023\/11\/shutterstock_2347001177.jpg","width":1000,"height":668,"caption":"Abogados Derecho Mercantil Estepona"},{"@type":"BreadcrumbList","@id":"https:\/\/perezdevargas.es\/fr\/domaines-de-pratique\/droit-commercial-et-societaire\/#breadcrumb","itemListElement":[{"@type":"ListItem","position":1,"name":"Portada","item":"https:\/\/perezdevargas.es\/fr\/"},{"@type":"ListItem","position":2,"name":"Domaines de Pratique","item":"https:\/\/perezdevargas.es\/fr\/domaines-de-pratique\/"},{"@type":"ListItem","position":3,"name":"Droit commercial et soci\u00e9taire"}]},{"@type":"WebSite","@id":"https:\/\/perezdevargas.es\/fr\/#website","url":"https:\/\/perezdevargas.es\/fr\/","name":"P\u00e9rez de Vargas","description":"","publisher":{"@id":"https:\/\/perezdevargas.es\/fr\/#organization"},"potentialAction":[{"@type":"SearchAction","target":{"@type":"EntryPoint","urlTemplate":"https:\/\/perezdevargas.es\/fr\/?s={search_term_string}"},"query-input":{"@type":"PropertyValueSpecification","valueRequired":true,"valueName":"search_term_string"}}],"inLanguage":"fr-FR"},{"@type":"Organization","@id":"https:\/\/perezdevargas.es\/fr\/#organization","name":"P\u00e9rez de Vargas","url":"https:\/\/perezdevargas.es\/fr\/","logo":{"@type":"ImageObject","inLanguage":"fr-FR","@id":"https:\/\/perezdevargas.es\/fr\/#\/schema\/logo\/image\/","url":"https:\/\/perezdevargas.es\/wp-content\/uploads\/2025\/04\/Diseno-sin-titulo-91-1.jpg","contentUrl":"https:\/\/perezdevargas.es\/wp-content\/uploads\/2025\/04\/Diseno-sin-titulo-91-1.jpg","width":500,"height":500,"caption":"P\u00e9rez de Vargas"},"image":{"@id":"https:\/\/perezdevargas.es\/fr\/#\/schema\/logo\/image\/"},"sameAs":["https:\/\/www.facebook.com\/perezdevargasabogados\/","https:\/\/www.instagram.com\/perezdevargasabogados\/"]}]}},"_links":{"self":[{"href":"https:\/\/perezdevargas.es\/fr\/wp-json\/wp\/v2\/pages\/2666","targetHints":{"allow":["GET"]}}],"collection":[{"href":"https:\/\/perezdevargas.es\/fr\/wp-json\/wp\/v2\/pages"}],"about":[{"href":"https:\/\/perezdevargas.es\/fr\/wp-json\/wp\/v2\/types\/page"}],"author":[{"embeddable":true,"href":"https:\/\/perezdevargas.es\/fr\/wp-json\/wp\/v2\/users\/15"}],"replies":[{"embeddable":true,"href":"https:\/\/perezdevargas.es\/fr\/wp-json\/wp\/v2\/comments?post=2666"}],"version-history":[{"count":4,"href":"https:\/\/perezdevargas.es\/fr\/wp-json\/wp\/v2\/pages\/2666\/revisions"}],"predecessor-version":[{"id":66905,"href":"https:\/\/perezdevargas.es\/fr\/wp-json\/wp\/v2\/pages\/2666\/revisions\/66905"}],"up":[{"embeddable":true,"href":"https:\/\/perezdevargas.es\/fr\/wp-json\/wp\/v2\/pages\/271"}],"wp:featuredmedia":[{"embeddable":true,"href":"https:\/\/perezdevargas.es\/fr\/wp-json\/wp\/v2\/media\/62443"}],"wp:attachment":[{"href":"https:\/\/perezdevargas.es\/fr\/wp-json\/wp\/v2\/media?parent=2666"}],"curies":[{"name":"wp","href":"https:\/\/api.w.org\/{rel}","templated":true}]}}