{"id":2668,"date":"2019-10-21T20:41:53","date_gmt":"2019-10-21T20:41:53","guid":{"rendered":"https:\/\/perezdevargas.es\/?page_id=2668"},"modified":"2024-10-29T17:56:20","modified_gmt":"2024-10-29T17:56:20","slug":"droit-procedural","status":"publish","type":"page","link":"https:\/\/perezdevargas.es\/fr\/domaines-de-pratique\/droit-procedural\/","title":{"rendered":"Droit Proc\u00e9dural"},"content":{"rendered":"\t\t<div data-elementor-type=\"wp-page\" data-elementor-id=\"2668\" class=\"elementor elementor-2668 elementor-2075\" data-elementor-post-type=\"page\">\n\t\t\t\t<div class=\"elementor-element elementor-element-5ad9d258 e-flex e-con-boxed e-con e-parent\" data-id=\"5ad9d258\" data-element_type=\"container\">\n\t\t\t\t\t<div class=\"e-con-inner\">\n\t\t\t\t<div class=\"elementor-element elementor-element-6194b98f elementor-widget elementor-widget-text-editor\" data-id=\"6194b98f\" data-element_type=\"widget\" data-widget_type=\"text-editor.default\">\n\t\t\t\t<div class=\"elementor-widget-container\">\n\t\t\t\t\t\t\t\t\t<h1>Droit Proc\u00e9dural<\/h1>\n<p><span data-contrast=\"none\">La haute qualification des avocats qui int\u00e8grent le domaine du <strong>Droit Proc\u00e9dural<\/strong>, ainsi que leur exp\u00e9rience et connaissance des tribunaux locaux, garantissent que chaque litige se centre et se r\u00e9solve de la fa\u00e7on la plus efficace pour le client.<\/span><span data-ccp-props=\"{&quot;201341983&quot;:0,&quot;335551550&quot;:6,&quot;335551620&quot;:6,&quot;335559739&quot;:300,&quot;335559740&quot;:240}\">&nbsp;<\/span><\/p>\n<p><span data-contrast=\"none\">Notre \u00e9quipe d\u00b4avocats sp\u00e9cialistes du droit proc\u00e9dural agit de fa\u00e7on coordonn\u00e9e, s\u00b4organisant en groupe de travail en fonction de la mati\u00e8re et de la complexit\u00e9 du dossier, \u00e9tant pr\u00e9f\u00e9rable son intervention dans les proc\u00e9dures civiles et contentieuses-administratives.<\/span><span data-ccp-props=\"{&quot;201341983&quot;:0,&quot;335551550&quot;:6,&quot;335551620&quot;:6,&quot;335559739&quot;:300,&quot;335559740&quot;:240}\">&nbsp;<\/span><\/p>\n<p><span data-contrast=\"none\">En plus de la direction juridique des proc\u00e9dures judiciaires, la pratique proc\u00e9durale de P\u00e9rez de Vargas Abogados assume les conseils pr\u00e9ventifs pour \u00e9viter l\u00b4ouverture de proc\u00e9dures judiciaires ou, dans le cas o\u00f9 une solution <\/span><span data-contrast=\"none\">extrajudiciaire ne serait pas possible, garantir au client la position proc\u00e9dural la plus solide et forte possible dans un \u00e9ventuel proc\u00e8s.<\/span><span data-ccp-props=\"{&quot;201341983&quot;:0,&quot;335551550&quot;:6,&quot;335551620&quot;:6,&quot;335559739&quot;:300,&quot;335559740&quot;:240}\">&nbsp;<\/span><\/p>\n<p><img fetchpriority=\"high\" decoding=\"async\" class=\"alignnone wp-image-515 size-large\" src=\"https:\/\/perezdevargas.es\/wp-content\/uploads\/2018\/03\/inversionextranjera-1024x683.jpg\" alt=\"\" width=\"1024\" height=\"683\" srcset=\"https:\/\/perezdevargas.es\/wp-content\/uploads\/2018\/03\/inversionextranjera-1024x683.jpg 1024w, https:\/\/perezdevargas.es\/wp-content\/uploads\/2018\/03\/inversionextranjera-300x200.jpg 300w, https:\/\/perezdevargas.es\/wp-content\/uploads\/2018\/03\/inversionextranjera-768x513.jpg 768w\" sizes=\"(max-width: 1024px) 100vw, 1024px\" \/><\/p>\n<h2><b>Droit de la proc\u00e9dure p\u00e9nale<\/b><\/h2>\n<p>Le droit de proc\u00e9dure p\u00e9nale est constitu\u00e9 d&rsquo;un ensemble de r\u00e8gles juridiques correspondant au droit public interne qui r\u00e9gissent toutes les proc\u00e9dures p\u00e9nales, du d\u00e9but \u00e0 la fin.<\/p>\n<p>La fonction du droit de proc\u00e9dure p\u00e9nale est d&rsquo;enqu\u00eater sur les faits, d&rsquo;identifier les auteurs et de punir les comportements criminels. Il est ainsi en mesure de r\u00e9pondre \u00e0 la fois aux d\u00e9linquants et aux victimes, en pr\u00e9servant l&rsquo;ordre social. La justice p\u00e9nale vise \u00e0 emp\u00eacher que des crimes soient commis et, s&rsquo;ils le sont, \u00e0 les traduire en justice.<\/p>\n<p>Il existe diff\u00e9rents droits inh\u00e9rents \u00e0 la proc\u00e9dure p\u00e9nale : le droit d&rsquo;accuser d\u00e9tenu par le citoyen, le droit de se d\u00e9fendre d\u00e9tenu par toute personne accus\u00e9e et le droit de punir qui appartient \u00e0 l&rsquo;\u00c9tat et n&rsquo;est exerc\u00e9 que par les juges.<\/p>\n<h2><b>Le droit proc\u00e9dural civil<\/b><\/h2>\n<p>Le droit proc\u00e9dural civil est le droit qui r\u00e9git les actions devant les tribunaux. Il assure la protection des droits dans les affaires de nature civile ou <a href=\"https:\/\/es.wikipedia.org\/wiki\/Derecho_mercantil\">commerciale<\/a>.<\/p>\n<p>Il \u00e9tudie les r\u00e8gles et les principes qui r\u00e9gissent la fonction juridictionnelle de l&rsquo;\u00c9tat et \u00e9tablit la proc\u00e9dure \u00e0 suivre par l&rsquo;action du droit positif et des fonctionnaires qui en sont charg\u00e9s.<\/p>\n<p>Les principes sur lesquels il se fonde et qui guident le fonctionnement coh\u00e9rent et \u00e9quilibr\u00e9 du processus civil sont les suivants : L&rsquo;\u00e9galit\u00e9 entre les parties, l&rsquo;absence d&rsquo;int\u00e9r\u00eat, la r\u00e8gle technique dispositive et la r\u00e8gle technique inquisitoire.<\/p>\n<h2><b>Droit proc\u00e9dural du travail<\/b><\/h2>\n<p>Le droit proc\u00e9dural du travail est le droit qui dicte les r\u00e8gles d&rsquo;application de la loi dans toutes les mati\u00e8res li\u00e9es au droit du travail. Il r\u00e9glemente et cherche une solution \u00e0 tous les conflits du travail, individuels ou collectifs, entre les entreprises et les travailleurs.<\/p>\n<p>Les principes de la proc\u00e9dure du travail sont les suivants : La publicit\u00e9, la gratuit\u00e9, l&rsquo;imm\u00e9diatet\u00e9, l&rsquo;oralit\u00e9, la conciliation et la protection au profit du travailleur, qui sont pr\u00e9vus \u00e0 l&rsquo;article 685 de la loi f\u00e9d\u00e9rale sur le travail.<\/p>\n<p><\/p>\t\t\t\t\t\t\t\t<\/div>\n\t\t\t\t<\/div>\n\t\t\t\t\t<\/div>\n\t\t\t\t<\/div>\n\t\t\t\t<\/div>\n\t\t","protected":false},"excerpt":{"rendered":"<p>Droit Proc\u00e9dural La haute qualification des avocats qui int\u00e8grent le domaine du Droit Proc\u00e9dural, ainsi que leur exp\u00e9rience et connaissance [&hellip;]<\/p>\n","protected":false},"author":15,"featured_media":515,"parent":271,"menu_order":0,"comment_status":"closed","ping_status":"closed","template":"","meta":{"site-sidebar-layout":"default","site-content-layout":"","ast-site-content-layout":"","site-content-style":"default","site-sidebar-style":"default","ast-global-header-display":"","ast-banner-title-visibility":"","ast-main-header-display":"","ast-hfb-above-header-display":"","ast-hfb-below-header-display":"","ast-hfb-mobile-header-display":"","site-post-title":"","ast-breadcrumbs-content":"","ast-featured-img":"","footer-sml-layout":"","theme-transparent-header-meta":"","adv-header-id-meta":"","stick-header-meta":"","header-above-stick-meta":"","header-main-stick-meta":"","header-below-stick-meta":"","astra-migrate-meta-layouts":"default","ast-page-background-enabled":"default","ast-page-background-meta":{"desktop":{"background-color":"var(--ast-global-color-4)","background-image":"","background-repeat":"repeat","background-position":"center center","background-size":"auto","background-attachment":"scroll","background-type":"","background-media":"","overlay-type":"","overlay-color":"","overlay-opacity":"","overlay-gradient":""},"tablet":{"background-color":"","background-image":"","background-repeat":"repeat","background-position":"center center","background-size":"auto","background-attachment":"scroll","background-type":"","background-media":"","overlay-type":"","overlay-color":"","overlay-opacity":"","overlay-gradient":""},"mobile":{"background-color":"","background-image":"","background-repeat":"repeat","background-position":"center center","background-size":"auto","background-attachment":"scroll","background-type":"","background-media":"","overlay-type":"","overlay-color":"","overlay-opacity":"","overlay-gradient":""}},"ast-content-background-meta":{"desktop":{"background-color":"var(--ast-global-color-5)","background-image":"","background-repeat":"repeat","background-position":"center center","background-size":"auto","background-attachment":"scroll","background-type":"","background-media":"","overlay-type":"","overlay-color":"","overlay-opacity":"","overlay-gradient":""},"tablet":{"background-color":"var(--ast-global-color-5)","background-image":"","background-repeat":"repeat","background-position":"center center","background-size":"auto","background-attachment":"scroll","background-type":"","background-media":"","overlay-type":"","overlay-color":"","overlay-opacity":"","overlay-gradient":""},"mobile":{"background-color":"var(--ast-global-color-5)","background-image":"","background-repeat":"repeat","background-position":"center center","background-size":"auto","background-attachment":"scroll","background-type":"","background-media":"","overlay-type":"","overlay-color":"","overlay-opacity":"","overlay-gradient":""}},"footnotes":""},"class_list":["post-2668","page","type-page","status-publish","has-post-thumbnail","hentry"],"yoast_head":"<!-- This site is optimized with the Yoast SEO plugin v25.2 - https:\/\/yoast.com\/wordpress\/plugins\/seo\/ -->\n<title>Droit Proc\u00e9dural | P\u00e9rez de Vargas \u2705 \u2b50 \u260e\ufe0f<\/title>\n<meta name=\"description\" content=\"Droit Proc\u00e9dural La haute qualification des avocats qui int\u00e8grent le domaine du Droit Proc\u00e9dural, ainsi que leur exp\u00e9rience et connaissance des tribunaux \u2705 \u2b50 \u260e\ufe0f\" \/>\n<meta name=\"robots\" content=\"index, follow, max-snippet:-1, max-image-preview:large, max-video-preview:-1\" \/>\n<link rel=\"canonical\" href=\"https:\/\/perezdevargas.es\/fr\/domaines-de-pratique\/droit-procedural\/\" \/>\n<meta property=\"og:locale\" content=\"fr_FR\" \/>\n<meta property=\"og:type\" content=\"article\" \/>\n<meta property=\"og:title\" content=\"Droit Proc\u00e9dural | P\u00e9rez de Vargas \u2705 \u2b50 \u260e\ufe0f\" \/>\n<meta property=\"og:description\" content=\"Droit Proc\u00e9dural La haute qualification des avocats qui int\u00e8grent le domaine du Droit Proc\u00e9dural, ainsi que leur exp\u00e9rience et connaissance des tribunaux \u2705 \u2b50 \u260e\ufe0f\" \/>\n<meta property=\"og:url\" content=\"https:\/\/perezdevargas.es\/fr\/domaines-de-pratique\/droit-procedural\/\" \/>\n<meta property=\"og:site_name\" content=\"P\u00e9rez de Vargas\" \/>\n<meta property=\"article:publisher\" content=\"https:\/\/www.facebook.com\/perezdevargasabogados\/\" \/>\n<meta property=\"article:modified_time\" content=\"2024-10-29T17:56:20+00:00\" \/>\n<meta property=\"og:image\" content=\"https:\/\/perezdevargas.es\/wp-content\/uploads\/2018\/03\/inversionextranjera-1024x683.jpg\" \/>\n<meta name=\"twitter:card\" content=\"summary_large_image\" \/>\n<meta name=\"twitter:label1\" content=\"Dur\u00e9e de lecture estim\u00e9e\" \/>\n\t<meta name=\"twitter:data1\" content=\"3 minutes\" \/>\n<script type=\"application\/ld+json\" class=\"yoast-schema-graph\">{\"@context\":\"https:\/\/schema.org\",\"@graph\":[{\"@type\":\"WebPage\",\"@id\":\"https:\/\/perezdevargas.es\/fr\/domaines-de-pratique\/droit-procedural\/\",\"url\":\"https:\/\/perezdevargas.es\/fr\/domaines-de-pratique\/droit-procedural\/\",\"name\":\"Droit Proc\u00e9dural | P\u00e9rez de Vargas \u2705 \u2b50 \u260e\ufe0f\",\"isPartOf\":{\"@id\":\"https:\/\/perezdevargas.es\/fr\/#website\"},\"primaryImageOfPage\":{\"@id\":\"https:\/\/perezdevargas.es\/fr\/domaines-de-pratique\/droit-procedural\/#primaryimage\"},\"image\":{\"@id\":\"https:\/\/perezdevargas.es\/fr\/domaines-de-pratique\/droit-procedural\/#primaryimage\"},\"thumbnailUrl\":\"https:\/\/perezdevargas.es\/wp-content\/uploads\/2018\/03\/inversionextranjera.jpg\",\"datePublished\":\"2019-10-21T20:41:53+00:00\",\"dateModified\":\"2024-10-29T17:56:20+00:00\",\"description\":\"Droit Proc\u00e9dural La haute qualification des avocats qui int\u00e8grent le domaine du Droit Proc\u00e9dural, ainsi que leur exp\u00e9rience et connaissance des tribunaux \u2705 \u2b50 \u260e\ufe0f\",\"breadcrumb\":{\"@id\":\"https:\/\/perezdevargas.es\/fr\/domaines-de-pratique\/droit-procedural\/#breadcrumb\"},\"inLanguage\":\"fr-FR\",\"potentialAction\":[{\"@type\":\"ReadAction\",\"target\":[\"https:\/\/perezdevargas.es\/fr\/domaines-de-pratique\/droit-procedural\/\"]}]},{\"@type\":\"ImageObject\",\"inLanguage\":\"fr-FR\",\"@id\":\"https:\/\/perezdevargas.es\/fr\/domaines-de-pratique\/droit-procedural\/#primaryimage\",\"url\":\"https:\/\/perezdevargas.es\/wp-content\/uploads\/2018\/03\/inversionextranjera.jpg\",\"contentUrl\":\"https:\/\/perezdevargas.es\/wp-content\/uploads\/2018\/03\/inversionextranjera.jpg\",\"width\":7360,\"height\":4912,\"caption\":\"Abogados Derecho Procesal en Estepona\"},{\"@type\":\"BreadcrumbList\",\"@id\":\"https:\/\/perezdevargas.es\/fr\/domaines-de-pratique\/droit-procedural\/#breadcrumb\",\"itemListElement\":[{\"@type\":\"ListItem\",\"position\":1,\"name\":\"Portada\",\"item\":\"https:\/\/perezdevargas.es\/fr\/\"},{\"@type\":\"ListItem\",\"position\":2,\"name\":\"Domaines de Pratique\",\"item\":\"https:\/\/perezdevargas.es\/fr\/domaines-de-pratique\/\"},{\"@type\":\"ListItem\",\"position\":3,\"name\":\"Droit Proc\u00e9dural\"}]},{\"@type\":\"WebSite\",\"@id\":\"https:\/\/perezdevargas.es\/fr\/#website\",\"url\":\"https:\/\/perezdevargas.es\/fr\/\",\"name\":\"P\u00e9rez de Vargas\",\"description\":\"\",\"publisher\":{\"@id\":\"https:\/\/perezdevargas.es\/fr\/#organization\"},\"potentialAction\":[{\"@type\":\"SearchAction\",\"target\":{\"@type\":\"EntryPoint\",\"urlTemplate\":\"https:\/\/perezdevargas.es\/fr\/?s={search_term_string}\"},\"query-input\":{\"@type\":\"PropertyValueSpecification\",\"valueRequired\":true,\"valueName\":\"search_term_string\"}}],\"inLanguage\":\"fr-FR\"},{\"@type\":\"Organization\",\"@id\":\"https:\/\/perezdevargas.es\/fr\/#organization\",\"name\":\"P\u00e9rez de Vargas\",\"url\":\"https:\/\/perezdevargas.es\/fr\/\",\"logo\":{\"@type\":\"ImageObject\",\"inLanguage\":\"fr-FR\",\"@id\":\"https:\/\/perezdevargas.es\/fr\/#\/schema\/logo\/image\/\",\"url\":\"https:\/\/perezdevargas.es\/wp-content\/uploads\/2025\/04\/Diseno-sin-titulo-91-1.jpg\",\"contentUrl\":\"https:\/\/perezdevargas.es\/wp-content\/uploads\/2025\/04\/Diseno-sin-titulo-91-1.jpg\",\"width\":500,\"height\":500,\"caption\":\"P\u00e9rez de Vargas\"},\"image\":{\"@id\":\"https:\/\/perezdevargas.es\/fr\/#\/schema\/logo\/image\/\"},\"sameAs\":[\"https:\/\/www.facebook.com\/perezdevargasabogados\/\",\"https:\/\/www.instagram.com\/perezdevargasabogados\/\"]}]}<\/script>\n<!-- \/ Yoast SEO plugin. -->","yoast_head_json":{"title":"Droit Proc\u00e9dural | P\u00e9rez de Vargas \u2705 \u2b50 \u260e\ufe0f","description":"Droit Proc\u00e9dural La haute qualification des avocats qui int\u00e8grent le domaine du Droit Proc\u00e9dural, ainsi que leur exp\u00e9rience et connaissance des tribunaux \u2705 \u2b50 \u260e\ufe0f","robots":{"index":"index","follow":"follow","max-snippet":"max-snippet:-1","max-image-preview":"max-image-preview:large","max-video-preview":"max-video-preview:-1"},"canonical":"https:\/\/perezdevargas.es\/fr\/domaines-de-pratique\/droit-procedural\/","og_locale":"fr_FR","og_type":"article","og_title":"Droit Proc\u00e9dural | P\u00e9rez de Vargas \u2705 \u2b50 \u260e\ufe0f","og_description":"Droit Proc\u00e9dural La haute qualification des avocats qui int\u00e8grent le domaine du Droit Proc\u00e9dural, ainsi que leur exp\u00e9rience et connaissance des tribunaux \u2705 \u2b50 \u260e\ufe0f","og_url":"https:\/\/perezdevargas.es\/fr\/domaines-de-pratique\/droit-procedural\/","og_site_name":"P\u00e9rez de Vargas","article_publisher":"https:\/\/www.facebook.com\/perezdevargasabogados\/","article_modified_time":"2024-10-29T17:56:20+00:00","og_image":[{"url":"https:\/\/perezdevargas.es\/wp-content\/uploads\/2018\/03\/inversionextranjera-1024x683.jpg","type":"","width":"","height":""}],"twitter_card":"summary_large_image","twitter_misc":{"Dur\u00e9e de lecture estim\u00e9e":"3 minutes"},"schema":{"@context":"https:\/\/schema.org","@graph":[{"@type":"WebPage","@id":"https:\/\/perezdevargas.es\/fr\/domaines-de-pratique\/droit-procedural\/","url":"https:\/\/perezdevargas.es\/fr\/domaines-de-pratique\/droit-procedural\/","name":"Droit Proc\u00e9dural | P\u00e9rez de Vargas \u2705 \u2b50 \u260e\ufe0f","isPartOf":{"@id":"https:\/\/perezdevargas.es\/fr\/#website"},"primaryImageOfPage":{"@id":"https:\/\/perezdevargas.es\/fr\/domaines-de-pratique\/droit-procedural\/#primaryimage"},"image":{"@id":"https:\/\/perezdevargas.es\/fr\/domaines-de-pratique\/droit-procedural\/#primaryimage"},"thumbnailUrl":"https:\/\/perezdevargas.es\/wp-content\/uploads\/2018\/03\/inversionextranjera.jpg","datePublished":"2019-10-21T20:41:53+00:00","dateModified":"2024-10-29T17:56:20+00:00","description":"Droit Proc\u00e9dural La haute qualification des avocats qui int\u00e8grent le domaine du Droit Proc\u00e9dural, ainsi que leur exp\u00e9rience et connaissance des tribunaux \u2705 \u2b50 \u260e\ufe0f","breadcrumb":{"@id":"https:\/\/perezdevargas.es\/fr\/domaines-de-pratique\/droit-procedural\/#breadcrumb"},"inLanguage":"fr-FR","potentialAction":[{"@type":"ReadAction","target":["https:\/\/perezdevargas.es\/fr\/domaines-de-pratique\/droit-procedural\/"]}]},{"@type":"ImageObject","inLanguage":"fr-FR","@id":"https:\/\/perezdevargas.es\/fr\/domaines-de-pratique\/droit-procedural\/#primaryimage","url":"https:\/\/perezdevargas.es\/wp-content\/uploads\/2018\/03\/inversionextranjera.jpg","contentUrl":"https:\/\/perezdevargas.es\/wp-content\/uploads\/2018\/03\/inversionextranjera.jpg","width":7360,"height":4912,"caption":"Abogados Derecho Procesal en Estepona"},{"@type":"BreadcrumbList","@id":"https:\/\/perezdevargas.es\/fr\/domaines-de-pratique\/droit-procedural\/#breadcrumb","itemListElement":[{"@type":"ListItem","position":1,"name":"Portada","item":"https:\/\/perezdevargas.es\/fr\/"},{"@type":"ListItem","position":2,"name":"Domaines de Pratique","item":"https:\/\/perezdevargas.es\/fr\/domaines-de-pratique\/"},{"@type":"ListItem","position":3,"name":"Droit Proc\u00e9dural"}]},{"@type":"WebSite","@id":"https:\/\/perezdevargas.es\/fr\/#website","url":"https:\/\/perezdevargas.es\/fr\/","name":"P\u00e9rez de Vargas","description":"","publisher":{"@id":"https:\/\/perezdevargas.es\/fr\/#organization"},"potentialAction":[{"@type":"SearchAction","target":{"@type":"EntryPoint","urlTemplate":"https:\/\/perezdevargas.es\/fr\/?s={search_term_string}"},"query-input":{"@type":"PropertyValueSpecification","valueRequired":true,"valueName":"search_term_string"}}],"inLanguage":"fr-FR"},{"@type":"Organization","@id":"https:\/\/perezdevargas.es\/fr\/#organization","name":"P\u00e9rez de Vargas","url":"https:\/\/perezdevargas.es\/fr\/","logo":{"@type":"ImageObject","inLanguage":"fr-FR","@id":"https:\/\/perezdevargas.es\/fr\/#\/schema\/logo\/image\/","url":"https:\/\/perezdevargas.es\/wp-content\/uploads\/2025\/04\/Diseno-sin-titulo-91-1.jpg","contentUrl":"https:\/\/perezdevargas.es\/wp-content\/uploads\/2025\/04\/Diseno-sin-titulo-91-1.jpg","width":500,"height":500,"caption":"P\u00e9rez de Vargas"},"image":{"@id":"https:\/\/perezdevargas.es\/fr\/#\/schema\/logo\/image\/"},"sameAs":["https:\/\/www.facebook.com\/perezdevargasabogados\/","https:\/\/www.instagram.com\/perezdevargasabogados\/"]}]}},"_links":{"self":[{"href":"https:\/\/perezdevargas.es\/fr\/wp-json\/wp\/v2\/pages\/2668","targetHints":{"allow":["GET"]}}],"collection":[{"href":"https:\/\/perezdevargas.es\/fr\/wp-json\/wp\/v2\/pages"}],"about":[{"href":"https:\/\/perezdevargas.es\/fr\/wp-json\/wp\/v2\/types\/page"}],"author":[{"embeddable":true,"href":"https:\/\/perezdevargas.es\/fr\/wp-json\/wp\/v2\/users\/15"}],"replies":[{"embeddable":true,"href":"https:\/\/perezdevargas.es\/fr\/wp-json\/wp\/v2\/comments?post=2668"}],"version-history":[{"count":8,"href":"https:\/\/perezdevargas.es\/fr\/wp-json\/wp\/v2\/pages\/2668\/revisions"}],"predecessor-version":[{"id":66911,"href":"https:\/\/perezdevargas.es\/fr\/wp-json\/wp\/v2\/pages\/2668\/revisions\/66911"}],"up":[{"embeddable":true,"href":"https:\/\/perezdevargas.es\/fr\/wp-json\/wp\/v2\/pages\/271"}],"wp:featuredmedia":[{"embeddable":true,"href":"https:\/\/perezdevargas.es\/fr\/wp-json\/wp\/v2\/media\/515"}],"wp:attachment":[{"href":"https:\/\/perezdevargas.es\/fr\/wp-json\/wp\/v2\/media?parent=2668"}],"curies":[{"name":"wp","href":"https:\/\/api.w.org\/{rel}","templated":true}]}}