{"id":271,"date":"2018-01-08T15:35:59","date_gmt":"2018-01-08T15:35:59","guid":{"rendered":"http:\/\/public.kiboserver.com\/perezdevargas\/areas\/"},"modified":"2026-02-03T18:14:29","modified_gmt":"2026-02-03T18:14:29","slug":"domaines-de-pratique","status":"publish","type":"page","link":"https:\/\/perezdevargas.es\/fr\/domaines-de-pratique\/","title":{"rendered":"Domaines de Pratique"},"content":{"rendered":"\t\t<div data-elementor-type=\"wp-page\" data-elementor-id=\"271\" class=\"elementor elementor-271 elementor-13\" data-elementor-post-type=\"page\">\n\t\t\t\t<div class=\"elementor-element elementor-element-4985f86a e-flex e-con-boxed e-con e-parent\" data-id=\"4985f86a\" data-element_type=\"container\">\n\t\t\t\t\t<div class=\"e-con-inner\">\n\t\t<div class=\"elementor-element elementor-element-9a48e77 e-con-full e-flex e-con e-child\" data-id=\"9a48e77\" data-element_type=\"container\">\n\t\t\t\t<div class=\"elementor-element elementor-element-24f41c0 elementor-widget elementor-widget-heading\" data-id=\"24f41c0\" data-element_type=\"widget\" data-widget_type=\"heading.default\">\n\t\t\t\t<div class=\"elementor-widget-container\">\n\t\t\t\t\t<h2 class=\"elementor-heading-title elementor-size-default\">DOMAINES<\/h2>\t\t\t\t<\/div>\n\t\t\t\t<\/div>\n\t\t\t\t<div class=\"elementor-element elementor-element-a33b3c3 elementor-widget elementor-widget-text-editor\" data-id=\"a33b3c3\" data-element_type=\"widget\" data-widget_type=\"text-editor.default\">\n\t\t\t\t<div class=\"elementor-widget-container\">\n\t\t\t\t\t\t\t\t\t<p>P\u00e9rez de Vargas Abogados est un cabinet d&rsquo;avocats qui poss\u00e8de des bureaux \u00e0 <b><strong>Estepona et \u00e0 Marbella et qui se consacre \u00e0 l&rsquo;assistance juridique.<\/strong><\/b> Notre \u00e9quipe de<b><strong>professionnels est compos\u00e9e d&rsquo;<\/strong><\/b> un personnel form\u00e9 aux derniers d\u00e9veloppements l\u00e9gislatifs et jurisprudentiels, afin de r\u00e9soudre avec un maximum d&rsquo;efficacit\u00e9 les diff\u00e9rents cas qui nous sont soumis.<\/p><p>Nous sommes au service des particuliers, des entreprises et des institutions financi\u00e8res dans tous nos domaines: <b><strong>droit immobilier, droit administratif et de l&rsquo;urbanisme, droit civil, droit fiscal, droit proc\u00e9dural, droit commercial, droit bancaire et droit de l&rsquo;immigration,<\/strong><\/b> car nous travaillons chaque jour dans le but d&rsquo;apporter \u00e0 tous nos clients des solutions sp\u00e9cifiques et sur mesure, en d\u00e9fendant leurs int\u00e9r\u00eats et en obtenant leur enti\u00e8re satisfaction.<\/p><p>Nombreux sont les particuliers et les entreprises qui nous choisissent comme <b><strong>cabinet de <\/strong><\/b>confiance et de r\u00e9f\u00e9rence \u00e0<b><strong> Malaga<\/strong><\/b>. Nos ann\u00e9es d&rsquo;exp\u00e9rience et la satisfaction de nos clients t\u00e9moignent de la qualit\u00e9 de notre travail.<\/p><p>Nous voulons offrir un travail complet et c&rsquo;est pourquoi nous disposons d&rsquo;un service multidisciplinaire qui r\u00e9pond \u00e0 toutes les demandes juridiques de mani\u00e8re globale:<\/p>\t\t\t\t\t\t\t\t<\/div>\n\t\t\t\t<\/div>\n\t\t\t\t<div class=\"elementor-element elementor-element-6f11abd elementor-widget elementor-widget-heading\" data-id=\"6f11abd\" data-element_type=\"widget\" data-widget_type=\"heading.default\">\n\t\t\t\t<div class=\"elementor-widget-container\">\n\t\t\t\t\t<h2 class=\"elementor-heading-title elementor-size-default\">DROIT IMMOBILIER<\/h2>\t\t\t\t<\/div>\n\t\t\t\t<\/div>\n\t\t\t\t<div class=\"elementor-element elementor-element-1b956da elementor-widget elementor-widget-text-editor\" data-id=\"1b956da\" data-element_type=\"widget\" data-widget_type=\"text-editor.default\">\n\t\t\t\t<div class=\"elementor-widget-container\">\n\t\t\t\t\t\t\t\t\t<p>Dans le domaine du droit immobilier, nous sommes sp\u00e9cialis\u00e9s dans les aspects juridiques de <strong>tous les types de biens immobiliers, qu&rsquo;il s&rsquo;agisse de vente, d&rsquo;acquisition ou de financement.<\/strong> Nous nous chargeons \u00e9galement de la n\u00e9gociation et de la r\u00e9daction de vos <strong>contrats.<\/strong> <strong>Ces services sont offerts dans toutes les langues gr\u00e2ce \u00e0 nos juristes immobiliers multilingues.<\/strong><\/p>\t\t\t\t\t\t\t\t<\/div>\n\t\t\t\t<\/div>\n\t\t\t\t<div class=\"elementor-element elementor-element-cc5c8b7 elementor-widget elementor-widget-heading\" data-id=\"cc5c8b7\" data-element_type=\"widget\" data-widget_type=\"heading.default\">\n\t\t\t\t<div class=\"elementor-widget-container\">\n\t\t\t\t\t<h2 class=\"elementor-heading-title elementor-size-default\">DROIT CIVIL<\/h2>\t\t\t\t<\/div>\n\t\t\t\t<\/div>\n\t\t\t\t<div class=\"elementor-element elementor-element-47dfb52 elementor-widget elementor-widget-text-editor\" data-id=\"47dfb52\" data-element_type=\"widget\" data-widget_type=\"text-editor.default\">\n\t\t\t\t<div class=\"elementor-widget-container\">\n\t\t\t\t\t\t\t\t\t<p style=\"font-size: 14px; font-style: normal; font-weight: 400;\">Nos juristes en droit civil donnent des conseils en mati\u00e8re d&rsquo;obligations et de contrats, de droits r\u00e9els, de droit de la famille, de successions et de donations. Ils travaillent en \u00e9troite collaboration avec des\u00a0<a href=\"https:\/\/perezdevargas.es\/fr\/professionnels\/\">avocats sp\u00e9cialis\u00e9s\u00a0<\/a>dans d&rsquo;autres domaines afin d&rsquo;apporter une r\u00e9ponse globale.<\/p>\t\t\t\t\t\t\t\t<\/div>\n\t\t\t\t<\/div>\n\t\t\t\t<div class=\"elementor-element elementor-element-92d1223 elementor-widget elementor-widget-heading\" data-id=\"92d1223\" data-element_type=\"widget\" data-widget_type=\"heading.default\">\n\t\t\t\t<div class=\"elementor-widget-container\">\n\t\t\t\t\t<h2 class=\"elementor-heading-title elementor-size-default\">DROIT FISCAL<\/h2>\t\t\t\t<\/div>\n\t\t\t\t<\/div>\n\t\t\t\t<div class=\"elementor-element elementor-element-cbefd43 elementor-widget elementor-widget-text-editor\" data-id=\"cbefd43\" data-element_type=\"widget\" data-widget_type=\"text-editor.default\">\n\t\t\t\t<div class=\"elementor-widget-container\">\n\t\t\t\t\t\t\t\t\t<p style=\"font-size: 14px; font-style: normal; font-weight: 400;\">Dans ce domaine, nous analysons l&rsquo;incidence de la\u00a0<span style=\"font-weight: bold;\">fiscalit\u00e9 dans les transactions commerciales afin de pouvoir fournir diff\u00e9rentes solutions aux besoins du client dans ce domaine.<\/span><\/p>\t\t\t\t\t\t\t\t<\/div>\n\t\t\t\t<\/div>\n\t\t\t\t<div class=\"elementor-element elementor-element-0a6b78a elementor-widget elementor-widget-heading\" data-id=\"0a6b78a\" data-element_type=\"widget\" data-widget_type=\"heading.default\">\n\t\t\t\t<div class=\"elementor-widget-container\">\n\t\t\t\t\t<h2 class=\"elementor-heading-title elementor-size-default\">DROIT COMMERCIAL ET SOCI\u00c9TAIRE<\/h2>\t\t\t\t<\/div>\n\t\t\t\t<\/div>\n\t\t\t\t<div class=\"elementor-element elementor-element-d0f5be2 elementor-widget elementor-widget-text-editor\" data-id=\"d0f5be2\" data-element_type=\"widget\" data-widget_type=\"text-editor.default\">\n\t\t\t\t<div class=\"elementor-widget-container\">\n\t\t\t\t\t\t\t\t\t<p style=\"font-size: 14px; font-style: normal; font-weight: 400;\">Dans le domaine du droit commercial et du droit des soci\u00e9t\u00e9s, nous conseillons des<span style=\"font-weight: bold;\">\u00a0entreprises de diff\u00e9rents secteurs et de diff\u00e9rentes tailles, en r\u00e9pondant aux questions relatives \u00e0 la gestion quotidienne des entit\u00e9s, aux op\u00e9rations de restructuration des entreprises, aux proc\u00e9dures de faillite, \u00e0 l&rsquo;\u00e9tude et \u00e0 la r\u00e9daction de contrats et \u00e0 tout litige n\u00e9cessitant des qualifications sp\u00e9cifiques en droit commercial en g\u00e9n\u00e9ral et en droit des soci\u00e9t\u00e9s en particulier.<\/span><\/p><div><span style=\"font-weight: bold;\">\u00a0<\/span><\/div>\t\t\t\t\t\t\t\t<\/div>\n\t\t\t\t<\/div>\n\t\t\t\t<div class=\"elementor-element elementor-element-1d90338 elementor-widget elementor-widget-heading\" data-id=\"1d90338\" data-element_type=\"widget\" data-widget_type=\"heading.default\">\n\t\t\t\t<div class=\"elementor-widget-container\">\n\t\t\t\t\t<h2 class=\"elementor-heading-title elementor-size-default\">DROIT ADMINISTRATIF ET DROIT DE L'URBANISME<\/h2>\t\t\t\t<\/div>\n\t\t\t\t<\/div>\n\t\t\t\t<div class=\"elementor-element elementor-element-50dc013 elementor-widget elementor-widget-text-editor\" data-id=\"50dc013\" data-element_type=\"widget\" data-widget_type=\"text-editor.default\">\n\t\t\t\t<div class=\"elementor-widget-container\">\n\t\t\t\t\t\t\t\t\t<p style=\"font-size: 14px; font-style: normal; font-weight: 400;\">Nos juristes en droit administratif et urbain fournissent des conseils en mati\u00e8re de planification, d&rsquo;am\u00e9nagement, de gestion et de discipline urbaine, ainsi que sur d&rsquo;autres types de dossiers ou de <strong>proc\u00e9dures administratives d\u00e9taill\u00e9es\u00a0dans la section correspondante.<\/strong><\/p><div><span style=\"font-weight: bold;\">\u00a0<\/span><\/div>\t\t\t\t\t\t\t\t<\/div>\n\t\t\t\t<\/div>\n\t\t\t\t<div class=\"elementor-element elementor-element-9ebee7a elementor-widget elementor-widget-heading\" data-id=\"9ebee7a\" data-element_type=\"widget\" data-widget_type=\"heading.default\">\n\t\t\t\t<div class=\"elementor-widget-container\">\n\t\t\t\t\t<h2 class=\"elementor-heading-title elementor-size-default\">DROIT DES PROC\u00c9DURES<\/h2>\t\t\t\t<\/div>\n\t\t\t\t<\/div>\n\t\t\t\t<div class=\"elementor-element elementor-element-ff5c666 elementor-widget elementor-widget-text-editor\" data-id=\"ff5c666\" data-element_type=\"widget\" data-widget_type=\"text-editor.default\">\n\t\t\t\t<div class=\"elementor-widget-container\">\n\t\t\t\t\t\t\t\t\t<p style=\"font-size: 14px; font-style: normal; font-weight: 400;\">Dans ce domaine, nous traitons les proc\u00e9dures civiles et contentieuses administratives. D&rsquo;autre part, nous donnons \u00e9galement des conseils sur la mani\u00e8re d&rsquo;\u00e9viter ces proc\u00e9dures judiciaires ou, le cas \u00e9ch\u00e9ant, de les r\u00e9soudre \u00e0 l&rsquo;amiable.<\/p><div>\u00a0<\/div>\t\t\t\t\t\t\t\t<\/div>\n\t\t\t\t<\/div>\n\t\t\t\t<div class=\"elementor-element elementor-element-c4e16b4 elementor-widget elementor-widget-heading\" data-id=\"c4e16b4\" data-element_type=\"widget\" data-widget_type=\"heading.default\">\n\t\t\t\t<div class=\"elementor-widget-container\">\n\t\t\t\t\t<h2 class=\"elementor-heading-title elementor-size-default\">DROIT BANCAIRE<\/h2>\t\t\t\t<\/div>\n\t\t\t\t<\/div>\n\t\t\t\t<div class=\"elementor-element elementor-element-c13a71f elementor-widget elementor-widget-text-editor\" data-id=\"c13a71f\" data-element_type=\"widget\" data-widget_type=\"text-editor.default\">\n\t\t\t\t<div class=\"elementor-widget-container\">\n\t\t\t\t\t\t\t\t\t<p style=\"font-size: 14px; font-style: normal; font-weight: 400;\">Dans le domaine du droit bancaire, nous offrons des services tels que la gestion juridique des saisies hypoth\u00e9caires, des ventes extrajudiciaires de biens hypoth\u00e9qu\u00e9s, des saisies mon\u00e9taires, des jugements d&rsquo;\u00e9change, des polices de pr\u00eat, de cr\u00e9dit et de cautionnement ou des proc\u00e9dures d\u00e9claratoires sur la nullit\u00e9 ou la validit\u00e9 des clauses abusives.<\/p><p style=\"font-size: 14px; font-style: normal; font-weight: 400;\"><span style=\"color: var( --e-global-color-text ); font-family: var( --e-global-typography-text-font-family ), Sans-serif; background-color: rgba(255, 255, 255, 0); font-size: 1rem; text-decoration-line: initial;\">\u00a0<\/span><\/p>\t\t\t\t\t\t\t\t<\/div>\n\t\t\t\t<\/div>\n\t\t\t\t<div class=\"elementor-element elementor-element-cb7f359 elementor-widget elementor-widget-heading\" data-id=\"cb7f359\" data-element_type=\"widget\" data-widget_type=\"heading.default\">\n\t\t\t\t<div class=\"elementor-widget-container\">\n\t\t\t\t\t<h2 class=\"elementor-heading-title elementor-size-default\">DROIT DES \u00c9TRANGERS<\/h2>\t\t\t\t<\/div>\n\t\t\t\t<\/div>\n\t\t\t\t<div class=\"elementor-element elementor-element-8e13b50 elementor-widget elementor-widget-text-editor\" data-id=\"8e13b50\" data-element_type=\"widget\" data-widget_type=\"text-editor.default\">\n\t\t\t\t<div class=\"elementor-widget-container\">\n\t\t\t\t\t\t\t\t\t<p>Nos avocats en droit de l&rsquo;immigration sont charg\u00e9s de conseiller, de pr\u00e9parer la documentation et d&rsquo;assister personnellement le client devant les autorit\u00e9s comp\u00e9tentes en mati\u00e8re d&rsquo;immigration.<\/p><p>\u00a0<\/p><footer class=\"footer\"><div class=\"container\"><div class=\"row\"><div class=\"col-sm-12 col-md-3\">\u00a0<\/div><\/div><\/div><\/footer>\t\t\t\t\t\t\t\t<\/div>\n\t\t\t\t<\/div>\n\t\t\t\t<\/div>\n\t\t\t\t\t<\/div>\n\t\t\t\t<\/div>\n\t\t\t\t<\/div>\n\t\t","protected":false},"excerpt":{"rendered":"<p>DOMAINES P\u00e9rez de Vargas Abogados est un cabinet d&rsquo;avocats qui poss\u00e8de des bureaux \u00e0 Estepona et \u00e0 Marbella et qui [&hellip;]<\/p>\n","protected":false},"author":15,"featured_media":4101,"parent":0,"menu_order":0,"comment_status":"closed","ping_status":"closed","template":"","meta":{"site-sidebar-layout":"default","site-content-layout":"","ast-site-content-layout":"","site-content-style":"default","site-sidebar-style":"default","ast-global-header-display":"","ast-banner-title-visibility":"","ast-main-header-display":"","ast-hfb-above-header-display":"","ast-hfb-below-header-display":"","ast-hfb-mobile-header-display":"","site-post-title":"disabled","ast-breadcrumbs-content":"","ast-featured-img":"","footer-sml-layout":"","theme-transparent-header-meta":"","adv-header-id-meta":"","stick-header-meta":"","header-above-stick-meta":"","header-main-stick-meta":"","header-below-stick-meta":"","astra-migrate-meta-layouts":"default","ast-page-background-enabled":"default","ast-page-background-meta":{"desktop":{"background-color":"var(--ast-global-color-4)","background-image":"","background-repeat":"repeat","background-position":"center center","background-size":"auto","background-attachment":"scroll","background-type":"","background-media":"","overlay-type":"","overlay-color":"","overlay-opacity":"","overlay-gradient":""},"tablet":{"background-color":"","background-image":"","background-repeat":"repeat","background-position":"center center","background-size":"auto","background-attachment":"scroll","background-type":"","background-media":"","overlay-type":"","overlay-color":"","overlay-opacity":"","overlay-gradient":""},"mobile":{"background-color":"","background-image":"","background-repeat":"repeat","background-position":"center center","background-size":"auto","background-attachment":"scroll","background-type":"","background-media":"","overlay-type":"","overlay-color":"","overlay-opacity":"","overlay-gradient":""}},"ast-content-background-meta":{"desktop":{"background-color":"var(--ast-global-color-5)","background-image":"","background-repeat":"repeat","background-position":"center center","background-size":"auto","background-attachment":"scroll","background-type":"","background-media":"","overlay-type":"","overlay-color":"","overlay-opacity":"","overlay-gradient":""},"tablet":{"background-color":"var(--ast-global-color-5)","background-image":"","background-repeat":"repeat","background-position":"center center","background-size":"auto","background-attachment":"scroll","background-type":"","background-media":"","overlay-type":"","overlay-color":"","overlay-opacity":"","overlay-gradient":""},"mobile":{"background-color":"var(--ast-global-color-5)","background-image":"","background-repeat":"repeat","background-position":"center center","background-size":"auto","background-attachment":"scroll","background-type":"","background-media":"","overlay-type":"","overlay-color":"","overlay-opacity":"","overlay-gradient":""}},"footnotes":""},"class_list":["post-271","page","type-page","status-publish","has-post-thumbnail","hentry"],"yoast_head":"<!-- This site is optimized with the Yoast SEO plugin v25.2 - https:\/\/yoast.com\/wordpress\/plugins\/seo\/ -->\n<title>Domaines de Pratique | P\u00e9rez de Vargas \u2705 \u2b50 \u260e\ufe0f<\/title>\n<meta name=\"description\" content=\"Domaines de Pratique - P\u00e9rez de Vargas \u2705 \u2b50 \u260e\ufe0f\" \/>\n<meta name=\"robots\" content=\"index, follow, max-snippet:-1, max-image-preview:large, max-video-preview:-1\" \/>\n<link rel=\"canonical\" href=\"https:\/\/perezdevargas.es\/fr\/domaines-de-pratique\/\" \/>\n<meta property=\"og:locale\" content=\"fr_FR\" \/>\n<meta property=\"og:type\" content=\"article\" \/>\n<meta property=\"og:title\" content=\"Domaines de Pratique | P\u00e9rez de Vargas \u2705 \u2b50 \u260e\ufe0f\" \/>\n<meta property=\"og:description\" content=\"Domaines de Pratique - P\u00e9rez de Vargas \u2705 \u2b50 \u260e\ufe0f\" \/>\n<meta property=\"og:url\" content=\"https:\/\/perezdevargas.es\/fr\/domaines-de-pratique\/\" \/>\n<meta property=\"og:site_name\" content=\"P\u00e9rez de Vargas\" \/>\n<meta property=\"article:publisher\" content=\"https:\/\/www.facebook.com\/perezdevargasabogados\/\" \/>\n<meta property=\"article:modified_time\" content=\"2026-02-03T18:14:29+00:00\" \/>\n<meta property=\"og:image\" content=\"https:\/\/perezdevargas.es\/wp-content\/uploads\/2020\/11\/normalizacion-viviendas-irregulares-marbella-.jpg\" \/>\n\t<meta property=\"og:image:width\" content=\"1000\" \/>\n\t<meta property=\"og:image:height\" content=\"563\" \/>\n\t<meta property=\"og:image:type\" content=\"image\/jpeg\" \/>\n<meta name=\"twitter:card\" content=\"summary_large_image\" \/>\n<meta name=\"twitter:label1\" content=\"Dur\u00e9e de lecture estim\u00e9e\" \/>\n\t<meta name=\"twitter:data1\" content=\"3 minutes\" \/>\n<script type=\"application\/ld+json\" class=\"yoast-schema-graph\">{\"@context\":\"https:\/\/schema.org\",\"@graph\":[{\"@type\":\"WebPage\",\"@id\":\"https:\/\/perezdevargas.es\/fr\/domaines-de-pratique\/\",\"url\":\"https:\/\/perezdevargas.es\/fr\/domaines-de-pratique\/\",\"name\":\"Domaines de Pratique | P\u00e9rez de Vargas \u2705 \u2b50 \u260e\ufe0f\",\"isPartOf\":{\"@id\":\"https:\/\/perezdevargas.es\/fr\/#website\"},\"primaryImageOfPage\":{\"@id\":\"https:\/\/perezdevargas.es\/fr\/domaines-de-pratique\/#primaryimage\"},\"image\":{\"@id\":\"https:\/\/perezdevargas.es\/fr\/domaines-de-pratique\/#primaryimage\"},\"thumbnailUrl\":\"https:\/\/perezdevargas.es\/wp-content\/uploads\/2020\/11\/normalizacion-viviendas-irregulares-marbella-.jpg\",\"datePublished\":\"2018-01-08T15:35:59+00:00\",\"dateModified\":\"2026-02-03T18:14:29+00:00\",\"description\":\"Domaines de Pratique - P\u00e9rez de Vargas \u2705 \u2b50 \u260e\ufe0f\",\"breadcrumb\":{\"@id\":\"https:\/\/perezdevargas.es\/fr\/domaines-de-pratique\/#breadcrumb\"},\"inLanguage\":\"fr-FR\",\"potentialAction\":[{\"@type\":\"ReadAction\",\"target\":[\"https:\/\/perezdevargas.es\/fr\/domaines-de-pratique\/\"]}]},{\"@type\":\"ImageObject\",\"inLanguage\":\"fr-FR\",\"@id\":\"https:\/\/perezdevargas.es\/fr\/domaines-de-pratique\/#primaryimage\",\"url\":\"https:\/\/perezdevargas.es\/wp-content\/uploads\/2020\/11\/normalizacion-viviendas-irregulares-marbella-.jpg\",\"contentUrl\":\"https:\/\/perezdevargas.es\/wp-content\/uploads\/2020\/11\/normalizacion-viviendas-irregulares-marbella-.jpg\",\"width\":1000,\"height\":563,\"caption\":\"Nuestras \u00c1reas y Servicios\"},{\"@type\":\"BreadcrumbList\",\"@id\":\"https:\/\/perezdevargas.es\/fr\/domaines-de-pratique\/#breadcrumb\",\"itemListElement\":[{\"@type\":\"ListItem\",\"position\":1,\"name\":\"Portada\",\"item\":\"https:\/\/perezdevargas.es\/fr\/\"},{\"@type\":\"ListItem\",\"position\":2,\"name\":\"Domaines de Pratique\"}]},{\"@type\":\"WebSite\",\"@id\":\"https:\/\/perezdevargas.es\/fr\/#website\",\"url\":\"https:\/\/perezdevargas.es\/fr\/\",\"name\":\"P\u00e9rez de Vargas\",\"description\":\"\",\"publisher\":{\"@id\":\"https:\/\/perezdevargas.es\/fr\/#organization\"},\"potentialAction\":[{\"@type\":\"SearchAction\",\"target\":{\"@type\":\"EntryPoint\",\"urlTemplate\":\"https:\/\/perezdevargas.es\/fr\/?s={search_term_string}\"},\"query-input\":{\"@type\":\"PropertyValueSpecification\",\"valueRequired\":true,\"valueName\":\"search_term_string\"}}],\"inLanguage\":\"fr-FR\"},{\"@type\":\"Organization\",\"@id\":\"https:\/\/perezdevargas.es\/fr\/#organization\",\"name\":\"P\u00e9rez de Vargas\",\"url\":\"https:\/\/perezdevargas.es\/fr\/\",\"logo\":{\"@type\":\"ImageObject\",\"inLanguage\":\"fr-FR\",\"@id\":\"https:\/\/perezdevargas.es\/fr\/#\/schema\/logo\/image\/\",\"url\":\"https:\/\/perezdevargas.es\/wp-content\/uploads\/2025\/04\/Diseno-sin-titulo-91-1.jpg\",\"contentUrl\":\"https:\/\/perezdevargas.es\/wp-content\/uploads\/2025\/04\/Diseno-sin-titulo-91-1.jpg\",\"width\":500,\"height\":500,\"caption\":\"P\u00e9rez de Vargas\"},\"image\":{\"@id\":\"https:\/\/perezdevargas.es\/fr\/#\/schema\/logo\/image\/\"},\"sameAs\":[\"https:\/\/www.facebook.com\/perezdevargasabogados\/\",\"https:\/\/www.instagram.com\/perezdevargasabogados\/\"]}]}<\/script>\n<!-- \/ Yoast SEO plugin. -->","yoast_head_json":{"title":"Domaines de Pratique | P\u00e9rez de Vargas \u2705 \u2b50 \u260e\ufe0f","description":"Domaines de Pratique - P\u00e9rez de Vargas \u2705 \u2b50 \u260e\ufe0f","robots":{"index":"index","follow":"follow","max-snippet":"max-snippet:-1","max-image-preview":"max-image-preview:large","max-video-preview":"max-video-preview:-1"},"canonical":"https:\/\/perezdevargas.es\/fr\/domaines-de-pratique\/","og_locale":"fr_FR","og_type":"article","og_title":"Domaines de Pratique | P\u00e9rez de Vargas \u2705 \u2b50 \u260e\ufe0f","og_description":"Domaines de Pratique - P\u00e9rez de Vargas \u2705 \u2b50 \u260e\ufe0f","og_url":"https:\/\/perezdevargas.es\/fr\/domaines-de-pratique\/","og_site_name":"P\u00e9rez de Vargas","article_publisher":"https:\/\/www.facebook.com\/perezdevargasabogados\/","article_modified_time":"2026-02-03T18:14:29+00:00","og_image":[{"width":1000,"height":563,"url":"https:\/\/perezdevargas.es\/wp-content\/uploads\/2020\/11\/normalizacion-viviendas-irregulares-marbella-.jpg","type":"image\/jpeg"}],"twitter_card":"summary_large_image","twitter_misc":{"Dur\u00e9e de lecture estim\u00e9e":"3 minutes"},"schema":{"@context":"https:\/\/schema.org","@graph":[{"@type":"WebPage","@id":"https:\/\/perezdevargas.es\/fr\/domaines-de-pratique\/","url":"https:\/\/perezdevargas.es\/fr\/domaines-de-pratique\/","name":"Domaines de Pratique | P\u00e9rez de Vargas \u2705 \u2b50 \u260e\ufe0f","isPartOf":{"@id":"https:\/\/perezdevargas.es\/fr\/#website"},"primaryImageOfPage":{"@id":"https:\/\/perezdevargas.es\/fr\/domaines-de-pratique\/#primaryimage"},"image":{"@id":"https:\/\/perezdevargas.es\/fr\/domaines-de-pratique\/#primaryimage"},"thumbnailUrl":"https:\/\/perezdevargas.es\/wp-content\/uploads\/2020\/11\/normalizacion-viviendas-irregulares-marbella-.jpg","datePublished":"2018-01-08T15:35:59+00:00","dateModified":"2026-02-03T18:14:29+00:00","description":"Domaines de Pratique - P\u00e9rez de Vargas \u2705 \u2b50 \u260e\ufe0f","breadcrumb":{"@id":"https:\/\/perezdevargas.es\/fr\/domaines-de-pratique\/#breadcrumb"},"inLanguage":"fr-FR","potentialAction":[{"@type":"ReadAction","target":["https:\/\/perezdevargas.es\/fr\/domaines-de-pratique\/"]}]},{"@type":"ImageObject","inLanguage":"fr-FR","@id":"https:\/\/perezdevargas.es\/fr\/domaines-de-pratique\/#primaryimage","url":"https:\/\/perezdevargas.es\/wp-content\/uploads\/2020\/11\/normalizacion-viviendas-irregulares-marbella-.jpg","contentUrl":"https:\/\/perezdevargas.es\/wp-content\/uploads\/2020\/11\/normalizacion-viviendas-irregulares-marbella-.jpg","width":1000,"height":563,"caption":"Nuestras \u00c1reas y Servicios"},{"@type":"BreadcrumbList","@id":"https:\/\/perezdevargas.es\/fr\/domaines-de-pratique\/#breadcrumb","itemListElement":[{"@type":"ListItem","position":1,"name":"Portada","item":"https:\/\/perezdevargas.es\/fr\/"},{"@type":"ListItem","position":2,"name":"Domaines de Pratique"}]},{"@type":"WebSite","@id":"https:\/\/perezdevargas.es\/fr\/#website","url":"https:\/\/perezdevargas.es\/fr\/","name":"P\u00e9rez de Vargas","description":"","publisher":{"@id":"https:\/\/perezdevargas.es\/fr\/#organization"},"potentialAction":[{"@type":"SearchAction","target":{"@type":"EntryPoint","urlTemplate":"https:\/\/perezdevargas.es\/fr\/?s={search_term_string}"},"query-input":{"@type":"PropertyValueSpecification","valueRequired":true,"valueName":"search_term_string"}}],"inLanguage":"fr-FR"},{"@type":"Organization","@id":"https:\/\/perezdevargas.es\/fr\/#organization","name":"P\u00e9rez de Vargas","url":"https:\/\/perezdevargas.es\/fr\/","logo":{"@type":"ImageObject","inLanguage":"fr-FR","@id":"https:\/\/perezdevargas.es\/fr\/#\/schema\/logo\/image\/","url":"https:\/\/perezdevargas.es\/wp-content\/uploads\/2025\/04\/Diseno-sin-titulo-91-1.jpg","contentUrl":"https:\/\/perezdevargas.es\/wp-content\/uploads\/2025\/04\/Diseno-sin-titulo-91-1.jpg","width":500,"height":500,"caption":"P\u00e9rez de Vargas"},"image":{"@id":"https:\/\/perezdevargas.es\/fr\/#\/schema\/logo\/image\/"},"sameAs":["https:\/\/www.facebook.com\/perezdevargasabogados\/","https:\/\/www.instagram.com\/perezdevargasabogados\/"]}]}},"_links":{"self":[{"href":"https:\/\/perezdevargas.es\/fr\/wp-json\/wp\/v2\/pages\/271","targetHints":{"allow":["GET"]}}],"collection":[{"href":"https:\/\/perezdevargas.es\/fr\/wp-json\/wp\/v2\/pages"}],"about":[{"href":"https:\/\/perezdevargas.es\/fr\/wp-json\/wp\/v2\/types\/page"}],"author":[{"embeddable":true,"href":"https:\/\/perezdevargas.es\/fr\/wp-json\/wp\/v2\/users\/15"}],"replies":[{"embeddable":true,"href":"https:\/\/perezdevargas.es\/fr\/wp-json\/wp\/v2\/comments?post=271"}],"version-history":[{"count":29,"href":"https:\/\/perezdevargas.es\/fr\/wp-json\/wp\/v2\/pages\/271\/revisions"}],"predecessor-version":[{"id":68411,"href":"https:\/\/perezdevargas.es\/fr\/wp-json\/wp\/v2\/pages\/271\/revisions\/68411"}],"wp:featuredmedia":[{"embeddable":true,"href":"https:\/\/perezdevargas.es\/fr\/wp-json\/wp\/v2\/media\/4101"}],"wp:attachment":[{"href":"https:\/\/perezdevargas.es\/fr\/wp-json\/wp\/v2\/media?parent=271"}],"curies":[{"name":"wp","href":"https:\/\/api.w.org\/{rel}","templated":true}]}}