{"id":67261,"date":"2020-07-10T21:37:43","date_gmt":"2020-07-10T21:37:43","guid":{"rendered":"https:\/\/pdv.noglen.com\/mas-info\/clausulas-legales\/"},"modified":"2024-11-14T13:31:12","modified_gmt":"2024-11-14T13:31:12","slug":"clausulas-legales","status":"publish","type":"page","link":"https:\/\/perezdevargas.es\/fr\/mas-info\/clausulas-legales\/","title":{"rendered":"Clauses juridiques"},"content":{"rendered":"<h3>CLAUSE POUR INTRODUIRE DANS LE FORMULAIRE WEB AVEC PUBLICIT\u00c9<\/h3>\n<p>Conform\u00e9ment \u00e0 la r\u00e9glementation en vigueur sur la protection des donn\u00e9es \u00e0 caract\u00e8re personnel, nous vous informons que vos donn\u00e9es seront int\u00e9gr\u00e9es dans le syst\u00e8me de traitement appartenant \u00e0 PEREZ DE VARGAS ABOGADOS SL, avec CIF B29549979 et si\u00e8ge social sis \u00e0 C REAL 97 99, ED VICENTE 3, 29680, ESTEPONA (M\u00c1LAGA), dans le but de r\u00e9pondre \u00e0 vos demandes et de vous envoyer des communications commerciales susceptibles de vous int\u00e9resser. Conform\u00e9ment \u00e0 la r\u00e9glementation en vigueur, PEREZ DE VARGAS ABOGADOS SL informe que les donn\u00e9es seront conserv\u00e9es pendant la p\u00e9riode strictement n\u00e9cessaire pour respecter les pr\u00e9ceptes susmentionn\u00e9s.<\/p>\n<p>Nous vous informons que nous traiterons vos donn\u00e9es sur la base de votre consentement.<\/p>\n<p>PEREZ DE VARGAS ABOGADOS SL informe qu\u2019elle traitera les donn\u00e9es de mani\u00e8re licite, loyale, transparente, appropri\u00e9e, pertinente, limit\u00e9e, exacte et \u00e0 jour. Pour cette raison, PEREZ DE VARGAS ABOGADOS SL s&rsquo;engage \u00e0 prendre toutes les mesures raisonnables pour que celles-ci soient supprim\u00e9es ou rectifi\u00e9es sans d\u00e9lai lorsqu&rsquo;elles sont inexactes.<\/p>\n<p>Conform\u00e9ment aux droits conf\u00e9r\u00e9s par la r\u00e9glementation en vigueur en mati\u00e8re de protection des donn\u00e9es, vous pouvez exercer vos droits d&rsquo;acc\u00e8s, de rectification, de limitation du traitement, de suppression, de portabilit\u00e9 et d&rsquo;opposition au traitement de vos donn\u00e9es personnelles ainsi que le consentement donn\u00e9 pour leur traitement, en adressant votre demande \u00e0 l&rsquo;adresse postale indiqu\u00e9e ci-dessus ou \u00e0 l&rsquo;adresse e-mail <a rel=\"noopener\">BORJA@PEREZDEVARGAS.COM<\/a>.<\/p>\n<p>Nous vous informons \u00e9galement que vous pouvez contacter le D\u00e9l\u00e9gu\u00e9 \u00e0 la Protection des Donn\u00e9es en \u00e9crivant \u00e0 l&rsquo;adresse e-mail <a rel=\"noopener\">dpd.cliente@conversia.es<\/a> ou en appelant le 902 877 192.<\/p>\n<p>Par ailleurs, conform\u00e9ment \u00e0 l&rsquo;article 21 de la loi 34\/2002 du 11 juillet sur les Services de la Soci\u00e9t\u00e9 de l&rsquo;Information et le Commerce \u00c9lectronique, nous vous demandons \u00e9galement votre consentement expr\u00e8s pour vous envoyer de la publicit\u00e9 sur nos produits ou promotions que nous jugeons susceptibles de vous int\u00e9resser, par courrier \u00e9lectronique ou tout autre moyen de communication \u00e9lectronique \u00e9quivalent.<\/p>\n<ul>\n<li><strong>J&rsquo;ai lu et j&rsquo;accepte de recevoir des publicit\u00e9s ou des informations promotionnelles de PEREZ DE VARGAS ABOGADOS SL.<\/strong><\/li>\n<li><strong>J&rsquo;ai lu et je refuse de recevoir des publicit\u00e9s ou des informations promotionnelles de PEREZ DE VARGAS ABOGADOS SL.<\/strong><\/li>\n<\/ul>\n<p>Nous vous informons que vous pouvez r\u00e9voquer \u00e0 tout moment le consentement donn\u00e9 pour recevoir des communications commerciales en envoyant un e-mail \u00e0 l&rsquo;adresse <a rel=\"noopener\">BORJA@PEREZDEVARGAS.COM<\/a>.<\/p>\n<p>Vous pouvez \u00e9galement contacter l&rsquo;Autorit\u00e9 de Contr\u00f4le comp\u00e9tente pour d\u00e9poser la r\u00e9clamation que vous jugez appropri\u00e9e.<\/p>\n<hr \/>\n<h3>CLAUSE POUR INTRODUIRE DANS LE FORMULAIRE WEB<\/h3>\n<p>Conform\u00e9ment \u00e0 la r\u00e9glementation en vigueur sur la protection des donn\u00e9es \u00e0 caract\u00e8re personnel, nous vous informons que vos donn\u00e9es seront int\u00e9gr\u00e9es dans le syst\u00e8me de traitement appartenant \u00e0 PEREZ DE VARGAS ABOGADOS SL, avec CIF B29549979 et si\u00e8ge social sis \u00e0 C REAL 97 99, ED VICENTE 3, 29680, ESTEPONA (M\u00c1LAGA), dans le but de r\u00e9pondre \u00e0 vos demandes. Conform\u00e9ment \u00e0 la r\u00e9glementation en vigueur, PEREZ DE VARGAS ABOGADOS SL informe que les donn\u00e9es seront conserv\u00e9es pendant la p\u00e9riode strictement n\u00e9cessaire pour respecter les pr\u00e9ceptes susmentionn\u00e9s.<\/p>\n<p>Nous vous informons que nous traiterons vos donn\u00e9es sur la base de votre consentement.<\/p>\n<p>PEREZ DE VARGAS ABOGADOS SL informe qu\u2019elle traitera les donn\u00e9es de mani\u00e8re licite, loyale, transparente, appropri\u00e9e, pertinente, limit\u00e9e, exacte et \u00e0 jour. Pour cette raison, PEREZ DE VARGAS ABOGADOS SL s&rsquo;engage \u00e0 prendre toutes les mesures raisonnables pour que celles-ci soient supprim\u00e9es ou rectifi\u00e9es sans d\u00e9lai lorsqu&rsquo;elles sont inexactes.<\/p>\n<p>Conform\u00e9ment aux droits conf\u00e9r\u00e9s par la r\u00e9glementation en vigueur en mati\u00e8re de protection des donn\u00e9es, vous pouvez exercer vos droits d&rsquo;acc\u00e8s, de rectification, de limitation du traitement, de suppression, de portabilit\u00e9 et d&rsquo;opposition au traitement de vos donn\u00e9es personnelles ainsi que le consentement donn\u00e9 pour leur traitement, en adressant votre demande \u00e0 l&rsquo;adresse postale indiqu\u00e9e ci-dessus ou \u00e0 l&rsquo;adresse e-mail <a rel=\"noopener\">BORJA@PEREZDEVARGAS.COM<\/a>.<\/p>\n<p>Nous vous informons \u00e9galement que vous pouvez contacter le D\u00e9l\u00e9gu\u00e9 \u00e0 la Protection des Donn\u00e9es en \u00e9crivant \u00e0 l&rsquo;adresse e-mail <a rel=\"noopener\">dpd.cliente@conversia.es<\/a> ou en appelant le 902 877 192.<\/p>\n<p>Nous vous informons que vous pouvez r\u00e9voquer \u00e0 tout moment le consentement donn\u00e9 en envoyant un e-mail \u00e0 l&rsquo;adresse <a rel=\"noopener\">BORJA@PEREZDEVARGAS.COM<\/a>.<\/p>\n<p>Vous pouvez \u00e9galement contacter l&rsquo;Autorit\u00e9 de Contr\u00f4le comp\u00e9tente pour d\u00e9poser la r\u00e9clamation que vous jugez appropri\u00e9e.<\/p>\n<p>L&rsquo;envoi de ces donn\u00e9es implique l&rsquo;acceptation de cette clause.<\/p>\n<hr \/>\n<h3>CLAUSE NEWSLETTER<\/h3>\n<p>Conform\u00e9ment \u00e0 la r\u00e9glementation en vigueur sur la protection des donn\u00e9es \u00e0 caract\u00e8re personnel, nous vous informons que l&rsquo;adresse e-mail que vous nous avez fournie sera int\u00e9gr\u00e9e dans un syst\u00e8me de traitement sous la responsabilit\u00e9 de PEREZ DE VARGAS ABOGADOS SL afin de traiter votre demande d&rsquo;abonnement et de vous envoyer r\u00e9guli\u00e8rement notre Newsletter. Conform\u00e9ment \u00e0 la r\u00e9glementation en vigueur, PEREZ DE VARGAS ABOGADOS SL informe que les donn\u00e9es seront conserv\u00e9es tant que le consentement donn\u00e9 restera valide.<\/p>\n<p>Nous vous informons que le traitement de vos donn\u00e9es est l\u00e9gitim\u00e9 par votre consentement.<\/p>\n<p>Vous pouvez exercer vos droits d&rsquo;acc\u00e8s, de rectification, de limitation du traitement, de suppression, de portabilit\u00e9 et d&rsquo;opposition au traitement de vos donn\u00e9es personnelles en \u00e9crivant \u00e0 notre adresse : C REAL 97 99 ED VICENTE 3 29680, ESTEPONA (M\u00c1LAGA).<\/p>\n<p>Nous vous informons \u00e9galement que vous pouvez contacter le D\u00e9l\u00e9gu\u00e9 \u00e0 la Protection des Donn\u00e9es en \u00e9crivant \u00e0 l&rsquo;adresse e-mail <a rel=\"noopener\">dpd.cliente@conversia.es<\/a> ou en appelant le 902 877 192.<\/p>\n<p>Par ailleurs, vous pouvez r\u00e9voquer \u00e0 tout moment le consentement donn\u00e9, en annulant votre abonnement \u00e0 la Newsletter, en envoyant un e-mail \u00e0 <a rel=\"noopener\">BORJA@PEREZDEVARGAS.COM<\/a>.<\/p>\n<p>Vous pouvez \u00e9galement contacter l&rsquo;Autorit\u00e9 de Contr\u00f4le comp\u00e9tente pour d\u00e9poser la r\u00e9clamation que vous jugez appropri\u00e9e.<\/p>\n<p>La confirmation de l&rsquo;abonnement implique l&rsquo;acceptation de cette clause.<\/p>\n","protected":false},"excerpt":{"rendered":"<p>CLAUSE POUR INTRODUIRE DANS LE FORMULAIRE WEB AVEC PUBLICIT\u00c9 Conform\u00e9ment \u00e0 la r\u00e9glementation en vigueur sur la protection des donn\u00e9es [&hellip;]<\/p>\n","protected":false},"author":15,"featured_media":0,"parent":257,"menu_order":0,"comment_status":"closed","ping_status":"closed","template":"","meta":{"site-sidebar-layout":"default","site-content-layout":"","ast-site-content-layout":"","site-content-style":"default","site-sidebar-style":"default","ast-global-header-display":"","ast-banner-title-visibility":"","ast-main-header-display":"","ast-hfb-above-header-display":"","ast-hfb-below-header-display":"","ast-hfb-mobile-header-display":"","site-post-title":"","ast-breadcrumbs-content":"","ast-featured-img":"","footer-sml-layout":"","theme-transparent-header-meta":"","adv-header-id-meta":"","stick-header-meta":"","header-above-stick-meta":"","header-main-stick-meta":"","header-below-stick-meta":"","astra-migrate-meta-layouts":"default","ast-page-background-enabled":"default","ast-page-background-meta":{"desktop":{"background-color":"var(--ast-global-color-4)","background-image":"","background-repeat":"repeat","background-position":"center center","background-size":"auto","background-attachment":"scroll","background-type":"","background-media":"","overlay-type":"","overlay-color":"","overlay-opacity":"","overlay-gradient":""},"tablet":{"background-color":"","background-image":"","background-repeat":"repeat","background-position":"center center","background-size":"auto","background-attachment":"scroll","background-type":"","background-media":"","overlay-type":"","overlay-color":"","overlay-opacity":"","overlay-gradient":""},"mobile":{"background-color":"","background-image":"","background-repeat":"repeat","background-position":"center center","background-size":"auto","background-attachment":"scroll","background-type":"","background-media":"","overlay-type":"","overlay-color":"","overlay-opacity":"","overlay-gradient":""}},"ast-content-background-meta":{"desktop":{"background-color":"var(--ast-global-color-5)","background-image":"","background-repeat":"repeat","background-position":"center center","background-size":"auto","background-attachment":"scroll","background-type":"","background-media":"","overlay-type":"","overlay-color":"","overlay-opacity":"","overlay-gradient":""},"tablet":{"background-color":"var(--ast-global-color-5)","background-image":"","background-repeat":"repeat","background-position":"center center","background-size":"auto","background-attachment":"scroll","background-type":"","background-media":"","overlay-type":"","overlay-color":"","overlay-opacity":"","overlay-gradient":""},"mobile":{"background-color":"var(--ast-global-color-5)","background-image":"","background-repeat":"repeat","background-position":"center center","background-size":"auto","background-attachment":"scroll","background-type":"","background-media":"","overlay-type":"","overlay-color":"","overlay-opacity":"","overlay-gradient":""}},"footnotes":""},"class_list":["post-67261","page","type-page","status-publish","hentry"],"yoast_head":"<!-- This site is optimized with the Yoast SEO plugin v25.2 - https:\/\/yoast.com\/wordpress\/plugins\/seo\/ -->\n<title>\u2705Clauses juridiques | \u300bP\u00e9rez de Vargas<\/title>\n<meta name=\"description\" content=\"\u27a4 CLAUSE POUR INTRODUIRE DANS LE FORMULAIRE WEB AVEC PUBLICIT\u00c9 Conform\u00e9ment \u00e0 la r\u00e9glementation en vigueur sur la protection des donn\u00e9es \u00e0 caract\u00e8re \u2b50\" \/>\n<meta name=\"robots\" content=\"noindex, follow\" \/>\n<meta property=\"og:locale\" content=\"fr_FR\" \/>\n<meta property=\"og:type\" content=\"article\" \/>\n<meta property=\"og:title\" content=\"\u2705Clauses juridiques | \u300bP\u00e9rez de Vargas\" \/>\n<meta property=\"og:description\" content=\"\u27a4 CLAUSE POUR INTRODUIRE DANS LE FORMULAIRE WEB AVEC PUBLICIT\u00c9 Conform\u00e9ment \u00e0 la r\u00e9glementation en vigueur sur la protection des donn\u00e9es \u00e0 caract\u00e8re \u2b50\" \/>\n<meta property=\"og:url\" content=\"https:\/\/perezdevargas.es\/fr\/mas-info\/clausulas-legales\/\" \/>\n<meta property=\"og:site_name\" content=\"P\u00e9rez de Vargas\" \/>\n<meta property=\"article:publisher\" content=\"https:\/\/www.facebook.com\/perezdevargasabogados\/\" \/>\n<meta property=\"article:modified_time\" content=\"2024-11-14T13:31:12+00:00\" \/>\n<meta name=\"twitter:card\" content=\"summary_large_image\" \/>\n<meta name=\"twitter:label1\" content=\"Dur\u00e9e de lecture estim\u00e9e\" \/>\n\t<meta name=\"twitter:data1\" content=\"5 minutes\" \/>\n<script type=\"application\/ld+json\" class=\"yoast-schema-graph\">{\"@context\":\"https:\/\/schema.org\",\"@graph\":[{\"@type\":\"WebPage\",\"@id\":\"https:\/\/perezdevargas.es\/fr\/mas-info\/clausulas-legales\/\",\"url\":\"https:\/\/perezdevargas.es\/fr\/mas-info\/clausulas-legales\/\",\"name\":\"\u2705Clauses juridiques | \u300bP\u00e9rez de Vargas\",\"isPartOf\":{\"@id\":\"https:\/\/perezdevargas.es\/fr\/#website\"},\"datePublished\":\"2020-07-10T21:37:43+00:00\",\"dateModified\":\"2024-11-14T13:31:12+00:00\",\"description\":\"\u27a4 CLAUSE POUR INTRODUIRE DANS LE FORMULAIRE WEB AVEC PUBLICIT\u00c9 Conform\u00e9ment \u00e0 la r\u00e9glementation en vigueur sur la protection des donn\u00e9es \u00e0 caract\u00e8re \u2b50\",\"breadcrumb\":{\"@id\":\"https:\/\/perezdevargas.es\/fr\/mas-info\/clausulas-legales\/#breadcrumb\"},\"inLanguage\":\"fr-FR\",\"potentialAction\":[{\"@type\":\"ReadAction\",\"target\":[\"https:\/\/perezdevargas.es\/fr\/mas-info\/clausulas-legales\/\"]}]},{\"@type\":\"BreadcrumbList\",\"@id\":\"https:\/\/perezdevargas.es\/fr\/mas-info\/clausulas-legales\/#breadcrumb\",\"itemListElement\":[{\"@type\":\"ListItem\",\"position\":1,\"name\":\"Portada\",\"item\":\"https:\/\/perezdevargas.es\/fr\/\"},{\"@type\":\"ListItem\",\"position\":2,\"name\":\"Avis legal\",\"item\":\"https:\/\/perezdevargas.es\/fr\/mas-info\/\"},{\"@type\":\"ListItem\",\"position\":3,\"name\":\"Clauses juridiques\"}]},{\"@type\":\"WebSite\",\"@id\":\"https:\/\/perezdevargas.es\/fr\/#website\",\"url\":\"https:\/\/perezdevargas.es\/fr\/\",\"name\":\"P\u00e9rez de Vargas\",\"description\":\"\",\"publisher\":{\"@id\":\"https:\/\/perezdevargas.es\/fr\/#organization\"},\"potentialAction\":[{\"@type\":\"SearchAction\",\"target\":{\"@type\":\"EntryPoint\",\"urlTemplate\":\"https:\/\/perezdevargas.es\/fr\/?s={search_term_string}\"},\"query-input\":{\"@type\":\"PropertyValueSpecification\",\"valueRequired\":true,\"valueName\":\"search_term_string\"}}],\"inLanguage\":\"fr-FR\"},{\"@type\":\"Organization\",\"@id\":\"https:\/\/perezdevargas.es\/fr\/#organization\",\"name\":\"P\u00e9rez de Vargas\",\"url\":\"https:\/\/perezdevargas.es\/fr\/\",\"logo\":{\"@type\":\"ImageObject\",\"inLanguage\":\"fr-FR\",\"@id\":\"https:\/\/perezdevargas.es\/fr\/#\/schema\/logo\/image\/\",\"url\":\"https:\/\/perezdevargas.es\/wp-content\/uploads\/2025\/04\/Diseno-sin-titulo-91-1.jpg\",\"contentUrl\":\"https:\/\/perezdevargas.es\/wp-content\/uploads\/2025\/04\/Diseno-sin-titulo-91-1.jpg\",\"width\":500,\"height\":500,\"caption\":\"P\u00e9rez de Vargas\"},\"image\":{\"@id\":\"https:\/\/perezdevargas.es\/fr\/#\/schema\/logo\/image\/\"},\"sameAs\":[\"https:\/\/www.facebook.com\/perezdevargasabogados\/\",\"https:\/\/www.instagram.com\/perezdevargasabogados\/\"]}]}<\/script>\n<!-- \/ Yoast SEO plugin. -->","yoast_head_json":{"title":"\u2705Clauses juridiques | \u300bP\u00e9rez de Vargas","description":"\u27a4 CLAUSE POUR INTRODUIRE DANS LE FORMULAIRE WEB AVEC PUBLICIT\u00c9 Conform\u00e9ment \u00e0 la r\u00e9glementation en vigueur sur la protection des donn\u00e9es \u00e0 caract\u00e8re \u2b50","robots":{"index":"noindex","follow":"follow"},"og_locale":"fr_FR","og_type":"article","og_title":"\u2705Clauses juridiques | \u300bP\u00e9rez de Vargas","og_description":"\u27a4 CLAUSE POUR INTRODUIRE DANS LE FORMULAIRE WEB AVEC PUBLICIT\u00c9 Conform\u00e9ment \u00e0 la r\u00e9glementation en vigueur sur la protection des donn\u00e9es \u00e0 caract\u00e8re \u2b50","og_url":"https:\/\/perezdevargas.es\/fr\/mas-info\/clausulas-legales\/","og_site_name":"P\u00e9rez de Vargas","article_publisher":"https:\/\/www.facebook.com\/perezdevargasabogados\/","article_modified_time":"2024-11-14T13:31:12+00:00","twitter_card":"summary_large_image","twitter_misc":{"Dur\u00e9e de lecture estim\u00e9e":"5 minutes"},"schema":{"@context":"https:\/\/schema.org","@graph":[{"@type":"WebPage","@id":"https:\/\/perezdevargas.es\/fr\/mas-info\/clausulas-legales\/","url":"https:\/\/perezdevargas.es\/fr\/mas-info\/clausulas-legales\/","name":"\u2705Clauses juridiques | \u300bP\u00e9rez de Vargas","isPartOf":{"@id":"https:\/\/perezdevargas.es\/fr\/#website"},"datePublished":"2020-07-10T21:37:43+00:00","dateModified":"2024-11-14T13:31:12+00:00","description":"\u27a4 CLAUSE POUR INTRODUIRE DANS LE FORMULAIRE WEB AVEC PUBLICIT\u00c9 Conform\u00e9ment \u00e0 la r\u00e9glementation en vigueur sur la protection des donn\u00e9es \u00e0 caract\u00e8re \u2b50","breadcrumb":{"@id":"https:\/\/perezdevargas.es\/fr\/mas-info\/clausulas-legales\/#breadcrumb"},"inLanguage":"fr-FR","potentialAction":[{"@type":"ReadAction","target":["https:\/\/perezdevargas.es\/fr\/mas-info\/clausulas-legales\/"]}]},{"@type":"BreadcrumbList","@id":"https:\/\/perezdevargas.es\/fr\/mas-info\/clausulas-legales\/#breadcrumb","itemListElement":[{"@type":"ListItem","position":1,"name":"Portada","item":"https:\/\/perezdevargas.es\/fr\/"},{"@type":"ListItem","position":2,"name":"Avis legal","item":"https:\/\/perezdevargas.es\/fr\/mas-info\/"},{"@type":"ListItem","position":3,"name":"Clauses juridiques"}]},{"@type":"WebSite","@id":"https:\/\/perezdevargas.es\/fr\/#website","url":"https:\/\/perezdevargas.es\/fr\/","name":"P\u00e9rez de Vargas","description":"","publisher":{"@id":"https:\/\/perezdevargas.es\/fr\/#organization"},"potentialAction":[{"@type":"SearchAction","target":{"@type":"EntryPoint","urlTemplate":"https:\/\/perezdevargas.es\/fr\/?s={search_term_string}"},"query-input":{"@type":"PropertyValueSpecification","valueRequired":true,"valueName":"search_term_string"}}],"inLanguage":"fr-FR"},{"@type":"Organization","@id":"https:\/\/perezdevargas.es\/fr\/#organization","name":"P\u00e9rez de Vargas","url":"https:\/\/perezdevargas.es\/fr\/","logo":{"@type":"ImageObject","inLanguage":"fr-FR","@id":"https:\/\/perezdevargas.es\/fr\/#\/schema\/logo\/image\/","url":"https:\/\/perezdevargas.es\/wp-content\/uploads\/2025\/04\/Diseno-sin-titulo-91-1.jpg","contentUrl":"https:\/\/perezdevargas.es\/wp-content\/uploads\/2025\/04\/Diseno-sin-titulo-91-1.jpg","width":500,"height":500,"caption":"P\u00e9rez de Vargas"},"image":{"@id":"https:\/\/perezdevargas.es\/fr\/#\/schema\/logo\/image\/"},"sameAs":["https:\/\/www.facebook.com\/perezdevargasabogados\/","https:\/\/www.instagram.com\/perezdevargasabogados\/"]}]}},"_links":{"self":[{"href":"https:\/\/perezdevargas.es\/fr\/wp-json\/wp\/v2\/pages\/67261","targetHints":{"allow":["GET"]}}],"collection":[{"href":"https:\/\/perezdevargas.es\/fr\/wp-json\/wp\/v2\/pages"}],"about":[{"href":"https:\/\/perezdevargas.es\/fr\/wp-json\/wp\/v2\/types\/page"}],"author":[{"embeddable":true,"href":"https:\/\/perezdevargas.es\/fr\/wp-json\/wp\/v2\/users\/15"}],"replies":[{"embeddable":true,"href":"https:\/\/perezdevargas.es\/fr\/wp-json\/wp\/v2\/comments?post=67261"}],"version-history":[{"count":2,"href":"https:\/\/perezdevargas.es\/fr\/wp-json\/wp\/v2\/pages\/67261\/revisions"}],"predecessor-version":[{"id":67264,"href":"https:\/\/perezdevargas.es\/fr\/wp-json\/wp\/v2\/pages\/67261\/revisions\/67264"}],"up":[{"embeddable":true,"href":"https:\/\/perezdevargas.es\/fr\/wp-json\/wp\/v2\/pages\/257"}],"wp:attachment":[{"href":"https:\/\/perezdevargas.es\/fr\/wp-json\/wp\/v2\/media?parent=67261"}],"curies":[{"name":"wp","href":"https:\/\/api.w.org\/{rel}","templated":true}]}}