{"id":67274,"date":"2024-11-14T15:52:11","date_gmt":"2024-11-14T15:52:11","guid":{"rendered":"https:\/\/pdv.noglen.com\/?page_id=67274"},"modified":"2024-11-14T15:53:51","modified_gmt":"2024-11-14T15:53:51","slug":"conditions-dutilisation","status":"publish","type":"page","link":"https:\/\/perezdevargas.es\/fr\/mas-info\/conditions-dutilisation\/","title":{"rendered":"Conditions d&rsquo;utilisation"},"content":{"rendered":"\n<p>Conform\u00e9ment \u00e0 la Loi 34\/2002 du 11 juillet relative aux services de la soci\u00e9t\u00e9 de l&rsquo;information et au commerce \u00e9lectronique (LSSI-CE), la soci\u00e9t\u00e9 PEREZ DE VARGAS ABOGADOS SL informe qu\u2019elle est propri\u00e9taire du site web <a href=\"https:\/\/perezdevargas.es\">https:\/\/perezdevargas.es<\/a>. Conform\u00e9ment aux exigences de l&rsquo;article 10 de ladite loi, PEREZ DE VARGAS ABOGADOS SL communique les informations suivantes :<\/p>\n\n\n\n<p>Le propri\u00e9taire de ce site est PEREZ DE VARGAS ABOGADOS SL, avec CIF B29549979 et un si\u00e8ge social situ\u00e9 au C REAL 97 99 ED VICENTE 3 29680, ESTEPONA (M\u00c1LAGA), inscrit au Registre du Commerce sous le tome 4376, feuille 182, page MA4852, inscription 32. Adresse email pour contacter la soci\u00e9t\u00e9 : <a>BORJA@PEREZDEVARGAS.COM<\/a>.<\/p>\n\n\n\n<p>Utilisateur et responsabilit\u00e9<\/p>\n\n\n\n<p>La consultation, l\u2019acc\u00e8s et l\u2019utilisation du site web de PEREZ DE VARGAS ABOGADOS SL conf\u00e8rent \u00e0 l&rsquo;utilisateur le statut d\u2019utilisateur, qui accepte toutes les conditions d\u2019utilisation stipul\u00e9es ici, sans pr\u00e9judice de l\u2019application des r\u00e9glementations obligatoires l\u00e9gales selon les circonstances li\u00e9es \u00e0 l\u2019acc\u00e8s au site web.<\/p>\n\n\n\n<p>Le site web de PEREZ DE VARGAS ABOGADOS SL fournit une large gamme d\u2019informations, de services et de donn\u00e9es, et l\u2019utilisateur assume la responsabilit\u00e9 d\u2019un usage appropri\u00e9 de celui-ci. Cette responsabilit\u00e9 inclut :<\/p>\n\n\n\n<ul class=\"wp-block-list\">\n<li>La v\u00e9racit\u00e9 et la l\u00e9galit\u00e9 des informations fournies par l\u2019utilisateur dans les formulaires fournis par PEREZ DE VARGAS ABOGADOS SL pour acc\u00e9der \u00e0 certains contenus ou services offerts par le site.<\/li>\n\n\n\n<li>L\u2019utilisation des informations, services et donn\u00e9es propos\u00e9s par PEREZ DE VARGAS ABOGADOS SL conform\u00e9ment aux pr\u00e9sentes conditions, \u00e0 la loi, \u00e0 la morale, aux bonnes coutumes ou \u00e0 l\u2019ordre public, ainsi qu&rsquo;aux fins non nuisibles aux droits de tiers ou au fonctionnement du site web.<\/li>\n<\/ul>\n\n\n\n<p>Politique de liens et exclusion de responsabilit\u00e9<\/p>\n\n\n\n<p>PEREZ DE VARGAS ABOGADOS SL d\u00e9cline toute responsabilit\u00e9 quant au contenu des sites auxquels l\u2019utilisateur peut acc\u00e9der via les liens pr\u00e9sents sur son site, et d\u00e9clare qu\u2019elle n\u2019effectuera, en aucun cas, une v\u00e9rification ou un contr\u00f4le des contenus des autres sites. De plus, la soci\u00e9t\u00e9 ne garantit pas la disponibilit\u00e9 technique, l\u2019exactitude, la v\u00e9racit\u00e9, l\u2019authenticit\u00e9 ni la l\u00e9galit\u00e9 des sites ext\u00e9rieurs vers lesquels des liens peuvent \u00eatre propos\u00e9s.<\/p>\n\n\n\n<p>Protection des donn\u00e9es<\/p>\n\n\n\n<p>Conform\u00e9ment aux dispositions l\u00e9gales en vigueur relatives \u00e0 la protection des donn\u00e9es personnelles, nous vous informons que vos donn\u00e9es seront int\u00e9gr\u00e9es dans un syst\u00e8me de traitement appartenant \u00e0 PEREZ DE VARGAS ABOGADOS SL avec CIF B29549979 et un si\u00e8ge social au C REAL 97 99 ED VICENTE 3 29680, ESTEPONA (M\u00c1LAGA), afin de faciliter, acc\u00e9l\u00e9rer et respecter les obligations \u00e9tablies entre les deux parties. Conform\u00e9ment \u00e0 la l\u00e9gislation en vigueur, PEREZ DE VARGAS ABOGADOS SL vous informe que les donn\u00e9es seront conserv\u00e9es pendant la dur\u00e9e strictement n\u00e9cessaire pour respecter les obligations susmentionn\u00e9es.<\/p>\n\n\n\n<p>Nous vous informons \u00e9galement que nous traiterons vos donn\u00e9es conform\u00e9ment \u00e0 votre consentement.<\/p>\n\n\n\n<p>PEREZ DE VARGAS ABOGADOS SL d\u00e9clare avoir pris toutes les mesures n\u00e9cessaires pour \u00e9viter tout dommage que pourraient subir les utilisateurs de son site internet, pouvant r\u00e9sulter de la consultation de son site. Par cons\u00e9quent, PEREZ DE VARGAS ABOGADOS SL d\u00e9cline toute responsabilit\u00e9 pour tout dommage \u00e9ventuel que pourrait subir l\u2019utilisateur.<\/p>\n\n\n\n<p>Modifications<\/p>\n\n\n\n<p>PEREZ DE VARGAS ABOGADOS SL se r\u00e9serve le droit d\u2019apporter sans pr\u00e9avis toutes les modifications qu\u2019elle jugera appropri\u00e9es au contenu de son site, y compris en ce qui concerne le contenu m\u00eame du site et les conditions d\u2019utilisation. Lesdites modifications peuvent \u00eatre r\u00e9alis\u00e9es par tout moyen l\u00e9galement admissible et seront obligatoires tant qu\u2019elles resteront publi\u00e9es sur le site, et ce, jusqu\u2019\u00e0 ce qu\u2019elles soient modifi\u00e9es par des modifications ult\u00e9rieures.<\/p>\n\n\n\n<p>Certificat SSL (Secure Sockets Layer)<\/p>\n\n\n\n<p>Le CERTIFICAT SSL assure l\u2019authentification, la confidentialit\u00e9 et la s\u00e9curit\u00e9 des informations \u00e9chang\u00e9es entre PEREZ DE VARGAS ABOGADOS SL et l\u2019utilisateur.<\/p>\n\n\n\n<p>PEREZ DE VARGAS ABOGADOS SL dispose d\u2019un certificat de s\u00e9curit\u00e9 fourni par CERTIFICAT SSL pour \u00e9tablir des connexions s\u00e9curis\u00e9es.<\/p>\n\n\n\n<p>Ce processus \u00e9tablit divers param\u00e8tres permettant une connexion s\u00e9curis\u00e9e, en utilisant des cl\u00e9s pr\u00e9\u00e9tablies pour encoder et d\u00e9coder toutes les donn\u00e9es envoy\u00e9es jusqu\u2019\u00e0 la fermeture de la connexion.<\/p>\n\n\n\n<p>Propri\u00e9t\u00e9 intellectuelle et industrielle<\/p>\n\n\n\n<p>PEREZ DE VARGAS ABOGADOS SL, en son nom ou en tant que cessionnaire, est titulaire de tous les droits de propri\u00e9t\u00e9 intellectuelle et industrielle de son site web, ainsi que des \u00e9l\u00e9ments contenus dans celui-ci (\u00e0 titre d\u2019exemple, images, sons, vid\u00e9os, logiciels ou textes ; marques ou logos, combinaisons de couleurs, structure et design, s\u00e9lection des mat\u00e9riaux utilis\u00e9s, programmes informatiques n\u00e9cessaires \u00e0 son fonctionnement, acc\u00e8s et utilisation, etc.), propri\u00e9t\u00e9 de PEREZ DE VARGAS ABOGADOS SL. Ils seront, par cons\u00e9quent, prot\u00e9g\u00e9s en tant que propri\u00e9t\u00e9 intellectuelle par la r\u00e9glementation juridique espagnole, applicable aussi bien la l\u00e9gislation espagnole que communautaire dans ce domaine, ainsi que par les trait\u00e9s internationaux relatifs \u00e0 la mati\u00e8re et sign\u00e9s par l\u2019Espagne.<\/p>\n\n\n\n<p>Tous droits r\u00e9serv\u00e9s. Conform\u00e9ment \u00e0 la Loi sur la Propri\u00e9t\u00e9 Intellectuelle, sont express\u00e9ment interdites la reproduction, la distribution et la communication publique, y compris sa mise \u00e0 disposition sous quelque forme que ce soit, de tout ou partie des contenus de ce site web, \u00e0 des fins commerciales, sur tout support et par tout moyen technique, sans l&rsquo;autorisation de PEREZ DE VARGAS ABOGADOS SL.<\/p>\n\n\n\n<p>L\u2019utilisateur s\u2019engage \u00e0 respecter les droits de Propri\u00e9t\u00e9 Intellectuelle et Industrielle de PEREZ DE VARGAS ABOGADOS SL. Il peut visualiser les \u00e9l\u00e9ments du portail et m\u00eame les imprimer, les copier et les stocker sur le disque dur de son ordinateur ou tout autre support physique, \u00e0 condition que cela soit, exclusivement, pour son usage personnel et priv\u00e9. L\u2019utilisateur devra s\u2019abstenir de supprimer, alt\u00e9rer, contourner ou manipuler tout dispositif de protection ou syst\u00e8me de s\u00e9curit\u00e9 install\u00e9 sur les pages de PEREZ DE VARGAS ABOGADOS SL.<\/p>\n\n\n\n<p>Actions en justice, l\u00e9gislation applicable et juridiction<\/p>\n\n\n\n<p>PEREZ DE VARGAS ABOGADOS SL se r\u00e9serve le droit d\u2019intenter les actions civiles ou p\u00e9nales qu\u2019elle juge appropri\u00e9es pour une utilisation abusive de son site web et de ses contenus, ou pour le non-respect des pr\u00e9sentes conditions.<\/p>\n\n\n\n<p>La relation entre l\u2019utilisateur et le prestataire sera r\u00e9gie par la l\u00e9gislation en vigueur sur le territoire espagnol. En cas de litige, les parties pourront soumettre leurs conflits \u00e0 un arbitrage ou recourir \u00e0 la juridiction ordinaire, en respectant les r\u00e8gles de comp\u00e9tence et de juridiction applicables. PEREZ DE VARGAS ABOGADOS SL est domicili\u00e9e \u00e0 MALAGA, Espagne.<\/p>\n","protected":false},"excerpt":{"rendered":"<p>Conform\u00e9ment \u00e0 la Loi 34\/2002 du 11 juillet relative aux services de la soci\u00e9t\u00e9 de l&rsquo;information et au commerce \u00e9lectronique [&hellip;]<\/p>\n","protected":false},"author":30,"featured_media":0,"parent":257,"menu_order":0,"comment_status":"closed","ping_status":"closed","template":"","meta":{"site-sidebar-layout":"default","site-content-layout":"","ast-site-content-layout":"","site-content-style":"default","site-sidebar-style":"default","ast-global-header-display":"","ast-banner-title-visibility":"","ast-main-header-display":"","ast-hfb-above-header-display":"","ast-hfb-below-header-display":"","ast-hfb-mobile-header-display":"","site-post-title":"","ast-breadcrumbs-content":"","ast-featured-img":"","footer-sml-layout":"","theme-transparent-header-meta":"","adv-header-id-meta":"","stick-header-meta":"","header-above-stick-meta":"","header-main-stick-meta":"","header-below-stick-meta":"","astra-migrate-meta-layouts":"default","ast-page-background-enabled":"default","ast-page-background-meta":{"desktop":{"background-color":"var(--ast-global-color-4)","background-image":"","background-repeat":"repeat","background-position":"center center","background-size":"auto","background-attachment":"scroll","background-type":"","background-media":"","overlay-type":"","overlay-color":"","overlay-opacity":"","overlay-gradient":""},"tablet":{"background-color":"","background-image":"","background-repeat":"repeat","background-position":"center center","background-size":"auto","background-attachment":"scroll","background-type":"","background-media":"","overlay-type":"","overlay-color":"","overlay-opacity":"","overlay-gradient":""},"mobile":{"background-color":"","background-image":"","background-repeat":"repeat","background-position":"center center","background-size":"auto","background-attachment":"scroll","background-type":"","background-media":"","overlay-type":"","overlay-color":"","overlay-opacity":"","overlay-gradient":""}},"ast-content-background-meta":{"desktop":{"background-color":"var(--ast-global-color-5)","background-image":"","background-repeat":"repeat","background-position":"center center","background-size":"auto","background-attachment":"scroll","background-type":"","background-media":"","overlay-type":"","overlay-color":"","overlay-opacity":"","overlay-gradient":""},"tablet":{"background-color":"var(--ast-global-color-5)","background-image":"","background-repeat":"repeat","background-position":"center center","background-size":"auto","background-attachment":"scroll","background-type":"","background-media":"","overlay-type":"","overlay-color":"","overlay-opacity":"","overlay-gradient":""},"mobile":{"background-color":"var(--ast-global-color-5)","background-image":"","background-repeat":"repeat","background-position":"center center","background-size":"auto","background-attachment":"scroll","background-type":"","background-media":"","overlay-type":"","overlay-color":"","overlay-opacity":"","overlay-gradient":""}},"footnotes":""},"class_list":["post-67274","page","type-page","status-publish","hentry"],"yoast_head":"<!-- This site is optimized with the Yoast SEO plugin v25.2 - https:\/\/yoast.com\/wordpress\/plugins\/seo\/ -->\n<title>\u2705Conditions d&#039;utilisation | P\u00e9rez de Vargas<\/title>\n<meta name=\"description\" content=\"\u25b6\ufe0fConform\u00e9ment \u00e0 la Loi 34\/2002 du 11 juillet relative aux services de la soci\u00e9t\u00e9 de l&#039;information et au commerce \u00e9lectronique (LSSI-CE), la soci\u00e9t\u00e9 PEREZ \u261d\" \/>\n<meta name=\"robots\" content=\"noindex, follow\" \/>\n<meta property=\"og:locale\" content=\"fr_FR\" \/>\n<meta property=\"og:type\" content=\"article\" \/>\n<meta property=\"og:title\" content=\"\u2705Conditions d&#039;utilisation | P\u00e9rez de Vargas\" \/>\n<meta property=\"og:description\" content=\"\u25b6\ufe0fConform\u00e9ment \u00e0 la Loi 34\/2002 du 11 juillet relative aux services de la soci\u00e9t\u00e9 de l&#039;information et au commerce \u00e9lectronique (LSSI-CE), la soci\u00e9t\u00e9 PEREZ \u261d\" \/>\n<meta property=\"og:url\" content=\"https:\/\/perezdevargas.es\/fr\/mas-info\/conditions-dutilisation\/\" \/>\n<meta property=\"og:site_name\" content=\"P\u00e9rez de Vargas\" \/>\n<meta property=\"article:publisher\" content=\"https:\/\/www.facebook.com\/perezdevargasabogados\/\" \/>\n<meta property=\"article:modified_time\" content=\"2024-11-14T15:53:51+00:00\" \/>\n<meta name=\"twitter:card\" content=\"summary_large_image\" \/>\n<meta name=\"twitter:label1\" content=\"Dur\u00e9e de lecture estim\u00e9e\" \/>\n\t<meta name=\"twitter:data1\" content=\"5 minutes\" \/>\n<script type=\"application\/ld+json\" class=\"yoast-schema-graph\">{\"@context\":\"https:\/\/schema.org\",\"@graph\":[{\"@type\":\"WebPage\",\"@id\":\"https:\/\/perezdevargas.es\/fr\/mas-info\/conditions-dutilisation\/\",\"url\":\"https:\/\/perezdevargas.es\/fr\/mas-info\/conditions-dutilisation\/\",\"name\":\"\u2705Conditions d'utilisation | P\u00e9rez de Vargas\",\"isPartOf\":{\"@id\":\"https:\/\/perezdevargas.es\/fr\/#website\"},\"datePublished\":\"2024-11-14T15:52:11+00:00\",\"dateModified\":\"2024-11-14T15:53:51+00:00\",\"description\":\"\u25b6\ufe0fConform\u00e9ment \u00e0 la Loi 34\/2002 du 11 juillet relative aux services de la soci\u00e9t\u00e9 de l'information et au commerce \u00e9lectronique (LSSI-CE), la soci\u00e9t\u00e9 PEREZ \u261d\",\"breadcrumb\":{\"@id\":\"https:\/\/perezdevargas.es\/fr\/mas-info\/conditions-dutilisation\/#breadcrumb\"},\"inLanguage\":\"fr-FR\",\"potentialAction\":[{\"@type\":\"ReadAction\",\"target\":[\"https:\/\/perezdevargas.es\/fr\/mas-info\/conditions-dutilisation\/\"]}]},{\"@type\":\"BreadcrumbList\",\"@id\":\"https:\/\/perezdevargas.es\/fr\/mas-info\/conditions-dutilisation\/#breadcrumb\",\"itemListElement\":[{\"@type\":\"ListItem\",\"position\":1,\"name\":\"Portada\",\"item\":\"https:\/\/perezdevargas.es\/fr\/\"},{\"@type\":\"ListItem\",\"position\":2,\"name\":\"Avis legal\",\"item\":\"https:\/\/perezdevargas.es\/fr\/mas-info\/\"},{\"@type\":\"ListItem\",\"position\":3,\"name\":\"Conditions d&#8217;utilisation\"}]},{\"@type\":\"WebSite\",\"@id\":\"https:\/\/perezdevargas.es\/fr\/#website\",\"url\":\"https:\/\/perezdevargas.es\/fr\/\",\"name\":\"P\u00e9rez de Vargas\",\"description\":\"\",\"publisher\":{\"@id\":\"https:\/\/perezdevargas.es\/fr\/#organization\"},\"potentialAction\":[{\"@type\":\"SearchAction\",\"target\":{\"@type\":\"EntryPoint\",\"urlTemplate\":\"https:\/\/perezdevargas.es\/fr\/?s={search_term_string}\"},\"query-input\":{\"@type\":\"PropertyValueSpecification\",\"valueRequired\":true,\"valueName\":\"search_term_string\"}}],\"inLanguage\":\"fr-FR\"},{\"@type\":\"Organization\",\"@id\":\"https:\/\/perezdevargas.es\/fr\/#organization\",\"name\":\"P\u00e9rez de Vargas\",\"url\":\"https:\/\/perezdevargas.es\/fr\/\",\"logo\":{\"@type\":\"ImageObject\",\"inLanguage\":\"fr-FR\",\"@id\":\"https:\/\/perezdevargas.es\/fr\/#\/schema\/logo\/image\/\",\"url\":\"https:\/\/perezdevargas.es\/wp-content\/uploads\/2025\/04\/Diseno-sin-titulo-91-1.jpg\",\"contentUrl\":\"https:\/\/perezdevargas.es\/wp-content\/uploads\/2025\/04\/Diseno-sin-titulo-91-1.jpg\",\"width\":500,\"height\":500,\"caption\":\"P\u00e9rez de Vargas\"},\"image\":{\"@id\":\"https:\/\/perezdevargas.es\/fr\/#\/schema\/logo\/image\/\"},\"sameAs\":[\"https:\/\/www.facebook.com\/perezdevargasabogados\/\",\"https:\/\/www.instagram.com\/perezdevargasabogados\/\"]}]}<\/script>\n<!-- \/ Yoast SEO plugin. -->","yoast_head_json":{"title":"\u2705Conditions d'utilisation | P\u00e9rez de Vargas","description":"\u25b6\ufe0fConform\u00e9ment \u00e0 la Loi 34\/2002 du 11 juillet relative aux services de la soci\u00e9t\u00e9 de l'information et au commerce \u00e9lectronique (LSSI-CE), la soci\u00e9t\u00e9 PEREZ \u261d","robots":{"index":"noindex","follow":"follow"},"og_locale":"fr_FR","og_type":"article","og_title":"\u2705Conditions d'utilisation | P\u00e9rez de Vargas","og_description":"\u25b6\ufe0fConform\u00e9ment \u00e0 la Loi 34\/2002 du 11 juillet relative aux services de la soci\u00e9t\u00e9 de l'information et au commerce \u00e9lectronique (LSSI-CE), la soci\u00e9t\u00e9 PEREZ \u261d","og_url":"https:\/\/perezdevargas.es\/fr\/mas-info\/conditions-dutilisation\/","og_site_name":"P\u00e9rez de Vargas","article_publisher":"https:\/\/www.facebook.com\/perezdevargasabogados\/","article_modified_time":"2024-11-14T15:53:51+00:00","twitter_card":"summary_large_image","twitter_misc":{"Dur\u00e9e de lecture estim\u00e9e":"5 minutes"},"schema":{"@context":"https:\/\/schema.org","@graph":[{"@type":"WebPage","@id":"https:\/\/perezdevargas.es\/fr\/mas-info\/conditions-dutilisation\/","url":"https:\/\/perezdevargas.es\/fr\/mas-info\/conditions-dutilisation\/","name":"\u2705Conditions d'utilisation | P\u00e9rez de Vargas","isPartOf":{"@id":"https:\/\/perezdevargas.es\/fr\/#website"},"datePublished":"2024-11-14T15:52:11+00:00","dateModified":"2024-11-14T15:53:51+00:00","description":"\u25b6\ufe0fConform\u00e9ment \u00e0 la Loi 34\/2002 du 11 juillet relative aux services de la soci\u00e9t\u00e9 de l'information et au commerce \u00e9lectronique (LSSI-CE), la soci\u00e9t\u00e9 PEREZ \u261d","breadcrumb":{"@id":"https:\/\/perezdevargas.es\/fr\/mas-info\/conditions-dutilisation\/#breadcrumb"},"inLanguage":"fr-FR","potentialAction":[{"@type":"ReadAction","target":["https:\/\/perezdevargas.es\/fr\/mas-info\/conditions-dutilisation\/"]}]},{"@type":"BreadcrumbList","@id":"https:\/\/perezdevargas.es\/fr\/mas-info\/conditions-dutilisation\/#breadcrumb","itemListElement":[{"@type":"ListItem","position":1,"name":"Portada","item":"https:\/\/perezdevargas.es\/fr\/"},{"@type":"ListItem","position":2,"name":"Avis legal","item":"https:\/\/perezdevargas.es\/fr\/mas-info\/"},{"@type":"ListItem","position":3,"name":"Conditions d&#8217;utilisation"}]},{"@type":"WebSite","@id":"https:\/\/perezdevargas.es\/fr\/#website","url":"https:\/\/perezdevargas.es\/fr\/","name":"P\u00e9rez de Vargas","description":"","publisher":{"@id":"https:\/\/perezdevargas.es\/fr\/#organization"},"potentialAction":[{"@type":"SearchAction","target":{"@type":"EntryPoint","urlTemplate":"https:\/\/perezdevargas.es\/fr\/?s={search_term_string}"},"query-input":{"@type":"PropertyValueSpecification","valueRequired":true,"valueName":"search_term_string"}}],"inLanguage":"fr-FR"},{"@type":"Organization","@id":"https:\/\/perezdevargas.es\/fr\/#organization","name":"P\u00e9rez de Vargas","url":"https:\/\/perezdevargas.es\/fr\/","logo":{"@type":"ImageObject","inLanguage":"fr-FR","@id":"https:\/\/perezdevargas.es\/fr\/#\/schema\/logo\/image\/","url":"https:\/\/perezdevargas.es\/wp-content\/uploads\/2025\/04\/Diseno-sin-titulo-91-1.jpg","contentUrl":"https:\/\/perezdevargas.es\/wp-content\/uploads\/2025\/04\/Diseno-sin-titulo-91-1.jpg","width":500,"height":500,"caption":"P\u00e9rez de Vargas"},"image":{"@id":"https:\/\/perezdevargas.es\/fr\/#\/schema\/logo\/image\/"},"sameAs":["https:\/\/www.facebook.com\/perezdevargasabogados\/","https:\/\/www.instagram.com\/perezdevargasabogados\/"]}]}},"_links":{"self":[{"href":"https:\/\/perezdevargas.es\/fr\/wp-json\/wp\/v2\/pages\/67274","targetHints":{"allow":["GET"]}}],"collection":[{"href":"https:\/\/perezdevargas.es\/fr\/wp-json\/wp\/v2\/pages"}],"about":[{"href":"https:\/\/perezdevargas.es\/fr\/wp-json\/wp\/v2\/types\/page"}],"author":[{"embeddable":true,"href":"https:\/\/perezdevargas.es\/fr\/wp-json\/wp\/v2\/users\/30"}],"replies":[{"embeddable":true,"href":"https:\/\/perezdevargas.es\/fr\/wp-json\/wp\/v2\/comments?post=67274"}],"version-history":[{"count":3,"href":"https:\/\/perezdevargas.es\/fr\/wp-json\/wp\/v2\/pages\/67274\/revisions"}],"predecessor-version":[{"id":67284,"href":"https:\/\/perezdevargas.es\/fr\/wp-json\/wp\/v2\/pages\/67274\/revisions\/67284"}],"up":[{"embeddable":true,"href":"https:\/\/perezdevargas.es\/fr\/wp-json\/wp\/v2\/pages\/257"}],"wp:attachment":[{"href":"https:\/\/perezdevargas.es\/fr\/wp-json\/wp\/v2\/media?parent=67274"}],"curies":[{"name":"wp","href":"https:\/\/api.w.org\/{rel}","templated":true}]}}