{"id":67287,"date":"2024-11-14T16:01:35","date_gmt":"2024-11-14T16:01:35","guid":{"rendered":"https:\/\/pdv.noglen.com\/?page_id=67287"},"modified":"2024-11-14T16:01:35","modified_gmt":"2024-11-14T16:01:35","slug":"politique-de-confidentialite-des-reseaux-sociaux","status":"publish","type":"page","link":"https:\/\/perezdevargas.es\/fr\/mas-info\/politique-de-confidentialite-des-reseaux-sociaux\/","title":{"rendered":"Politique de Confidentialit\u00e9 des R\u00e9seaux Sociaux"},"content":{"rendered":"\n<p>Conform\u00e9ment \u00e0 la r\u00e9glementation en vigueur sur la protection des donn\u00e9es personnelles (RGPD) et \u00e0 la Loi 34\/2002 du 11 juillet sur les services de la soci\u00e9t\u00e9 de l\u2019information et du commerce \u00e9lectronique (LSSI-CE), PEREZ DE VARGAS ABOGADOS SL informe les utilisateurs qu\u2019elle a cr\u00e9\u00e9 un profil sur les r\u00e9seaux sociaux Facebook, Twitter et Instagram, dans le but principal de promouvoir ses produits et services.<\/p>\n\n\n\n<p>Donn\u00e9es de PEREZ DE VARGAS ABOGADOS SL :<\/p>\n\n\n\n<p>CIF : B29549979<br>ADRESSE : C REAL 97 99 ED VICENTE 3 29680, ESTEPONA (M\u00c1LAGA)<br>EMAIL : <a>BORJA@PEREZDEVARGAS.COM<\/a><br>SITE WEB : <a href=\"https:\/\/perezdevargas.com\">https:\/\/perezdevargas.com<\/a><\/p>\n\n\n\n<p>L\u2019utilisateur dispose d\u2019un profil sur le m\u00eame r\u00e9seau social et a d\u00e9cid\u00e9 de rejoindre la page cr\u00e9\u00e9e par PEREZ DE VARGAS ABOGADOS SL, manifestant ainsi son int\u00e9r\u00eat pour les informations publi\u00e9es sur le r\u00e9seau. En rejoignant notre page, il nous donne son consentement pour le traitement de ses donn\u00e9es personnelles publi\u00e9es dans son profil.<\/p>\n\n\n\n<p>L\u2019utilisateur peut acc\u00e9der \u00e0 tout moment aux politiques de confidentialit\u00e9 du r\u00e9seau social, ainsi que configurer son profil pour garantir sa confidentialit\u00e9.<\/p>\n\n\n\n<p>PEREZ DE VARGAS ABOGADOS SL acc\u00e8de et traite les informations publiques de l\u2019utilisateur, notamment son nom de contact. Ces donn\u00e9es sont uniquement utilis\u00e9es dans le r\u00e9seau social et ne sont pas int\u00e9gr\u00e9es dans un syst\u00e8me de traitement.<\/p>\n\n\n\n<p>En ce qui concerne les droits d\u2019acc\u00e8s, de rectification, de limitation de traitement, de suppression, de portabilit\u00e9 et d\u2019opposition au traitement de vos donn\u00e9es personnelles, conform\u00e9ment au RGPD, veuillez prendre en compte les points suivants :<\/p>\n\n\n\n<ul class=\"wp-block-list\">\n<li><strong>Droit d\u2019acc\u00e8s<\/strong> : Droit de l\u2019utilisateur \u00e0 obtenir des informations sur ses donn\u00e9es personnelles, leur traitement, l\u2019origine desdites donn\u00e9es et les communications effectu\u00e9es ou pr\u00e9vues.<\/li>\n\n\n\n<li><strong>Droit de rectification<\/strong> : Droit \u00e0 la modification des donn\u00e9es inexactes ou incompl\u00e8tes. Ce droit s\u2019applique uniquement aux informations sous le contr\u00f4le de PEREZ DE VARGAS ABOGADOS SL.<\/li>\n\n\n\n<li><strong>Droit \u00e0 la limitation de traitement<\/strong> : Droit de limiter les objectifs du traitement initialement pr\u00e9vus.<\/li>\n\n\n\n<li><strong>Droit de suppression<\/strong> : Droit de supprimer les donn\u00e9es personnelles, sauf obligation l\u00e9gale de conservation.<\/li>\n\n\n\n<li><strong>Droit de portabilit\u00e9<\/strong> : Droit de recevoir ses donn\u00e9es personnelles dans un format structur\u00e9 et de les transmettre \u00e0 un autre responsable.<\/li>\n\n\n\n<li><strong>Droit d\u2019opposition<\/strong> : Droit de refuser le traitement de ses donn\u00e9es personnelles.<\/li>\n<\/ul>\n\n\n\n<p>PEREZ DE VARGAS ABOGADOS SL r\u00e9alisera les actions suivantes :<\/p>\n\n\n\n<ul class=\"wp-block-list\">\n<li>Acc\u00e9der aux informations publiques du profil.<\/li>\n\n\n\n<li>Publier dans le profil de l\u2019utilisateur toute information d\u00e9j\u00e0 publi\u00e9e sur la page de PEREZ DE VARGAS ABOGADOS SL.<\/li>\n\n\n\n<li>Envoyer des messages personnels et individuels via les canaux du r\u00e9seau social.<\/li>\n\n\n\n<li>Mettre \u00e0 jour le statut de la page, visible sur le profil de l\u2019utilisateur.<\/li>\n<\/ul>\n\n\n\n<p>L\u2019utilisateur peut contr\u00f4ler ses connexions, supprimer les contenus qui ne l\u2019int\u00e9ressent plus et restreindre les partages en acc\u00e9dant aux param\u00e8tres de confidentialit\u00e9.<\/p>\n\n\n\n<p><strong>Publications<\/strong><\/p>\n\n\n\n<p>L\u2019utilisateur, une fois li\u00e9 \u00e0 la page de PEREZ DE VARGAS ABOGADOS SL, pourra publier des commentaires, liens, images ou contenus multim\u00e9dias. Il doit \u00eatre le propri\u00e9taire de ces contenus ou disposer des droits de propri\u00e9t\u00e9 intellectuelle. Toute publication enfreignant la morale, l\u2019\u00e9thique, ou portant atteinte aux droits de propri\u00e9t\u00e9 sera imm\u00e9diatement retir\u00e9e, avec possibilit\u00e9 de blocage de l\u2019utilisateur.<\/p>\n\n\n\n<p>PEREZ DE VARGAS ABOGADOS SL ne sera pas responsable des contenus publi\u00e9s librement par les utilisateurs.<\/p>\n\n\n\n<p>Les publications sont visibles par les autres utilisateurs, donc l\u2019utilisateur est responsable de sa propre confidentialit\u00e9.<\/p>\n\n\n\n<p>Les images publi\u00e9es sur la page ne seront pas stock\u00e9es dans un syst\u00e8me de traitement, mais resteront sur le r\u00e9seau social.<\/p>\n\n\n\n<p><strong>Concours et promotions<\/strong><\/p>\n\n\n\n<p>PEREZ DE VARGAS ABOGADOS SL se r\u00e9serve le droit d\u2019organiser des concours et promotions auxquels l\u2019utilisateur peut participer. Les r\u00e8gles de chaque concours seront publi\u00e9es sur le r\u00e9seau social utilis\u00e9. La LSSI-CE sera respect\u00e9e ainsi que toute autre r\u00e9glementation applicable.<\/p>\n\n\n\n<p>Le r\u00e9seau social ne sponsorise ni ne g\u00e8re nos promotions.<\/p>\n\n\n\n<p><strong>Publicit\u00e9<\/strong><\/p>\n\n\n\n<p>PEREZ DE VARGAS ABOGADOS SL utilisera les r\u00e9seaux sociaux pour promouvoir ses produits et services. Toute action de prospection commerciale directe sera men\u00e9e en respectant les exigences du RGPD et de la LSSI-CE.<\/p>\n\n\n\n<p>Recommander la page de PEREZ DE VARGAS ABOGADOS SL \u00e0 d\u2019autres utilisateurs n\u2019est pas consid\u00e9r\u00e9 comme de la publicit\u00e9.<\/p>\n\n\n\n<p><strong>Liens vers la politique de confidentialit\u00e9 du r\u00e9seau social :<\/strong><\/p>\n\n\n\n<ul class=\"wp-block-list\">\n<li>Facebook : Politique de confidentialit\u00e9 de Facebook<\/li>\n\n\n\n<li>Twitter : <a href=\"https:\/\/twitter.com\/privacy\">https:\/\/twitter.com\/privacy<\/a><\/li>\n\n\n\n<li>Instagram : <a href=\"http:\/\/instagram.com\/about\/legal\/privacy\/\">http:\/\/instagram.com\/about\/legal\/privacy\/<\/a><\/li>\n<\/ul>\n","protected":false},"excerpt":{"rendered":"<p>Conform\u00e9ment \u00e0 la r\u00e9glementation en vigueur sur la protection des donn\u00e9es personnelles (RGPD) et \u00e0 la Loi 34\/2002 du 11 [&hellip;]<\/p>\n","protected":false},"author":30,"featured_media":0,"parent":257,"menu_order":0,"comment_status":"closed","ping_status":"closed","template":"","meta":{"site-sidebar-layout":"default","site-content-layout":"","ast-site-content-layout":"","site-content-style":"default","site-sidebar-style":"default","ast-global-header-display":"","ast-banner-title-visibility":"","ast-main-header-display":"","ast-hfb-above-header-display":"","ast-hfb-below-header-display":"","ast-hfb-mobile-header-display":"","site-post-title":"","ast-breadcrumbs-content":"","ast-featured-img":"","footer-sml-layout":"","theme-transparent-header-meta":"","adv-header-id-meta":"","stick-header-meta":"","header-above-stick-meta":"","header-main-stick-meta":"","header-below-stick-meta":"","astra-migrate-meta-layouts":"default","ast-page-background-enabled":"default","ast-page-background-meta":{"desktop":{"background-color":"var(--ast-global-color-4)","background-image":"","background-repeat":"repeat","background-position":"center center","background-size":"auto","background-attachment":"scroll","background-type":"","background-media":"","overlay-type":"","overlay-color":"","overlay-opacity":"","overlay-gradient":""},"tablet":{"background-color":"","background-image":"","background-repeat":"repeat","background-position":"center center","background-size":"auto","background-attachment":"scroll","background-type":"","background-media":"","overlay-type":"","overlay-color":"","overlay-opacity":"","overlay-gradient":""},"mobile":{"background-color":"","background-image":"","background-repeat":"repeat","background-position":"center center","background-size":"auto","background-attachment":"scroll","background-type":"","background-media":"","overlay-type":"","overlay-color":"","overlay-opacity":"","overlay-gradient":""}},"ast-content-background-meta":{"desktop":{"background-color":"var(--ast-global-color-5)","background-image":"","background-repeat":"repeat","background-position":"center center","background-size":"auto","background-attachment":"scroll","background-type":"","background-media":"","overlay-type":"","overlay-color":"","overlay-opacity":"","overlay-gradient":""},"tablet":{"background-color":"var(--ast-global-color-5)","background-image":"","background-repeat":"repeat","background-position":"center center","background-size":"auto","background-attachment":"scroll","background-type":"","background-media":"","overlay-type":"","overlay-color":"","overlay-opacity":"","overlay-gradient":""},"mobile":{"background-color":"var(--ast-global-color-5)","background-image":"","background-repeat":"repeat","background-position":"center center","background-size":"auto","background-attachment":"scroll","background-type":"","background-media":"","overlay-type":"","overlay-color":"","overlay-opacity":"","overlay-gradient":""}},"footnotes":""},"class_list":["post-67287","page","type-page","status-publish","hentry"],"yoast_head":"<!-- This site is optimized with the Yoast SEO plugin v25.2 - https:\/\/yoast.com\/wordpress\/plugins\/seo\/ -->\n<title>\u2705Politique de Confidentialit\u00e9 des R\u00e9seaux Sociaux | P\u00e9rez de Vargas<\/title>\n<meta name=\"description\" content=\"\u25b6\ufe0fConform\u00e9ment \u00e0 la r\u00e9glementation en vigueur sur la protection des donn\u00e9es personnelles (RGPD) et \u00e0 la Loi 34\/2002 du 11 juillet sur les services de la \u261d\" \/>\n<meta name=\"robots\" content=\"noindex, follow\" \/>\n<meta property=\"og:locale\" content=\"fr_FR\" \/>\n<meta property=\"og:type\" content=\"article\" \/>\n<meta property=\"og:title\" content=\"\u2705Politique de Confidentialit\u00e9 des R\u00e9seaux Sociaux | P\u00e9rez de Vargas\" \/>\n<meta property=\"og:description\" content=\"\u25b6\ufe0fConform\u00e9ment \u00e0 la r\u00e9glementation en vigueur sur la protection des donn\u00e9es personnelles (RGPD) et \u00e0 la Loi 34\/2002 du 11 juillet sur les services de la \u261d\" \/>\n<meta property=\"og:url\" content=\"https:\/\/perezdevargas.es\/fr\/mas-info\/politique-de-confidentialite-des-reseaux-sociaux\/\" \/>\n<meta property=\"og:site_name\" content=\"P\u00e9rez de Vargas\" \/>\n<meta property=\"article:publisher\" content=\"https:\/\/www.facebook.com\/perezdevargasabogados\/\" \/>\n<meta name=\"twitter:card\" content=\"summary_large_image\" \/>\n<meta name=\"twitter:label1\" content=\"Dur\u00e9e de lecture estim\u00e9e\" \/>\n\t<meta name=\"twitter:data1\" content=\"4 minutes\" \/>\n<script type=\"application\/ld+json\" class=\"yoast-schema-graph\">{\"@context\":\"https:\/\/schema.org\",\"@graph\":[{\"@type\":\"WebPage\",\"@id\":\"https:\/\/perezdevargas.es\/fr\/mas-info\/politique-de-confidentialite-des-reseaux-sociaux\/\",\"url\":\"https:\/\/perezdevargas.es\/fr\/mas-info\/politique-de-confidentialite-des-reseaux-sociaux\/\",\"name\":\"\u2705Politique de Confidentialit\u00e9 des R\u00e9seaux Sociaux | P\u00e9rez de Vargas\",\"isPartOf\":{\"@id\":\"https:\/\/perezdevargas.es\/fr\/#website\"},\"datePublished\":\"2024-11-14T16:01:35+00:00\",\"description\":\"\u25b6\ufe0fConform\u00e9ment \u00e0 la r\u00e9glementation en vigueur sur la protection des donn\u00e9es personnelles (RGPD) et \u00e0 la Loi 34\/2002 du 11 juillet sur les services de la \u261d\",\"breadcrumb\":{\"@id\":\"https:\/\/perezdevargas.es\/fr\/mas-info\/politique-de-confidentialite-des-reseaux-sociaux\/#breadcrumb\"},\"inLanguage\":\"fr-FR\",\"potentialAction\":[{\"@type\":\"ReadAction\",\"target\":[\"https:\/\/perezdevargas.es\/fr\/mas-info\/politique-de-confidentialite-des-reseaux-sociaux\/\"]}]},{\"@type\":\"BreadcrumbList\",\"@id\":\"https:\/\/perezdevargas.es\/fr\/mas-info\/politique-de-confidentialite-des-reseaux-sociaux\/#breadcrumb\",\"itemListElement\":[{\"@type\":\"ListItem\",\"position\":1,\"name\":\"Portada\",\"item\":\"https:\/\/perezdevargas.es\/fr\/\"},{\"@type\":\"ListItem\",\"position\":2,\"name\":\"Avis legal\",\"item\":\"https:\/\/perezdevargas.es\/fr\/mas-info\/\"},{\"@type\":\"ListItem\",\"position\":3,\"name\":\"Politique de Confidentialit\u00e9 des R\u00e9seaux Sociaux\"}]},{\"@type\":\"WebSite\",\"@id\":\"https:\/\/perezdevargas.es\/fr\/#website\",\"url\":\"https:\/\/perezdevargas.es\/fr\/\",\"name\":\"P\u00e9rez de Vargas\",\"description\":\"\",\"publisher\":{\"@id\":\"https:\/\/perezdevargas.es\/fr\/#organization\"},\"potentialAction\":[{\"@type\":\"SearchAction\",\"target\":{\"@type\":\"EntryPoint\",\"urlTemplate\":\"https:\/\/perezdevargas.es\/fr\/?s={search_term_string}\"},\"query-input\":{\"@type\":\"PropertyValueSpecification\",\"valueRequired\":true,\"valueName\":\"search_term_string\"}}],\"inLanguage\":\"fr-FR\"},{\"@type\":\"Organization\",\"@id\":\"https:\/\/perezdevargas.es\/fr\/#organization\",\"name\":\"P\u00e9rez de Vargas\",\"url\":\"https:\/\/perezdevargas.es\/fr\/\",\"logo\":{\"@type\":\"ImageObject\",\"inLanguage\":\"fr-FR\",\"@id\":\"https:\/\/perezdevargas.es\/fr\/#\/schema\/logo\/image\/\",\"url\":\"https:\/\/perezdevargas.es\/wp-content\/uploads\/2025\/04\/Diseno-sin-titulo-91-1.jpg\",\"contentUrl\":\"https:\/\/perezdevargas.es\/wp-content\/uploads\/2025\/04\/Diseno-sin-titulo-91-1.jpg\",\"width\":500,\"height\":500,\"caption\":\"P\u00e9rez de Vargas\"},\"image\":{\"@id\":\"https:\/\/perezdevargas.es\/fr\/#\/schema\/logo\/image\/\"},\"sameAs\":[\"https:\/\/www.facebook.com\/perezdevargasabogados\/\",\"https:\/\/www.instagram.com\/perezdevargasabogados\/\"]}]}<\/script>\n<!-- \/ Yoast SEO plugin. -->","yoast_head_json":{"title":"\u2705Politique de Confidentialit\u00e9 des R\u00e9seaux Sociaux | P\u00e9rez de Vargas","description":"\u25b6\ufe0fConform\u00e9ment \u00e0 la r\u00e9glementation en vigueur sur la protection des donn\u00e9es personnelles (RGPD) et \u00e0 la Loi 34\/2002 du 11 juillet sur les services de la \u261d","robots":{"index":"noindex","follow":"follow"},"og_locale":"fr_FR","og_type":"article","og_title":"\u2705Politique de Confidentialit\u00e9 des R\u00e9seaux Sociaux | P\u00e9rez de Vargas","og_description":"\u25b6\ufe0fConform\u00e9ment \u00e0 la r\u00e9glementation en vigueur sur la protection des donn\u00e9es personnelles (RGPD) et \u00e0 la Loi 34\/2002 du 11 juillet sur les services de la \u261d","og_url":"https:\/\/perezdevargas.es\/fr\/mas-info\/politique-de-confidentialite-des-reseaux-sociaux\/","og_site_name":"P\u00e9rez de Vargas","article_publisher":"https:\/\/www.facebook.com\/perezdevargasabogados\/","twitter_card":"summary_large_image","twitter_misc":{"Dur\u00e9e de lecture estim\u00e9e":"4 minutes"},"schema":{"@context":"https:\/\/schema.org","@graph":[{"@type":"WebPage","@id":"https:\/\/perezdevargas.es\/fr\/mas-info\/politique-de-confidentialite-des-reseaux-sociaux\/","url":"https:\/\/perezdevargas.es\/fr\/mas-info\/politique-de-confidentialite-des-reseaux-sociaux\/","name":"\u2705Politique de Confidentialit\u00e9 des R\u00e9seaux Sociaux | P\u00e9rez de Vargas","isPartOf":{"@id":"https:\/\/perezdevargas.es\/fr\/#website"},"datePublished":"2024-11-14T16:01:35+00:00","description":"\u25b6\ufe0fConform\u00e9ment \u00e0 la r\u00e9glementation en vigueur sur la protection des donn\u00e9es personnelles (RGPD) et \u00e0 la Loi 34\/2002 du 11 juillet sur les services de la \u261d","breadcrumb":{"@id":"https:\/\/perezdevargas.es\/fr\/mas-info\/politique-de-confidentialite-des-reseaux-sociaux\/#breadcrumb"},"inLanguage":"fr-FR","potentialAction":[{"@type":"ReadAction","target":["https:\/\/perezdevargas.es\/fr\/mas-info\/politique-de-confidentialite-des-reseaux-sociaux\/"]}]},{"@type":"BreadcrumbList","@id":"https:\/\/perezdevargas.es\/fr\/mas-info\/politique-de-confidentialite-des-reseaux-sociaux\/#breadcrumb","itemListElement":[{"@type":"ListItem","position":1,"name":"Portada","item":"https:\/\/perezdevargas.es\/fr\/"},{"@type":"ListItem","position":2,"name":"Avis legal","item":"https:\/\/perezdevargas.es\/fr\/mas-info\/"},{"@type":"ListItem","position":3,"name":"Politique de Confidentialit\u00e9 des R\u00e9seaux Sociaux"}]},{"@type":"WebSite","@id":"https:\/\/perezdevargas.es\/fr\/#website","url":"https:\/\/perezdevargas.es\/fr\/","name":"P\u00e9rez de Vargas","description":"","publisher":{"@id":"https:\/\/perezdevargas.es\/fr\/#organization"},"potentialAction":[{"@type":"SearchAction","target":{"@type":"EntryPoint","urlTemplate":"https:\/\/perezdevargas.es\/fr\/?s={search_term_string}"},"query-input":{"@type":"PropertyValueSpecification","valueRequired":true,"valueName":"search_term_string"}}],"inLanguage":"fr-FR"},{"@type":"Organization","@id":"https:\/\/perezdevargas.es\/fr\/#organization","name":"P\u00e9rez de Vargas","url":"https:\/\/perezdevargas.es\/fr\/","logo":{"@type":"ImageObject","inLanguage":"fr-FR","@id":"https:\/\/perezdevargas.es\/fr\/#\/schema\/logo\/image\/","url":"https:\/\/perezdevargas.es\/wp-content\/uploads\/2025\/04\/Diseno-sin-titulo-91-1.jpg","contentUrl":"https:\/\/perezdevargas.es\/wp-content\/uploads\/2025\/04\/Diseno-sin-titulo-91-1.jpg","width":500,"height":500,"caption":"P\u00e9rez de Vargas"},"image":{"@id":"https:\/\/perezdevargas.es\/fr\/#\/schema\/logo\/image\/"},"sameAs":["https:\/\/www.facebook.com\/perezdevargasabogados\/","https:\/\/www.instagram.com\/perezdevargasabogados\/"]}]}},"_links":{"self":[{"href":"https:\/\/perezdevargas.es\/fr\/wp-json\/wp\/v2\/pages\/67287","targetHints":{"allow":["GET"]}}],"collection":[{"href":"https:\/\/perezdevargas.es\/fr\/wp-json\/wp\/v2\/pages"}],"about":[{"href":"https:\/\/perezdevargas.es\/fr\/wp-json\/wp\/v2\/types\/page"}],"author":[{"embeddable":true,"href":"https:\/\/perezdevargas.es\/fr\/wp-json\/wp\/v2\/users\/30"}],"replies":[{"embeddable":true,"href":"https:\/\/perezdevargas.es\/fr\/wp-json\/wp\/v2\/comments?post=67287"}],"version-history":[{"count":1,"href":"https:\/\/perezdevargas.es\/fr\/wp-json\/wp\/v2\/pages\/67287\/revisions"}],"predecessor-version":[{"id":67290,"href":"https:\/\/perezdevargas.es\/fr\/wp-json\/wp\/v2\/pages\/67287\/revisions\/67290"}],"up":[{"embeddable":true,"href":"https:\/\/perezdevargas.es\/fr\/wp-json\/wp\/v2\/pages\/257"}],"wp:attachment":[{"href":"https:\/\/perezdevargas.es\/fr\/wp-json\/wp\/v2\/media?parent=67287"}],"curies":[{"name":"wp","href":"https:\/\/api.w.org\/{rel}","templated":true}]}}