{"id":67293,"date":"2024-11-14T16:05:43","date_gmt":"2024-11-14T16:05:43","guid":{"rendered":"https:\/\/pdv.noglen.com\/?page_id=67293"},"modified":"2024-11-14T16:05:44","modified_gmt":"2024-11-14T16:05:44","slug":"copyright","status":"publish","type":"page","link":"https:\/\/perezdevargas.es\/fr\/mas-info\/copyright\/","title":{"rendered":"Copyright"},"content":{"rendered":"\n<p><strong>Copyright \u00a9 2012 P\u00e9rez de Vargas Abogados. Tous droits r\u00e9serv\u00e9s<\/strong><\/p>\n\n\n\n<p>1.- Tous les contenus, mat\u00e9riaux et outils du site web (textes, photographies, graphiques, images, ic\u00f4nes, technologie, logiciels, liens, contenus audiovisuels ou sonores, design graphique, codes sources, etc.) sont la propri\u00e9t\u00e9 intellectuelle de P\u00e9rez de Vargas Abogados, S.L., sans qu&rsquo;aucune cession des droits d&rsquo;exploitation reconnus par la l\u00e9gislation en vigueur sur la propri\u00e9t\u00e9 intellectuelle et industrielle ne puisse \u00eatre pr\u00e9sum\u00e9e en faveur de l&rsquo;utilisateur du site web. Les marques, noms commerciaux ou signes distinctifs sont la propri\u00e9t\u00e9 de P\u00e9rez de Vargas Abogados, S.L., et l&rsquo;utilisation du site web ne conf\u00e8re aucun droit sur ceux-ci. En cons\u00e9quence, tout ce qui pr\u00e9c\u00e8de est prot\u00e9g\u00e9 par les droits de propri\u00e9t\u00e9 industrielle et intellectuelle, appartenant \u00e0 P\u00e9rez de Vargas Abogados, S.L., ou, le cas \u00e9ch\u00e9ant, \u00e0 ses conc\u00e9dants de licence, que l&rsquo;utilisateur de ce site doit respecter.<\/p>\n\n\n\n<p>2.- \u00c0 titre purement \u00e9nonciatif, sont interdites la reproduction, sauf pour usage priv\u00e9, la transformation, la distribution, la communication publique, la mise \u00e0 disposition du public et, en g\u00e9n\u00e9ral, toute autre forme d&rsquo;exploitation, par tout proc\u00e9d\u00e9, de tout ou partie des mat\u00e9riaux, outils, contenus, programmes, design (tant de la page que des mat\u00e9riaux), etc. de ce site web.<\/p>\n","protected":false},"excerpt":{"rendered":"<p>Copyright \u00a9 2012 P\u00e9rez de Vargas Abogados. Tous droits r\u00e9serv\u00e9s 1.- Tous les contenus, mat\u00e9riaux et outils du site web [&hellip;]<\/p>\n","protected":false},"author":30,"featured_media":0,"parent":257,"menu_order":0,"comment_status":"closed","ping_status":"closed","template":"","meta":{"site-sidebar-layout":"default","site-content-layout":"","ast-site-content-layout":"","site-content-style":"default","site-sidebar-style":"default","ast-global-header-display":"","ast-banner-title-visibility":"","ast-main-header-display":"","ast-hfb-above-header-display":"","ast-hfb-below-header-display":"","ast-hfb-mobile-header-display":"","site-post-title":"","ast-breadcrumbs-content":"","ast-featured-img":"","footer-sml-layout":"","theme-transparent-header-meta":"","adv-header-id-meta":"","stick-header-meta":"","header-above-stick-meta":"","header-main-stick-meta":"","header-below-stick-meta":"","astra-migrate-meta-layouts":"default","ast-page-background-enabled":"default","ast-page-background-meta":{"desktop":{"background-color":"var(--ast-global-color-4)","background-image":"","background-repeat":"repeat","background-position":"center center","background-size":"auto","background-attachment":"scroll","background-type":"","background-media":"","overlay-type":"","overlay-color":"","overlay-opacity":"","overlay-gradient":""},"tablet":{"background-color":"","background-image":"","background-repeat":"repeat","background-position":"center center","background-size":"auto","background-attachment":"scroll","background-type":"","background-media":"","overlay-type":"","overlay-color":"","overlay-opacity":"","overlay-gradient":""},"mobile":{"background-color":"","background-image":"","background-repeat":"repeat","background-position":"center center","background-size":"auto","background-attachment":"scroll","background-type":"","background-media":"","overlay-type":"","overlay-color":"","overlay-opacity":"","overlay-gradient":""}},"ast-content-background-meta":{"desktop":{"background-color":"var(--ast-global-color-5)","background-image":"","background-repeat":"repeat","background-position":"center center","background-size":"auto","background-attachment":"scroll","background-type":"","background-media":"","overlay-type":"","overlay-color":"","overlay-opacity":"","overlay-gradient":""},"tablet":{"background-color":"var(--ast-global-color-5)","background-image":"","background-repeat":"repeat","background-position":"center center","background-size":"auto","background-attachment":"scroll","background-type":"","background-media":"","overlay-type":"","overlay-color":"","overlay-opacity":"","overlay-gradient":""},"mobile":{"background-color":"var(--ast-global-color-5)","background-image":"","background-repeat":"repeat","background-position":"center center","background-size":"auto","background-attachment":"scroll","background-type":"","background-media":"","overlay-type":"","overlay-color":"","overlay-opacity":"","overlay-gradient":""}},"footnotes":""},"class_list":["post-67293","page","type-page","status-publish","hentry"],"yoast_head":"<!-- This site is optimized with the Yoast SEO plugin v25.2 - https:\/\/yoast.com\/wordpress\/plugins\/seo\/ -->\n<title>\u2705Copyright | P\u00e9rez de Vargas<\/title>\n<meta name=\"description\" content=\"\u25b6\ufe0fCopyright \u00a9 2012 P\u00e9rez de Vargas Abogados. Tous droits r\u00e9serv\u00e9s 1.- Tous les contenus, mat\u00e9riaux et outils du site web (textes, photographies, graphiques, \u261d\" \/>\n<meta name=\"robots\" content=\"noindex, follow\" \/>\n<meta property=\"og:locale\" content=\"fr_FR\" \/>\n<meta property=\"og:type\" content=\"article\" \/>\n<meta property=\"og:title\" content=\"\u2705Copyright | P\u00e9rez de Vargas\" \/>\n<meta property=\"og:description\" content=\"\u25b6\ufe0fCopyright \u00a9 2012 P\u00e9rez de Vargas Abogados. Tous droits r\u00e9serv\u00e9s 1.- Tous les contenus, mat\u00e9riaux et outils du site web (textes, photographies, graphiques, \u261d\" \/>\n<meta property=\"og:url\" content=\"https:\/\/perezdevargas.es\/fr\/mas-info\/copyright\/\" \/>\n<meta property=\"og:site_name\" content=\"P\u00e9rez de Vargas\" \/>\n<meta property=\"article:publisher\" content=\"https:\/\/www.facebook.com\/perezdevargasabogados\/\" \/>\n<meta property=\"article:modified_time\" content=\"2024-11-14T16:05:44+00:00\" \/>\n<meta name=\"twitter:card\" content=\"summary_large_image\" \/>\n<meta name=\"twitter:label1\" content=\"Dur\u00e9e de lecture estim\u00e9e\" \/>\n\t<meta name=\"twitter:data1\" content=\"1 minute\" \/>\n<script type=\"application\/ld+json\" class=\"yoast-schema-graph\">{\"@context\":\"https:\/\/schema.org\",\"@graph\":[{\"@type\":\"WebPage\",\"@id\":\"https:\/\/perezdevargas.es\/fr\/mas-info\/copyright\/\",\"url\":\"https:\/\/perezdevargas.es\/fr\/mas-info\/copyright\/\",\"name\":\"\u2705Copyright | P\u00e9rez de Vargas\",\"isPartOf\":{\"@id\":\"https:\/\/perezdevargas.es\/fr\/#website\"},\"datePublished\":\"2024-11-14T16:05:43+00:00\",\"dateModified\":\"2024-11-14T16:05:44+00:00\",\"description\":\"\u25b6\ufe0fCopyright \u00a9 2012 P\u00e9rez de Vargas Abogados. Tous droits r\u00e9serv\u00e9s 1.- Tous les contenus, mat\u00e9riaux et outils du site web (textes, photographies, graphiques, \u261d\",\"breadcrumb\":{\"@id\":\"https:\/\/perezdevargas.es\/fr\/mas-info\/copyright\/#breadcrumb\"},\"inLanguage\":\"fr-FR\",\"potentialAction\":[{\"@type\":\"ReadAction\",\"target\":[\"https:\/\/perezdevargas.es\/fr\/mas-info\/copyright\/\"]}]},{\"@type\":\"BreadcrumbList\",\"@id\":\"https:\/\/perezdevargas.es\/fr\/mas-info\/copyright\/#breadcrumb\",\"itemListElement\":[{\"@type\":\"ListItem\",\"position\":1,\"name\":\"Portada\",\"item\":\"https:\/\/perezdevargas.es\/fr\/\"},{\"@type\":\"ListItem\",\"position\":2,\"name\":\"Avis legal\",\"item\":\"https:\/\/perezdevargas.es\/fr\/mas-info\/\"},{\"@type\":\"ListItem\",\"position\":3,\"name\":\"Copyright\"}]},{\"@type\":\"WebSite\",\"@id\":\"https:\/\/perezdevargas.es\/fr\/#website\",\"url\":\"https:\/\/perezdevargas.es\/fr\/\",\"name\":\"P\u00e9rez de Vargas\",\"description\":\"\",\"publisher\":{\"@id\":\"https:\/\/perezdevargas.es\/fr\/#organization\"},\"potentialAction\":[{\"@type\":\"SearchAction\",\"target\":{\"@type\":\"EntryPoint\",\"urlTemplate\":\"https:\/\/perezdevargas.es\/fr\/?s={search_term_string}\"},\"query-input\":{\"@type\":\"PropertyValueSpecification\",\"valueRequired\":true,\"valueName\":\"search_term_string\"}}],\"inLanguage\":\"fr-FR\"},{\"@type\":\"Organization\",\"@id\":\"https:\/\/perezdevargas.es\/fr\/#organization\",\"name\":\"P\u00e9rez de Vargas\",\"url\":\"https:\/\/perezdevargas.es\/fr\/\",\"logo\":{\"@type\":\"ImageObject\",\"inLanguage\":\"fr-FR\",\"@id\":\"https:\/\/perezdevargas.es\/fr\/#\/schema\/logo\/image\/\",\"url\":\"https:\/\/perezdevargas.es\/wp-content\/uploads\/2025\/04\/Diseno-sin-titulo-91-1.jpg\",\"contentUrl\":\"https:\/\/perezdevargas.es\/wp-content\/uploads\/2025\/04\/Diseno-sin-titulo-91-1.jpg\",\"width\":500,\"height\":500,\"caption\":\"P\u00e9rez de Vargas\"},\"image\":{\"@id\":\"https:\/\/perezdevargas.es\/fr\/#\/schema\/logo\/image\/\"},\"sameAs\":[\"https:\/\/www.facebook.com\/perezdevargasabogados\/\",\"https:\/\/www.instagram.com\/perezdevargasabogados\/\"]}]}<\/script>\n<!-- \/ Yoast SEO plugin. -->","yoast_head_json":{"title":"\u2705Copyright | P\u00e9rez de Vargas","description":"\u25b6\ufe0fCopyright \u00a9 2012 P\u00e9rez de Vargas Abogados. Tous droits r\u00e9serv\u00e9s 1.- Tous les contenus, mat\u00e9riaux et outils du site web (textes, photographies, graphiques, \u261d","robots":{"index":"noindex","follow":"follow"},"og_locale":"fr_FR","og_type":"article","og_title":"\u2705Copyright | P\u00e9rez de Vargas","og_description":"\u25b6\ufe0fCopyright \u00a9 2012 P\u00e9rez de Vargas Abogados. Tous droits r\u00e9serv\u00e9s 1.- Tous les contenus, mat\u00e9riaux et outils du site web (textes, photographies, graphiques, \u261d","og_url":"https:\/\/perezdevargas.es\/fr\/mas-info\/copyright\/","og_site_name":"P\u00e9rez de Vargas","article_publisher":"https:\/\/www.facebook.com\/perezdevargasabogados\/","article_modified_time":"2024-11-14T16:05:44+00:00","twitter_card":"summary_large_image","twitter_misc":{"Dur\u00e9e de lecture estim\u00e9e":"1 minute"},"schema":{"@context":"https:\/\/schema.org","@graph":[{"@type":"WebPage","@id":"https:\/\/perezdevargas.es\/fr\/mas-info\/copyright\/","url":"https:\/\/perezdevargas.es\/fr\/mas-info\/copyright\/","name":"\u2705Copyright | P\u00e9rez de Vargas","isPartOf":{"@id":"https:\/\/perezdevargas.es\/fr\/#website"},"datePublished":"2024-11-14T16:05:43+00:00","dateModified":"2024-11-14T16:05:44+00:00","description":"\u25b6\ufe0fCopyright \u00a9 2012 P\u00e9rez de Vargas Abogados. Tous droits r\u00e9serv\u00e9s 1.- Tous les contenus, mat\u00e9riaux et outils du site web (textes, photographies, graphiques, \u261d","breadcrumb":{"@id":"https:\/\/perezdevargas.es\/fr\/mas-info\/copyright\/#breadcrumb"},"inLanguage":"fr-FR","potentialAction":[{"@type":"ReadAction","target":["https:\/\/perezdevargas.es\/fr\/mas-info\/copyright\/"]}]},{"@type":"BreadcrumbList","@id":"https:\/\/perezdevargas.es\/fr\/mas-info\/copyright\/#breadcrumb","itemListElement":[{"@type":"ListItem","position":1,"name":"Portada","item":"https:\/\/perezdevargas.es\/fr\/"},{"@type":"ListItem","position":2,"name":"Avis legal","item":"https:\/\/perezdevargas.es\/fr\/mas-info\/"},{"@type":"ListItem","position":3,"name":"Copyright"}]},{"@type":"WebSite","@id":"https:\/\/perezdevargas.es\/fr\/#website","url":"https:\/\/perezdevargas.es\/fr\/","name":"P\u00e9rez de Vargas","description":"","publisher":{"@id":"https:\/\/perezdevargas.es\/fr\/#organization"},"potentialAction":[{"@type":"SearchAction","target":{"@type":"EntryPoint","urlTemplate":"https:\/\/perezdevargas.es\/fr\/?s={search_term_string}"},"query-input":{"@type":"PropertyValueSpecification","valueRequired":true,"valueName":"search_term_string"}}],"inLanguage":"fr-FR"},{"@type":"Organization","@id":"https:\/\/perezdevargas.es\/fr\/#organization","name":"P\u00e9rez de Vargas","url":"https:\/\/perezdevargas.es\/fr\/","logo":{"@type":"ImageObject","inLanguage":"fr-FR","@id":"https:\/\/perezdevargas.es\/fr\/#\/schema\/logo\/image\/","url":"https:\/\/perezdevargas.es\/wp-content\/uploads\/2025\/04\/Diseno-sin-titulo-91-1.jpg","contentUrl":"https:\/\/perezdevargas.es\/wp-content\/uploads\/2025\/04\/Diseno-sin-titulo-91-1.jpg","width":500,"height":500,"caption":"P\u00e9rez de Vargas"},"image":{"@id":"https:\/\/perezdevargas.es\/fr\/#\/schema\/logo\/image\/"},"sameAs":["https:\/\/www.facebook.com\/perezdevargasabogados\/","https:\/\/www.instagram.com\/perezdevargasabogados\/"]}]}},"_links":{"self":[{"href":"https:\/\/perezdevargas.es\/fr\/wp-json\/wp\/v2\/pages\/67293","targetHints":{"allow":["GET"]}}],"collection":[{"href":"https:\/\/perezdevargas.es\/fr\/wp-json\/wp\/v2\/pages"}],"about":[{"href":"https:\/\/perezdevargas.es\/fr\/wp-json\/wp\/v2\/types\/page"}],"author":[{"embeddable":true,"href":"https:\/\/perezdevargas.es\/fr\/wp-json\/wp\/v2\/users\/30"}],"replies":[{"embeddable":true,"href":"https:\/\/perezdevargas.es\/fr\/wp-json\/wp\/v2\/comments?post=67293"}],"version-history":[{"count":1,"href":"https:\/\/perezdevargas.es\/fr\/wp-json\/wp\/v2\/pages\/67293\/revisions"}],"predecessor-version":[{"id":67296,"href":"https:\/\/perezdevargas.es\/fr\/wp-json\/wp\/v2\/pages\/67293\/revisions\/67296"}],"up":[{"embeddable":true,"href":"https:\/\/perezdevargas.es\/fr\/wp-json\/wp\/v2\/pages\/257"}],"wp:attachment":[{"href":"https:\/\/perezdevargas.es\/fr\/wp-json\/wp\/v2\/media?parent=67293"}],"curies":[{"name":"wp","href":"https:\/\/api.w.org\/{rel}","templated":true}]}}